{"id":31446,"date":"2025-09-14T10:28:20","date_gmt":"2025-09-14T07:28:20","guid":{"rendered":"https:\/\/amberglow.lt\/perc-uz-nomaksu-ar-inbank-lizingu\/"},"modified":"2025-11-06T15:36:40","modified_gmt":"2025-11-06T12:36:40","slug":"perc-uz-nomaksu-ar-inbank-lizingu","status":"publish","type":"page","link":"https:\/\/amberglow.lt\/lv\/perc-uz-nomaksu-ar-inbank-lizingu\/","title":{"rendered":"P\u0113rc uz nomaksu ar Inbank l\u012bzingu"},"content":{"rendered":"\t\t<div data-elementor-type=\"wp-page\" data-elementor-id=\"31446\" class=\"elementor elementor-31446 elementor-23308\" data-elementor-post-type=\"page\">\n\t\t\t\t<div class=\"wd-negative-gap elementor-element elementor-element-0fd5cc0 e-flex e-con-boxed e-con e-parent\" data-id=\"0fd5cc0\" data-element_type=\"container\" data-e-type=\"container\">\n\t\t\t\t\t<div class=\"e-con-inner\">\n\t\t\t\t<div class=\"elementor-element elementor-element-fd65af6 elementor-widget elementor-widget-wd_text_block\" data-id=\"fd65af6\" data-element_type=\"widget\" data-e-type=\"widget\" data-widget_type=\"wd_text_block.default\">\n\t\t\t\t<div class=\"elementor-widget-container\">\n\t\t\t\t\t\t\t<div class=\"wd-text-block reset-last-child text-left\">\n\t\t\t\n\t\t\t<div class=\"agib\">\n  <!-- HERO --><\/p>\n<div class=\"agib-hero\">\n<div class=\"agib-left\">\n      <img decoding=\"async\" class=\"agib-logo\" src=\"https:\/\/amberglow.lt\/wp-content\/uploads\/2025\/09\/inbank-wordmark-almostwhite-1.svg\" alt=\"inBank\"><\/p>\n<h1>inBank L\u012bzings<\/h1>\n<p class=\"agib-muted\">Maks\u0101 pa da\u013c\u0101m internet\u0101 \u2013 \u0101tri un \u0113rti; l\u0113mums parasti da\u017eu min\u016b\u0161u laik\u0101.<\/p>\n<div class=\"agib-chips\">\n        <span class=\"agib-chip\">L\u0113mums internet\u0101<\/span><br \/>\n        <span class=\"agib-chip\">Bez pirm\u0101s iemaksas*<\/span><br \/>\n        <span class=\"agib-chip\">Maks\u0101juma termi\u0146\u0161: no 3 l\u012bdz 72 m\u0113n.<\/span>\n      <\/div>\n<div class=\"agib-btns\">\n        <a href=\"#inbank-how\" class=\"agib-btn agib-btn--amber\">K\u0101 tas darbojas<\/a><br \/>\n        <a href=\"#inbank-faq\" class=\"agib-btn agib-btn--light\">Jaut\u0101jumi &amp; atbildes<\/a>\n      <\/div>\n<p>      <!-- Parinktys --><\/p>\n<div class=\"agib-card agib-options\" aria-labelledby=\"ag-options\">\n<h2 id=\"ag-options\">Iesp\u0113jam\u0101s maks\u0101juma iesp\u0113jas<\/h2>\n<div class=\"agib-optlist\">\n<div class=\"agib-opt\">\n            <span class=\"agib-ico\" aria-hidden=\"true\">\u2713<\/span><\/p>\n<div>\n<div class=\"agib-ttl\">P\u0113rc tagad, maks\u0101 n\u0101kamaj\u0101 m\u0113nes\u012b<\/div>\n<div class=\"agib-sub\">Attiecas uz atlas\u012btiem groziem; prec\u012bzus nosac\u012bjumus sniedz inBank.<\/div>\n<\/p><\/div>\n<p>            <span class=\"agib-badge\">Popul\u0101rs<\/span>\n          <\/div>\n<div class=\"agib-opt\">\n            <span class=\"agib-ico\" aria-hidden=\"true\">\u2713<\/span><\/p>\n<div>\n<div class=\"agib-ttl\">Maks\u0101 2 da\u013c\u0101s bez sad\u0101rdzin\u0101juma<\/div>\n<div class=\"agib-sub\">Divas vien\u0101das iemaksas; maksas redzamas pirms parakst\u012b\u0161anas.<\/div>\n<\/p><\/div>\n<\/p><\/div>\n<div class=\"agib-opt\">\n            <span class=\"agib-ico\" aria-hidden=\"true\">\u2713<\/span><\/p>\n<div>\n<div class=\"agib-ttl\">Maks\u0101 3 da\u013c\u0101s bez sad\u0101rdzin\u0101juma<\/div>\n<div class=\"agib-sub\">Tr\u012bs vien\u0101das iemaksas; pied\u0101v\u0101jumu sniedz inBank.<\/div>\n<\/p><\/div>\n<\/p><\/div>\n<div class=\"agib-opt\">\n            <span class=\"agib-ico\" aria-hidden=\"true\">\u2713<\/span><\/p>\n<div>\n<div class=\"agib-ttl\">inBank l\u012bzings (gar\u0101ks termi\u0146\u0161)<\/div>\n<div class=\"agib-sub\">Maks\u0101juma termi\u0146\u0161: no 3 l\u012bdz 72 m\u0113n. Iemaksu dienu izv\u0113l\u0113sies inBank sist\u0113m\u0101 (p\u0113c nov\u0113rt\u0113juma). <\/div>\n<\/p><\/div>\n<\/p><\/div>\n<\/p><\/div>\n<p class=\"agib-note\">Gal\u012bgo l\u0113mumu un konkr\u0113tos nosac\u012bjumus sniedz inBank p\u0113c maks\u0101tsp\u0113jas nov\u0113rt\u0113juma. \u201eAmberglow\" \u2013 pre\u010du p\u0101rdev\u0113js. <\/p>\n<\/p><\/div>\n<\/p><\/div>\n<div class=\"agib-right\">\n<aside class=\"agib-card\">\n        <strong style=\"display:block;margin:0 0 6px\">Par inBank l\u012bzingu<\/strong><\/p>\n<div class=\"agib-divider\"><\/div>\n<ul class=\"agib-list-tight\">\n<li>Pieteikums un l\u0113mums \u2013 internet\u0101.<\/li>\n<li>Iesp\u0113jams pirkums bez pirm\u0101s iemaksas (ja atbilst nosac\u012bjumiem).<\/li>\n<li>Maks\u0101juma termi\u0146\u0161: no 3 l\u012bdz 72 m\u0113n.<\/li>\n<li>Visas maksas skaidri nor\u0101d\u012btas pirms parakst\u012b\u0161anas.<\/li>\n<\/ul>\n<p class=\"agib-note\">*Konkr\u0113tu pied\u0101v\u0101jumu sniedz inBank p\u0113c maks\u0101tsp\u0113jas nov\u0113rt\u0113juma.<\/p>\n<\/aside>\n<div id=\"inbank-how\" class=\"agib-card\">\n<h2>K\u0101 tas darbojas?<\/h2>\n<div class=\"agib-row\">\n<div class=\"agib-num\">1<\/div>\n<div>\n            <strong>Izv\u0113lies preci un inBank l\u012bzingu nor\u0113\u0137inos.<\/strong><\/p>\n<p class=\"agib-note\">Groz\u0101\/nor\u0113\u0137inos k\u0101 maks\u0101juma veidu izv\u0113lies \u201einBank l\u012bzings\".<\/p>\n<\/p><\/div>\n<\/p><\/div>\n<div class=\"agib-row\">\n<div class=\"agib-num\">2<\/div>\n<div>\n            <strong>Aizpildi pieteikumu internet\u0101.<\/strong><\/p>\n<p class=\"agib-note\">inBank sist\u0113m\u0101 apstiprin\u0101si identit\u0101ti un sniegs nepiecie\u0161amo inform\u0101ciju.<\/p>\n<\/p><\/div>\n<\/p><\/div>\n<div class=\"agib-row\">\n<div class=\"agib-num\">3<\/div>\n<div>\n            <strong>Sa\u0146em l\u0113mumu un pabeidz pirkumu.<\/strong><\/p>\n<p class=\"agib-note\">Apstiprinot l\u012bzingu, pas\u016bt\u012bjumu sagatavosim pieg\u0101dei vai sa\u0146em\u0161anai.<\/p>\n<\/p><\/div>\n<\/p><\/div>\n<\/p><\/div>\n<\/p><\/div>\n<\/p><\/div>\n<p>  <!-- BOTTOM ROW: DUK (left) + SUMMARY (right) --><\/p>\n<div class=\"agib-bottom\">\n    <!-- LEFT: DUK --><\/p>\n<div class=\"agib-col\">\n<div id=\"inbank-faq\">\n<h2>Bie\u017e\u0101kie jaut\u0101jumi<\/h2>\n<details class=\"agib-details\" open=\"\">\n<summary class=\"agib-summary\">Kas var izmantot inBank l\u012bzingu?<\/summary>\n<p class=\"agib-note\">Latvijas Republikas iedz\u012bvot\u0101ji, kas atbilst inBank maks\u0101tsp\u0113jas un riska nov\u0113rt\u0113juma nosac\u012bjumiem. L\u0113mumu pie\u0146em inBank. <\/p>\n<\/details>\n<details class=\"agib-details\">\n<summary class=\"agib-summary\">Vai var pirkt bez pirm\u0101s iemaksas?<\/summary>\n<p class=\"agib-note\">Bie\u017ei vien \u2013 j\u0101, ta\u010du tas atkar\u012bgs no individu\u0101l\u0101 nov\u0113rt\u0113juma. Gal\u012bgo l\u0113mumu pie\u0146em inBank. <\/p>\n<\/details>\n<details class=\"agib-details\">\n<summary class=\"agib-summary\">Cik \u0101tri tiek sa\u0146emts l\u0113mums?<\/summary>\n<p class=\"agib-note\">Parasti da\u017eu min\u016b\u0161u laik\u0101 p\u0113c pieteikuma iesnieg\u0161anas internet\u0101. Da\u017eos gad\u012bjumos var b\u016bt nepiecie\u0161ami papildu dati. <\/p>\n<\/details>\n<details class=\"agib-details\">\n<summary class=\"agib-summary\">Vai varu izv\u0113l\u0113ties iemaksu maks\u0101juma dienu?<\/summary>\n<p class=\"agib-note\">J\u0101, iemaksu dienu parasti var izv\u0113l\u0113ties, parakstot l\u012bgumu. Prec\u012bz\u0101s iesp\u0113jas atkar\u012bgas no inBank pied\u0101v\u0101juma. <\/p>\n<\/details>\n<details class=\"agib-details\">\n<summary class=\"agib-summary\">Kur redz\u0113\u0161u visus izdevumus (GKIL)?<\/summary>\n<p class=\"agib-note\">Pirms l\u012bguma parakst\u012b\u0161anas inBank kalkulator\u0101 un dokumentos redz\u0113si procentus, maksas, GKIL un kop\u0113jo summu.<\/p>\n<\/details>\n<details class=\"agib-details\">\n<summary class=\"agib-summary\">Kas sniedz l\u012bzinga pakalpojumu?<\/summary>\n<p class=\"agib-note\">L\u012bzinga pakalpojumu sniedz <strong>inBank<\/strong>. \u201eAmberglow\" ir pre\u010du p\u0101rdev\u0113js. <\/p>\n<\/details><\/div>\n<\/p><\/div>\n<p>    <!-- RIGHT: SUMMARY --><\/p>\n<div class=\"agib-col\">\n<div class=\"agib-card\">\n<h2>Nosac\u012bjumu kopsavilkums<\/h2>\n<table class=\"agib-table\" role=\"table\" aria-label=\"S\u0105lyg\u0173 santrauka\">\n<tbody>\n<tr>\n<th scope=\"row\">Pakalpojums<\/th>\n<td>Pirkums pa da\u013c\u0101m (inBank l\u012bzings)<\/td>\n<\/tr>\n<tr>\n<th scope=\"row\">L\u0113mums<\/th>\n<td>Sniedz inBank internet\u0101<\/td>\n<\/tr>\n<tr>\n<th scope=\"row\">Pirm\u0101 iemaksa<\/th>\n<td>Var neb\u016bt nepiecie\u0161ama (atkar\u012bgs no nov\u0113rt\u0113juma)<\/td>\n<\/tr>\n<tr>\n<th scope=\"row\">Termi\u0146\u0161<\/th>\n<td><strong>3\u201372 m\u0113n.<\/strong> (prec\u012bz\u0101s izv\u0113les redzamas pieteikum\u0101)<\/td>\n<\/tr>\n<tr>\n<th scope=\"row\">Maksas<\/th>\n<td>Saska\u0146\u0101 ar l\u012bgumu; visas maksas skaidri nor\u0101d\u012btas pirms parakst\u012b\u0161anas<\/td>\n<\/tr>\n<\/tbody>\n<\/table>\n<p class=\"agib-note\">Konkr\u0113tie nosac\u012bjumi atkar\u012bgi no inBank maks\u0101tsp\u0113jas nov\u0113rt\u0113juma.<\/p>\n<\/p><\/div>\n<\/p><\/div>\n<\/p><\/div>\n<p>  <!-- Legal --><\/p>\n<div style=\"padding:8px 0 24px\">\n<p class=\"agib-note\"><strong>Juridisk\u0101 inform\u0101cija:<\/strong> \u0160\u012b inform\u0101cija ir visp\u0101r\u012bga rakstura un nav uzskat\u0101ma par pied\u0101v\u0101jumu. Konkr\u0113tos nosac\u012bjumus redz\u0113si inBank sist\u0113m\u0101 pirms l\u012bguma parakst\u012b\u0161anas. L\u0113mumu pie\u0146em inBank, \u0146emot v\u0113r\u0101 tavu maks\u0101tsp\u0113jas nov\u0113rt\u0113jumu.  <\/p>\n<p class=\"agib-note\">Jaut\u0101jumiem \u2013 <a href=\"\/kontaktai\" style=\"color:#fff;text-decoration:underline\">sazinies ar mums<\/a>.<\/p>\n<\/p><\/div>\n<\/div>\n\n\t\t\t\t\t<\/div>\n\t\t\t\t\t\t<\/div>\n\t\t\t\t<\/div>\n\t\t\t\t\t<\/div>\n\t\t\t\t<\/div>\n\t\t\t\t<\/div>\n\t\t","protected":false},"excerpt":{"rendered":"<p>inBank L\u012bzings Maks\u0101 pa da\u013c\u0101m internet\u0101 \u2013 \u0101tri un \u0113rti; l\u0113mums parasti da\u017eu min\u016b\u0161u laik\u0101. L\u0113mums internet\u0101 Bez pirm\u0101s iemaksas*<\/p>\n","protected":false},"author":1,"featured_media":0,"parent":0,"menu_order":0,"comment_status":"closed","ping_status":"closed","template":"elementor_theme","meta":{"footnotes":""},"class_list":["post-31446","page","type-page","status-publish","hentry"],"_hostinger_reach_plugin_has_subscription_block":false,"_hostinger_reach_plugin_is_elementor":false,"_links":{"self":[{"href":"https:\/\/amberglow.lt\/lv\/wp-json\/wp\/v2\/pages\/31446","targetHints":{"allow":["GET"]}}],"collection":[{"href":"https:\/\/amberglow.lt\/lv\/wp-json\/wp\/v2\/pages"}],"about":[{"href":"https:\/\/amberglow.lt\/lv\/wp-json\/wp\/v2\/types\/page"}],"author":[{"embeddable":true,"href":"https:\/\/amberglow.lt\/lv\/wp-json\/wp\/v2\/users\/1"}],"replies":[{"embeddable":true,"href":"https:\/\/amberglow.lt\/lv\/wp-json\/wp\/v2\/comments?post=31446"}],"version-history":[{"count":0,"href":"https:\/\/amberglow.lt\/lv\/wp-json\/wp\/v2\/pages\/31446\/revisions"}],"wp:attachment":[{"href":"https:\/\/amberglow.lt\/lv\/wp-json\/wp\/v2\/media?parent=31446"}],"curies":[{"name":"wp","href":"https:\/\/api.w.org\/{rel}","templated":true}]}}