{"id":31799,"date":"2021-10-12T16:27:24","date_gmt":"2021-10-12T13:27:24","guid":{"rendered":"https:\/\/amberglow.lt\/sazinieties-ar\/"},"modified":"2026-05-10T12:11:09","modified_gmt":"2026-05-10T09:11:09","slug":"sazinieties-ar","status":"publish","type":"page","link":"https:\/\/amberglow.lt\/lv\/sazinieties-ar\/","title":{"rendered":"Sazinieties ar"},"content":{"rendered":"\t\t<div data-elementor-type=\"wp-page\" data-elementor-id=\"31799\" class=\"elementor elementor-31799 elementor-4439\" data-elementor-post-type=\"page\">\n\t\t\t\t<div class=\"wd-negative-gap elementor-element elementor-element-cb322d0 e-flex e-con-boxed e-con e-parent\" data-id=\"cb322d0\" data-element_type=\"container\" data-e-type=\"container\">\n\t\t\t\t\t<div class=\"e-con-inner\">\n\t\t<div class=\"elementor-element elementor-element-789122a e-con-full e-flex e-con e-child\" data-id=\"789122a\" data-element_type=\"container\" data-e-type=\"container\">\n\t\t\t\t<div class=\"elementor-element elementor-element-775ddc4 wd-width-100 elementor-widget elementor-widget-wd_title\" data-id=\"775ddc4\" data-element_type=\"widget\" data-e-type=\"widget\" data-widget_type=\"wd_title.default\">\n\t\t\t\t<div class=\"elementor-widget-container\">\n\t\t\t\t\t\t\t<div class=\"title-wrapper wd-set-mb reset-last-child wd-title-color-default wd-title-style-default wd-title-size-default text-left\">\n\n\t\t\t\n\t\t\t<div class=\"liner-continer\">\n\t\t\t\t<h4 class=\"woodmart-title-container title wd-fontsize-l\">Sazinieties ar mums<\/h4> \n\t\t\t\t\t\t\t<\/div>\n\n\t\t\t\t\t<\/div>\n\t\t\t\t\t\t<\/div>\n\t\t\t\t<\/div>\n\t\t\t\t<div class=\"elementor-element elementor-element-3c67846 wd-cf7 elementor-widget elementor-widget-wd_contact_form_7\" data-id=\"3c67846\" data-element_type=\"widget\" data-e-type=\"widget\" data-widget_type=\"wd_contact_form_7.default\">\n\t\t\t\t<div class=\"elementor-widget-container\">\n\t\t\t\t\t\n<div class=\"wpcf7 no-js\" id=\"wpcf7-f32277-o1\" lang=\"lv\" dir=\"ltr\" data-wpcf7-id=\"32277\">\n<div class=\"screen-reader-response\"><p role=\"status\" aria-live=\"polite\" aria-atomic=\"true\"><\/p> <ul><\/ul><\/div>\n<form action=\"\/lv\/wp-json\/wp\/v2\/pages\/31799#wpcf7-f32277-o1\" method=\"post\" class=\"wpcf7-form init\" aria-label=\"Contact form\" novalidate=\"novalidate\" data-status=\"init\">\n<fieldset class=\"hidden-fields-container\"><input type=\"hidden\" name=\"_wpcf7\" value=\"32277\" \/><input type=\"hidden\" name=\"_wpcf7_version\" value=\"6.1.6\" \/><input type=\"hidden\" name=\"_wpcf7_locale\" value=\"lv\" \/><input type=\"hidden\" name=\"_wpcf7_unit_tag\" value=\"wpcf7-f32277-o1\" \/><input type=\"hidden\" name=\"_wpcf7_container_post\" value=\"0\" \/><input type=\"hidden\" name=\"_wpcf7_posted_data_hash\" value=\"\" \/>\n<\/fieldset>\n<p><span class=\"wpcf7-form-control-wrap\" data-name=\"your-name\"><input size=\"40\" maxlength=\"400\" class=\"wpcf7-form-control wpcf7-text wpcf7-validates-as-required agcf-field\" aria-required=\"true\" aria-invalid=\"false\" placeholder=\"J\u016bsu v\u0101rds\" value=\"\" type=\"text\" name=\"your-name\" \/><\/span><br \/>\n<span class=\"wpcf7-form-control-wrap\" data-name=\"your-email\"><input size=\"40\" maxlength=\"400\" class=\"wpcf7-form-control wpcf7-email wpcf7-validates-as-required wpcf7-text wpcf7-validates-as-email agcf-field\" aria-required=\"true\" aria-invalid=\"false\" placeholder=\"E-pasts\" value=\"\" type=\"email\" name=\"your-email\" \/><\/span><br \/>\n<span class=\"wpcf7-form-control-wrap\" data-name=\"contact-topic\"><select class=\"wpcf7-form-control wpcf7-select wpcf7-validates-as-required agcf-field\" aria-required=\"true\" aria-invalid=\"false\" name=\"contact-topic\"><option value=\"Izv\u0113lieties t\u0113mu\">Izv\u0113lieties t\u0113mu<\/option><option value=\"Par pas\u016bt\u012bjumu\">Par pas\u016bt\u012bjumu<\/option><option value=\"Garantijas apkalpo\u0161ana\">Garantijas apkalpo\u0161ana<\/option><option value=\"Konsult\u0101cija pirms pirkuma\">Konsult\u0101cija pirms pirkuma<\/option><option value=\"Tehnisk\u0101 pal\u012bdz\u012bba\">Tehnisk\u0101 pal\u012bdz\u012bba<\/option><option value=\"Jaut\u0101jums par produktu\">Jaut\u0101jums par produktu<\/option><option value=\"Cits\">Cits<\/option><\/select><\/span><br \/>\n<span class=\"wpcf7-form-control-wrap\" data-name=\"your-message\"><textarea cols=\"40\" rows=\"10\" maxlength=\"2000\" class=\"wpcf7-form-control wpcf7-textarea agcf-field\" aria-invalid=\"false\" placeholder=\"J\u016bsu zi\u0146a (nav oblig\u0101ti)\" name=\"your-message\"><\/textarea><\/span><br \/>\n<input class=\"wpcf7-form-control wpcf7-submit has-spinner agcf-btn\" type=\"submit\" value=\"IESNIEGT PIEPRAS\u012aJUMU\" \/>\n<\/p><div class=\"wpcf7-response-output\" aria-hidden=\"true\"><\/div>\n<\/form>\n<\/div>\n\t\t\t\t<\/div>\n\t\t\t\t<\/div>\n\t\t\t\t<div class=\"elementor-element elementor-element-f68e424 elementor-widget elementor-widget-wd_tabs\" data-id=\"f68e424\" data-element_type=\"widget\" data-e-type=\"widget\" data-widget_type=\"wd_tabs.default\">\n\t\t\t\t<div class=\"elementor-widget-container\">\n\t\t\t\t\t\t\t<div class=\"wd-tabs tabs-design-default\">\n\t\t\t<div class=\"wd-tabs-header text-left\">\n\t\t\t\t\t\t\t\t\t<div class=\"tabs-name title\">\n\t\t\t\t\t\t\n\t\t\t\t\t\t<span class=\"tabs-text\" data-elementor-setting-key=\"title\">\n\t\t\t\t\t\t\tVeikali\t\t\t\t\t\t<\/span>\n\t\t\t\t\t<\/div>\n\t\t\t\t\n\t\t\t\t\n\t\t\t\t<div class=\"wd-nav-wrapper wd-nav-tabs-wrapper wd-mb-action-swipe\">\n\t\t\t\t\t<ul class=\"wd-nav wd-nav-tabs wd-icon-pos-left wd-style-default\">\n\t\t\t\t\t\t\t\t\t\t\t\t\t\n\t\t\t\t\t\t\t<li>\n\t\t\t\t\t\t\t\t<a href=\"#\" class=\"wd-nav-link\">\n\t\t\t\t\t\t\t\t\t\n\t\t\t\t\t\t\t\t\t<span class=\"nav-link-text wd-tabs-title\">\n\t\t\t\t\t\t\t\t\t\tKlaip\u0113da\t\t\t\t\t\t\t\t\t<\/span>\n\t\t\t\t\t\t\t\t<\/a>\n\t\t\t\t\t\t\t<\/li>\n\n\t\t\t\t\t\t\t\t\t\t\t\t\t\n\t\t\t\t\t\t\t<li>\n\t\t\t\t\t\t\t\t<a href=\"#\" class=\"wd-nav-link\">\n\t\t\t\t\t\t\t\t\t\n\t\t\t\t\t\t\t\t\t<span class=\"nav-link-text wd-tabs-title\">\n\t\t\t\t\t\t\t\t\t\tVi\u013c\u0146a\t\t\t\t\t\t\t\t\t<\/span>\n\t\t\t\t\t\t\t\t<\/a>\n\t\t\t\t\t\t\t<\/li>\n\n\t\t\t\t\t\t\t\t\t\t\t<\/ul>\n\t\t\t\t<\/div>\n\t\t\t<\/div>\n\n\t\t\t<div class=\"wd-tabs-content-wrapper\">\n\t\t\t\t\t\t\t\t\t\t\t\t\t\t\n\t\t\t\t\t<div class=\"wd-tab-content wd-entry-content\">\n\t\t\t\t\t\t\t\t\t\t\t\t\t<div >\n\t\t\t\t\t\t\t\t<div class=\"store-info\">\n  <div class=\"store-hours\">\n    <h4><strong>Liep\u0173 iela 64.<\/strong><\/h4>\n    <div>P\u2013Pk 09:00\u201318:00<\/div>\n    <div>S\u2013Sv Nestr\u0101d\u0101jam<\/div>\n  <\/div>\n\n  <div class=\"store-contact\">\n    <div>info@amberglow.lv<\/div>\n    <div>+370 629 92290<\/div>\n  <\/div>\n<\/div>\n<\/br>\n<img decoding=\"async\" src=\"https:\/\/amberglow.lt\/wp-content\/uploads\/2026\/04\/1000x500@2x.png\" alt=\"Amberglow Klaip\u0113da\" style=\"border-radius:5px;\">\t\t\t\t\t\t\t<\/div>\n\t\t\t\t\t\t\t\t\t\t\t<\/div>\n\n\t\t\t\t\t\t\t\t\t\t\t\t\t\t\n\t\t\t\t\t<div class=\"wd-tab-content wd-entry-content\">\n\t\t\t\t\t\t\t\t\t\t\t\t\t<div >\n\t\t\t\t\t\t\t\t<p>M\u016bsu fiziskais veikals Vi\u013c\u0146\u0101 jau dr\u012bzum\u0101!<\/p>\t\t\t\t\t\t\t<\/div>\n\t\t\t\t\t\t\t\t\t\t\t<\/div>\n\n\t\t\t\t\t\t\t<\/div>\n\t\t<\/div>\n\t\t\t\t\t\t<\/div>\n\t\t\t\t<\/div>\n\t\t\t\t<div class=\"elementor-element elementor-element-62731bc elementor-hidden-desktop elementor-hidden-tablet_extra elementor-hidden-tablet elementor-widget-divider--view-line elementor-widget elementor-widget-divider\" data-id=\"62731bc\" data-element_type=\"widget\" data-e-type=\"widget\" data-widget_type=\"divider.default\">\n\t\t\t\t\t\t\t<div class=\"elementor-divider\">\n\t\t\t<span class=\"elementor-divider-separator\">\n\t\t\t\t\t\t<\/span>\n\t\t<\/div>\n\t\t\t\t\t\t<\/div>\n\t\t\t\t<\/div>\n\t\t<div class=\"elementor-element elementor-element-1f0abe4 e-con-full e-flex e-con e-child\" data-id=\"1f0abe4\" data-element_type=\"container\" data-e-type=\"container\">\n\t\t\t\t<div class=\"elementor-element elementor-element-071523a wd-width-100 elementor-widget elementor-widget-wd_title\" data-id=\"071523a\" data-element_type=\"widget\" data-e-type=\"widget\" data-widget_type=\"wd_title.default\">\n\t\t\t\t<div class=\"elementor-widget-container\">\n\t\t\t\t\t\t\t<div class=\"title-wrapper wd-set-mb reset-last-child wd-title-color-default wd-title-style-default wd-title-size-default text-left\">\n\n\t\t\t\n\t\t\t<div class=\"liner-continer\">\n\t\t\t\t<h4 class=\"woodmart-title-container title wd-fontsize-l\">BIE\u017d\u0100K UZDOTIE JAUT\u0100JUMI (BUJ)<\/h4> \n\t\t\t\t\t\t\t<\/div>\n\n\t\t\t\t\t<\/div>\n\t\t\t\t\t\t<\/div>\n\t\t\t\t<\/div>\n\t\t\t\t<div class=\"elementor-element elementor-element-2a7c1c6 elementor-widget elementor-widget-wd_accordion\" data-id=\"2a7c1c6\" data-element_type=\"widget\" data-e-type=\"widget\" data-widget_type=\"wd_accordion.default\">\n\t\t\t\t<div class=\"elementor-widget-container\">\n\t\t\t\t\t\n\t\t<div class=\"wd-accordion wd-style-shadow wd-titles-left wd-opener-pos-left wd-opener-style-arrow\" data-state=\"first\">\n\t\t\t\t\t\t\t\n\t\t\t\t<div class=\"wd-accordion-item\">\n\t\t\t\t\t<div class=\"wd-accordion-title wd-role-btn wd-active\" data-accordion-index=\"0\" tabindex=\"0\">\n\t\t\t\t\t\t<div class=\"wd-accordion-title-text\">\n\t\t\t\t\t\t\t\t\t\t\t\t\t\t<span>\n\t\t\t\t\t\t\t\tVai es sa\u0146em\u0161u t\u0101du pa\u0161u produktu k\u0101 att\u0113l\u0101 redzamais?\t\t\t\t\t\t\t<\/span>\n\t\t\t\t\t\t<\/div>\n\t\t\t\t\t\t<span class=\"wd-accordion-opener\"><\/span>\n\t\t\t\t\t<\/div>\n\n\t\t\t\t\t<div class=\"wd-accordion-content wd-entry-content wd-active\" data-accordion-index=\"0\">\n\t\t\t\t\t\t\t\t\t\t\t\t\t\n\t\t\t\t\t\t\t<p>Lai gan m\u0113s dar\u0101m visu iesp\u0113jamo, lai nodro\u0161in\u0101tu, ka m\u016bsu fotoatt\u0113li atspogu\u013co patieso produktu izskatu, da\u017eas at\u0161\u0137ir\u012bbas var rasties apgaismojuma, le\u0146\u0137a, ekr\u0101na iestat\u012bjumu un citu faktoru d\u0113\u013c.<\/p><p>Ar\u012b att\u0113l\u0101 redzamais datora iek\u0161puses izskats var at\u0161\u0137irties atkar\u012bb\u0101 no izv\u0113l\u0113t\u0101s konfigur\u0101cijas. Tom\u0113r pati datora kaste (korpuss) b\u016bs t\u0101da, k\u0101 redzams att\u0113l\u0101 \ud83d\ude42 <\/p><p>Tom\u0113r varat b\u016bt dro\u0161i, ka sa\u0146emsiet kvalitat\u012bvu produktu, kas atbilst aprakstam un specifik\u0101cij\u0101m.<\/p><p>Ja jums ir k\u0101di jaut\u0101jumi vai ba\u017eas par konkr\u0113tu produktu, l\u016bdzu, sazinieties ar m\u016bsu klientu apkalpo\u0161anas person\u0101lu. M\u0113s ar prieku pal\u012bdz\u0113sim jums atrisin\u0101t visas probl\u0113mas un rast lab\u0101ko risin\u0101jumu! <\/p>\n\t\t\t\t\t\t\t\t\t\t\t\t\t\t\t\t\t\t<\/div>\n\t\t\t\t<\/div>\n\t\t\t\t\t\t\t\n\t\t\t\t<div class=\"wd-accordion-item\">\n\t\t\t\t\t<div class=\"wd-accordion-title wd-role-btn\" data-accordion-index=\"1\" tabindex=\"0\">\n\t\t\t\t\t\t<div class=\"wd-accordion-title-text\">\n\t\t\t\t\t\t\t\t\t\t\t\t\t\t<span>\n\t\t\t\t\t\t\t\tKur es varu apskat\u012bt savu pirkuma kv\u012bti vai pas\u016bt\u012bjuma inform\u0101ciju?\t\t\t\t\t\t\t<\/span>\n\t\t\t\t\t\t<\/div>\n\t\t\t\t\t\t<span class=\"wd-accordion-opener\"><\/span>\n\t\t\t\t\t<\/div>\n\n\t\t\t\t\t<div class=\"wd-accordion-content wd-entry-content\" data-accordion-index=\"1\">\n\t\t\t\t\t\t\t\t\t\t\t\t\t\n\t\t\t\t\t\t\t<p>Pirkuma kv\u012bts tiek autom\u0101tiski nos\u016bt\u012bta uz e-pastu p\u0113c veiksm\u012bga pas\u016bt\u012bjuma.<br>L\u016bdzu, p\u0101rbaudi savu e-pasta pastkast\u012bti, k\u0101 ar\u012b mapes \"Spam\" vai \"Rekl\u0101mas\".  <\/p>\n\n<p>Pas\u016bt\u012bjuma gaitu un visu ar pirkumu saist\u012bto inform\u0101ciju varat ar\u012b apskat\u012bt, piesl\u0113dzoties savam kontam m\u016bsu vietn\u0113.<\/p>\n\n<p>Ja kv\u012bti nesa\u0146\u0113m\u0101t da\u017eu min\u016b\u0161u laik\u0101, sazinieties ar mums \u2013 m\u0113s \u0101tri pal\u012bdz\u0113sim.<\/p>\n\t\t\t\t\t\t\t\t\t\t\t\t\t\t\t\t\t\t<\/div>\n\t\t\t\t<\/div>\n\t\t\t\t\t\t\t\n\t\t\t\t<div class=\"wd-accordion-item\">\n\t\t\t\t\t<div class=\"wd-accordion-title wd-role-btn\" data-accordion-index=\"2\" tabindex=\"0\">\n\t\t\t\t\t\t<div class=\"wd-accordion-title-text\">\n\t\t\t\t\t\t\t\t\t\t\t\t\t\t<span>\n\t\t\t\t\t\t\t\tK\u0101 es varu atgriezt produktu?\t\t\t\t\t\t\t<\/span>\n\t\t\t\t\t\t<\/div>\n\t\t\t\t\t\t<span class=\"wd-accordion-opener\"><\/span>\n\t\t\t\t\t<\/div>\n\n\t\t\t\t\t<div class=\"wd-accordion-content wd-entry-content\" data-accordion-index=\"2\">\n\t\t\t\t\t\t\t\t\t\t\t\t\t\n\t\t\t\t\t\t\t<p>Atgrie\u0161ana ir iesp\u0113jama, ja prece atbilst m\u016bsu atgrie\u0161anas politikas nosac\u012bjumiem. L\u016bdzu, aizpildiet atgrie\u0161anas veidlapu \u2013 m\u0113s ar jums sazin\u0101simies p\u0113c iesp\u0113jas \u0101tr\u0101k un sniegsim turpm\u0101kos so\u013cus. <\/p>\n\n<p>Svar\u012bgi: p\u0113c individu\u0101la pas\u016bt\u012bjuma salikti datori netiek atgriezti.<\/p>\n\n<p>Detaliz\u0113ta atgrie\u0161anas k\u0101rt\u012bba ir pieejama \u0161eit:\n<strong><a href=\"https:\/\/amberglow.lv\/atgriesana-un-garantijas\/\" rel=\"nofollow noopener\" target=\"_blank\">Atgrie\u0161anas politika<\/a><\/strong>\n<\/p>\n\t\t\t\t\t\t\t\t\t\t\t\t\t\t\t\t\t\t<\/div>\n\t\t\t\t<\/div>\n\t\t\t\t\t\t\t\n\t\t\t\t<div class=\"wd-accordion-item\">\n\t\t\t\t\t<div class=\"wd-accordion-title wd-role-btn\" data-accordion-index=\"3\" tabindex=\"0\">\n\t\t\t\t\t\t<div class=\"wd-accordion-title-text\">\n\t\t\t\t\t\t\t\t\t\t\t\t\t\t<span>\n\t\t\t\t\t\t\t\tVai j\u016bs papildin\u0101siet kr\u0101jumus ar prec\u0113m, kas atz\u012bm\u0113tas k\u0101 \u201cnav noliktav\u0101\u201d?\t\t\t\t\t\t\t<\/span>\n\t\t\t\t\t\t<\/div>\n\t\t\t\t\t\t<span class=\"wd-accordion-opener\"><\/span>\n\t\t\t\t\t<\/div>\n\n\t\t\t\t\t<div class=\"wd-accordion-content wd-entry-content\" data-accordion-index=\"3\">\n\t\t\t\t\t\t\t\t\t\t\t\t\t\n\t\t\t\t\t\t\t<p>Da\u017ei no m\u016bsu pied\u0101v\u0101jumiem ir unik\u0101li un netiks papildin\u0101ti. Ja no m\u016bsu pa\u0161reiz\u0113jiem pied\u0101v\u0101jumiem nevarat atrast sev piem\u0113rot\u0101ko, l\u016bdzu, sazinieties ar mums, un m\u0113s pal\u012bdz\u0113sim jums izv\u0113l\u0113ties. <\/p>\n\t\t\t\t\t\t\t\t\t\t\t\t\t\t\t\t\t\t<\/div>\n\t\t\t\t<\/div>\n\t\t\t\t\t\t\t\n\t\t\t\t<div class=\"wd-accordion-item\">\n\t\t\t\t\t<div class=\"wd-accordion-title wd-role-btn\" data-accordion-index=\"4\" tabindex=\"0\">\n\t\t\t\t\t\t<div class=\"wd-accordion-title-text\">\n\t\t\t\t\t\t\t\t\t\t\t\t\t\t<span>\n\t\t\t\t\t\t\t\tK\u0101da garantija tiek piem\u0113rota datoriem un komponentiem?\t\t\t\t\t\t\t<\/span>\n\t\t\t\t\t\t<\/div>\n\t\t\t\t\t\t<span class=\"wd-accordion-opener\"><\/span>\n\t\t\t\t\t<\/div>\n\n\t\t\t\t\t<div class=\"wd-accordion-content wd-entry-content\" data-accordion-index=\"4\">\n\t\t\t\t\t\t\t\t\t\t\t\t\t\n\t\t\t\t\t\t\t<p>Katram m\u016bsu produktam tiek piem\u0113rota garantija. Garantijas periods var at\u0161\u0137irties atkar\u012bb\u0101 no produkta, t\u0101p\u0113c iesak\u0101m p\u0101rbaud\u012bt konkr\u0113t\u0101 produkta aprakstu \u2013 taj\u0101 ir nor\u0101d\u012bts prec\u012bzs garantijas termi\u0146\u0161. <\/p>\n\n<p>Detaliz\u0113ta inform\u0101cija par garantiju ir pieejama \u0161eit: \n<strong><a href=\"https:\/\/amberglow.lv\/atgriesana-un-garantijas\/\" rel=\"nofollow noopener\" target=\"_blank\">Atgrie\u0161ana un garantijas<\/a><\/strong>\n<\/p>\n\t\t\t\t\t\t\t\t\t\t\t\t\t\t\t\t\t\t<\/div>\n\t\t\t\t<\/div>\n\t\t\t\t\t\t\t\n\t\t\t\t<div class=\"wd-accordion-item\">\n\t\t\t\t\t<div class=\"wd-accordion-title wd-role-btn\" data-accordion-index=\"5\" tabindex=\"0\">\n\t\t\t\t\t\t<div class=\"wd-accordion-title-text\">\n\t\t\t\t\t\t\t\t\t\t\t\t\t\t<span>\n\t\t\t\t\t\t\t\tCik ilgi ilgst pieg\u0101de Lietuv\u0101 un Latvij\u0101?\t\t\t\t\t\t\t<\/span>\n\t\t\t\t\t\t<\/div>\n\t\t\t\t\t\t<span class=\"wd-accordion-opener\"><\/span>\n\t\t\t\t\t<\/div>\n\n\t\t\t\t\t<div class=\"wd-accordion-content wd-entry-content\" data-accordion-index=\"5\">\n\t\t\t\t\t\t\t\t\t\t\t\t\t\n\t\t\t\t\t\t\t<p>Preces pieg\u0101d\u0101jam vis\u0101 Lietuv\u0101 un vis\u0101 Latvij\u0101. Lietuv\u0101 parastais pieg\u0101des termi\u0146\u0161 ir <strong>1\u20133 darba dienas<\/strong>. <\/p>\n\n<p>Pieg\u0101de uz Latviju var ilgt nedaudz ilg\u0101k \u2014 parasti <strong>2\u20134 darba dienas<\/strong>, atkar\u012bb\u0101 no re\u0123iona un izv\u0113l\u0113t\u0101 pieg\u0101des veida.<\/p>\n\n<p>Individu\u0101li saliktiem datoriem vai liel\u0101k\u0101m prec\u0113m pieg\u0101des laiks var b\u016bt ilg\u0101ks, par to m\u0113s vienm\u0113r inform\u0113jam iepriek\u0161.<\/p>\n\n<p>Detaliz\u0113ta pieg\u0101des inform\u0101cija:\n<strong><a href=\"https:\/\/amberglow.lv\/piegades-informacija\/\" rel=\"nofollow noopener\" target=\"_blank\">Pieg\u0101des inform\u0101cija<\/a><\/strong>\n<\/p>\n\t\t\t\t\t\t\t\t\t\t\t\t\t\t\t\t\t\t<\/div>\n\t\t\t\t<\/div>\n\t\t\t\t\t\t\t\n\t\t\t\t<div class=\"wd-accordion-item\">\n\t\t\t\t\t<div class=\"wd-accordion-title wd-role-btn\" data-accordion-index=\"6\" tabindex=\"0\">\n\t\t\t\t\t\t<div class=\"wd-accordion-title-text\">\n\t\t\t\t\t\t\t\t\t\t\t\t\t\t<span>\n\t\t\t\t\t\t\t\tK\u0101di maks\u0101jumu veidi tiek pie\u0146emti?\t\t\t\t\t\t\t<\/span>\n\t\t\t\t\t\t<\/div>\n\t\t\t\t\t\t<span class=\"wd-accordion-opener\"><\/span>\n\t\t\t\t\t<\/div>\n\n\t\t\t\t\t<div class=\"wd-accordion-content wd-entry-content\" data-accordion-index=\"6\">\n\t\t\t\t\t\t\t\t\t\t\t\t\t\n\t\t\t\t\t\t\t<p>Pie\u0146emam maks\u0101jumus ar bankas p\u0101rskait\u012bjumu, bankas kart\u0113m, internetbanku, \"Apple Pay\", \"Google Pay\" un l\u012bzingu (\"Inbank\"). Visi pieejamie maks\u0101jumu veidi tiek par\u0101d\u012bti pas\u016bt\u012bjuma laik\u0101 pirms apmaksas.  <\/p>\n\t\t\t\t\t\t\t\t\t\t\t\t\t\t\t\t\t\t<\/div>\n\t\t\t\t<\/div>\n\t\t\t\t\t\t\t\n\t\t\t\t<div class=\"wd-accordion-item\">\n\t\t\t\t\t<div class=\"wd-accordion-title wd-role-btn\" data-accordion-index=\"7\" tabindex=\"0\">\n\t\t\t\t\t\t<div class=\"wd-accordion-title-text\">\n\t\t\t\t\t\t\t\t\t\t\t\t\t\t<span>\n\t\t\t\t\t\t\t\tVai varat nokomplekt\u0113t datoru atbilsto\u0161i man\u0101m vajadz\u012bb\u0101m?\t\t\t\t\t\t\t<\/span>\n\t\t\t\t\t\t<\/div>\n\t\t\t\t\t\t<span class=\"wd-accordion-opener\"><\/span>\n\t\t\t\t\t<\/div>\n\n\t\t\t\t\t<div class=\"wd-accordion-content wd-entry-content\" data-accordion-index=\"7\">\n\t\t\t\t\t\t\t\t\t\t\t\t\t\n\t\t\t\t\t\t\t<p>J\u0101, m\u0113s varam nokomplekt\u0113t datoru atbilsto\u0161i j\u016bsu vajadz\u012bb\u0101m, bud\u017eetam un lieto\u0161anas m\u0113r\u0137im. Past\u0101stiet mums savas v\u0113lmes, un m\u0113s ieteiksim optim\u0101l\u0101kos komponentus un sagatavosim piln\u012bb\u0101 funkcion\u0113jo\u0161u datoru. <\/p>\n\t\t\t\t\t\t\t\t\t\t\t\t\t\t\t\t\t\t<\/div>\n\t\t\t\t<\/div>\n\t\t\t\t\t\t\t\n\t\t\t\t<div class=\"wd-accordion-item\">\n\t\t\t\t\t<div class=\"wd-accordion-title wd-role-btn\" data-accordion-index=\"8\" tabindex=\"0\">\n\t\t\t\t\t\t<div class=\"wd-accordion-title-text\">\n\t\t\t\t\t\t\t\t\t\t\t\t\t\t<span>\n\t\t\t\t\t\t\t\tVai datoram ir visi nepiecie\u0161amie piederumi?\t\t\t\t\t\t\t<\/span>\n\t\t\t\t\t\t<\/div>\n\t\t\t\t\t\t<span class=\"wd-accordion-opener\"><\/span>\n\t\t\t\t\t<\/div>\n\n\t\t\t\t\t<div class=\"wd-accordion-content wd-entry-content\" data-accordion-index=\"8\">\n\t\t\t\t\t\t\t\t\t\t\t\t\t\n\t\t\t\t\t\t\t<p><strong>Visi m\u016bsu p\u0101rdotie galddatori ir apr\u012bkoti ar baro\u0161anas kabeli<\/strong>, t\u0101p\u0113c jums nav j\u0101uztraucas par \u0161o piederumu.<\/p>\n\n<p><strong>Interneta piesl\u0113gumam m\u0113s pied\u0101v\u0101jam divas iesp\u0113jas:<\/strong><\/p>\n\n<ul>\n  <li><strong>Iesak\u0101m izmantot Ethernet kabeli<\/strong>, jo tas nodro\u0161ina stabil\u0101ku un \u0101tr\u0101ku savienojumu sal\u012bdzin\u0101jum\u0101 ar bezvadu \"Wi-Fi\". Ethernet vadu savienojums ir \u012bpa\u0161i noder\u012bgs, ja bie\u017ei lejupiel\u0101d\u0113 vai aug\u0161upiel\u0101d\u0113 lielus failus, sp\u0113l\u0113 tie\u0161saistes sp\u0113les vai str\u0101d\u0101 ar internetu praso\u0161\u0101m programm\u0101m. <\/li>\n\n  <li><strong>Ja nav iesp\u0113jas izmantot Ethernet kabeli, varam pied\u0101v\u0101t datoru ar \"Wi-Fi\" adapteri vai m\u0101tesplati ar integr\u0113tu \"Wi-Fi\" funkciju.<\/strong>  \u0160\u0101d\u0101 gad\u012bjum\u0101 interneta savienojuma \u0101trums b\u016bs atkar\u012bgs no \"Wi-Fi\" mar\u0161rut\u0113t\u0101ja iesp\u0113j\u0101m un t\u012bkla sign\u0101la stipruma.<\/li>\n<\/ul>\n\n<p><strong>Izv\u0113le ir atkar\u012bga no j\u016bsu vajadz\u012bb\u0101m un interneta lieto\u0161anas paradumiem.<\/strong>  Ja neesi p\u0101rliecin\u0101ts, kur\u0161 variants ir piem\u0113rot\u0101kais, sazinies ar m\u016bsu konsultantiem \u2013 vi\u0146i pal\u012bdz\u0113s izv\u0113l\u0113ties optim\u0101lo risin\u0101jumu.<\/p>\n\t\t\t\t\t\t\t\t\t\t\t\t\t\t\t\t\t\t<\/div>\n\t\t\t\t<\/div>\n\t\t\t\t\t\t\t\n\t\t\t\t<div class=\"wd-accordion-item\">\n\t\t\t\t\t<div class=\"wd-accordion-title wd-role-btn\" data-accordion-index=\"9\" tabindex=\"0\">\n\t\t\t\t\t\t<div class=\"wd-accordion-title-text\">\n\t\t\t\t\t\t\t\t\t\t\t\t\t\t<span>\n\t\t\t\t\t\t\t\tVai n\u0101kotn\u0113 var uzlabot \u0161\u012b datora komponentus?\t\t\t\t\t\t\t<\/span>\n\t\t\t\t\t\t<\/div>\n\t\t\t\t\t\t<span class=\"wd-accordion-opener\"><\/span>\n\t\t\t\t\t<\/div>\n\n\t\t\t\t\t<div class=\"wd-accordion-content wd-entry-content\" data-accordion-index=\"9\">\n\t\t\t\t\t\t\t\t\t\t\t\t\t\n\t\t\t\t\t\t\t<p>Protams!<\/p>\n\n<p>Tom\u0113r <strong>ne visus komponentus var uzlabot<\/strong>. Visbie\u017e\u0101k tiek uzlaboti RAM, SSD\/HDD diski un videokart\u012btes. Pirms uzlabo\u0161anas p\u0101rliecinies, ka komponents ir sader\u012bgs ar tavu datoru.  <\/p>\n\t\t\t\t\t\t\t\t\t\t\t\t\t\t\t\t\t\t<\/div>\n\t\t\t\t<\/div>\n\t\t\t\t\t\t\t\n\t\t\t\t<div class=\"wd-accordion-item\">\n\t\t\t\t\t<div class=\"wd-accordion-title wd-role-btn\" data-accordion-index=\"10\" tabindex=\"0\">\n\t\t\t\t\t\t<div class=\"wd-accordion-title-text\">\n\t\t\t\t\t\t\t\t\t\t\t\t\t\t<span>\n\t\t\t\t\t\t\t\tVai jums ir fizisks veikals, kuru es varu apmekl\u0113t?\t\t\t\t\t\t\t<\/span>\n\t\t\t\t\t\t<\/div>\n\t\t\t\t\t\t<span class=\"wd-accordion-opener\"><\/span>\n\t\t\t\t\t<\/div>\n\n\t\t\t\t\t<div class=\"wd-accordion-content wd-entry-content\" data-accordion-index=\"10\">\n\t\t\t\t\t\t\t\t\t\t\t\t\t\n\t\t\t\t\t\t\t<h3>Apmekl\u0113jiet m\u016bsu veikalu Klaip\u0113d\u0101!<\/h3>\n\n<p>V\u0113lies redz\u0113t datorus kl\u0101tien\u0113 un konsult\u0113ties ar speci\u0101listiem? Gaid\u0101m tevi adres\u0113 Liep\u0173 g. 64, Klaip\u0113da!  <\/p>\n\t\t\t\t\t\t\t\t\t\t\t\t\t\t\t\t\t\t<\/div>\n\t\t\t\t<\/div>\n\t\t\t\t\t<\/div>\n\t\t\t\t\t\t<\/div>\n\t\t\t\t<\/div>\n\t\t\t\t<\/div>\n\t\t\t\t\t<\/div>\n\t\t\t\t<\/div>\n\t\t\t\t<\/div>\n\t\t","protected":false},"excerpt":{"rendered":"<p>Sazinieties ar mums Pasirinkite tem\u0105D\u0117l u\u017esakymoGarantinis aptarnavimasKonsultacija prie\u0161 pirkim\u0105Technin\u0117 pagalbaKlausimas apie produkt\u0105Kita Veikali Klaip\u0113da Vi\u013c\u0146a Liep\u0173 iela 64. P\u2013Pk 09:00\u201318:00<\/p>\n","protected":false},"author":1,"featured_media":0,"parent":0,"menu_order":0,"comment_status":"closed","ping_status":"closed","template":"","meta":{"footnotes":""},"class_list":["post-31799","page","type-page","status-publish","hentry"],"_hostinger_reach_plugin_has_subscription_block":false,"_hostinger_reach_plugin_is_elementor":false,"_links":{"self":[{"href":"https:\/\/amberglow.lt\/lv\/wp-json\/wp\/v2\/pages\/31799","targetHints":{"allow":["GET"]}}],"collection":[{"href":"https:\/\/amberglow.lt\/lv\/wp-json\/wp\/v2\/pages"}],"about":[{"href":"https:\/\/amberglow.lt\/lv\/wp-json\/wp\/v2\/types\/page"}],"author":[{"embeddable":true,"href":"https:\/\/amberglow.lt\/lv\/wp-json\/wp\/v2\/users\/1"}],"replies":[{"embeddable":true,"href":"https:\/\/amberglow.lt\/lv\/wp-json\/wp\/v2\/comments?post=31799"}],"version-history":[{"count":0,"href":"https:\/\/amberglow.lt\/lv\/wp-json\/wp\/v2\/pages\/31799\/revisions"}],"wp:attachment":[{"href":"https:\/\/amberglow.lt\/lv\/wp-json\/wp\/v2\/media?parent=31799"}],"curies":[{"name":"wp","href":"https:\/\/api.w.org\/{rel}","templated":true}]}}