{"id":41558,"date":"2024-06-17T17:30:40","date_gmt":"2024-06-17T14:30:40","guid":{"rendered":"https:\/\/amberglow.lt\/piegades-informacija\/"},"modified":"2026-03-21T11:33:26","modified_gmt":"2026-03-21T08:33:26","slug":"piegades-informacija","status":"publish","type":"page","link":"https:\/\/amberglow.lt\/lv\/piegades-informacija\/","title":{"rendered":"Pieg\u0101des inform\u0101cija"},"content":{"rendered":"\t\t<div data-elementor-type=\"wp-page\" data-elementor-id=\"41558\" class=\"elementor elementor-41558 elementor-16152\" data-elementor-post-type=\"page\">\n\t\t\t\t<div class=\"wd-negative-gap elementor-element elementor-element-05e19af e-flex e-con-boxed e-con e-parent\" data-id=\"05e19af\" data-element_type=\"container\" data-e-type=\"container\">\n\t\t\t\t\t<div class=\"e-con-inner\">\n\t\t\t\t<div class=\"elementor-element elementor-element-e70a2ca elementor-widget elementor-widget-html\" data-id=\"e70a2ca\" data-element_type=\"widget\" data-e-type=\"widget\" data-widget_type=\"html.default\">\n\t\t\t\t\t<link rel=\"stylesheet\" href=\"https:\/\/cdnjs.cloudflare.com\/ajax\/libs\/font-awesome\/6.5.2\/css\/all.min.css\" integrity=\"sha512-SnH5WK+bZxgPHs44uWIX+LLJAJ9\/2PkPKZ5QiAj6Ta86w+fsb2TkcmfRyVX3pBnMFcV7oQPJkl9QevSCWr3W6A==\" crossorigin=\"anonymous\" referrerpolicy=\"no-referrer\">\r\n<div class=\"ag-pristatymas-modern\">\r\n    <div class=\"konteineris\">\r\n\r\n        <h1 class=\"sekcijos-antraste\">Nos\u016bt\u012b\u0161anas laiks<\/h1>\r\n        <div class=\"issiuntimo-blokas\">\r\n            <div class=\"issiuntimo-punktas\">\r\n                <div class=\"ikona\"><i class=\"fa-solid fa-box\"><\/i><\/div>\r\n                <div>\r\n                    <h3>Gatavi produkti noliktav\u0101<\/h3>\r\n                    <p>Preces tiek nos\u016bt\u012btas gatavas un gatavas nos\u016bt\u012b\u0161anai <strong>0-3 darba dienu<\/strong> laik\u0101 p\u0113c maks\u0101juma sa\u0146em\u0161anas.<\/p>\r\n                <\/div>\r\n            <\/div>\r\n            <div class=\"issiuntimo-punktas\">\r\n                <div class=\"ikona\"><i class=\"fa-solid fa-screwdriver-wrench\"><\/i><\/div> <div>\r\n                    <h3>Ra\u017eotas preces<\/h3>\r\n                    <p>Ja preces nav noliktav\u0101 un t\u0101s ir j\u0101izgatavo, pieg\u0101des laiks ir ilg\u0101ks - <strong>3-15 darba dienas<\/strong> p\u0113c maks\u0101juma sa\u0146em\u0161anas.<\/p>\r\n                <\/div>\r\n            <\/div>\r\n        <\/div>\r\n\r\n        <div class=\"svarbi-info\">\r\n            <p><i class=\"ikona-info fa-solid fa-truck-fast\"><\/i><span><strong>BEZMAKSAS PIEG\u0100DE<\/strong> tiek piem\u0113rota visiem pas\u016bt\u012bjumiem virs 500 \u20ac.<\/span><\/p>\r\n            <p><i class=\"ikona-info fa-solid fa-circle-info\"><\/i><span><strong>Kop\u0113jais nos\u016bt\u012b\u0161anas laiks ir 0-15 darba dienas.<\/strong>  Prec\u012bzs laiks vienm\u0113r ir nor\u0101d\u012bts preces aprakst\u0101.<\/span><\/p>\r\n            <p><i class=\"ikona-info fa-solid fa-boxes-packing\"><\/i><span>Ja vien\u0101 pas\u016bt\u012bjum\u0101 ir preces ar da\u017e\u0101diem nos\u016bt\u012b\u0161anas datumiem, p\u0113c j\u016bsu piepras\u012bjuma m\u0113s varam nos\u016bt\u012bt pas\u016bt\u012bjumu pa da\u013c\u0101m (var tikt piem\u0113rota papildu pieg\u0101des maksa) vai nos\u016bt\u012bt visu pas\u016bt\u012bjumu kop\u0101, kad b\u016bs gatava p\u0113d\u0113j\u0101 prece (standarta metode).<\/span><\/p>\r\n        <\/div>\r\n\r\n        <h2 class=\"sekcijos-antraste\">Pieg\u0101des metodes<\/h2>\r\n        \r\n        <div class=\"pristatymo-budai-header\">\r\n            <span>Pieg\u0101des metode<\/span>\r\n            <span>Termi\u0146\u0161<\/span>\r\n            <span>Atra\u0161an\u0101s vieta<\/span>\r\n            <span>Cena<\/span>\r\n        <\/div>\r\n        \r\n        <div class=\"pristatymo-budai-list\">\r\n\r\n            <div class=\"pristatymo-budas\">\r\n                <div class=\"budo-pavadinimas\">\r\n                    <div class=\"ikona\"><i class=\"fa-solid fa-store\"><\/i><\/div>\r\n                    <h3>Pa\u0146em\u0161ana veikal\u0101<\/h3>\r\n                <\/div>\r\n                <div class=\"budo-info\">\r\n                    <p>0-1 diena p\u0113c sagatavo\u0161anas<\/p>\r\n                <\/div>\r\n                <div class=\"budo-info\">\r\n                    <p>Debreceno g. 3, Klaip\u0113da <\/p>\r\n                <\/div>\r\n                <div class=\"budo-info kaina\">\r\n                    <p class=\"kaina-nemokamai\">Bezmaksas<\/p>\r\n                <\/div>\r\n            <\/div>\r\n\r\n            <div class=\"pristatymo-budas\">\r\n                <div class=\"budo-pavadinimas\">\r\n                    <div class=\"ikona\"><i class=\"fa-solid fa-truck\"><\/i><\/div>\r\n                    <h3>LP Express kurjers<\/h3>\r\n                <\/div>\r\n                <div class=\"budo-info\">\r\n                    <p>1-3 dienas p\u0113c nos\u016bt\u012b\u0161anas<\/p>\r\n                <\/div>\r\n                <div class=\"budo-info\">\r\n                    <p>Pieg\u0101de vis\u0101 Lietuv\u0101<\/p>\r\n                <\/div>\r\n                <div class=\"budo-info kaina\">\r\n                    <p>6.39 \u20ac<\/p>\r\n                <\/div>\r\n            <\/div>\r\n\r\n            <div class=\"pristatymo-budas\">\r\n                <div class=\"budo-pavadinimas\">\r\n                    <div class=\"ikona\"><i class=\"fa-solid fa-box-open\"><\/i><\/div>\r\n                    <h3>Pasta noda\u013cas<\/h3>\r\n                <\/div>\r\n                <div class=\"budo-info\">\r\n                    <p>1-4 dienas p\u0113c nos\u016bt\u012b\u0161anas<\/p>\r\n                <\/div>\r\n                <div class=\"budo-info\">\r\n                    <p>J\u016bsu izv\u0113l\u0113taj\u0101 pasta noda\u013c\u0101 (24\/7)<\/p>\r\n                <\/div>\r\n                <div class=\"budo-info kaina\">\r\n                    <p>3.49 \u20ac<\/p>\r\n                <\/div>\r\n            <\/div>\r\n\r\n            <div class=\"pristatymo-budas\">\r\n                <div class=\"budo-pavadinimas\">\r\n                    <div class=\"ikona\"><i class=\"fa-solid fa-bus-simple\"><\/i><\/div>\r\n                    <h3>S\u016bt\u012bjums pa autoostu<\/h3>\r\n                <\/div>\r\n                <div class=\"budo-info\">\r\n                    <p>0-2 dienas p\u0113c nos\u016bt\u012b\u0161anas<\/p>\r\n                <\/div>\r\n                <div class=\"budo-info\">\r\n                    <p>Autoost\u0101 nor\u0101d\u012bts<\/p>\r\n                <\/div>\r\n                <div class=\"budo-info kaina\">\r\n                    <p>7.49 \u20ac<\/p>\r\n                <\/div>\r\n            <\/div>\r\n\r\n        <\/div>\r\n\r\n        <div class=\"kontaktai\">\r\n            <h4>Vai jums ir v\u0113l k\u0101di jaut\u0101jumi?<\/h4>\r\n            <p>\r\n                 <a href=\"tel:+371 67118463\"><i class=\"fa-solid fa-phone\"><\/i>+371 67118463<\/a>\r\n<a href=\"mailto:info@amberglow.lv\"><i class=\"fa-solid fa-envelope\"><\/i> info@amberglow.lt<\/a>\r\n            <\/p>\r\n        <\/div>\r\n\r\n    <\/div>\r\n<\/div>\t\t\t\t<\/div>\n\t\t\t\t\t<\/div>\n\t\t\t\t<\/div>\n\t\t\t\t<\/div>\n\t\t","protected":false},"excerpt":{"rendered":"<p>Nos\u016bt\u012b\u0161anas laiks Gatavi produkti noliktav\u0101 Preces tiek nos\u016bt\u012btas gatavas un gatavas nos\u016bt\u012b\u0161anai 0-3 darba dienu laik\u0101 p\u0113c maks\u0101juma sa\u0146em\u0161anas. Ra\u017eotas<\/p>\n","protected":false},"author":1,"featured_media":0,"parent":0,"menu_order":0,"comment_status":"closed","ping_status":"closed","template":"elementor_header_footer","meta":{"footnotes":""},"class_list":["post-41558","page","type-page","status-publish","hentry"],"_hostinger_reach_plugin_has_subscription_block":false,"_hostinger_reach_plugin_is_elementor":false,"_links":{"self":[{"href":"https:\/\/amberglow.lt\/lv\/wp-json\/wp\/v2\/pages\/41558","targetHints":{"allow":["GET"]}}],"collection":[{"href":"https:\/\/amberglow.lt\/lv\/wp-json\/wp\/v2\/pages"}],"about":[{"href":"https:\/\/amberglow.lt\/lv\/wp-json\/wp\/v2\/types\/page"}],"author":[{"embeddable":true,"href":"https:\/\/amberglow.lt\/lv\/wp-json\/wp\/v2\/users\/1"}],"replies":[{"embeddable":true,"href":"https:\/\/amberglow.lt\/lv\/wp-json\/wp\/v2\/comments?post=41558"}],"version-history":[{"count":0,"href":"https:\/\/amberglow.lt\/lv\/wp-json\/wp\/v2\/pages\/41558\/revisions"}],"wp:attachment":[{"href":"https:\/\/amberglow.lt\/lv\/wp-json\/wp\/v2\/media?parent=41558"}],"curies":[{"name":"wp","href":"https:\/\/api.w.org\/{rel}","templated":true}]}}