{"id":41570,"date":"2025-06-14T17:36:15","date_gmt":"2025-06-14T14:36:15","guid":{"rendered":"https:\/\/amberglow.lt\/pasutijumu-izsekosana\/"},"modified":"2025-12-09T15:17:07","modified_gmt":"2025-12-09T12:17:07","slug":"pasutijumu-izsekosana","status":"publish","type":"page","link":"https:\/\/amberglow.lt\/lv\/pasutijumu-izsekosana\/","title":{"rendered":"Pas\u016bt\u012bjumu izseko\u0161ana"},"content":{"rendered":"\t\t<div data-elementor-type=\"wp-page\" data-elementor-id=\"41570\" class=\"elementor elementor-41570 elementor-19983\" data-elementor-post-type=\"page\">\n\t\t\t\t<div class=\"elementor-element elementor-element-da5cddb e-flex e-con-boxed e-con e-parent\" data-id=\"da5cddb\" data-element_type=\"container\" data-e-type=\"container\">\n\t\t\t\t\t<div class=\"e-con-inner\">\n\t\t\t\t<div class=\"elementor-element elementor-element-067396d elementor-widget elementor-widget-shortcode\" data-id=\"067396d\" data-element_type=\"widget\" data-e-type=\"widget\" data-widget_type=\"shortcode.default\">\n\t\t\t\t\t\t\t<div class=\"elementor-shortcode\">\r\n    <div id=\"amberglow-tracking-app\" class=\"amberglow-tracking-container woocommerce\">\r\n        <div id=\"amberglow-tracking-form-container\">\r\n            <form id=\"amberglow-tracking-form\" class=\"woocommerce-form\">\r\n                <p>Nor\u0117dami sekti savo u\u017esakym\u0105, \u012fveskite u\u017esakymo numer\u012f ir el. pa\u0161to adres\u0105, kur\u012f naudojote pateikdami u\u017esakym\u0105.<\/p>\r\n\r\n                <p class=\"form-row\">\r\n                    <label for=\"amberglow_order_id\">U\u017esakymo numeris<\/label>\r\n                    <input type=\"text\" id=\"amberglow_order_id\" name=\"amberglow_order_id\" required class=\"input-text\" placeholder=\"pvz., 12345\">\r\n                <\/p>\r\n                <p class=\"form-row\">\r\n                    <label for=\"amberglow_order_email\">Atsiskaitymo el. pa\u0161tas<\/label>\r\n                    <input type=\"email\" id=\"amberglow_order_email\" name=\"amberglow_order_email\" required class=\"input-text\" placeholder=\"pvz., vardas@pastas.lt\">\r\n                <\/p>\r\n                <p class=\"form-row\">\r\n                    <button type=\"submit\" class=\"button\" name=\"track\" value=\"Track\">Sekti<\/button>\r\n                <\/p>\r\n            <\/form>\r\n        <\/div>\r\n        <div id=\"amberglow-tracking-results-container\" style=\"display: none;\"><\/div>\r\n    <\/div>\r\n\r\n    <\/div>\n\t\t\t\t\t\t<\/div>\n\t\t\t\t\t<\/div>\n\t\t\t\t<\/div>\n\t\t\t\t<\/div>\n\t\t","protected":false},"excerpt":{"rendered":"","protected":false},"author":1,"featured_media":0,"parent":0,"menu_order":0,"comment_status":"closed","ping_status":"closed","template":"elementor_theme","meta":{"footnotes":""},"class_list":["post-41570","page","type-page","status-publish","hentry"],"_hostinger_reach_plugin_has_subscription_block":false,"_hostinger_reach_plugin_is_elementor":false,"_links":{"self":[{"href":"https:\/\/amberglow.lt\/lv\/wp-json\/wp\/v2\/pages\/41570","targetHints":{"allow":["GET"]}}],"collection":[{"href":"https:\/\/amberglow.lt\/lv\/wp-json\/wp\/v2\/pages"}],"about":[{"href":"https:\/\/amberglow.lt\/lv\/wp-json\/wp\/v2\/types\/page"}],"author":[{"embeddable":true,"href":"https:\/\/amberglow.lt\/lv\/wp-json\/wp\/v2\/users\/1"}],"replies":[{"embeddable":true,"href":"https:\/\/amberglow.lt\/lv\/wp-json\/wp\/v2\/comments?post=41570"}],"version-history":[{"count":0,"href":"https:\/\/amberglow.lt\/lv\/wp-json\/wp\/v2\/pages\/41570\/revisions"}],"wp:attachment":[{"href":"https:\/\/amberglow.lt\/lv\/wp-json\/wp\/v2\/media?parent=41570"}],"curies":[{"name":"wp","href":"https:\/\/api.w.org\/{rel}","templated":true}]}}