{"id":30657,"date":"2025-10-09T17:01:01","date_gmt":"2025-10-09T14:01:01","guid":{"rendered":"https:\/\/amberglow.lt\/Bez%20kategorijas\/stacionars-dators-ryzen-9-9950x-rx-9060-xt-16gb\/"},"modified":"2026-04-27T16:57:17","modified_gmt":"2026-04-27T13:57:17","slug":"stacionars-dators-ryzen-9-9950x-rx-9060-xt-16gb","status":"publish","type":"product","link":"https:\/\/amberglow.lt\/lv\/stacionarie-datori\/stacionars-dators-ryzen-9-9950x-rx-9060-xt-16gb\/","title":{"rendered":"Stacion\u0101rs dators Ryzen 9 9950X, RX 9060 XT 16GB"},"content":{"rendered":"<p data-start=\"0\" data-end=\"143\"><strong data-start=\"0\" data-end=\"141\">AMD Ryzen 9 9950X un AMD Radeon RX 9060 XT 16GB \u2013 jaud\u012bgs savienojums 1440p un 4K sp\u0113l\u0113m ar RDNA 4 arhitekt\u016bru un FSR 3 tehnolo\u0123iju<\/strong><\/p>\n<p data-start=\"145\" data-end=\"448\">\u0160is savienojums ir paredz\u0113ts sp\u0113l\u0113t\u0101jiem, kuri v\u0113las ne tikai augstu FPS 1440p iz\u0161\u0137irtsp\u0113j\u0101, bet ar\u012b vienm\u0113r\u012bgu sp\u0113li 4K vid\u0113. Ryzen 9 9950X nodro\u0161ina izcilu procesora jaudu, savuk\u0101rt RX 9060 XT 16GB nodro\u0161ina modernu RDNA 4 grafikas arhitekt\u016bru ar uzlabotiem Ray Tracing un AI pa\u0101trin\u0101juma risin\u0101jumiem. <\/p>\n<p data-start=\"450\" data-end=\"1030\"><strong data-start=\"450\" data-end=\"485\">Procesors AMD Ryzen 9 9950X<\/strong><br data-start=\"485\" data-end=\"488\">Arhitekt\u016bra un kodoli: Jaun\u0101s paaudzes Zen 5 arhitekt\u016bra ar 16 kodoliem un 32 pavedieniem \u2013 viens no jaud\u012bg\u0101kajiem procesoriem tirg\u016b, kas paredz\u0113ts gan sp\u0113l\u0113m, gan rado\u0161umam.<br data-start=\"662\" data-end=\"665\">Frekvence: 4,3 GHz b\u0101zes un l\u012bdz 5,7 GHz turbo frekvence \u2013 nodro\u0161ina stabili augstu veiktsp\u0113ju intens\u012bv\u0101s sp\u0113l\u0113s un daudzfunkcion\u0101los uzdevumos.<br data-start=\"806\" data-end=\"809\">Atmi\u0146a: 80 MB (L2 + L3) ke\u0161atmi\u0146a \u2013 samazina datu aizkav\u0113\u0161anos un palielina sist\u0113mas efektivit\u0101ti.<br data-start=\"905\" data-end=\"908\">Energoefektivit\u0101te: Zen 5 tehnolo\u0123ijas \u013cauj procesoram darboties klusi un efekt\u012bvi pat pie pilnas slodzes.<\/p>\n<p data-start=\"1032\" data-end=\"1518\"><strong data-start=\"1032\" data-end=\"1079\">Videokarte AMD Radeon RX 9060 XT 16GB<\/strong><br data-start=\"1079\" data-end=\"1082\">Arhitekt\u016bra: RDNA 4 \u2013 uzlabota grafikas arhitekt\u016bra ar jaun\u0101s paaudzes Ray Tracing un AI pa\u0101trin\u0101juma iesp\u0113j\u0101m.<br data-start=\"1195\" data-end=\"1198\">Atmi\u0146a: 16 GB GDDR6 \u2013 nodro\u0161ina pietiekami daudz vietas detaliz\u0113t\u0101m tekst\u016br\u0101m un liel\u0101m sp\u0113\u013cu pasaul\u0113m, lieliski piem\u0113rots 1440p un 4K sp\u0113l\u0113m.<br data-start=\"1340\" data-end=\"1343\">Tehnolo\u0123ijas: FSR 3 ar Frame Generation nodro\u0161ina vienm\u0113r\u012bgu FPS pat ar augstiem grafikas iestat\u012bjumiem, savuk\u0101rt HYPR-RX autom\u0101tiski optimiz\u0113 veiktsp\u0113ju atbilsto\u0161i sp\u0113les vajadz\u012bb\u0101m.<\/p>\n<p data-start=\"831\" data-end=\"1186\"><strong>Pilna specifik\u0101cija:<\/strong><\/p>\n<ul>\n<li><strong>AMD Ryzen 9 9950X: <\/strong>16 kodoli, 32 pavedienu, 4.3-5.7GHz<\/li>\n<li><span data-sheets-root=\"1\"><strong>ASRock B850 PRO RS<\/strong> vai l\u012bdz\u012bga<\/span><\/li>\n<li><span data-sheets-root=\"1\"><strong>DeepCool AG620 BK ARGB V2<\/strong> vai l\u012bdz\u012bgs<\/span><\/li>\n<li><span data-sheets-root=\"1\"><strong>32GB (2x16GB) DDR5 6000MHz | Corsair Vengeance<\/strong> vai l\u012bdz\u012bgi<\/span><\/li>\n<li><strong>Kingston NV3 1TB NVMe M.2 SSD <\/strong><\/li>\n<li><span data-sheets-root=\"1\"><strong>AMD Radeon RX 9060 XT 16GB GDDR6 | ASRock Challenger OC<\/strong> vai l\u012bdz\u012bga<\/span><\/li>\n<li><span data-sheets-root=\"1\"><strong>Adata XPG 750W 80+ Bronze<\/strong> vai l\u012bdz\u012bgs<\/span><\/li>\n<\/ul>\n<p data-start=\"1667\" data-end=\"1718\"><strong data-start=\"1771\" data-end=\"1821\">Prognoz\u0113jamie FPS rezult\u0101ti 1440p un 4K iz\u0161\u0137irtsp\u0113j\u0101s:<\/strong><br data-start=\"1821\" data-end=\"1824\">Cyberpunk 2077 \u2013 ~165 FPS (1440p, High + FSR Quality) \/ ~115 FPS (4K, High + FSR Balanced)<br data-start=\"1914\" data-end=\"1917\">Call of Duty: Black Ops 6 \u2013 ~210 FPS (1440p, Ultra) \/ ~145 FPS (4K, High)<br data-start=\"1990\" data-end=\"1993\">Forza Horizon 5 \u2013 ~190 FPS (1440p, Ultra) \/ ~135 FPS (4K, Ultra)<br data-start=\"2057\" data-end=\"2060\">Assassin\u2019s Creed Mirage \u2013 ~165 FPS (1440p, High) \/ ~120 FPS (4K, High)<br data-start=\"2130\" data-end=\"2133\">Alan Wake 2 \u2013 ~130 FPS (1440p, High RT + FSR) \/ ~90 FPS (4K, High + FSR Balanced)<\/p>\n<p><em>\u0160ie skait\u013ci var at\u0161\u0137irties realit\u0101t\u0113 atkar\u012bb\u0101 no konkr\u0113tiem sp\u0113les iestat\u012bjumiem, optimiz\u0101cijas un citiem sist\u0113mas komponentiem<\/em><\/p>\n","protected":false},"excerpt":{"rendered":"<p>AMD Ryzen 9 9950X un AMD Radeon RX 9060 XT 16GB \u2013 jaud\u012bgs savienojums 1440p un 4K sp\u0113l\u0113m ar RDNA<\/p>\n","protected":false},"featured_media":30621,"comment_status":"open","ping_status":"closed","template":"","meta":[],"product_brand":[1749],"product_cat":[495],"product_tag":[505],"class_list":{"0":"post-30657","1":"product","2":"type-product","3":"status-publish","4":"has-post-thumbnail","6":"product_brand-amberglow","7":"product_cat-stacionarie-datori","8":"product_tag-ddr5-nuo-32gb-1tb","9":"pa_garantija-24-men-lv","10":"pa_prekes-zenklas-amberglow-lv","11":"pa_procesoriaus-branduoliai-16-cores-lv","12":"pa_vaizdo-plokstes-atmintis-16gb-lv","13":"pa_vaizdo-plokstes-modelis-rx-9060-xt-lv","15":"first","16":"instock","17":"taxable","18":"shipping-taxable","19":"purchasable","20":"product-type-simple"},"_links":{"self":[{"href":"https:\/\/amberglow.lt\/lv\/wp-json\/wp\/v2\/product\/30657","targetHints":{"allow":["GET"]}}],"collection":[{"href":"https:\/\/amberglow.lt\/lv\/wp-json\/wp\/v2\/product"}],"about":[{"href":"https:\/\/amberglow.lt\/lv\/wp-json\/wp\/v2\/types\/product"}],"replies":[{"embeddable":true,"href":"https:\/\/amberglow.lt\/lv\/wp-json\/wp\/v2\/comments?post=30657"}],"version-history":[{"count":0,"href":"https:\/\/amberglow.lt\/lv\/wp-json\/wp\/v2\/product\/30657\/revisions"}],"wp:featuredmedia":[{"embeddable":true,"href":"https:\/\/amberglow.lt\/lv\/wp-json\/wp\/v2\/media\/30621"}],"wp:attachment":[{"href":"https:\/\/amberglow.lt\/lv\/wp-json\/wp\/v2\/media?parent=30657"}],"wp:term":[{"taxonomy":"product_brand","embeddable":true,"href":"https:\/\/amberglow.lt\/lv\/wp-json\/wp\/v2\/product_brand?post=30657"},{"taxonomy":"product_cat","embeddable":true,"href":"https:\/\/amberglow.lt\/lv\/wp-json\/wp\/v2\/product_cat?post=30657"},{"taxonomy":"product_tag","embeddable":true,"href":"https:\/\/amberglow.lt\/lv\/wp-json\/wp\/v2\/product_tag?post=30657"}],"curies":[{"name":"wp","href":"https:\/\/api.w.org\/{rel}","templated":true}]}}