{"id":30672,"date":"2025-10-09T14:59:15","date_gmt":"2025-10-09T11:59:15","guid":{"rendered":"https:\/\/amberglow.lt\/Bez%20kategorijas\/stacionarais-dators-core-ultra-9-285k-rtx-5060-ti-16gb\/"},"modified":"2026-05-10T12:10:25","modified_gmt":"2026-05-10T09:10:25","slug":"stacionarais-dators-core-ultra-9-285k-rtx-5060-ti-16gb","status":"publish","type":"product","link":"https:\/\/amberglow.lt\/lv\/stacionarie-datori\/stacionarais-dators-core-ultra-9-285k-rtx-5060-ti-16gb\/","title":{"rendered":"Stacion\u0101rais dators Core Ultra 9 285K, RTX 5060 Ti 16GB"},"content":{"rendered":"<p data-start=\"0\" data-end=\"143\"><strong data-start=\"0\" data-end=\"141\">&#8220;Intel Core Ultra 9-285K&#8221; un &#8220;NVIDIA GeForce RTX 5060 Ti 16GB&#8221; \u2013 augst\u0101k\u0101s klases 1440p un 4K sp\u0113\u013cu kombin\u0101cija ar DLSS 4 un Ray Tracing<\/strong><\/p>\n<p data-start=\"145\" data-end=\"418\">\u0160\u012b kombin\u0101cija ir paredz\u0113ta sp\u0113l\u0113t\u0101jiem, kuri v\u0113las augst\u0101k\u0101s kvalit\u0101tes att\u0113lu un veiktsp\u0113ju. &#8220;Core Ultra 9-285K&#8221; izce\u013cas ar izcilu daudzfunkcion\u0101lu jaudu, bet &#8220;RTX 5060 Ti 16GB&#8221; ar jaun\u0101s paaudzes GDDR7 atmi\u0146u nodro\u0161ina stabilu FPS un uzlabotu grafikas tehnolo\u0123iju atbalstu. <\/p>\n<p data-start=\"420\" data-end=\"961\"><strong data-start=\"420\" data-end=\"461\">Procesors &#8220;Intel Core Ultra 9-285K&#8221;<\/strong><br data-start=\"461\" data-end=\"464\">Arhitekt\u016bra un kodoli: &#8220;Arrow Lake&#8221; arhitekt\u016bra ar 24 kodoliem un 24 pavedieniem \u2013 l\u012bdzsvarota jauda sp\u0113l\u0113m un rado\u0161ajam darbam.<br data-start=\"594\" data-end=\"597\">Frekvence: 3,7 GHz b\u0101zes, l\u012bdz 5,7 GHz turbo re\u017e\u012bm\u0101 \u2013 \u013cauj sasniegt \u013coti augstu veiktsp\u0113ju gan sp\u0113l\u0113s, gan produktivit\u0101tes uzdevumos.<br data-start=\"730\" data-end=\"733\">Atmi\u0146a: 36 MB &#8220;Intel Smart Cache&#8221; \u2013 pal\u012bdz samazin\u0101t datu aizkavi un uzlabo sist\u0113mas \u0101trumu.<br data-start=\"834\" data-end=\"837\">M\u0101ksl\u012bgais intelekts: Integr\u0113ts NPU (AI dzin\u0113js) optimiz\u0113 veiktsp\u0113ju, efektivit\u0101ti un ener\u0123ijas pat\u0113ri\u0146u re\u0101laj\u0101 laik\u0101.<\/p>\n<p data-start=\"963\" data-end=\"1472\"><strong data-start=\"963\" data-end=\"1015\">Videokarte &#8220;NVIDIA GeForce RTX 5060 Ti 16GB&#8221;<\/strong><br data-start=\"1015\" data-end=\"1018\">Arhitekt\u016bra: &#8220;Blackwell&#8221; \u2013 jaun\u0101k\u0101 &#8220;NVIDIA&#8221; arhitekt\u016bra, kas izce\u013cas ar lab\u0101ku efektivit\u0101ti, uzlabot\u0101m Ray Tracing un AI iesp\u0113j\u0101m.<br data-start=\"1156\" data-end=\"1159\">Atmi\u0146a: 16 GB GDDR7 \u2013 liela \u0101truma atmi\u0146a nodro\u0161ina izcilu veiktsp\u0113ju 1440p un pat 4K sp\u0113l\u0113s, atbalstot detaliz\u0113tus tekst\u016bru iestat\u012bjumus.<br data-start=\"1298\" data-end=\"1301\">Tehnolo\u0123ijas: &#8220;DLSS 4&#8221; ar &#8220;Frame Generation&#8221; \u013cauj saglab\u0101t augstu FPS, bet &#8220;Ray Tracing&#8221; nodro\u0161ina re\u0101listisku apgaismojumu un \u0113nas pat vissare\u017e\u0123\u012bt\u0101kaj\u0101s sp\u0113l\u0113s.<\/p>\n<p data-start=\"831\" data-end=\"1186\"><strong>Pilna specifik\u0101cija:<\/strong><\/p>\n<ul>\n<li><strong>Intel Core Ultra 9 285K: <\/strong>24 kodoli, 24 pavedienu, 3.7-5.7GHz<\/li>\n<li><span data-sheets-root=\"1\"><strong>Gigabyte Z890 Gaming X Wifi7<\/strong> vai l\u012bdz\u012bga<\/span><\/li>\n<li><span data-sheets-root=\"1\"><strong>ARCTIC Liquid Freezer III Pro 360 A-RGB<\/strong> vai l\u012bdz\u012bgs<\/span><\/li>\n<li><span data-sheets-root=\"1\"><strong>32GB (2x16GB) DDR5 6000MHz | Corsair Vengeance<\/strong> vai l\u012bdz\u012bgi<\/span><\/li>\n<li><strong>Kingston NV3 1TB NVMe M.2 SSD <\/strong><\/li>\n<li><strong><span data-sheets-root=\"1\">Nvidia GeForce RTX 5060 Ti 16GB GDDR7 | ASUS Dual OC<\/span><\/strong> vai l\u012bdz\u012bga<strong>(\u0160ajos att\u0113los redzama RTX 5080 videokarte, t\u0101p\u0113c j\u016bsu dator\u0101 eso\u0161ajai videokartei b\u016bs at\u0161\u0137ir\u012bgs dizains.)<\/strong><\/li>\n<li><span data-sheets-root=\"1\"><strong>Chieftec 850W 80+ Gold<\/strong> vai l\u012bdz\u012bgs<\/span><\/li>\n<\/ul>\n<p data-start=\"1667\" data-end=\"1718\"><strong data-start=\"1737\" data-end=\"1787\">Paredzamie FPS rezult\u0101ti 1440p un 4K iz\u0161\u0137irtsp\u0113j\u0101s:<\/strong><br data-start=\"1787\" data-end=\"1790\">Cyberpunk 2077 \u2013 ~175 FPS (1440p, High + DLSS Quality) \/ ~125 FPS (4K, High + DLSS Balanced)<br data-start=\"1882\" data-end=\"1885\">Call of Duty: Black Ops 6 \u2013 ~225 FPS (1440p, Ultra) \/ ~160 FPS (4K, High)<br data-start=\"1958\" data-end=\"1961\">Forza Horizon 5 \u2013 ~200 FPS (1440p, Ultra) \/ ~145 FPS (4K, Ultra)<br data-start=\"2025\" data-end=\"2028\">Assassin&#8217;s Creed Mirage \u2013 ~175 FPS (1440p, High) \/ ~125 FPS (4K, High)<br data-start=\"2098\" data-end=\"2101\">Alan Wake 2 \u2013 ~140 FPS (1440p, High RT + DLSS) \/ ~100 FPS (4K, High + DLSS Balanced)<\/p>\n<p><em>\u0160ie skait\u013ci var at\u0161\u0137irties realit\u0101t\u0113 atkar\u012bb\u0101 no konkr\u0113tiem sp\u0113les iestat\u012bjumiem, optimiz\u0101cijas un citiem sist\u0113mas komponentiem<\/em><\/p>\n","protected":false},"excerpt":{"rendered":"<p>&#8220;Intel Core Ultra 9-285K&#8221; un &#8220;NVIDIA GeForce RTX 5060 Ti 16GB&#8221; \u2013 augst\u0101k\u0101s klases 1440p un 4K sp\u0113\u013cu kombin\u0101cija ar<\/p>\n","protected":false},"featured_media":30662,"comment_status":"open","ping_status":"closed","template":"","meta":[],"product_brand":[1749],"product_cat":[495],"product_tag":[505,740],"class_list":{"0":"post-30672","1":"product","2":"type-product","3":"status-publish","4":"has-post-thumbnail","6":"product_brand-amberglow","7":"product_cat-stacionarie-datori","8":"product_tag-ddr5-nuo-32gb-1tb","9":"product_tag-intel-core-ultra-9","10":"pa_garantija-24-men-lv","11":"pa_prekes-zenklas-amberglow-lv","12":"pa_procesoriaus-branduoliai-24-cores-lv","13":"pa_vaizdo-plokstes-atmintis-16gb-lv","14":"pa_vaizdo-plokstes-modelis-rtx-5060-ti-lv","16":"first","17":"instock","18":"taxable","19":"shipping-taxable","20":"purchasable","21":"product-type-simple"},"_links":{"self":[{"href":"https:\/\/amberglow.lt\/lv\/wp-json\/wp\/v2\/product\/30672","targetHints":{"allow":["GET"]}}],"collection":[{"href":"https:\/\/amberglow.lt\/lv\/wp-json\/wp\/v2\/product"}],"about":[{"href":"https:\/\/amberglow.lt\/lv\/wp-json\/wp\/v2\/types\/product"}],"replies":[{"embeddable":true,"href":"https:\/\/amberglow.lt\/lv\/wp-json\/wp\/v2\/comments?post=30672"}],"version-history":[{"count":0,"href":"https:\/\/amberglow.lt\/lv\/wp-json\/wp\/v2\/product\/30672\/revisions"}],"wp:featuredmedia":[{"embeddable":true,"href":"https:\/\/amberglow.lt\/lv\/wp-json\/wp\/v2\/media\/30662"}],"wp:attachment":[{"href":"https:\/\/amberglow.lt\/lv\/wp-json\/wp\/v2\/media?parent=30672"}],"wp:term":[{"taxonomy":"product_brand","embeddable":true,"href":"https:\/\/amberglow.lt\/lv\/wp-json\/wp\/v2\/product_brand?post=30672"},{"taxonomy":"product_cat","embeddable":true,"href":"https:\/\/amberglow.lt\/lv\/wp-json\/wp\/v2\/product_cat?post=30672"},{"taxonomy":"product_tag","embeddable":true,"href":"https:\/\/amberglow.lt\/lv\/wp-json\/wp\/v2\/product_tag?post=30672"}],"curies":[{"name":"wp","href":"https:\/\/api.w.org\/{rel}","templated":true}]}}