{"id":30673,"date":"2025-10-09T15:48:01","date_gmt":"2025-10-09T12:48:01","guid":{"rendered":"https:\/\/amberglow.lt\/Bez%20kategorijas\/stacionarais-dators-core-ultra-9-285k-rx-9070-xt-16gb\/"},"modified":"2026-05-10T12:09:04","modified_gmt":"2026-05-10T09:09:04","slug":"stacionarais-dators-core-ultra-9-285k-rx-9070-xt-16gb","status":"publish","type":"product","link":"https:\/\/amberglow.lt\/lv\/stacionarie-datori\/stacionarais-dators-core-ultra-9-285k-rx-9070-xt-16gb\/","title":{"rendered":"Stacion\u0101rais dators Core Ultra 9 285K, RX 9070 XT 16GB"},"content":{"rendered":"<p data-start=\"0\" data-end=\"137\"><strong data-start=\"0\" data-end=\"135\">\u201cIntel Core Ultra 9-285K\u201d un \u201cAMD Radeon RX 9070 XT 16GB\u201d \u2013 elit\u0101ra kombin\u0101cija 1440p un 4K sp\u0113l\u0113m ar FSR 3 un uzlabotu Ray Tracing<\/strong><\/p>\n<p data-start=\"139\" data-end=\"455\">\u0160\u012b kombin\u0101cija ir paredz\u0113ta sp\u0113l\u0113t\u0101jiem, kuri mekl\u0113 maksim\u0101lu veiktsp\u0113ju un n\u0101kotnes tehnolo\u0123ijas. \u201cCore Ultra 9-285K\u201d nodro\u0161ina nevainojamu procesora jaudu, savuk\u0101rt \u201cRadeon RX 9070 XT 16GB\u201d izmanto n\u0101kam\u0101s paaudzes \u201cRDNA 4\u201d arhitekt\u016bras iesp\u0113jas, lai nodro\u0161in\u0101tu izcilu FPS un iespaid\u012bgu grafikas kvalit\u0101ti 1440p un 4K iz\u0161\u0137irtsp\u0113j\u0101s. <\/p>\n<p data-start=\"457\" data-end=\"1028\"><strong data-start=\"457\" data-end=\"498\">Procesors \u201cIntel Core Ultra 9-285K\u201d<\/strong><br data-start=\"498\" data-end=\"501\">Arhitekt\u016bra un kodoli: \u201cArrow Lake\u201d arhitekt\u016bra ar 24 kodoliem un 24 pavedieniem \u2013 nodro\u0161ina \u012bpa\u0161i augstu viena un vair\u0101ku pavedienu veiktsp\u0113ju sp\u0113l\u0113s un rado\u0161aj\u0101 darb\u0101.<br data-start=\"667\" data-end=\"670\">Frekvence: 3,7 GHz b\u0101zes, l\u012bdz 5,7 GHz turbo re\u017e\u012bm\u0101 \u2013 \u013cauj uztur\u0113t stabili augstu FPS pat sare\u017e\u0123\u012bt\u0101kaj\u0101s sp\u0113l\u0113s.<br data-start=\"794\" data-end=\"797\">Atmi\u0146a: 36 MB \u201cIntel Smart Cache\u201d \u2013 nodro\u0161ina \u0101tru datu apstr\u0101di un minim\u0101lu aizkavi.<br data-start=\"895\" data-end=\"898\">M\u0101ksl\u012bgais intelekts: Integr\u0113ts NPU (AI dzin\u0113js) dinamiski optimiz\u0113 veiktsp\u0113ju un ener\u0123ijas pat\u0113ri\u0146u atkar\u012bb\u0101 no sist\u0113mas slodzes.<\/p>\n<p data-start=\"1030\" data-end=\"1513\"><strong data-start=\"1030\" data-end=\"1077\">Videokarte \u201cAMD Radeon RX 9070 XT 16GB\u201d<\/strong><br data-start=\"1077\" data-end=\"1080\">Arhitekt\u016bra: \u201cRDNA 4\u201d \u2013 n\u0101kam\u0101s paaudzes AMD arhitekt\u016bra ar uzlabotu Ray Tracing, AI pa\u0101trin\u0101jumu un liel\u0101ku energoefektivit\u0101ti.<br data-start=\"1212\" data-end=\"1215\">Atmi\u0146a: 16 GB GDDR6 \u2013 lieliski sabalans\u0113ta ietilp\u012bba 1440p un 4K sp\u0113l\u0113m ar augstiem grafikas iestat\u012bjumiem.<br data-start=\"1321\" data-end=\"1324\">Tehnolo\u0123ijas: \u201cFSR 3\u201d ar \u201cFrame Generation\u201d \u013cauj palielin\u0101t FPS, saglab\u0101jot augstu att\u0113la detaliz\u0101ciju, savuk\u0101rt Ray Tracing tehnolo\u0123ijas nodro\u0161ina re\u0101listisku apgaismojumu, atspulgus un \u0113nas.<\/p>\n<p data-start=\"831\" data-end=\"1186\"><strong>Pilna specifik\u0101cija:<\/strong><\/p>\n<ul>\n<li><strong>Intel Core Ultra 9 285K: <\/strong>24 kodoli, 24 pavedienu, 3.7-5.7GHz<\/li>\n<li><span data-sheets-root=\"1\"><strong>Gigabyte Z890 Gaming X Wifi7<\/strong> vai l\u012bdz\u012bga<\/span><\/li>\n<li><span data-sheets-root=\"1\"><strong>ARCTIC Liquid Freezer III Pro 360 A-RGB<\/strong> vai l\u012bdz\u012bgs  <\/span><\/li>\n<li><span data-sheets-root=\"1\"><strong>32GB (2x16GB) DDR5 6000MHz | Corsair Vengeance<\/strong> vai l\u012bdz\u012bgi<\/span><\/li>\n<li><strong>Kingston NV3 1TB NVMe M.2 SSD <\/strong><\/li>\n<li><strong><span data-sheets-root=\"1\">AMD Radeon RX 9070 XT 16GB GDDR6 | Gigabyte Gaming OC<\/span><\/strong> vai l\u012bdz\u012bga <strong>(\u0160ajos att\u0113los redzama RTX 5080 videokarte, t\u0101p\u0113c j\u016bsu dator\u0101 eso\u0161ajai videokartei b\u016bs at\u0161\u0137ir\u012bgs dizains.)<\/strong><\/li>\n<li><span data-sheets-root=\"1\"><strong>Chieftec 850W 80+ Gold<\/strong> vai l\u012bdz\u012bgs<\/span><\/li>\n<\/ul>\n<p data-start=\"1667\" data-end=\"1718\"><strong data-start=\"1771\" data-end=\"1821\">Paredzamie FPS rezult\u0101ti 1440p un 4K iz\u0161\u0137irtsp\u0113j\u0101s:<\/strong><br data-start=\"1821\" data-end=\"1824\">Cyberpunk 2077 \u2013 ~190 FPS (1440p, Ultra + FSR Quality) \/ ~140 FPS (4K, High + FSR Balanced)<br data-start=\"1915\" data-end=\"1918\">Call of Duty: Black Ops 6 \u2013 ~250 FPS (1440p, Ultra) \/ ~180 FPS (4K, High)<br data-start=\"1991\" data-end=\"1994\">Forza Horizon 5 \u2013 ~220 FPS (1440p, Ultra) \/ ~160 FPS (4K, Ultra)<br data-start=\"2058\" data-end=\"2061\">Assassin\u2019s Creed Mirage \u2013 ~190 FPS (1440p, High) \/ ~140 FPS (4K, High)<br data-start=\"2131\" data-end=\"2134\">Alan Wake 2 \u2013 ~150 FPS (1440p, High RT + FSR) \/ ~110 FPS (4K, High + FSR Balanced)<\/p>\n<p><em>\u0160ie skait\u013ci var at\u0161\u0137irties realit\u0101t\u0113 atkar\u012bb\u0101 no konkr\u0113tiem sp\u0113les iestat\u012bjumiem, optimiz\u0101cijas un citiem sist\u0113mas komponentiem<\/em><\/p>\n","protected":false},"excerpt":{"rendered":"<p>\u201cIntel Core Ultra 9-285K\u201d un \u201cAMD Radeon RX 9070 XT 16GB\u201d \u2013 elit\u0101ra kombin\u0101cija 1440p un 4K sp\u0113l\u0113m ar FSR<\/p>\n","protected":false},"featured_media":30670,"comment_status":"open","ping_status":"closed","template":"","meta":[],"product_brand":[1749],"product_cat":[495],"product_tag":[505,740],"class_list":{"0":"post-30673","1":"product","2":"type-product","3":"status-publish","4":"has-post-thumbnail","6":"product_brand-amberglow","7":"product_cat-stacionarie-datori","8":"product_tag-ddr5-nuo-32gb-1tb","9":"product_tag-intel-core-ultra-9","10":"pa_garantija-24-men-lv","11":"pa_prekes-zenklas-amberglow-lv","12":"pa_procesoriaus-branduoliai-24-cores-lv","13":"pa_vaizdo-plokstes-atmintis-16gb-lv","14":"pa_vaizdo-plokstes-modelis-rx-9070-xt-lv","16":"first","17":"instock","18":"taxable","19":"shipping-taxable","20":"purchasable","21":"product-type-simple"},"_links":{"self":[{"href":"https:\/\/amberglow.lt\/lv\/wp-json\/wp\/v2\/product\/30673","targetHints":{"allow":["GET"]}}],"collection":[{"href":"https:\/\/amberglow.lt\/lv\/wp-json\/wp\/v2\/product"}],"about":[{"href":"https:\/\/amberglow.lt\/lv\/wp-json\/wp\/v2\/types\/product"}],"replies":[{"embeddable":true,"href":"https:\/\/amberglow.lt\/lv\/wp-json\/wp\/v2\/comments?post=30673"}],"version-history":[{"count":0,"href":"https:\/\/amberglow.lt\/lv\/wp-json\/wp\/v2\/product\/30673\/revisions"}],"wp:featuredmedia":[{"embeddable":true,"href":"https:\/\/amberglow.lt\/lv\/wp-json\/wp\/v2\/media\/30670"}],"wp:attachment":[{"href":"https:\/\/amberglow.lt\/lv\/wp-json\/wp\/v2\/media?parent=30673"}],"wp:term":[{"taxonomy":"product_brand","embeddable":true,"href":"https:\/\/amberglow.lt\/lv\/wp-json\/wp\/v2\/product_brand?post=30673"},{"taxonomy":"product_cat","embeddable":true,"href":"https:\/\/amberglow.lt\/lv\/wp-json\/wp\/v2\/product_cat?post=30673"},{"taxonomy":"product_tag","embeddable":true,"href":"https:\/\/amberglow.lt\/lv\/wp-json\/wp\/v2\/product_tag?post=30673"}],"curies":[{"name":"wp","href":"https:\/\/api.w.org\/{rel}","templated":true}]}}