{"id":30687,"date":"2025-10-09T17:14:52","date_gmt":"2025-10-09T14:14:52","guid":{"rendered":"https:\/\/amberglow.lt\/Bez%20kategorijas\/stacionarais-dators-ryzen-9-9950x-rx-9070-xt-16gb\/"},"modified":"2026-04-27T16:57:17","modified_gmt":"2026-04-27T13:57:17","slug":"stacionarais-dators-ryzen-9-9950x-rx-9070-xt-16gb","status":"publish","type":"product","link":"https:\/\/amberglow.lt\/lv\/stacionarie-datori\/stacionarais-dators-ryzen-9-9950x-rx-9070-xt-16gb\/","title":{"rendered":"Stacion\u0101rais dators Ryzen 9 9950X, RX 9070 XT 16GB"},"content":{"rendered":"<p data-start=\"0\" data-end=\"143\"><strong data-start=\"0\" data-end=\"141\">AMD Ryzen 9 9950X un AMD Radeon RX 9070 XT 16GB \u2013 augst\u0101k\u0101s klases kombin\u0101cija 1440p un 4K sp\u0113l\u0113m ar RDNA 4 arhitekt\u016bru un FSR 3 tehnolo\u0123iju<\/strong><\/p>\n<p data-start=\"145\" data-end=\"494\">\u0160\u012b kombin\u0101cija ir rad\u012bta sp\u0113l\u0113t\u0101jiem, kuri v\u0113las absol\u016btu veiktsp\u0113ju un augst\u0101ko grafikas kvalit\u0101ti. Ryzen 9 9950X nodro\u0161ina milz\u012bgu procesora jaudu, kas ide\u0101li piem\u0113rota gan sp\u0113l\u0113m, gan rado\u0161ajam darbam, savuk\u0101rt RX 9070 XT 16GB ar RDNA 4 arhitekt\u016bru nodro\u0161ina izcilu veiktsp\u0113ju 1440p un 4K iz\u0161\u0137irtsp\u0113j\u0101, izmantojot modern\u0101s AMD tehnolo\u0123ijas. <\/p>\n<p data-start=\"496\" data-end=\"1088\"><strong data-start=\"496\" data-end=\"531\">Procesors AMD Ryzen 9 9950X<\/strong><br data-start=\"531\" data-end=\"534\">Arhitekt\u016bra un kodoli: Jaun\u0101k\u0101s paaudzes Zen 5 arhitekt\u016bra ar 16 kodoliem un 32 pavedieniem \u2013 lieliska izv\u0113le sp\u0113l\u0113m, rado\u0161ajam darbam un daudzuzdevumu re\u017e\u012bmam.<br data-start=\"704\" data-end=\"707\">Frekvence: 4,3 GHz b\u0101zes un l\u012bdz 5,7 GHz turbo frekvence \u2013 nodro\u0161ina augstu FPS pat pras\u012bg\u0101kaj\u0101s sp\u0113l\u0113s.<br data-start=\"820\" data-end=\"823\">Atmi\u0146a: 80 MB (L2 + L3) ke\u0161atmi\u0146a \u2013 nodro\u0161ina \u0101tru datu apstr\u0101di un stabilu veiktsp\u0113ju.<br data-start=\"914\" data-end=\"917\">Energoefektivit\u0101te: Zen 5 arhitekt\u016bra izce\u013cas ar izcilu efektivit\u0101tes un veiktsp\u0113jas attiec\u012bbu, t\u0101p\u0113c sist\u0113ma darbojas klusi un stabili pat lielas slodzes laik\u0101.<\/p>\n<p data-start=\"1090\" data-end=\"1595\"><strong data-start=\"1090\" data-end=\"1137\">Videokarte AMD Radeon RX 9070 XT 16GB<\/strong><br data-start=\"1137\" data-end=\"1140\">Arhitekt\u016bra: RDNA 4 \u2013 jaun\u0101s paaudzes AMD grafikas arhitekt\u016bra ar palielin\u0101tu skait\u013co\u0161anas vien\u012bbu skaitu, uzlabotiem Ray Tracing kodoliem un AI pa\u0101trin\u0101jumu.<br data-start=\"1302\" data-end=\"1305\">Atmi\u0146a: 16 GB GDDR6 \u2013 nodro\u0161ina lielu atmi\u0146as caurlaid\u012bbu, kas nepiecie\u0161ama sp\u0113l\u0113jot 1440p un 4K iz\u0161\u0137irtsp\u0113j\u0101 ar augstiem tekst\u016bru iestat\u012bjumiem.<br data-start=\"1438\" data-end=\"1441\">Tehnolo\u0123ijas: FSR 3 ar Frame Generation \u013cauj sasniegt \u013coti augstu FPS, bet HYPR-RX tehnolo\u0123ija autom\u0101tiski optimiz\u0113 veiktsp\u0113ju re\u0101laj\u0101 laik\u0101<\/p>\n<p data-start=\"831\" data-end=\"1186\"><strong>Pilna specifik\u0101cija:<\/strong><\/p>\n<ul>\n<li><strong>AMD Ryzen 9 9950X: <\/strong>16 kodoli, 32 pavedienu, 4.3-5.7GHz<\/li>\n<li><span data-sheets-root=\"1\"><strong>ASRock B850 PRO RS<\/strong> vai l\u012bdz\u012bga<\/span><\/li>\n<li><span data-sheets-root=\"1\"><strong>DeepCool AG620 BK ARGB V2<\/strong> vai l\u012bdz\u012bgs<\/span><\/li>\n<li><span data-sheets-root=\"1\"><strong>32GB (2x16GB) DDR5 6000MHz | Corsair Vengeance<\/strong> vai l\u012bdz\u012bgi<\/span><\/li>\n<li><strong>Kingston NV3 1TB NVMe M.2 SSD <\/strong><\/li>\n<li><span data-sheets-root=\"1\"><strong>AMD Radeon RX 9070 XT 16GB GDDR6 | Gigabyte Gaming OC<\/strong> vai l\u012bdzv\u0113rt\u012bga<\/span><\/li>\n<li><span data-sheets-root=\"1\"><strong>Chieftec 850W 80+ Gold<\/strong> vai l\u012bdz\u012bgs<\/span><\/li>\n<\/ul>\n<p data-start=\"1667\" data-end=\"1718\"><strong data-start=\"1848\" data-end=\"1898\">Paredzamie FPS rezult\u0101ti 1440p un 4K iz\u0161\u0137irtsp\u0113j\u0101:<\/strong><br data-start=\"1898\" data-end=\"1901\">Cyberpunk 2077 \u2013 ~200 FPS (1440p, Ultra + FSR Quality) \/ ~145 FPS (4K, High + FSR Balanced)<br data-start=\"1992\" data-end=\"1995\">Call of Duty: Black Ops 6 \u2013 ~260 FPS (1440p, Ultra) \/ ~185 FPS (4K, High)<br data-start=\"2068\" data-end=\"2071\">Forza Horizon 5 \u2013 ~230 FPS (1440p, Ultra) \/ ~165 FPS (4K, Ultra)<br data-start=\"2135\" data-end=\"2138\">Assassin&#8217;s Creed Mirage \u2013 ~190 FPS (1440p, High) \/ ~140 FPS (4K, High)<br data-start=\"2208\" data-end=\"2211\">Alan Wake 2 \u2013 ~150 FPS (1440p, High RT + FSR) \/ ~105 FPS (4K, High + FSR Balanced)<\/p>\n<p><em>\u0160ie skait\u013ci var at\u0161\u0137irties realit\u0101t\u0113 atkar\u012bb\u0101 no konkr\u0113tiem sp\u0113les iestat\u012bjumiem, optimiz\u0101cijas un citiem sist\u0113mas komponentiem<\/em><\/p>\n","protected":false},"excerpt":{"rendered":"<p>AMD Ryzen 9 9950X un AMD Radeon RX 9070 XT 16GB \u2013 augst\u0101k\u0101s klases kombin\u0101cija 1440p un 4K sp\u0113l\u0113m ar<\/p>\n","protected":false},"featured_media":30621,"comment_status":"open","ping_status":"closed","template":"","meta":[],"product_brand":[1749],"product_cat":[495],"product_tag":[505],"class_list":{"0":"post-30687","1":"product","2":"type-product","3":"status-publish","4":"has-post-thumbnail","6":"product_brand-amberglow","7":"product_cat-stacionarie-datori","8":"product_tag-ddr5-nuo-32gb-1tb","9":"pa_garantija-24-men-lv","10":"pa_prekes-zenklas-amberglow-lv","11":"pa_procesoriaus-branduoliai-16-cores-lv","12":"pa_vaizdo-plokstes-atmintis-16gb-lv","13":"pa_vaizdo-plokstes-modelis-rx-9070-xt-lv","15":"first","16":"instock","17":"taxable","18":"shipping-taxable","19":"purchasable","20":"product-type-simple"},"_links":{"self":[{"href":"https:\/\/amberglow.lt\/lv\/wp-json\/wp\/v2\/product\/30687","targetHints":{"allow":["GET"]}}],"collection":[{"href":"https:\/\/amberglow.lt\/lv\/wp-json\/wp\/v2\/product"}],"about":[{"href":"https:\/\/amberglow.lt\/lv\/wp-json\/wp\/v2\/types\/product"}],"replies":[{"embeddable":true,"href":"https:\/\/amberglow.lt\/lv\/wp-json\/wp\/v2\/comments?post=30687"}],"version-history":[{"count":0,"href":"https:\/\/amberglow.lt\/lv\/wp-json\/wp\/v2\/product\/30687\/revisions"}],"wp:featuredmedia":[{"embeddable":true,"href":"https:\/\/amberglow.lt\/lv\/wp-json\/wp\/v2\/media\/30621"}],"wp:attachment":[{"href":"https:\/\/amberglow.lt\/lv\/wp-json\/wp\/v2\/media?parent=30687"}],"wp:term":[{"taxonomy":"product_brand","embeddable":true,"href":"https:\/\/amberglow.lt\/lv\/wp-json\/wp\/v2\/product_brand?post=30687"},{"taxonomy":"product_cat","embeddable":true,"href":"https:\/\/amberglow.lt\/lv\/wp-json\/wp\/v2\/product_cat?post=30687"},{"taxonomy":"product_tag","embeddable":true,"href":"https:\/\/amberglow.lt\/lv\/wp-json\/wp\/v2\/product_tag?post=30687"}],"curies":[{"name":"wp","href":"https:\/\/api.w.org\/{rel}","templated":true}]}}