{"id":30701,"date":"2025-10-09T11:20:40","date_gmt":"2025-10-09T08:20:40","guid":{"rendered":"https:\/\/amberglow.lt\/Bez%20kategorijas\/stacionarais-dators-core-ultra-7-265kf-rtx-5070-ti-16gb\/"},"modified":"2026-04-27T16:57:41","modified_gmt":"2026-04-27T13:57:41","slug":"stacionarais-dators-core-ultra-7-265kf-rtx-5070-ti-16gb","status":"publish","type":"product","link":"https:\/\/amberglow.lt\/lv\/stacionarie-datori\/stacionarais-dators-core-ultra-7-265kf-rtx-5070-ti-16gb\/","title":{"rendered":"Stacion\u0101rais dators Core Ultra 7 265KF, RTX 5070 Ti 16GB"},"content":{"rendered":"<p data-start=\"0\" data-end=\"175\"><strong data-start=\"0\" data-end=\"173\">Intel Core Ultra 7-265KF un NVIDIA GeForce RTX 5070 Ti 16GB GDDR7 \u2013 \u012bpa\u0161i jaud\u012bga un sabalans\u0113ta kombin\u0101cija 1440p un 4K sp\u0113l\u0113m ar DLSS 3.5 un uzlabotu Ray Tracing<\/strong><\/p>\n<p data-start=\"177\" data-end=\"633\">\u0160\u012b kombin\u0101cija ir paredz\u0113ta sp\u0113l\u0113t\u0101jiem, kas v\u0113las augst\u0101k\u0101s klases veiktsp\u0113ju, modernas tehnolo\u0123ijas un ilgtermi\u0146a ieguld\u012bjumu n\u0101kotnes sp\u0113l\u0113s. Core Ultra 7-265KF ar jaun\u0101s paaudzes Arrow Lake arhitekt\u016bru izce\u013cas ar 20 kodoliem un 20 pavedieniem, nodro\u0161inot izcilu sp\u0113\u013cu un rado\u0161o uzdevumu \u0101trumu. Savuk\u0101rt RTX 5070 Ti 16GB GDDR7 nodro\u0161ina augstu veiktsp\u0113ju 1440p un pat 4K iz\u0161\u0137irtsp\u0113j\u0101, izmantojot jaun\u0101k\u0101s NVIDIA DLSS 3.5 un Ray Tracing iesp\u0113jas.  <\/p>\n<p data-start=\"635\" data-end=\"1206\"><strong data-start=\"635\" data-end=\"677\">Procesors Intel Core Ultra 7-265KF<\/strong><br data-start=\"677\" data-end=\"680\">Arhitekt\u016bra un kodoli: Arrow Lake arhitekt\u016bra ar 20 kodoliem un 20 pavedieniem \u2013 optimiz\u0113ta veiktsp\u0113jai, energoefektivit\u0101tei un AI uzdevumiem.<br data-start=\"824\" data-end=\"827\">Frekvence: 3,6 GHz b\u0101zes, turbo re\u017e\u012bm\u0101 l\u012bdz 5,3 GHz \u2013 \u013cauj izmantot visu videokartes potenci\u0101lu pat pras\u012bg\u0101kaj\u0101s sp\u0113l\u0113s.<br data-start=\"961\" data-end=\"964\">Atmi\u0146a: 30 MB Intel Smart Cache \u2013 nodro\u0161ina zemu datu aizkavi un vienm\u0113r\u012bgu sp\u0113\u013cu darb\u012bbu.<br data-start=\"1063\" data-end=\"1066\">M\u0101ksl\u012bgais intelekts: Integr\u0113ts NPU (AI dzinis) uzlabo efektivit\u0101ti, automatiz\u0113 procesus un nodro\u0161ina optim\u0101lu resursu sadali.<\/p>\n<p data-start=\"1208\" data-end=\"1709\"><strong data-start=\"1208\" data-end=\"1266\">Videokarte NVIDIA GeForce RTX 5070 Ti 16GB GDDR7<\/strong><br data-start=\"1266\" data-end=\"1269\">Arhitekt\u016bra: Ada Lovelace Refresh \u2013 ceturt\u0101s paaudzes Tensor un tre\u0161\u0101s paaudzes RT kodoli nodro\u0161ina augst\u0101k\u0101 l\u012bme\u0146a Ray Tracing kvalit\u0101ti un DLSS 3.5 efektivit\u0101ti.<br data-start=\"1436\" data-end=\"1439\">Atmi\u0146a: 16 GB GDDR7 \u2013 jaun\u0101s paaudzes \u012bpa\u0161i \u0101tra atmi\u0146a, kas \u013cauj sp\u0113l\u0113t ar augstas iz\u0161\u0137irtsp\u0113jas tekst\u016br\u0101m 1440p un 4K sp\u0113l\u0113s.<br data-start=\"1571\" data-end=\"1574\">Tehnolo\u0123ijas: DLSS 3.5 ar Frame Generation nodro\u0161ina vienm\u0113r\u012bgu sp\u0113\u013cu darb\u012bbu un augstu FPS, saglab\u0101jot re\u0101listisku att\u0113la kvalit\u0101ti.<\/p>\n<p data-start=\"831\" data-end=\"1186\"><strong>Pilna specifik\u0101cija:<\/strong><\/p>\n<ul>\n<li><strong>Intel Core Ultra 7 265KF: <\/strong>20 kodoli, 20 pavedieni, 3.9-5.5GHz<\/li>\n<li><span data-sheets-root=\"1\"><strong>ASRock B860 PRO RS<\/strong> vai l\u012bdz\u012bga<\/span><\/li>\n<li><span data-sheets-root=\"1\"><strong>Arctic Freezer 36<\/strong> vai l\u012bdz\u012bgs<\/span><\/li>\n<li><span data-sheets-root=\"1\"><strong>32GB (2x16GB) DDR5 6000MHz | Corsair Vengeance<\/strong> vai l\u012bdz\u012bgi<\/span><\/li>\n<li><strong>Kingston NV3 1TB NVMe M.2 SSD <\/strong><\/li>\n<li><span data-sheets-root=\"1\"><strong>Nvidia GeForce RTX 5070 Ti 16GB GDDR7 | MSI Shadow 3X OC<\/strong> vai l\u012bdz\u012bga<\/span><\/li>\n<li><span data-sheets-root=\"1\"><strong>Chieftec 850W 80+ Gold<\/strong> vai l\u012bdz\u012bgs<\/span><\/li>\n<\/ul>\n<p data-start=\"1667\" data-end=\"1718\"><strong data-start=\"1971\" data-end=\"2021\">Paredzamie FPS rezult\u0101ti 1440p un 4K iz\u0161\u0137irtsp\u0113j\u0101:<\/strong><br data-start=\"2021\" data-end=\"2024\">Cyberpunk 2077 \u2013 ~190 FPS (1440p, High + DLSS Quality) \/ ~135 FPS (4K, High + DLSS Balanced)<br data-start=\"2116\" data-end=\"2119\">Call of Duty: Black Ops 6 \u2013 ~230 FPS (1440p, Ultra) \/ ~165 FPS (4K, High)<br data-start=\"2192\" data-end=\"2195\">Forza Horizon 5 \u2013 ~200 FPS (1440p, Ultra) \/ ~145 FPS (4K, Ultra)<br data-start=\"2259\" data-end=\"2262\">Assassin&#8217;s Creed Mirage \u2013 ~170 FPS (1440p, High) \/ ~125 FPS (4K, High)<br data-start=\"2332\" data-end=\"2335\">Alan Wake 2 \u2013 ~135 FPS (1440p, High RT + DLSS) \/ ~95 FPS (4K, High + DLSS Balanced)<\/p>\n<p><em>\u0160ie skait\u013ci var at\u0161\u0137irties realit\u0101t\u0113 atkar\u012bb\u0101 no konkr\u0113tiem sp\u0113les iestat\u012bjumiem, optimiz\u0101cijas un citiem sist\u0113mas komponentiem<\/em><\/p>\n","protected":false},"excerpt":{"rendered":"<p>Intel Core Ultra 7-265KF un NVIDIA GeForce RTX 5070 Ti 16GB GDDR7 \u2013 \u012bpa\u0161i jaud\u012bga un sabalans\u0113ta kombin\u0101cija 1440p un<\/p>\n","protected":false},"featured_media":30702,"comment_status":"open","ping_status":"closed","template":"","meta":[],"product_brand":[1749],"product_cat":[495],"product_tag":[505],"class_list":{"0":"post-30701","1":"product","2":"type-product","3":"status-publish","4":"has-post-thumbnail","6":"product_brand-amberglow","7":"product_cat-stacionarie-datori","8":"product_tag-ddr5-nuo-32gb-1tb","9":"pa_garantija-24-men-lv","10":"pa_prekes-zenklas-amberglow-lv","11":"pa_procesoriaus-branduoliai-20-cores-lv","12":"pa_vaizdo-plokstes-atmintis-16gb-lv","13":"pa_vaizdo-plokstes-modelis-rtx-5070-ti-lv","15":"first","16":"instock","17":"taxable","18":"shipping-taxable","19":"purchasable","20":"product-type-simple"},"_links":{"self":[{"href":"https:\/\/amberglow.lt\/lv\/wp-json\/wp\/v2\/product\/30701","targetHints":{"allow":["GET"]}}],"collection":[{"href":"https:\/\/amberglow.lt\/lv\/wp-json\/wp\/v2\/product"}],"about":[{"href":"https:\/\/amberglow.lt\/lv\/wp-json\/wp\/v2\/types\/product"}],"replies":[{"embeddable":true,"href":"https:\/\/amberglow.lt\/lv\/wp-json\/wp\/v2\/comments?post=30701"}],"version-history":[{"count":0,"href":"https:\/\/amberglow.lt\/lv\/wp-json\/wp\/v2\/product\/30701\/revisions"}],"wp:featuredmedia":[{"embeddable":true,"href":"https:\/\/amberglow.lt\/lv\/wp-json\/wp\/v2\/media\/30702"}],"wp:attachment":[{"href":"https:\/\/amberglow.lt\/lv\/wp-json\/wp\/v2\/media?parent=30701"}],"wp:term":[{"taxonomy":"product_brand","embeddable":true,"href":"https:\/\/amberglow.lt\/lv\/wp-json\/wp\/v2\/product_brand?post=30701"},{"taxonomy":"product_cat","embeddable":true,"href":"https:\/\/amberglow.lt\/lv\/wp-json\/wp\/v2\/product_cat?post=30701"},{"taxonomy":"product_tag","embeddable":true,"href":"https:\/\/amberglow.lt\/lv\/wp-json\/wp\/v2\/product_tag?post=30701"}],"curies":[{"name":"wp","href":"https:\/\/api.w.org\/{rel}","templated":true}]}}