{"id":30758,"date":"2025-10-08T11:41:00","date_gmt":"2025-10-08T08:41:00","guid":{"rendered":"https:\/\/amberglow.lt\/Bez%20kategorijas\/stacionarais-dators-core-ultra-5-245kf-rtx-5080-16gb-2\/"},"modified":"2026-04-27T16:57:49","modified_gmt":"2026-04-27T13:57:49","slug":"stacionarais-dators-core-ultra-5-245kf-rtx-5080-16gb-2","status":"publish","type":"product","link":"https:\/\/amberglow.lt\/lv\/stacionarie-datori\/stacionarais-dators-core-ultra-5-245kf-rtx-5080-16gb-2\/","title":{"rendered":"Stacion\u0101rais dators Core Ultra 5 245KF, RTX 5080 16GB"},"content":{"rendered":"<p data-start=\"0\" data-end=\"164\"><strong data-start=\"0\" data-end=\"162\">\u201cIntel Core Ultra 5-245KF\u201d un \u201cNVIDIA GeForce RTX 5080 16GB GDDR7\u201d \u2013 augst\u0101k\u0101s klases kombin\u0101cija 4K sp\u0113l\u0113m ar DLSS 3.5, Ray Tracing un nep\u0101rsp\u0113jamu veiktsp\u0113ju<\/strong><\/p>\n<p data-start=\"166\" data-end=\"582\">\u0160\u012b kombin\u0101cija ir paredz\u0113ta sp\u0113l\u0113t\u0101jiem, kuri v\u0113las vislab\u0101ko iesp\u0113jamo grafikas kvalit\u0101ti un pl\u016bsto\u0161u sp\u0113li pat 4K iz\u0161\u0137irtsp\u0113j\u0101. \u201cCore Ultra 5-245KF\u201d nodro\u0161ina progres\u012bvu \u201cIntel Meteor Lake\u201d efektivit\u0101ti ar AI pa\u0101trin\u0101jumu, savuk\u0101rt \u201cRTX 5080 16GB GDDR7\u201d pied\u0101v\u0101 n\u0101kam\u0101s paaudzes \u201cAda Lovelace Refresh\u201d jaudu ar nevainojamu ray tracing un DLSS 3.5. Tas ir augst\u0101k\u0101s klases risin\u0101jums tiem, kuri v\u0113las b\u016bt sp\u0113\u013cu tehnolo\u0123iju priek\u0161gal\u0101.  <\/p>\n<p data-start=\"584\" data-end=\"1226\"><strong data-start=\"584\" data-end=\"626\">Procesors \u201cIntel Core Ultra 5-245KF\u201d<\/strong><br data-start=\"626\" data-end=\"629\">Arhitekt\u016bra un kodoli: \u201cIntel Core Ultra\u201d (Meteor Lake) arhitekt\u016bra ar 14 kodoliem (6 veiktsp\u0113jas + 8 efektivit\u0101tes) un 14 pavedieniem \u2013 sabalans\u0113ta veiktsp\u0113ja starp energoefektivit\u0101ti un jaud\u012bgu \u0101trumu sp\u0113l\u0113s un rado\u0161aj\u0101 darb\u0101.<br data-start=\"852\" data-end=\"855\">Frekvence: 3,5 GHz b\u0101zes, turbo re\u017e\u012bm\u0101 l\u012bdz 5,0 GHz \u2013 nodro\u0161ina stabilu FPS pat pras\u012bg\u0101s sp\u0113l\u0113s.<br data-start=\"961\" data-end=\"964\">Atmi\u0146a: 24 MB L3 ke\u0161atmi\u0146a \u2013 nodro\u0161ina \u0101tru datu apstr\u0101di un zemu latentumu.<br data-start=\"1047\" data-end=\"1050\">M\u0101ksl\u012bgais intelekts: integr\u0113tais NPU (\u201cNeural Processing Unit\u201d) \u013cauj izmantot AI pa\u0101trin\u0101jumu, uzlabojot sist\u0113mas efektivit\u0101ti, fona uzdevumu p\u0101rvald\u012bbu un veiktsp\u0113jas balansu.<\/p>\n<p data-start=\"1228\" data-end=\"1824\"><strong data-start=\"1228\" data-end=\"1283\">Videokarte \u201cNVIDIA GeForce RTX 5080 16GB GDDR7\u201d<\/strong><br data-start=\"1283\" data-end=\"1286\">Arhitekt\u016bra: \u201cAda Lovelace Refresh\u201d \u2013 n\u0101kam\u0101s paaudzes NVIDIA arhitekt\u016bra, kas izce\u013cas ar augstu efektivit\u0101ti, uzlabotu ray tracing un DLSS 3.5 tehnolo\u0123ij\u0101m.<br data-start=\"1443\" data-end=\"1446\">Atmi\u0146a: 16 GB GDDR7 \u2013 n\u0101kam\u0101s paaudzes \u012bpa\u0161i \u0101tra atmi\u0146a, kas \u013cauj sp\u0113l\u0113t 4K iz\u0161\u0137irtsp\u0113j\u0101 ar maksim\u0101liem grafikas iestat\u012bjumiem un liel\u0101m tekst\u016br\u0101m.<br data-start=\"1596\" data-end=\"1599\">Tehnolo\u0123ijas: DLSS 3.5 ar \u201cFrame Generation\u201d un ceturt\u0101s paaudzes Tensor kodoli nodro\u0161ina iesp\u0113ju saglab\u0101t augstu FPS pat ar progres\u012bvu ray tracing, savuk\u0101rt RT kodoli nodro\u0161ina maksim\u0101lu re\u0101lismu un apgaismojuma precizit\u0101ti.<\/p>\n<p data-start=\"831\" data-end=\"1186\"><strong>Pilna specifik\u0101cija:<\/strong><\/p>\n<ul>\n<li><strong>Intel Core Ultra 5 245KF: <\/strong>14 kodoli, 14 pavedienu, 4.2-5.2GHz<\/li>\n<li><span data-sheets-root=\"1\"><strong>ASRock B860 PRO RS<\/strong> vai l\u012bdz\u012bga<\/span><\/li>\n<li><span data-sheets-root=\"1\"><strong>Arctic Freezer 36<\/strong> vai l\u012bdz\u012bgs<\/span><\/li>\n<li><span data-sheets-root=\"1\"><strong>16GB DDR5 6000MHz | Corsair Vengeance<\/strong> vai l\u012bdz\u012bgi<\/span><\/li>\n<li><strong>Kingston NV3 500GB NVMe M.2 SSD <\/strong><\/li>\n<li><span data-sheets-root=\"1\"><strong>Nvidia GeForce RTX 5080 16GB GDDR7 | Gigabyte Windforce OC<\/strong> vai l\u012bdz\u012bga<\/span><\/li>\n<li><span data-sheets-root=\"1\"><strong>Chieftec 850W 80+ Gold<\/strong> vai l\u012bdz\u012bgs<\/span><\/li>\n<\/ul>\n<p data-start=\"1667\" data-end=\"1718\"><strong data-start=\"2087\" data-end=\"2137\">Paredzamie FPS rezult\u0101ti 1440p un 4K iz\u0161\u0137irtsp\u0113j\u0101s:<\/strong><br data-start=\"2137\" data-end=\"2140\">Cyberpunk 2077 \u2013 ~195 FPS (1440p, Ultra + DLSS Quality) \/ ~145 FPS (4K, Ultra + DLSS Balanced)<br data-start=\"2234\" data-end=\"2237\">Call of Duty: Black Ops 6 \u2013 ~260 FPS (1440p, Ultra) \/ ~190 FPS (4K, High)<br data-start=\"2310\" data-end=\"2313\">Forza Horizon 5 \u2013 ~230 FPS (1440p, Ultra) \/ ~165 FPS (4K, Ultra)<br data-start=\"2377\" data-end=\"2380\">Assassin\u2019s Creed Mirage \u2013 ~190 FPS (1440p, High) \/ ~140 FPS (4K, High)<br data-start=\"2450\" data-end=\"2453\">Alan Wake 2 \u2013 ~150 FPS (1440p, High RT + DLSS) \/ ~110 FPS (4K, High + DLSS Balanced)<\/p>\n<p><em>\u0160ie skait\u013ci realit\u0101t\u0113 var at\u0161\u0137irties atkar\u012bb\u0101 no konkr\u0113tiem sp\u0113les iestat\u012bjumiem, optimiz\u0101cijas un citiem sist\u0113mas komponentiem.<\/em><\/p>\n","protected":false},"excerpt":{"rendered":"<p>\u201cIntel Core Ultra 5-245KF\u201d un \u201cNVIDIA GeForce RTX 5080 16GB GDDR7\u201d \u2013 augst\u0101k\u0101s klases kombin\u0101cija 4K sp\u0113l\u0113m ar DLSS 3.5,<\/p>\n","protected":false},"featured_media":30759,"comment_status":"open","ping_status":"closed","template":"","meta":[],"product_brand":[],"product_cat":[495],"product_tag":[510],"class_list":{"0":"post-30758","1":"product","2":"type-product","3":"status-publish","4":"has-post-thumbnail","6":"product_cat-stacionarie-datori","7":"product_tag-ddr5-nuo-16gb-512gb","8":"pa_garantija-24-men-lv","9":"pa_prekes-zenklas-amberglow-lv","10":"pa_procesoriaus-branduoliai-14-cores-lv","11":"pa_vaizdo-plokstes-atmintis-16gb-lv","12":"pa_vaizdo-plokstes-modelis-rtx-5080-lv","14":"first","15":"instock","16":"taxable","17":"shipping-taxable","18":"purchasable","19":"product-type-simple"},"_links":{"self":[{"href":"https:\/\/amberglow.lt\/lv\/wp-json\/wp\/v2\/product\/30758","targetHints":{"allow":["GET"]}}],"collection":[{"href":"https:\/\/amberglow.lt\/lv\/wp-json\/wp\/v2\/product"}],"about":[{"href":"https:\/\/amberglow.lt\/lv\/wp-json\/wp\/v2\/types\/product"}],"replies":[{"embeddable":true,"href":"https:\/\/amberglow.lt\/lv\/wp-json\/wp\/v2\/comments?post=30758"}],"version-history":[{"count":0,"href":"https:\/\/amberglow.lt\/lv\/wp-json\/wp\/v2\/product\/30758\/revisions"}],"wp:featuredmedia":[{"embeddable":true,"href":"https:\/\/amberglow.lt\/lv\/wp-json\/wp\/v2\/media\/30759"}],"wp:attachment":[{"href":"https:\/\/amberglow.lt\/lv\/wp-json\/wp\/v2\/media?parent=30758"}],"wp:term":[{"taxonomy":"product_brand","embeddable":true,"href":"https:\/\/amberglow.lt\/lv\/wp-json\/wp\/v2\/product_brand?post=30758"},{"taxonomy":"product_cat","embeddable":true,"href":"https:\/\/amberglow.lt\/lv\/wp-json\/wp\/v2\/product_cat?post=30758"},{"taxonomy":"product_tag","embeddable":true,"href":"https:\/\/amberglow.lt\/lv\/wp-json\/wp\/v2\/product_tag?post=30758"}],"curies":[{"name":"wp","href":"https:\/\/api.w.org\/{rel}","templated":true}]}}