{"id":30798,"date":"2025-10-07T15:30:04","date_gmt":"2025-10-07T12:30:04","guid":{"rendered":"https:\/\/amberglow.lt\/Bez%20kategorijas\/stacionarais-dators-i7-14700kf-rtx-5070-12gb-2\/"},"modified":"2026-04-27T16:58:02","modified_gmt":"2026-04-27T13:58:02","slug":"stacionarais-dators-i7-14700kf-rtx-5070-12gb-2","status":"publish","type":"product","link":"https:\/\/amberglow.lt\/lv\/stacionarie-datori\/stacionarais-dators-i7-14700kf-rtx-5070-12gb-2\/","title":{"rendered":"Stacion\u0101rais dators i7-14700KF, RTX 5070 12GB"},"content":{"rendered":"<p data-start=\"0\" data-end=\"152\"><strong data-start=\"0\" data-end=\"150\">\u201eIntel Core i7-14700KF&#8221; un \u201eNVIDIA GeForce RTX 5070 12GB GDDR7&#8243; \u2013 augst\u0101k\u0101s klases kombin\u0101cija 1440p un 4K sp\u0113l\u0113m ar DLSS 3.5 un progres\u012bvu ray tracing<\/strong><\/p>\n<p data-start=\"154\" data-end=\"501\">\u0160\u012b kombin\u0101cija izveidota sp\u0113l\u0113t\u0101jiem, kuri v\u0113las maksim\u0101lu \u0101trumu, izcilu video kvalit\u0101ti un n\u0101kotnes dro\u0161u veiktsp\u0113ju. \u201ei7-14700KF&#8221; nodro\u0161ina izcilu procesora jaudu gan sp\u0113l\u0113m, gan rado\u0161ajam darbam, bet \u201eRTX 5070 12GB&#8221; ar jaun\u0101s paaudzes \u201eAda Lovelace Refresh&#8221; arhitekt\u016bru un GDDR7 atmi\u0146u \u013cauj sasniegt augstu FPS 1440p un pat 4K iz\u0161\u0137irtsp\u0113j\u0101s. <\/p>\n<p data-start=\"503\" data-end=\"930\"><strong data-start=\"503\" data-end=\"542\">Procesors \u201eIntel Core i7-14700KF&#8221;<\/strong><br data-start=\"542\" data-end=\"545\">Arhitekt\u016bra un kodoli: \u201eRaptor Lake Refresh&#8221; arhitekt\u016bra ar 20 kodoliem (8 veiktsp\u0113jas + 12 efektivit\u0101tes) un 28 pavedieniem \u2013 izce\u013cas ar lielisku ener\u0123ijas efektivit\u0101ti un \u0101trumu.<br data-start=\"716\" data-end=\"719\">Frekvence: 3,4 GHz b\u0101zes, turbo re\u017e\u012bm\u0101 l\u012bdz 5,6 GHz \u2013 nodro\u0161ina izcilu sp\u0113\u013cu veiktsp\u0113ju pat ar intens\u012bviem uzdevumiem fon\u0101.<br data-start=\"844\" data-end=\"847\">Atmi\u0146a: 33 MB L3 ke\u0161atmi\u0146a \u2013 pal\u012bdz samazin\u0101t aizturi un uztur\u0113t augstu FPS.<\/p>\n<p data-start=\"932\" data-end=\"1469\"><strong data-start=\"932\" data-end=\"987\">Videokarte \u201eNVIDIA GeForce RTX 5070 12GB GDDR7&#8243;<\/strong><br data-start=\"987\" data-end=\"990\">Arhitekt\u016bra: \u201eAda Lovelace Refresh&#8221; \u2013 atjaunin\u0101ta arhitekt\u016bra ar liel\u0101ku efektivit\u0101ti, \u0101tr\u0101ku atmi\u0146u un progres\u012bv\u0101ku ray tracing veiktsp\u0113ju.<br data-start=\"1141\" data-end=\"1144\">Atmi\u0146a: 12 GB GDDR7 \u2013 \u012bpa\u0161i \u0101tra jaun\u0101s paaudzes atmi\u0146a, lieliski piem\u0113rota 1440p un 4K sp\u0113l\u0113m ar augstiem grafikas iestat\u012bjumiem.<br data-start=\"1276\" data-end=\"1279\">Tehnolo\u0123ijas: DLSS 3.5 ar \u201eFrame Generation&#8221; nodro\u0161ina \u012bpa\u0161i vienm\u0113r\u012bgu FPS, bet tre\u0161\u0101s paaudzes RT kodoli \u013cauj baud\u012bt augstas kvalit\u0101tes ray tracing efektus bez lieliem veiktsp\u0113jas zudumiem.<\/p>\n<p data-start=\"831\" data-end=\"1186\"><strong>Pilna specifik\u0101cija:<\/strong><\/p>\n<ul>\n<li><strong>Intel Core i7-14700KF: <\/strong>20 kodoli, 28 pavedienu, 3,4-5,6GHz<\/li>\n<li><span data-sheets-root=\"1\"><strong>ASRock B760M PG Lightning D4<\/strong> vai l\u012bdz\u012bga<\/span><\/li>\n<li><span data-sheets-root=\"1\"><strong>Arctic Freezer 36<\/strong> vai l\u012bdz\u012bgs<\/span><\/li>\n<li><span data-sheets-root=\"1\"><strong>32GB (2x16GB) DDR4 3200MHz | G.Skill Aegis<\/strong> vai l\u012bdz\u012bgi<\/span><\/li>\n<li><strong>Kingston NV3 1TB NVMe M.2 SSD <\/strong><\/li>\n<li><span data-sheets-root=\"1\"><strong>Nvidia GeForce RTX 5070 12GB GDDR7 | ASUS Dual OC<\/strong> vai l\u012bdz\u012bga<\/span><\/li>\n<li><span data-sheets-root=\"1\"><strong>Adata XPG 750W 80+ Bronze<\/strong> vai l\u012bdz\u012bgs<\/span><\/li>\n<\/ul>\n<p data-start=\"1667\" data-end=\"1718\"><strong data-start=\"1733\" data-end=\"1783\">Paredzamie FPS rezult\u0101ti 1440p un 4K iz\u0161\u0137irtsp\u0113j\u0101s:<\/strong><br data-start=\"1783\" data-end=\"1786\">Cyberpunk 2077 \u2013 ~180 FPS (1440p, Ultra + DLSS Quality) \/ ~125 FPS (4K, Ultra + DLSS Balanced)<br data-start=\"1880\" data-end=\"1883\">Call of Duty: Black Ops 6 \u2013 ~240 FPS (1440p, High) \/ ~170 FPS (4K, High)<br data-start=\"1955\" data-end=\"1958\">Forza Horizon 5 \u2013 ~200 FPS (1440p, Ultra) \/ ~145 FPS (4K, Ultra)<br data-start=\"2022\" data-end=\"2025\">Assassin&#8217;s Creed Mirage \u2013 ~175 FPS (1440p, High) \/ ~125 FPS (4K, High)<br data-start=\"2095\" data-end=\"2098\">Alan Wake 2 \u2013 ~130 FPS (1440p, High RT + DLSS) \/ ~95 FPS (4K, High + DLSS Balanced)<\/p>\n<p><em>\u0160ie skait\u013ci realit\u0101t\u0113 var at\u0161\u0137irties atkar\u012bb\u0101 no konkr\u0113tiem sp\u0113les iestat\u012bjumiem, optimiz\u0101cijas un citiem sist\u0113mas komponentiem.<\/em><\/p>\n","protected":false},"excerpt":{"rendered":"<p>\u201eIntel Core i7-14700KF&#8221; un \u201eNVIDIA GeForce RTX 5070 12GB GDDR7&#8243; \u2013 augst\u0101k\u0101s klases kombin\u0101cija 1440p un 4K sp\u0113l\u0113m ar DLSS<\/p>\n","protected":false},"featured_media":30753,"comment_status":"open","ping_status":"closed","template":"","meta":[],"product_brand":[],"product_cat":[495],"product_tag":[509],"class_list":{"0":"post-30798","1":"product","2":"type-product","3":"status-publish","4":"has-post-thumbnail","6":"product_cat-stacionarie-datori","7":"product_tag-ddr4-nuo-32gb-1tb","8":"pa_garantija-24-men-lv","9":"pa_prekes-zenklas-amberglow-lv","10":"pa_procesoriaus-branduoliai-20-cores-lv","11":"pa_vaizdo-plokstes-atmintis-12gb-lv","12":"pa_vaizdo-plokstes-modelis-rtx-5070-lv","14":"first","15":"instock","16":"taxable","17":"shipping-taxable","18":"purchasable","19":"product-type-simple"},"_links":{"self":[{"href":"https:\/\/amberglow.lt\/lv\/wp-json\/wp\/v2\/product\/30798","targetHints":{"allow":["GET"]}}],"collection":[{"href":"https:\/\/amberglow.lt\/lv\/wp-json\/wp\/v2\/product"}],"about":[{"href":"https:\/\/amberglow.lt\/lv\/wp-json\/wp\/v2\/types\/product"}],"replies":[{"embeddable":true,"href":"https:\/\/amberglow.lt\/lv\/wp-json\/wp\/v2\/comments?post=30798"}],"version-history":[{"count":0,"href":"https:\/\/amberglow.lt\/lv\/wp-json\/wp\/v2\/product\/30798\/revisions"}],"wp:featuredmedia":[{"embeddable":true,"href":"https:\/\/amberglow.lt\/lv\/wp-json\/wp\/v2\/media\/30753"}],"wp:attachment":[{"href":"https:\/\/amberglow.lt\/lv\/wp-json\/wp\/v2\/media?parent=30798"}],"wp:term":[{"taxonomy":"product_brand","embeddable":true,"href":"https:\/\/amberglow.lt\/lv\/wp-json\/wp\/v2\/product_brand?post=30798"},{"taxonomy":"product_cat","embeddable":true,"href":"https:\/\/amberglow.lt\/lv\/wp-json\/wp\/v2\/product_cat?post=30798"},{"taxonomy":"product_tag","embeddable":true,"href":"https:\/\/amberglow.lt\/lv\/wp-json\/wp\/v2\/product_tag?post=30798"}],"curies":[{"name":"wp","href":"https:\/\/api.w.org\/{rel}","templated":true}]}}