{"id":30800,"date":"2025-10-07T15:45:22","date_gmt":"2025-10-07T12:45:22","guid":{"rendered":"https:\/\/amberglow.lt\/Bez%20kategorijas\/stacionarais-dators-i7-14700kf-rtx-5070-ti-16gb-2\/"},"modified":"2026-04-27T16:57:59","modified_gmt":"2026-04-27T13:57:59","slug":"stacionarais-dators-i7-14700kf-rtx-5070-ti-16gb-2","status":"publish","type":"product","link":"https:\/\/amberglow.lt\/lv\/stacionarie-datori\/stacionarais-dators-i7-14700kf-rtx-5070-ti-16gb-2\/","title":{"rendered":"Stacion\u0101rais dators i7-14700KF, RTX 5070 Ti 16GB"},"content":{"rendered":"<p data-start=\"0\" data-end=\"154\"><strong data-start=\"0\" data-end=\"152\">\u201eIntel Core i7-14700KF&#8221; un \u201eNVIDIA GeForce RTX 5070 Ti 16GB GDDR7&#8243; \u2013 \u012bpa\u0161i jaud\u012bgs salikums 1440p un 4K sp\u0113l\u0113m ar DLSS 3.5 un progres\u012bvu ray tracing<\/strong><\/p>\n<p data-start=\"156\" data-end=\"531\">\u0160is salikums paredz\u0113ts sp\u0113l\u0113t\u0101jiem, kuri v\u0113las izmantot augst\u0101k\u0101s klases veiktsp\u0113ju m\u016bsdienu sp\u0113l\u0113s un b\u016bt gatavi n\u0101kotnes tehnolo\u0123ij\u0101m. \u201ei7-14700KF&#8221; nodro\u0161ina izcilu procesora \u0101trumu, bet \u201eRTX 5070 Ti 16GB&#8221; ar GDDR7 atmi\u0146u un \u201eAda Lovelace Refresh&#8221; arhitekt\u016bru \u013cauj baud\u012bt iespaid\u012bgu grafiku, vienm\u0113r\u012bgu FPS un progres\u012bvu m\u0101ksl\u012bg\u0101 intelekta pa\u0101trin\u0101\u0161anu. <\/p>\n<p data-start=\"533\" data-end=\"987\"><strong data-start=\"533\" data-end=\"572\">Procesors \u201eIntel Core i7-14700KF&#8221;<\/strong><br data-start=\"572\" data-end=\"575\">Arhitekt\u016bra un kodoli: \u201eRaptor Lake Refresh&#8221; arhitekt\u016bra ar 20 kodoliem (8 veiktsp\u0113jas + 12 efektivit\u0101tes) un 28 pavedieniem \u2013 nodro\u0161ina izcilu sp\u0113\u013cu un produktivit\u0101tes veiktsp\u0113ju.<br data-start=\"752\" data-end=\"755\">Frekvence: 3,4 GHz b\u0101zes, turbo re\u017e\u012bm\u0101 l\u012bdz 5,6 GHz \u2013 \u013cauj uztur\u0113t maksim\u0101lu FPS pat sare\u017e\u0123\u012bt\u0101kaj\u0101s sp\u0113l\u0113s.<br data-start=\"872\" data-end=\"875\">Atmi\u0146a: 33 MB L3 ke\u0161atmi\u0146a \u2013 nodro\u0161ina \u0101tru datu piek\u013cuvi un samazin\u0101tas aiztures intens\u012bva darba laik\u0101.<\/p>\n<p data-start=\"989\" data-end=\"1531\"><strong data-start=\"989\" data-end=\"1047\">Videokarte \u201eNVIDIA GeForce RTX 5070 Ti 16GB GDDR7&#8243;<\/strong><br data-start=\"1047\" data-end=\"1050\">Arhitekt\u016bra: \u201eAda Lovelace Refresh&#8221; \u2013 jaunas paaudzes arhitekt\u016bra, kas izce\u013cas ar augstu efektivit\u0101ti, lab\u0101ku ray tracing un AI pa\u0101trin\u0101\u0161anu.<br data-start=\"1186\" data-end=\"1189\">Atmi\u0146a: 16 GB GDDR7 \u2013 jaunas paaudzes \u0101tra atmi\u0146a, kas nodro\u0161ina lielisku veiktsp\u0113ju 1440p un 4K iz\u0161\u0137irtsp\u0113j\u0101s ar augst\u0101kajiem grafikas iestat\u012bjumiem.<br data-start=\"1329\" data-end=\"1332\">Tehnolo\u0123ijas: DLSS 3.5 ar \u201eFrame Generation&#8221; palielina FPS un nodro\u0161ina \u012bpa\u0161i vienm\u0113r\u012bgu darb\u012bbu pat izmantojot ray tracing, bet ceturt\u0101s paaudzes Tensor kodoli sniedz v\u0113l efekt\u012bv\u0101ku AI apstr\u0101di.<\/p>\n<p data-start=\"831\" data-end=\"1186\"><strong>Pilna specifik\u0101cija:<\/strong><\/p>\n<ul>\n<li><strong>Intel Core i7-14700KF: <\/strong>20 kodoli, 28 pavedienu, 3,4-5,6GHz<\/li>\n<li><span data-sheets-root=\"1\"><strong>ASRock B760M PG Lightning D4<\/strong> vai l\u012bdz\u012bga<\/span><\/li>\n<li><span data-sheets-root=\"1\"><strong>Arctic Freezer 36<\/strong> vai l\u012bdz\u012bgs<\/span><\/li>\n<li><span data-sheets-root=\"1\"><strong>32GB (2x16GB) DDR4 3200MHz | G.Skill Aegis<\/strong> vai l\u012bdz\u012bgi<\/span><\/li>\n<li><strong>Kingston NV3 1TB NVMe M.2 SSD <\/strong><\/li>\n<li><span data-sheets-root=\"1\"><strong>Nvidia GeForce RTX 5070 Ti 16GB GDDR7 | MSI Shadow 3X OC<\/strong> vai l\u012bdz\u012bga<\/span><\/li>\n<li><span data-sheets-root=\"1\"><strong>Chieftec 850W 80+ Gold<\/strong> vai l\u012bdz\u012bgs<\/span><\/li>\n<\/ul>\n<p data-start=\"1667\" data-end=\"1718\"><strong data-start=\"1798\" data-end=\"1848\">Prognoz\u0113jamie FPS rezult\u0101ti 1440p un 4K iz\u0161\u0137irtsp\u0113j\u0101s:<\/strong><br data-start=\"1848\" data-end=\"1851\">Cyberpunk 2077 \u2013 ~190 FPS (1440p, Ultra + DLSS Quality) \/ ~135 FPS (4K, Ultra + DLSS Balanced)<br data-start=\"1945\" data-end=\"1948\">Call of Duty: Black Ops 6 \u2013 ~250 FPS (1440p, High) \/ ~180 FPS (4K, High)<br data-start=\"2020\" data-end=\"2023\">Forza Horizon 5 \u2013 ~210 FPS (1440p, Ultra) \/ ~150 FPS (4K, Ultra)<br data-start=\"2087\" data-end=\"2090\">Assassin&#8217;s Creed Mirage \u2013 ~185 FPS (1440p, High) \/ ~130 FPS (4K, High)<br data-start=\"2160\" data-end=\"2163\">Alan Wake 2 \u2013 ~140 FPS (1440p, High RT + DLSS) \/ ~100 FPS (4K, High + DLSS Balanced)<\/p>\n<p><em>\u0160ie skait\u013ci realit\u0101t\u0113 var at\u0161\u0137irties atkar\u012bb\u0101 no konkr\u0113tiem sp\u0113les iestat\u012bjumiem, optimiz\u0101cijas un citiem sist\u0113mas komponentiem.<\/em><\/p>\n","protected":false},"excerpt":{"rendered":"<p>\u201eIntel Core i7-14700KF&#8221; un \u201eNVIDIA GeForce RTX 5070 Ti 16GB GDDR7&#8243; \u2013 \u012bpa\u0161i jaud\u012bgs salikums 1440p un 4K sp\u0113l\u0113m ar<\/p>\n","protected":false},"featured_media":30753,"comment_status":"open","ping_status":"closed","template":"","meta":[],"product_brand":[],"product_cat":[495],"product_tag":[509],"class_list":{"0":"post-30800","1":"product","2":"type-product","3":"status-publish","4":"has-post-thumbnail","6":"product_cat-stacionarie-datori","7":"product_tag-ddr4-nuo-32gb-1tb","8":"pa_garantija-24-men-lv","9":"pa_prekes-zenklas-amberglow-lv","10":"pa_procesoriaus-branduoliai-20-cores-lv","11":"pa_vaizdo-plokstes-atmintis-16gb-lv","12":"pa_vaizdo-plokstes-modelis-rtx-5070-ti-lv","14":"first","15":"instock","16":"featured","17":"taxable","18":"shipping-taxable","19":"purchasable","20":"product-type-simple"},"_links":{"self":[{"href":"https:\/\/amberglow.lt\/lv\/wp-json\/wp\/v2\/product\/30800","targetHints":{"allow":["GET"]}}],"collection":[{"href":"https:\/\/amberglow.lt\/lv\/wp-json\/wp\/v2\/product"}],"about":[{"href":"https:\/\/amberglow.lt\/lv\/wp-json\/wp\/v2\/types\/product"}],"replies":[{"embeddable":true,"href":"https:\/\/amberglow.lt\/lv\/wp-json\/wp\/v2\/comments?post=30800"}],"version-history":[{"count":0,"href":"https:\/\/amberglow.lt\/lv\/wp-json\/wp\/v2\/product\/30800\/revisions"}],"wp:featuredmedia":[{"embeddable":true,"href":"https:\/\/amberglow.lt\/lv\/wp-json\/wp\/v2\/media\/30753"}],"wp:attachment":[{"href":"https:\/\/amberglow.lt\/lv\/wp-json\/wp\/v2\/media?parent=30800"}],"wp:term":[{"taxonomy":"product_brand","embeddable":true,"href":"https:\/\/amberglow.lt\/lv\/wp-json\/wp\/v2\/product_brand?post=30800"},{"taxonomy":"product_cat","embeddable":true,"href":"https:\/\/amberglow.lt\/lv\/wp-json\/wp\/v2\/product_cat?post=30800"},{"taxonomy":"product_tag","embeddable":true,"href":"https:\/\/amberglow.lt\/lv\/wp-json\/wp\/v2\/product_tag?post=30800"}],"curies":[{"name":"wp","href":"https:\/\/api.w.org\/{rel}","templated":true}]}}