{"id":30807,"date":"2025-10-07T15:22:28","date_gmt":"2025-10-07T12:22:28","guid":{"rendered":"https:\/\/amberglow.lt\/Bez%20kategorijas\/stacionarais-dators-i7-14700kf-rtx-5060-ti-16gb-2\/"},"modified":"2026-04-27T16:58:02","modified_gmt":"2026-04-27T13:58:02","slug":"stacionarais-dators-i7-14700kf-rtx-5060-ti-16gb-2","status":"publish","type":"product","link":"https:\/\/amberglow.lt\/lv\/stacionarie-datori\/stacionarais-dators-i7-14700kf-rtx-5060-ti-16gb-2\/","title":{"rendered":"Stacion\u0101rais dators i7-14700KF, RTX 5060 Ti 16GB"},"content":{"rendered":"<p data-start=\"0\" data-end=\"150\"><strong data-start=\"0\" data-end=\"148\">\u201eIntel Core i7-14700KF&#8221; un \u201eNVIDIA GeForce RTX 5060 Ti 16GB GDDR7&#8243; \u2013 \u012bpa\u0161i sabalans\u0113ts kombin\u0113jums 1440p un 4K sp\u0113l\u0113m ar DLSS 3.5 un ray tracing<\/strong><\/p>\n<p data-start=\"152\" data-end=\"541\">\u0160is kombin\u0113jums izveidots sp\u0113l\u0113t\u0101jiem, kas mekl\u0113 lielisku veiktsp\u0113jas un kvalit\u0101tes attiec\u012bbu, kas \u013cautu baud\u012bt m\u016bsdienu sp\u0113les ar maksim\u0101liem grafikas iestat\u012bjumiem. \u201ei7-14700KF&#8221; nodro\u0161ina izcilu procesora \u0101trumu, bet \u201eRTX 5060 Ti 16GB&#8221; ar GDDR7 atmi\u0146u un \u201eAda Lovelace Refresh&#8221; arhitekt\u016bru garant\u0113 augstu FPS, progres\u012bvu ray tracing un ener\u0123ijas efektivit\u0101ti 1440p un pat 4K iz\u0161\u0137irtsp\u0113j\u0101s. <\/p>\n<p data-start=\"543\" data-end=\"972\"><strong data-start=\"543\" data-end=\"582\">Procesors \u201eIntel Core i7-14700KF&#8221;<\/strong><br data-start=\"582\" data-end=\"585\">Arhitekt\u016bra un kodoli: \u201eRaptor Lake Refresh&#8221; arhitekt\u016bra ar 20 kodoliem (8 veiktsp\u0113jas + 12 efektivit\u0101tes) un 28 pavedieniem \u2013 ide\u0101la izv\u0113le gan sp\u0113l\u0113m, gan satura rad\u012b\u0161anai.<br data-start=\"767\" data-end=\"770\">Frekvence: 3,4 GHz b\u0101zes, turbo re\u017e\u012bm\u0101 l\u012bdz 5,6 GHz \u2013 nodro\u0161ina \u0101tru atsauc\u012bbu un maksim\u0101lu sp\u0113\u013cu veiktsp\u0113ju.<br data-start=\"874\" data-end=\"877\">Atmi\u0146a: 33 MB L3 ke\u0161atmi\u0146a \u2013 pal\u012bdz samazin\u0101t aiztures un nodro\u0161ina stabilu datu pl\u016bsmu.<\/p>\n<p data-start=\"974\" data-end=\"1501\"><strong data-start=\"974\" data-end=\"1032\">Video karte \u201eNVIDIA GeForce RTX 5060 Ti 16GB GDDR7&#8243;<\/strong><br data-start=\"1032\" data-end=\"1035\">Arhitekt\u016bra: \u201eAda Lovelace Refresh&#8221; \u2013 uzlabota \u201eNVIDIA&#8221; arhitekt\u016bra, kas izce\u013cas ar v\u0113l liel\u0101ku efektivit\u0101ti un \u0101tr\u0101ku ray tracing.<br data-start=\"1171\" data-end=\"1174\">Atmi\u0146a: 16 GB GDDR7 \u2013 jaunas paaudzes atmi\u0146a, kas nodro\u0161ina vair\u0101k vietas tekst\u016br\u0101m un resursiem 1440p un 4K sp\u0113l\u0113s.<br data-start=\"1297\" data-end=\"1300\">Tehnolo\u0123ijas: DLSS 3.5 ar \u201eFrame Generation&#8221; \u013cauj uztur\u0113t augstu FPS pat ar iesl\u0113gtu ray tracing, bet RT un Tensor kodoli nodro\u0161ina \u012bpa\u0161i re\u0101listisku grafiku un lielisku AI video apstr\u0101di.<\/p>\n<p data-start=\"831\" data-end=\"1186\"><strong>Pilna specifik\u0101cija:<\/strong><\/p>\n<ul>\n<li><strong>Intel Core i7-14700KF: <\/strong>20 kodoli, 28 pavedienu, 3,4-5,6GHz<\/li>\n<li><span data-sheets-root=\"1\"><strong>ASRock B760M PG Lightning D4<\/strong> vai l\u012bdz\u012bga<\/span><\/li>\n<li><span data-sheets-root=\"1\"><strong>Arctic Freezer 36<\/strong> vai l\u012bdz\u012bgs<\/span><\/li>\n<li><span data-sheets-root=\"1\"><strong>32GB (2x16GB) DDR4 3200MHz | G.Skill Aegis<\/strong> vai l\u012bdz\u012bgi<\/span><\/li>\n<li><strong>Kingston NV3 1TB NVMe M.2 SSD <\/strong><\/li>\n<li><span data-sheets-root=\"1\"><strong>Nvidia GeForce RTX 5060 Ti 16GB GDDR7 | ASUS Dual OC<\/strong> vai l\u012bdz\u012bga<\/span><\/li>\n<li><span data-sheets-root=\"1\"><strong>Chieftec 650W 80+ Bronze<\/strong> vai l\u012bdz\u012bgs<\/span><\/li>\n<\/ul>\n<p data-start=\"1667\" data-end=\"1718\"><strong data-start=\"1768\" data-end=\"1818\">Prognoz\u0113jamie FPS rezult\u0101ti 1440p un 4K iz\u0161\u0137irtsp\u0113j\u0101s:<\/strong><br data-start=\"1818\" data-end=\"1821\">Cyberpunk 2077 \u2013 ~165 FPS (1440p, Ultra + DLSS Quality) \/ ~115 FPS (4K, Ultra + DLSS Balanced)<br data-start=\"1915\" data-end=\"1918\">Call of Duty: Black Ops 6 \u2013 ~225 FPS (1440p, High) \/ ~160 FPS (4K, High)<br data-start=\"1990\" data-end=\"1993\">Forza Horizon 5 \u2013 ~190 FPS (1440p, Ultra) \/ ~135 FPS (4K, Ultra)<br data-start=\"2057\" data-end=\"2060\">Assassin&#8217;s Creed Mirage \u2013 ~165 FPS (1440p, High) \/ ~120 FPS (4K, High)<br data-start=\"2130\" data-end=\"2133\">Alan Wake 2 \u2013 ~125 FPS (1440p, High RT + DLSS) \/ ~90 FPS (4K, High + DLSS Balanced)<\/p>\n<p><em>\u0160ie skait\u013ci realit\u0101t\u0113 var at\u0161\u0137irties atkar\u012bb\u0101 no konkr\u0113tiem sp\u0113les iestat\u012bjumiem, optimiz\u0101cijas un citiem sist\u0113mas komponentiem.<\/em><\/p>\n","protected":false},"excerpt":{"rendered":"<p>\u201eIntel Core i7-14700KF&#8221; un \u201eNVIDIA GeForce RTX 5060 Ti 16GB GDDR7&#8243; \u2013 \u012bpa\u0161i sabalans\u0113ts kombin\u0113jums 1440p un 4K sp\u0113l\u0113m ar<\/p>\n","protected":false},"featured_media":30753,"comment_status":"open","ping_status":"closed","template":"","meta":[],"product_brand":[],"product_cat":[495],"product_tag":[509],"class_list":{"0":"post-30807","1":"product","2":"type-product","3":"status-publish","4":"has-post-thumbnail","6":"product_cat-stacionarie-datori","7":"product_tag-ddr4-nuo-32gb-1tb","8":"pa_garantija-24-men-lv","9":"pa_prekes-zenklas-amberglow-lv","10":"pa_procesoriaus-branduoliai-20-cores-lv","11":"pa_vaizdo-plokstes-atmintis-16gb-lv","12":"pa_vaizdo-plokstes-modelis-rtx-5060-ti-lv","14":"first","15":"instock","16":"taxable","17":"shipping-taxable","18":"purchasable","19":"product-type-simple"},"_links":{"self":[{"href":"https:\/\/amberglow.lt\/lv\/wp-json\/wp\/v2\/product\/30807","targetHints":{"allow":["GET"]}}],"collection":[{"href":"https:\/\/amberglow.lt\/lv\/wp-json\/wp\/v2\/product"}],"about":[{"href":"https:\/\/amberglow.lt\/lv\/wp-json\/wp\/v2\/types\/product"}],"replies":[{"embeddable":true,"href":"https:\/\/amberglow.lt\/lv\/wp-json\/wp\/v2\/comments?post=30807"}],"version-history":[{"count":0,"href":"https:\/\/amberglow.lt\/lv\/wp-json\/wp\/v2\/product\/30807\/revisions"}],"wp:featuredmedia":[{"embeddable":true,"href":"https:\/\/amberglow.lt\/lv\/wp-json\/wp\/v2\/media\/30753"}],"wp:attachment":[{"href":"https:\/\/amberglow.lt\/lv\/wp-json\/wp\/v2\/media?parent=30807"}],"wp:term":[{"taxonomy":"product_brand","embeddable":true,"href":"https:\/\/amberglow.lt\/lv\/wp-json\/wp\/v2\/product_brand?post=30807"},{"taxonomy":"product_cat","embeddable":true,"href":"https:\/\/amberglow.lt\/lv\/wp-json\/wp\/v2\/product_cat?post=30807"},{"taxonomy":"product_tag","embeddable":true,"href":"https:\/\/amberglow.lt\/lv\/wp-json\/wp\/v2\/product_tag?post=30807"}],"curies":[{"name":"wp","href":"https:\/\/api.w.org\/{rel}","templated":true}]}}