{"id":30817,"date":"2025-10-07T09:14:50","date_gmt":"2025-10-07T06:14:50","guid":{"rendered":"https:\/\/amberglow.lt\/Bez%20kategorijas\/stacionarais-dators-i5-14600kf-rx-9060-xt-16gb\/"},"modified":"2026-04-27T16:58:09","modified_gmt":"2026-04-27T13:58:09","slug":"stacionarais-dators-i5-14600kf-rx-9060-xt-16gb","status":"publish","type":"product","link":"https:\/\/amberglow.lt\/lv\/stacionarie-datori\/stacionarais-dators-i5-14600kf-rx-9060-xt-16gb\/","title":{"rendered":"Stacion\u0101rais dators i5-14600KF, RX 9060 XT 16GB"},"content":{"rendered":"<p data-start=\"0\" data-end=\"126\"><strong data-start=\"0\" data-end=\"124\">&#8220;Intel Core i5-14600KF&#8221; un &#8220;AMD Radeon RX 9060 XT 16GB GDDR6&#8221; \u2013 jaud\u012bga un l\u012bdzsvarota kombin\u0101cija 1440p un 4K sp\u0113l\u0113m<\/strong><\/p>\n<p data-start=\"128\" data-end=\"450\">\u0160\u012b kombin\u0101cija ir rad\u012bta sp\u0113l\u0113t\u0101jiem, kuri v\u0113las uzticamu veiktsp\u0113ju un vienm\u0113r\u012bgu sp\u0113\u013cu darb\u012bbu gan 1440p, gan 4K iz\u0161\u0137irtsp\u0113j\u0101. &#8220;i5-14600KF&#8221; nodro\u0161ina lielu procesora \u0101trumu un stabilit\u0101ti, savuk\u0101rt &#8220;RX 9060 XT 16GB&#8221; ar jauno &#8220;RDNA 4&#8221; arhitekt\u016bru un 16 GB GDDR6 atmi\u0146u garant\u0113 izcilu grafikas veiktsp\u0113ju un izcilu att\u0113la kvalit\u0101ti. <\/p>\n<p data-start=\"452\" data-end=\"902\"><strong data-start=\"452\" data-end=\"491\">Procesors &#8220;Intel Core i5-14600KF&#8221;<\/strong><br data-start=\"491\" data-end=\"494\">Arhitekt\u016bra un kodoli: &#8220;Raptor Lake Refresh&#8221; arhitekt\u016bra ar 14 kodoliem (6 veiktsp\u0113jas + 8 efektivit\u0101tes) un 20 pavedieniem \u2013 l\u012bdzsvarota izv\u0113le sp\u0113l\u0113m un rado\u0161ajam darbam.<br data-start=\"672\" data-end=\"675\">Frekvence: 3,5 GHz b\u0101zes, turbo re\u017e\u012bm\u0101 l\u012bdz 5,3 GHz \u2013 nodro\u0161ina \u0101tru reakciju un augstu FPS pat pras\u012bg\u0101kaj\u0101s sp\u0113l\u0113s.<br data-start=\"795\" data-end=\"798\">Atmi\u0146a: 24 MB L3 ke\u0161atmi\u0146a \u2013 samazina aizkaves un uzlabo sist\u0113mas efektivit\u0101ti intens\u012bvu uzdevumu laik\u0101.<\/p>\n<p data-start=\"904\" data-end=\"1385\"><strong data-start=\"904\" data-end=\"957\">Videokarte &#8220;AMD Radeon RX 9060 XT 16GB GDDR6&#8221;<\/strong><br data-start=\"957\" data-end=\"960\">Arhitekt\u016bra: &#8220;RDNA 4&#8221; \u2013 jaun\u0101s paaudzes AMD arhitekt\u016bra, kas izce\u013cas ar palielin\u0101tu veiktsp\u0113ju, lab\u0101ku ener\u0123ijas efektivit\u0101ti un modernu AI un staru izseko\u0161anas pa\u0101trin\u0101jumu.<br data-start=\"1119\" data-end=\"1122\">Atmi\u0146a: 16 GB GDDR6 \u2013 nodro\u0161ina pietiekamu ietilp\u012bbu un \u0101trumu augstas iz\u0161\u0137irtsp\u0113jas tekst\u016br\u0101m un 4K sp\u0113l\u0113m.<br data-start=\"1226\" data-end=\"1229\">Tehnolo\u0123ijas: &#8220;FSR 3&#8221; ar &#8220;Frame Generation&#8221; palielina FPS, bet uzlabot\u0101 staru izseko\u0161ana nodro\u0161ina re\u0101listisku apgaismojumu un \u0113nas bez liela veiktsp\u0113jas zuduma.<\/p>\n<p data-start=\"831\" data-end=\"1186\"><strong>Pilna specifik\u0101cija:<\/strong><\/p>\n<ul>\n<li><strong>Intel Core i5-14600KF: <\/strong>14 kodoli, 20 pavedieni, 3.5-5.3GHz<\/li>\n<li><span data-sheets-root=\"1\"><strong>ASRock B760M PG Lightning D4<\/strong> vai l\u012bdz\u012bga<\/span><\/li>\n<li><strong>Arctic Freezer 36<\/strong> vai l\u012bdz\u012bgs<\/li>\n<li><span data-sheets-root=\"1\"><strong>32GB (2x16GB) DDR4 3200MHz | G.Skill Aegis<\/strong> vai l\u012bdz\u012bgi<\/span><\/li>\n<li><strong>Kingston NV3 1TB NVMe M.2 SSD <\/strong><\/li>\n<li><span data-sheets-root=\"1\"><strong>AMD Radeon RX 9060 XT 16GB GDDR6 | ASRock Challenger OC<\/strong> vai l\u012bdz\u012bga<\/span><\/li>\n<li><span data-sheets-root=\"1\"><strong>Chieftec 650W 80+ Bronze<\/strong> vai l\u012bdz\u012bgs<\/span><\/li>\n<\/ul>\n<p data-start=\"1667\" data-end=\"1718\"><strong data-start=\"1645\" data-end=\"1695\">Paredzamie FPS rezult\u0101ti 1440p un 4K iz\u0161\u0137irtsp\u0113j\u0101:<\/strong><br data-start=\"1695\" data-end=\"1698\">Cyberpunk 2077 \u2013 ~145 FPS (1440p, High + FSR Quality) \/ ~100 FPS (4K, High + FSR Balanced)<br data-start=\"1788\" data-end=\"1791\">Call of Duty: Black Ops 6 \u2013 ~200 FPS (1440p, High) \/ ~140 FPS (4K, High)<br data-start=\"1863\" data-end=\"1866\">Forza Horizon 5 \u2013 ~175 FPS (1440p, Ultra) \/ ~125 FPS (4K, Ultra)<br data-start=\"1930\" data-end=\"1933\">Assassin&#8217;s Creed Mirage \u2013 ~155 FPS (1440p, High) \/ ~115 FPS (4K, High)<br data-start=\"2003\" data-end=\"2006\">Alan Wake 2 \u2013 ~110 FPS (1440p, High RT + FSR) \/ ~80 FPS (4K, High + FSR Balanced)<\/p>\n<p><em>\u0160ie skait\u013ci realit\u0101t\u0113 var at\u0161\u0137irties atkar\u012bb\u0101 no konkr\u0113tiem sp\u0113les iestat\u012bjumiem, optimiz\u0101cijas un citiem sist\u0113mas komponentiem.<\/em><\/p>\n","protected":false},"excerpt":{"rendered":"<p>&#8220;Intel Core i5-14600KF&#8221; un &#8220;AMD Radeon RX 9060 XT 16GB GDDR6&#8221; \u2013 jaud\u012bga un l\u012bdzsvarota kombin\u0101cija 1440p un 4K sp\u0113l\u0113m<\/p>\n","protected":false},"featured_media":30814,"comment_status":"open","ping_status":"closed","template":"","meta":[],"product_brand":[],"product_cat":[495],"product_tag":[509],"class_list":{"0":"post-30817","1":"product","2":"type-product","3":"status-publish","4":"has-post-thumbnail","6":"product_cat-stacionarie-datori","7":"product_tag-ddr4-nuo-32gb-1tb","8":"pa_garantija-24-men-lv","9":"pa_prekes-zenklas-amberglow-lv","10":"pa_procesoriaus-branduoliai-14-cores-lv","11":"pa_vaizdo-plokstes-atmintis-16gb-lv","12":"pa_vaizdo-plokstes-modelis-rx-9060-xt-lv","14":"first","15":"instock","16":"taxable","17":"shipping-taxable","18":"purchasable","19":"product-type-simple"},"_links":{"self":[{"href":"https:\/\/amberglow.lt\/lv\/wp-json\/wp\/v2\/product\/30817","targetHints":{"allow":["GET"]}}],"collection":[{"href":"https:\/\/amberglow.lt\/lv\/wp-json\/wp\/v2\/product"}],"about":[{"href":"https:\/\/amberglow.lt\/lv\/wp-json\/wp\/v2\/types\/product"}],"replies":[{"embeddable":true,"href":"https:\/\/amberglow.lt\/lv\/wp-json\/wp\/v2\/comments?post=30817"}],"version-history":[{"count":0,"href":"https:\/\/amberglow.lt\/lv\/wp-json\/wp\/v2\/product\/30817\/revisions"}],"wp:featuredmedia":[{"embeddable":true,"href":"https:\/\/amberglow.lt\/lv\/wp-json\/wp\/v2\/media\/30814"}],"wp:attachment":[{"href":"https:\/\/amberglow.lt\/lv\/wp-json\/wp\/v2\/media?parent=30817"}],"wp:term":[{"taxonomy":"product_brand","embeddable":true,"href":"https:\/\/amberglow.lt\/lv\/wp-json\/wp\/v2\/product_brand?post=30817"},{"taxonomy":"product_cat","embeddable":true,"href":"https:\/\/amberglow.lt\/lv\/wp-json\/wp\/v2\/product_cat?post=30817"},{"taxonomy":"product_tag","embeddable":true,"href":"https:\/\/amberglow.lt\/lv\/wp-json\/wp\/v2\/product_tag?post=30817"}],"curies":[{"name":"wp","href":"https:\/\/api.w.org\/{rel}","templated":true}]}}