{"id":30922,"date":"2025-09-26T15:27:35","date_gmt":"2025-09-26T12:27:35","guid":{"rendered":"https:\/\/amberglow.lt\/Bez%20kategorijas\/stacionarais-dators-ryzen-7-9800x3d-rtx-5070-ti-16gb\/"},"modified":"2026-05-10T11:56:48","modified_gmt":"2026-05-10T08:56:48","slug":"stacionarais-dators-ryzen-7-9800x3d-rtx-5070-ti-16gb","status":"publish","type":"product","link":"https:\/\/amberglow.lt\/lv\/stacionarie-datori\/stacionarais-dators-ryzen-7-9800x3d-rtx-5070-ti-16gb\/","title":{"rendered":"Stacion\u0101rais dators Ryzen 7 9800X3D, RTX 5070 Ti 16GB"},"content":{"rendered":"<p data-start=\"197\" data-end=\"302\"><strong>AMD Ryzen 7 9800X3D un NVIDIA GeForce RTX 5070 Ti 16GB GDDR7 \u2013 jaud\u012bgs apvienojums 1440p un 4K sp\u0113l\u0113m<\/strong><\/p>\n<p data-start=\"304\" data-end=\"721\">\u0160is apvienojums ir paredz\u0113ts sp\u0113l\u0113t\u0101jiem, kuri v\u0113las maksim\u0101lu veiktsp\u0113ju 1440p iz\u0161\u0137irtsp\u0113j\u0101 un v\u0113las bez kompromisiem baud\u012bt 4K sp\u0113les ar augstiem un ultra grafikas iestat\u012bjumiem. Ryzen 7 9800X3D ar 3D V-Cache tehnolo\u0123iju ir viens no \u0101tr\u0101kajiem procesoriem sp\u0113l\u0113m, nodro\u0161inot augstu un stabilu FPS, savuk\u0101rt RTX 5070 Ti 16GB GDDR7 nodro\u0161ina lielu grafisko jaudu, kas \u013cauj izmantot ray tracing un modernas NVIDIA tehnolo\u0123ijas. <\/p>\n<p data-start=\"723\" data-end=\"756\"><strong>Procesors AMD Ryzen 7 9800X3D<\/strong><\/p>\n<p data-start=\"758\" data-end=\"1161\">Arhitekt\u016bra un kodoli Zen 5 arhitekt\u016bra, 8 kodoli un 16 pavedieni, papildin\u0101ta ar 3D V-Cache, optimiz\u0113ta maksim\u0101lam sp\u0113\u013cu \u0101trumam.<br data-start=\"896\" data-end=\"899\">Frekvence Augsta b\u0101zes frekvence un turbo re\u017e\u012bms l\u012bdz aptuveni 5,2\u20135,3 GHz \u013cauj uztur\u0113t stabilu FPS pat sare\u017e\u0123\u012bt\u0101s sp\u0113\u013cu ain\u0101s.<br data-start=\"1032\" data-end=\"1035\">Atmi\u0146a 96 MB L3 3D V-Cache iev\u0113rojami uzlabo sp\u0113\u013cu vienm\u0113r\u012bgumu, samazina iel\u0101des laikus un uzlabo procesora reakciju.<\/p>\n<p data-start=\"1163\" data-end=\"1217\"><strong>Videokarte NVIDIA GeForce RTX 5070 Ti 16GB GDDR7<\/strong><\/p>\n<p data-start=\"1219\" data-end=\"1589\">Arhitekt\u016bra Jaun\u0101s paaudzes NVIDIA arhitekt\u016bra ar CUDA, RT un Tensor kodoliem, kas atbalsta DLSS 3.5, Frame Generation un uzlabotu ray tracing.<br data-start=\"1363\" data-end=\"1366\">Atmi\u0146a 16 GB GDDR7 nodro\u0161ina pietiekamu rezervi 1440p un 4K AAA sp\u0113l\u0113m, k\u0101 ar\u012b n\u0101kotnes projektiem.<br data-start=\"1471\" data-end=\"1474\">Tehnolo\u0123ijas DLSS 3.5 \u013cauj uztur\u0113t augstu kadru frekvenci pat tad, ja ir iesl\u0113gti sare\u017e\u0123\u012bti grafikas efekti un ray tracing<\/p>\n<p data-start=\"831\" data-end=\"1186\"><strong>Pilna specifik\u0101cija:<\/strong><\/p>\n<ul>\n<li><strong>AMD Ryzen 7 9800X3D: <\/strong>8 kodoli, 16 pavedienu, 4,7-5,2GHz<\/li>\n<li><span data-sheets-root=\"1\"><strong>ASRock B850 PRO RS<\/strong> vai l\u012bdz\u012bga<\/span><\/li>\n<li><span data-sheets-root=\"1\"><strong>Arctic Freezer 36<\/strong> vai l\u012bdz\u012bgs<\/span><\/li>\n<li><span data-sheets-root=\"1\"><strong>32GB (2x16GB) DDR5 6000MHz | Corsair Vengeance<\/strong> vai l\u012bdz\u012bgi<\/span><\/li>\n<li><strong>Kingston NV3 1TB NVMe M.2 SSD <\/strong><\/li>\n<li><span data-sheets-root=\"1\"><strong>Nvidia GeForce RTX 5070 Ti 16GB GDDR7 | MSI Shadow 3X OC<\/strong> vai l\u012bdz\u012bga<\/span><\/li>\n<li><span data-sheets-root=\"1\"><strong>Chieftec 850W 80+ Gold<\/strong> vai l\u012bdz\u012bgs<\/span><\/li>\n<\/ul>\n<p data-start=\"1667\" data-end=\"1718\"><strong data-start=\"1394\" data-end=\"1444\">Prognoz\u0113jamie FPS rezult\u0101ti 1440p un 4K iz\u0161\u0137irtsp\u0113j\u0101s:<\/strong><br data-start=\"1444\" data-end=\"1447\">Cyberpunk 2077 \u2013 ~150 FPS (1440p, Ultra + DLSS Quality) \/ ~110 FPS (4K, High + DLSS Balanced)<br data-start=\"1540\" data-end=\"1543\">Call of Duty: Black Ops 6 \u2013 ~205 FPS (1440p, Ultra) \/ ~150 FPS (4K, Ultra)<br data-start=\"1617\" data-end=\"1620\">Forza Horizon 5 \u2013 ~185 FPS (1440p, Ultra) \/ ~135 FPS (4K, Ultra)<br data-start=\"1684\" data-end=\"1687\">Assassin\u2019s Creed Mirage \u2013 ~160 FPS (1440p, High) \/ ~120 FPS (4K, High)<br data-start=\"1757\" data-end=\"1760\">Alan Wake 2 \u2013 ~130 FPS (1440p, High RT + DLSS) \/ ~95 FPS (4K, High + DLSS Balanced)<\/p>\n<p><em>\u0160ie skait\u013ci realit\u0101t\u0113 var at\u0161\u0137irties atkar\u012bb\u0101 no konkr\u0113tiem sp\u0113les iestat\u012bjumiem, optimiz\u0101cijas un citiem sist\u0113mas komponentiem.<\/em><\/p>\n","protected":false},"excerpt":{"rendered":"<p>AMD Ryzen 7 9800X3D un NVIDIA GeForce RTX 5070 Ti 16GB GDDR7 \u2013 jaud\u012bgs apvienojums 1440p un 4K sp\u0113l\u0113m \u0160is<\/p>\n","protected":false},"featured_media":30923,"comment_status":"open","ping_status":"closed","template":"","meta":[],"product_brand":[1749],"product_cat":[495,1762],"product_tag":[505],"class_list":{"0":"post-30922","1":"product","2":"type-product","3":"status-publish","4":"has-post-thumbnail","6":"product_brand-amberglow","7":"product_cat-stacionarie-datori","8":"product_cat-nedelas-piedavajumi","9":"product_tag-ddr5-nuo-32gb-1tb","10":"pa_garantija-24-men-lv","11":"pa_prekes-zenklas-amberglow-lv","12":"pa_procesoriaus-branduoliai-8-cores-lv","13":"pa_vaizdo-plokstes-atmintis-16gb-lv","14":"pa_vaizdo-plokstes-modelis-rtx-5070-ti-lv","16":"first","17":"instock","18":"sale","19":"taxable","20":"shipping-taxable","21":"purchasable","22":"product-type-simple"},"_links":{"self":[{"href":"https:\/\/amberglow.lt\/lv\/wp-json\/wp\/v2\/product\/30922","targetHints":{"allow":["GET"]}}],"collection":[{"href":"https:\/\/amberglow.lt\/lv\/wp-json\/wp\/v2\/product"}],"about":[{"href":"https:\/\/amberglow.lt\/lv\/wp-json\/wp\/v2\/types\/product"}],"replies":[{"embeddable":true,"href":"https:\/\/amberglow.lt\/lv\/wp-json\/wp\/v2\/comments?post=30922"}],"version-history":[{"count":0,"href":"https:\/\/amberglow.lt\/lv\/wp-json\/wp\/v2\/product\/30922\/revisions"}],"wp:featuredmedia":[{"embeddable":true,"href":"https:\/\/amberglow.lt\/lv\/wp-json\/wp\/v2\/media\/30923"}],"wp:attachment":[{"href":"https:\/\/amberglow.lt\/lv\/wp-json\/wp\/v2\/media?parent=30922"}],"wp:term":[{"taxonomy":"product_brand","embeddable":true,"href":"https:\/\/amberglow.lt\/lv\/wp-json\/wp\/v2\/product_brand?post=30922"},{"taxonomy":"product_cat","embeddable":true,"href":"https:\/\/amberglow.lt\/lv\/wp-json\/wp\/v2\/product_cat?post=30922"},{"taxonomy":"product_tag","embeddable":true,"href":"https:\/\/amberglow.lt\/lv\/wp-json\/wp\/v2\/product_tag?post=30922"}],"curies":[{"name":"wp","href":"https:\/\/api.w.org\/{rel}","templated":true}]}}