{"id":30955,"date":"2025-10-01T10:28:01","date_gmt":"2025-10-01T07:28:01","guid":{"rendered":"https:\/\/amberglow.lt\/Bez%20kategorijas\/stacionarais-dators-ryzen-5-5500-rx-9060-xt-16gb\/"},"modified":"2026-04-27T16:56:42","modified_gmt":"2026-04-27T13:56:42","slug":"stacionarais-dators-ryzen-5-5500-rx-9060-xt-16gb","status":"publish","type":"product","link":"https:\/\/amberglow.lt\/lv\/stacionarie-datori\/stacionarais-dators-ryzen-5-5500-rx-9060-xt-16gb\/","title":{"rendered":"Stacion\u0101rais dators Ryzen 5 5500, RX 9060 XT 16GB"},"content":{"rendered":"<p data-start=\"0\" data-end=\"108\"><strong data-start=\"0\" data-end=\"106\">AMD Ryzen 5 5500 un AMD Radeon RX 9060 XT 16GB \u2013 jaud\u012bga kombin\u0101cija 1440p sp\u0113l\u0113m un gatava 4K<\/strong><\/p>\n<p data-start=\"110\" data-end=\"472\">\u0160\u012b kombin\u0101cija ir paredz\u0113ta sp\u0113l\u0113t\u0101jiem, kuri v\u0113las izcilu veiktsp\u0113ju 1440p iz\u0161\u0137irtsp\u0113j\u0101 un v\u0113las s\u0101kt baud\u012bt 4K pieredzi. Ryzen 5 5500 nodro\u0161ina pietiekamu jaudu m\u016bsdienu sp\u0113l\u0113m, bet RX 9060 XT 16GB ar RDNA 4 arhitekt\u016bru un lielo VRAM ietilp\u012bbu nodro\u0161ina vienm\u0113r\u012bgu FPS AAA sp\u0113l\u0113s un atbalsta modern\u0101s AMD tehnolo\u0123ijas, piem\u0113ram, FSR 3 un ray tracing. <\/p>\n<p data-start=\"474\" data-end=\"827\"><strong data-start=\"474\" data-end=\"508\">Procesors AMD Ryzen 5 5500<\/strong><br data-start=\"508\" data-end=\"511\">Arhitekt\u016bra un kodoli: Zen 3 arhitekt\u016bra, 6 kodoli un 12 pavedienu \u2013 piem\u0113rota izv\u0113le bud\u017eeta sp\u0113\u013cu datoram.<br data-start=\"645\" data-end=\"648\">Frekvence: 3,6 GHz b\u0101zes, turbo re\u017e\u012bm\u0101 l\u012bdz 4,2 GHz \u2013 pietiekama veiktsp\u0113ja liel\u0101kajai da\u013cai sp\u0113\u013cu.<br data-start=\"737\" data-end=\"740\">Atmi\u0146a: 16 MB L3 ke\u0161atmi\u0146a \u2013 pal\u012bdz uzlabot sp\u0113\u013cu veiktsp\u0113ju un samazin\u0101t aizkaves.<\/p>\n<p data-start=\"829\" data-end=\"1157\"><strong data-start=\"829\" data-end=\"876\">Videokarte AMD Radeon RX 9060 XT 16GB<\/strong><br data-start=\"876\" data-end=\"879\">Arhitekt\u016bra: RDNA 4 ar RT un AI pa\u0101trin\u0101t\u0101jiem \u2013 jaun\u0101s paaudzes veiktsp\u0113ja un efektivit\u0101te.<br data-start=\"967\" data-end=\"970\">Atmi\u0146a: 16 GB GDDR6 \u2013 lielisks apjoms 1440p sp\u0113l\u0113m un pietiekams 4K pieredzei.<br data-start=\"1051\" data-end=\"1054\">Tehnolo\u0123ijas: FSR 3 ar Frame Generation \u013cauj baud\u012bt augst\u0101ku FPS pat izmantojot ray tracing.<\/p>\n<p data-start=\"831\" data-end=\"1186\"><strong>Pilna specifik\u0101cija:<\/strong><\/p>\n<ul>\n<li><strong>AMD Ryzen 5 5500: <\/strong>6 kodoli, 12 pavedienu, 3,6-4,2GHz<\/li>\n<li><span data-sheets-root=\"1\"><strong>ASUS PRIME A520M-K<\/strong> vai l\u012bdz\u012bga<\/span><\/li>\n<li><span data-sheets-root=\"1\"><strong>XILENCE XC229 Performance Tower CPU Cooler<\/strong> vai l\u012bdz\u012bgs<\/span><\/li>\n<li><span data-sheets-root=\"1\"><strong>16GB DDR4 3200MHz | G.Skill Aegis<\/strong> vai l\u012bdz\u012bgi<\/span><\/li>\n<li><strong>MSI Spatium M371 500GB NVMe M.2 SSD <\/strong><\/li>\n<li><span data-sheets-root=\"1\"><strong>AMD Radeon RX 9060 XT 16GB GDDR6 | ASRock Challenger OC<\/strong> vai l\u012bdz\u012bga<\/span><\/li>\n<li><span data-sheets-root=\"1\"><strong>Chieftec 650W 80+ Bronze<\/strong> vai l\u012bdz\u012bgs<\/span><\/li>\n<\/ul>\n<p data-start=\"1667\" data-end=\"1718\"><strong data-start=\"1407\" data-end=\"1457\">Paredzamie FPS rezult\u0101ti 1440p un 4K iz\u0161\u0137irtsp\u0113j\u0101:<\/strong><br data-start=\"1457\" data-end=\"1460\">Cyberpunk 2077 \u2013 ~125 FPS (1440p, High + FSR Quality) \/ ~90 FPS (4K, High + FSR Balanced)<br data-start=\"1549\" data-end=\"1552\">Call of Duty: Black Ops 6 \u2013 ~175 FPS (1440p, High) \/ ~125 FPS (4K, High)<br data-start=\"1624\" data-end=\"1627\">Forza Horizon 5 \u2013 ~155 FPS (1440p, Ultra) \/ ~115 FPS (4K, Ultra)<br data-start=\"1691\" data-end=\"1694\">Assassin&#8217;s Creed Mirage \u2013 ~135 FPS (1440p, High) \/ ~100 FPS (4K, High)<br data-start=\"1764\" data-end=\"1767\">Alan Wake 2 \u2013 ~105 FPS (1440p, High RT + FSR) \/ ~75 FPS (4K, High + FSR Balanced)<\/p>\n<p><em>\u0160ie skait\u013ci realit\u0101t\u0113 var at\u0161\u0137irties atkar\u012bb\u0101 no konkr\u0113tiem sp\u0113les iestat\u012bjumiem, optimiz\u0101cijas un citiem sist\u0113mas komponentiem.<\/em><\/p>\n","protected":false},"excerpt":{"rendered":"<p>AMD Ryzen 5 5500 un AMD Radeon RX 9060 XT 16GB \u2013 jaud\u012bga kombin\u0101cija 1440p sp\u0113l\u0113m un gatava 4K \u0160\u012b<\/p>\n","protected":false},"featured_media":30953,"comment_status":"open","ping_status":"closed","template":"","meta":[],"product_brand":[1749],"product_cat":[495],"product_tag":[508],"class_list":{"0":"post-30955","1":"product","2":"type-product","3":"status-publish","4":"has-post-thumbnail","6":"product_brand-amberglow","7":"product_cat-stacionarie-datori","8":"product_tag-ddr4-nuo-16gb-512gb","9":"pa_garantija-24-men-lv","10":"pa_prekes-zenklas-amberglow-lv","11":"pa_procesoriaus-branduoliai-6-cores-lv","12":"pa_vaizdo-plokstes-atmintis-16gb-lv","13":"pa_vaizdo-plokstes-modelis-rx-9060-xt-lv","15":"first","16":"instock","17":"taxable","18":"shipping-taxable","19":"purchasable","20":"product-type-simple"},"_links":{"self":[{"href":"https:\/\/amberglow.lt\/lv\/wp-json\/wp\/v2\/product\/30955","targetHints":{"allow":["GET"]}}],"collection":[{"href":"https:\/\/amberglow.lt\/lv\/wp-json\/wp\/v2\/product"}],"about":[{"href":"https:\/\/amberglow.lt\/lv\/wp-json\/wp\/v2\/types\/product"}],"replies":[{"embeddable":true,"href":"https:\/\/amberglow.lt\/lv\/wp-json\/wp\/v2\/comments?post=30955"}],"version-history":[{"count":0,"href":"https:\/\/amberglow.lt\/lv\/wp-json\/wp\/v2\/product\/30955\/revisions"}],"wp:featuredmedia":[{"embeddable":true,"href":"https:\/\/amberglow.lt\/lv\/wp-json\/wp\/v2\/media\/30953"}],"wp:attachment":[{"href":"https:\/\/amberglow.lt\/lv\/wp-json\/wp\/v2\/media?parent=30955"}],"wp:term":[{"taxonomy":"product_brand","embeddable":true,"href":"https:\/\/amberglow.lt\/lv\/wp-json\/wp\/v2\/product_brand?post=30955"},{"taxonomy":"product_cat","embeddable":true,"href":"https:\/\/amberglow.lt\/lv\/wp-json\/wp\/v2\/product_cat?post=30955"},{"taxonomy":"product_tag","embeddable":true,"href":"https:\/\/amberglow.lt\/lv\/wp-json\/wp\/v2\/product_tag?post=30955"}],"curies":[{"name":"wp","href":"https:\/\/api.w.org\/{rel}","templated":true}]}}