{"id":30958,"date":"2025-10-01T14:19:36","date_gmt":"2025-10-01T11:19:36","guid":{"rendered":"https:\/\/amberglow.lt\/Bez%20kategorijas\/stacionarais-dators-ryzen-9-9950x3d-rtx-5070-ti-16gb\/"},"modified":"2026-04-27T16:56:40","modified_gmt":"2026-04-27T13:56:40","slug":"stacionarais-dators-ryzen-9-9950x3d-rtx-5070-ti-16gb","status":"publish","type":"product","link":"https:\/\/amberglow.lt\/lv\/stacionarie-datori\/stacionarais-dators-ryzen-9-9950x3d-rtx-5070-ti-16gb\/","title":{"rendered":"Stacion\u0101rais dators Ryzen 9 9950X3D, RTX 5070 Ti 16GB"},"content":{"rendered":"<p data-start=\"0\" data-end=\"116\"><strong data-start=\"0\" data-end=\"114\">AMD Ryzen 9 9950X3D un NVIDIA GeForce RTX 5070 Ti 16GB GDDR7 \u2013 \u012bpa\u0161i jaud\u012bgs apvienojums 1440p un 4K sp\u0113l\u0113m<\/strong><\/p>\n<p data-start=\"118\" data-end=\"519\">\u0160is apvienojums ir paredz\u0113ts sp\u0113l\u0113t\u0101jiem, kuri v\u0113las maksim\u0101li izmantot augstu veiktsp\u0113ju gan 1440p, gan 4K iz\u0161\u0137irtsp\u0113j\u0101. Ryzen 9 9950X3D ar 3D V-Cache nodro\u0161ina liel\u0101ko FPS p\u0101rsvaru procesora ierobe\u017eotos scen\u0101rijos, savuk\u0101rt RTX 5070 Ti 16GB GDDR7 ar liel\u0101ku VRAM ietilp\u012bbu \u013cauj vienm\u0113r\u012bgi baud\u012bt AAA sp\u0113les ar augstiem grafikas iestat\u012bjumiem, ray tracing un DLSS 3.5 un Frame Generation tehnolo\u0123ij\u0101m. <\/p>\n<p data-start=\"521\" data-end=\"921\"><strong data-start=\"521\" data-end=\"558\">Procesors AMD Ryzen 9 9950X3D<\/strong><br data-start=\"558\" data-end=\"561\">Arhitekt\u016bra un kodoli: Zen 5 arhitekt\u016bra ar 16 kodoliem un 32 pavedieniem un 3D V-Cache \u2013 augst\u0101k\u0101 l\u012bme\u0146a risin\u0101jums sp\u0113l\u0113m un darbam.<br data-start=\"708\" data-end=\"711\">Frekvence: 4,3 GHz b\u0101zes, turbo re\u017e\u012bm\u0101 l\u012bdz 5,7 GHz \u2013 nodro\u0161ina maksim\u0101lu veiktsp\u0113ju gan viena, gan daudzpavedienu uzdevumos.<br data-start=\"831\" data-end=\"834\">Atmi\u0146a: 128 MB L3 3D V-Cache \u2013 iev\u0113rojami palielina FPS, \u012bpa\u0161i 1080p un 1440p iz\u0161\u0137irtsp\u0113j\u0101s.<\/p>\n<p data-start=\"923\" data-end=\"1313\"><strong data-start=\"923\" data-end=\"981\">Videokarte NVIDIA GeForce RTX 5070 Ti 16GB GDDR7<\/strong><br data-start=\"981\" data-end=\"984\">Arhitekt\u016bra: Ada Lovelace ar CUDA, RT un Tensor kodoliem \u2013 vismodern\u0101k\u0101 NVIDIA grafikas arhitekt\u016bra.<br data-start=\"1092\" data-end=\"1095\">Atmi\u0146a: 16 GB GDDR7 \u2013 optim\u0101ls daudzums 1440p AAA sp\u0113l\u0113m un pietiekams 4K scen\u0101rijiem.<br data-start=\"1185\" data-end=\"1188\">Tehnolo\u0123ijas: DLSS 3.5 un Frame Generation nodro\u0161ina vienm\u0113r\u012bgu FPS pat iesl\u0113dzot ray tracing un augstus grafikas iestat\u012bjumus.<\/p>\n<p data-start=\"831\" data-end=\"1186\"><strong>Pilna specifik\u0101cija:<\/strong><\/p>\n<ul>\n<li><strong>AMD Ryzen 9 9950X3D: <\/strong>16 kodoli, 32 pavedieni, 4.3-5.7GHz<\/li>\n<li><span data-sheets-root=\"1\"><strong>MSI X870E GAMING PLUS WIFI<\/strong> vai l\u012bdz\u012bga<\/span><\/li>\n<li><span data-sheets-root=\"1\"><strong>DeepCool AG620 BK ARGB V2<\/strong> vai l\u012bdz\u012bgs<\/span><\/li>\n<li><span data-sheets-root=\"1\"><strong>32GB (2x16GB) DDR5 6000MHz | Corsair Vengeance<\/strong> vai l\u012bdz\u012bgi<\/span><\/li>\n<li><strong>Kingston NV3 1TB NVMe M.2 SSD <\/strong><\/li>\n<li><span data-sheets-root=\"1\"><strong>Nvidia GeForce RTX 5070 Ti 16GB GDDR7 | MSI Shadow 3X OC<\/strong> vai l\u012bdz\u012bga<\/span><\/li>\n<li><span data-sheets-root=\"1\"><strong>Chieftec 850W 80+ Gold<\/strong> vai l\u012bdz\u012bgs<\/span><\/li>\n<\/ul>\n<p data-start=\"1667\" data-end=\"1718\"><strong data-start=\"1594\" data-end=\"1644\">Paredzamie FPS rezult\u0101ti 1440p un 4K iz\u0161\u0137irtsp\u0113j\u0101s:<\/strong><br data-start=\"1644\" data-end=\"1647\">Cyberpunk 2077 \u2013 ~175 FPS (1440p, Ultra + DLSS Quality) \/ ~125 FPS (4K, Ultra + DLSS Balanced)<br data-start=\"1741\" data-end=\"1744\">Call of Duty: Black Ops 6 \u2013 ~225 FPS (1440p, Ultra) \/ ~165 FPS (4K, High)<br data-start=\"1817\" data-end=\"1820\">Forza Horizon 5 \u2013 ~195 FPS (1440p, Ultra) \/ ~145 FPS (4K, Ultra)<br data-start=\"1884\" data-end=\"1887\">Assassin\u2019s Creed Mirage \u2013 ~175 FPS (1440p, High) \/ ~130 FPS (4K, High)<br data-start=\"1957\" data-end=\"1960\">Alan Wake 2 \u2013 ~135 FPS (1440p, High RT + DLSS) \/ ~100 FPS (4K, High + DLSS Balanced)<\/p>\n<p><em>\u0160ie skait\u013ci realit\u0101t\u0113 var at\u0161\u0137irties atkar\u012bb\u0101 no konkr\u0113tiem sp\u0113les iestat\u012bjumiem, optimiz\u0101cijas un citiem sist\u0113mas komponentiem.<\/em><\/p>\n","protected":false},"excerpt":{"rendered":"<p>AMD Ryzen 9 9950X3D un NVIDIA GeForce RTX 5070 Ti 16GB GDDR7 \u2013 \u012bpa\u0161i jaud\u012bgs apvienojums 1440p un 4K sp\u0113l\u0113m<\/p>\n","protected":false},"featured_media":30679,"comment_status":"open","ping_status":"closed","template":"","meta":[],"product_brand":[1749],"product_cat":[495],"product_tag":[505],"class_list":{"0":"post-30958","1":"product","2":"type-product","3":"status-publish","4":"has-post-thumbnail","6":"product_brand-amberglow","7":"product_cat-stacionarie-datori","8":"product_tag-ddr5-nuo-32gb-1tb","9":"pa_garantija-24-men-lv","10":"pa_prekes-zenklas-amberglow-lv","11":"pa_procesoriaus-branduoliai-16-cores-lv","12":"pa_vaizdo-plokstes-atmintis-16gb-lv","13":"pa_vaizdo-plokstes-modelis-rtx-5070-ti-lv","15":"first","16":"instock","17":"featured","18":"taxable","19":"shipping-taxable","20":"purchasable","21":"product-type-simple"},"_links":{"self":[{"href":"https:\/\/amberglow.lt\/lv\/wp-json\/wp\/v2\/product\/30958","targetHints":{"allow":["GET"]}}],"collection":[{"href":"https:\/\/amberglow.lt\/lv\/wp-json\/wp\/v2\/product"}],"about":[{"href":"https:\/\/amberglow.lt\/lv\/wp-json\/wp\/v2\/types\/product"}],"replies":[{"embeddable":true,"href":"https:\/\/amberglow.lt\/lv\/wp-json\/wp\/v2\/comments?post=30958"}],"version-history":[{"count":0,"href":"https:\/\/amberglow.lt\/lv\/wp-json\/wp\/v2\/product\/30958\/revisions"}],"wp:featuredmedia":[{"embeddable":true,"href":"https:\/\/amberglow.lt\/lv\/wp-json\/wp\/v2\/media\/30679"}],"wp:attachment":[{"href":"https:\/\/amberglow.lt\/lv\/wp-json\/wp\/v2\/media?parent=30958"}],"wp:term":[{"taxonomy":"product_brand","embeddable":true,"href":"https:\/\/amberglow.lt\/lv\/wp-json\/wp\/v2\/product_brand?post=30958"},{"taxonomy":"product_cat","embeddable":true,"href":"https:\/\/amberglow.lt\/lv\/wp-json\/wp\/v2\/product_cat?post=30958"},{"taxonomy":"product_tag","embeddable":true,"href":"https:\/\/amberglow.lt\/lv\/wp-json\/wp\/v2\/product_tag?post=30958"}],"curies":[{"name":"wp","href":"https:\/\/api.w.org\/{rel}","templated":true}]}}