{"id":30966,"date":"2025-10-02T10:35:18","date_gmt":"2025-10-02T07:35:18","guid":{"rendered":"https:\/\/amberglow.lt\/Bez%20kategorijas\/stacionarais-dators-ryzen-9-9950x3d-rx-9060-xt-16gb\/"},"modified":"2026-04-27T16:56:40","modified_gmt":"2026-04-27T13:56:40","slug":"stacionarais-dators-ryzen-9-9950x3d-rx-9060-xt-16gb","status":"publish","type":"product","link":"https:\/\/amberglow.lt\/lv\/stacionarie-datori\/stacionarais-dators-ryzen-9-9950x3d-rx-9060-xt-16gb\/","title":{"rendered":"Stacion\u0101rais dators Ryzen 9 9950X3D, RX 9060 XT 16GB"},"content":{"rendered":"<p data-start=\"0\" data-end=\"100\"><strong data-start=\"0\" data-end=\"98\">AMD Ryzen 9 9950X3D un AMD Radeon RX 9060 XT 16GB \u2013 jaud\u012bga kombin\u0101cija 1440p un 4K sp\u0113l\u0113m<\/strong><\/p>\n<p data-start=\"102\" data-end=\"530\">\u0160\u012b kombin\u0101cija ir paredz\u0113ta sp\u0113l\u0113t\u0101jiem, kuri v\u0113las izmantot \u012bpa\u0161i jaud\u012bga procesora priek\u0161roc\u012bbas ar progres\u012bvu vid\u0113j\u0101s-augst\u0101k\u0101s klases videokarti. Ryzen 9 9950X3D ar 3D V-Cache nodro\u0161ina augst\u0101ko FPS daudz\u0101s sp\u0113l\u0113s, bet RX 9060 XT 16GB nodro\u0161ina pietiekami daudz VRAM un grafisko resursu, lai var\u0113tu baud\u012bt AAA sp\u0113les 1440p iz\u0161\u0137irtsp\u0113j\u0101 ar augstiem iestat\u012bjumiem un stabilu 4K pieredzi, izmantojot FSR 3 un ray tracing. <\/p>\n<p data-start=\"532\" data-end=\"922\"><strong data-start=\"532\" data-end=\"569\">Procesors AMD Ryzen 9 9950X3D<\/strong><br data-start=\"569\" data-end=\"572\">Arhitekt\u016bra un kodoli: Zen 5 arhitekt\u016bra, 16 kodoli un 32 pavedienu ar 3D V-Cache \u2013 nevainojama izv\u0113le sp\u0113l\u0113m un darbam.<br data-start=\"715\" data-end=\"718\">Frekvence: 4,3 GHz b\u0101zes, turbo re\u017e\u012bm\u0101 l\u012bdz 5,7 GHz \u2013 maksim\u0101la viena pavediena un vair\u0101kpavedienu uzdevumos.<br data-start=\"820\" data-end=\"823\">Atmi\u0146a: 128 MB L3 3D V-Cache \u2013 iev\u0113rojami palielina FPS, \u012bpa\u0161i procesora ierobe\u017eot\u0101s sp\u0113l\u0113s.<\/p>\n<p data-start=\"924\" data-end=\"1314\"><strong data-start=\"924\" data-end=\"971\">Videokarte AMD Radeon RX 9060 XT 16GB<\/strong><br data-start=\"971\" data-end=\"974\">Arhitekt\u016bra: RDNA 4 ar RT un AI pa\u0101trin\u0101t\u0101jiem \u2013 lieliska veiktsp\u0113ja m\u016bsdienu sp\u0113l\u0113m.<br data-start=\"1067\" data-end=\"1070\">Atmi\u0146a: 16 GB GDDR6 \u2013 piem\u0113rots apjoms 1440p sp\u0113l\u0113m un pietiekams 4K pieredzei ar augstiem grafikas iestat\u012bjumiem.<br data-start=\"1186\" data-end=\"1189\">Tehnolo\u0123ijas: FSR 3 ar Frame Generation nodro\u0161ina vienm\u0113r\u012bgu FPS pat ar iesl\u0113gtu ray tracing un intens\u012bviem grafikas efektiem.<\/p>\n<p data-start=\"831\" data-end=\"1186\"><strong>Pilna specifik\u0101cija:<\/strong><\/p>\n<ul>\n<li><strong>AMD Ryzen 9 9950X3D: <\/strong>16 kodoli, 32 pavedieni, 4.3-5.7GHz<\/li>\n<li><span data-sheets-root=\"1\"><strong>MSI X870E GAMING PLUS WIFI<\/strong> vai l\u012bdz\u012bga<\/span><\/li>\n<li><strong>DeepCool AG620 BK ARGB V2 <\/strong>vai l\u012bdz\u012bgs<\/li>\n<li><span data-sheets-root=\"1\"><strong>32GB (2x16GB) DDR5 6000MHz | Corsair Vengeance<\/strong> vai l\u012bdz\u012bgi<\/span><\/li>\n<li><strong>Kingston NV3 1TB NVMe M.2 SSD <\/strong><\/li>\n<li><span data-sheets-root=\"1\"><strong>AMD Radeon RX 9060 XT 16GB GDDR6 | ASRock Challenger OC<\/strong> vai l\u012bdz\u012bga<\/span><\/li>\n<li><span data-sheets-root=\"1\"><strong>Chieftec 650W 80+ Bronze<\/strong> vai l\u012bdz\u012bgs<\/span><\/li>\n<\/ul>\n<p data-start=\"1667\" data-end=\"1718\"><strong data-start=\"1590\" data-end=\"1640\">Paredzamie FPS rezult\u0101ti 1440p un 4K iz\u0161\u0137irtsp\u0113j\u0101:<\/strong><br data-start=\"1640\" data-end=\"1643\">Cyberpunk 2077 \u2013 ~150 FPS (1440p, Ultra + FSR Quality) \/ ~110 FPS (4K, High + FSR Balanced)<br data-start=\"1734\" data-end=\"1737\">Call of Duty: Black Ops 6 \u2013 ~200 FPS (1440p, Ultra) \/ ~145 FPS (4K, High)<br data-start=\"1810\" data-end=\"1813\">Forza Horizon 5 \u2013 ~175 FPS (1440p, Ultra) \/ ~125 FPS (4K, Ultra)<br data-start=\"1877\" data-end=\"1880\">Assassin&#8217;s Creed Mirage \u2013 ~160 FPS (1440p, High) \/ ~115 FPS (4K, High)<br data-start=\"1950\" data-end=\"1953\">Alan Wake 2 \u2013 ~120 FPS (1440p, High RT + FSR) \/ ~85 FPS (4K, High + FSR Balanced)<\/p>\n<p><em>\u0160ie skait\u013ci realit\u0101t\u0113 var at\u0161\u0137irties atkar\u012bb\u0101 no konkr\u0113tiem sp\u0113les iestat\u012bjumiem, optimiz\u0101cijas un citiem sist\u0113mas komponentiem.<\/em><\/p>\n","protected":false},"excerpt":{"rendered":"<p>AMD Ryzen 9 9950X3D un AMD Radeon RX 9060 XT 16GB \u2013 jaud\u012bga kombin\u0101cija 1440p un 4K sp\u0113l\u0113m \u0160\u012b kombin\u0101cija<\/p>\n","protected":false},"featured_media":30621,"comment_status":"open","ping_status":"closed","template":"","meta":[],"product_brand":[1749],"product_cat":[495],"product_tag":[505],"class_list":{"0":"post-30966","1":"product","2":"type-product","3":"status-publish","4":"has-post-thumbnail","6":"product_brand-amberglow","7":"product_cat-stacionarie-datori","8":"product_tag-ddr5-nuo-32gb-1tb","9":"pa_garantija-24-men-lv","10":"pa_prekes-zenklas-amberglow-lv","11":"pa_procesoriaus-branduoliai-16-cores-lv","12":"pa_vaizdo-plokstes-atmintis-16gb-lv","13":"pa_vaizdo-plokstes-modelis-rx-9060-xt-lv","15":"first","16":"instock","17":"taxable","18":"shipping-taxable","19":"purchasable","20":"product-type-simple"},"_links":{"self":[{"href":"https:\/\/amberglow.lt\/lv\/wp-json\/wp\/v2\/product\/30966","targetHints":{"allow":["GET"]}}],"collection":[{"href":"https:\/\/amberglow.lt\/lv\/wp-json\/wp\/v2\/product"}],"about":[{"href":"https:\/\/amberglow.lt\/lv\/wp-json\/wp\/v2\/types\/product"}],"replies":[{"embeddable":true,"href":"https:\/\/amberglow.lt\/lv\/wp-json\/wp\/v2\/comments?post=30966"}],"version-history":[{"count":0,"href":"https:\/\/amberglow.lt\/lv\/wp-json\/wp\/v2\/product\/30966\/revisions"}],"wp:featuredmedia":[{"embeddable":true,"href":"https:\/\/amberglow.lt\/lv\/wp-json\/wp\/v2\/media\/30621"}],"wp:attachment":[{"href":"https:\/\/amberglow.lt\/lv\/wp-json\/wp\/v2\/media?parent=30966"}],"wp:term":[{"taxonomy":"product_brand","embeddable":true,"href":"https:\/\/amberglow.lt\/lv\/wp-json\/wp\/v2\/product_brand?post=30966"},{"taxonomy":"product_cat","embeddable":true,"href":"https:\/\/amberglow.lt\/lv\/wp-json\/wp\/v2\/product_cat?post=30966"},{"taxonomy":"product_tag","embeddable":true,"href":"https:\/\/amberglow.lt\/lv\/wp-json\/wp\/v2\/product_tag?post=30966"}],"curies":[{"name":"wp","href":"https:\/\/api.w.org\/{rel}","templated":true}]}}