{"id":30967,"date":"2025-10-01T14:00:41","date_gmt":"2025-10-01T11:00:41","guid":{"rendered":"https:\/\/amberglow.lt\/Bez%20kategorijas\/stacionarais-dators-ryzen-9-9950x3d-rtx-5070-12gb\/"},"modified":"2026-04-27T16:56:41","modified_gmt":"2026-04-27T13:56:41","slug":"stacionarais-dators-ryzen-9-9950x3d-rtx-5070-12gb","status":"publish","type":"product","link":"https:\/\/amberglow.lt\/lv\/stacionarie-datori\/stacionarais-dators-ryzen-9-9950x3d-rtx-5070-12gb\/","title":{"rendered":"Stacion\u0101rais dators Ryzen 9 9950X3D, RTX 5070 12GB"},"content":{"rendered":"<p data-start=\"0\" data-end=\"113\"><strong data-start=\"0\" data-end=\"111\">AMD Ryzen 9 9950X3D un NVIDIA GeForce RTX 5070 12GB GDDR7 \u2013 augsta veiktsp\u0113ja 1440p un 4K sp\u0113l\u0113m<\/strong><\/p>\n<p data-start=\"115\" data-end=\"517\">\u0160is komplekts ir paredz\u0113ts sp\u0113l\u0113t\u0101jiem, kuri v\u0113las maksim\u0101li vienm\u0113r\u012bgu pieredzi 1440p iz\u0161\u0137irtsp\u0113j\u0101 un stabilu 4K pieredzi. Ryzen 9 9950X3D ar 3D V-Cache nodro\u0161ina izcili augstu FPS pat procesora ierobe\u017eot\u0101s sp\u0113l\u0113s, savuk\u0101rt RTX 5070 12GB GDDR7 pied\u0101v\u0101 modernas NVIDIA tehnolo\u0123ijas, piem\u0113ram, DLSS 3.5, Frame Generation un ray tracing, kas \u013cauj baud\u012bt augstu att\u0113la kvalit\u0101ti un stabilu \u0101trumu. <\/p>\n<p data-start=\"519\" data-end=\"899\"><strong data-start=\"519\" data-end=\"556\">Procesors AMD Ryzen 9 9950X3D<\/strong><br data-start=\"556\" data-end=\"559\">Arhitekt\u016bra un kodoli: Zen 5 arhitekt\u016bra ar 16 kodoliem un 32 pavedieniem, k\u0101 ar\u012b 3D V-Cache \u2013 ide\u0101la izv\u0113le sp\u0113l\u0113m un darbam.<br data-start=\"698\" data-end=\"701\">Frekvence: 4,3 GHz b\u0101zes, turbo re\u017e\u012bm\u0101 l\u012bdz 5,7 GHz \u2013 maksim\u0101la veiktsp\u0113ja gan viena pavediena, gan vair\u0101ku pavedienu uzdevumiem.<br data-start=\"819\" data-end=\"822\">Atmi\u0146a: 128 MB L3 3D V-Cache \u2013 nodro\u0161ina iev\u0113rojamu FPS pieaugumu sp\u0113l\u0113s.<\/p>\n<p data-start=\"901\" data-end=\"1261\"><strong data-start=\"901\" data-end=\"956\">Videokartes NVIDIA GeForce RTX 5070 12GB GDDR7<\/strong><br data-start=\"956\" data-end=\"959\">Arhitekt\u016bra: Ada Lovelace ar CUDA, RT un Tensor kodoliem \u2013 atbalsta jaun\u0101k\u0101s NVIDIA grafikas tehnolo\u0123ijas.<br data-start=\"1074\" data-end=\"1077\">Atmi\u0146a: 12 GB GDDR7 \u2013 optim\u0101ls daudzums 1440p AAA sp\u0113l\u0113m un piem\u0113rots 4K scen\u0101rijiem.<br data-start=\"1165\" data-end=\"1168\">Tehnolo\u0123ijas: DLSS 3.5 ar Frame Generation nodro\u0161ina augstu FPS pat ar iesl\u0113gtu ray tracing.<\/p>\n<p data-start=\"831\" data-end=\"1186\"><strong>Pilna specifik\u0101cija:<\/strong><\/p>\n<ul>\n<li><strong>AMD Ryzen 9 9950X3D: <\/strong>16 kodoli, 32 pavedieni, 4.3-5.7GHz<\/li>\n<li><span data-sheets-root=\"1\"><strong>MSI X870E GAMING PLUS WIFI<\/strong> vai l\u012bdz\u012bga<\/span><\/li>\n<li><span data-sheets-root=\"1\"><strong>DeepCool AG620 BK ARGB V2<\/strong> vai l\u012bdz\u012bgs<\/span><\/li>\n<li><span data-sheets-root=\"1\"><strong>32GB (2x16GB) DDR5 6000MHz | Corsair Vengeance<\/strong> vai l\u012bdz\u012bgi<\/span><\/li>\n<li><strong>Kingston NV3 1TB NVMe M.2 SSD <\/strong><\/li>\n<li><span data-sheets-root=\"1\"><strong>Nvidia GeForce RTX 5070 12GB GDDR7 | ASUS Dual OC<\/strong> vai l\u012bdz\u012bga<\/span><\/li>\n<li><span data-sheets-root=\"1\"><strong>Adata XPG 750W 80+ Bronze<\/strong> vai l\u012bdz\u012bgs<\/span><\/li>\n<\/ul>\n<p data-start=\"1667\" data-end=\"1718\"><strong data-start=\"1539\" data-end=\"1589\">Prognoz\u0113jamie FPS rezult\u0101ti 1440p un 4K iz\u0161\u0137irtsp\u0113j\u0101s:<\/strong><br data-start=\"1589\" data-end=\"1592\">Cyberpunk 2077 \u2013 ~160 FPS (1440p, Ultra + DLSS Quality) \/ ~115 FPS (4K, High + DLSS Balanced)<br data-start=\"1685\" data-end=\"1688\">Call of Duty: Black Ops 6 \u2013 ~210 FPS (1440p, Ultra) \/ ~150 FPS (4K, High)<br data-start=\"1761\" data-end=\"1764\">Forza Horizon 5 \u2013 ~185 FPS (1440p, Ultra) \/ ~130 FPS (4K, Ultra)<br data-start=\"1828\" data-end=\"1831\">Assassin&#8217;s Creed Mirage \u2013 ~165 FPS (1440p, High) \/ ~120 FPS (4K, High)<br data-start=\"1901\" data-end=\"1904\">Alan Wake 2 \u2013 ~125 FPS (1440p, High RT + DLSS) \/ ~90 FPS (4K, High + DLSS Balanced)<\/p>\n<p><em>\u0160ie skait\u013ci realit\u0101t\u0113 var at\u0161\u0137irties atkar\u012bb\u0101 no konkr\u0113tiem sp\u0113les iestat\u012bjumiem, optimiz\u0101cijas un citiem sist\u0113mas komponentiem.<\/em><\/p>\n","protected":false},"excerpt":{"rendered":"<p>AMD Ryzen 9 9950X3D un NVIDIA GeForce RTX 5070 12GB GDDR7 \u2013 augsta veiktsp\u0113ja 1440p un 4K sp\u0113l\u0113m \u0160is komplekts<\/p>\n","protected":false},"featured_media":30679,"comment_status":"open","ping_status":"closed","template":"","meta":[],"product_brand":[1749],"product_cat":[495],"product_tag":[505],"class_list":{"0":"post-30967","1":"product","2":"type-product","3":"status-publish","4":"has-post-thumbnail","6":"product_brand-amberglow","7":"product_cat-stacionarie-datori","8":"product_tag-ddr5-nuo-32gb-1tb","9":"pa_garantija-24-men-lv","10":"pa_prekes-zenklas-amberglow-lv","11":"pa_procesoriaus-branduoliai-16-cores-lv","12":"pa_vaizdo-plokstes-atmintis-12gb-lv","13":"pa_vaizdo-plokstes-modelis-rtx-5070-lv","15":"first","16":"instock","17":"taxable","18":"shipping-taxable","19":"purchasable","20":"product-type-simple"},"_links":{"self":[{"href":"https:\/\/amberglow.lt\/lv\/wp-json\/wp\/v2\/product\/30967","targetHints":{"allow":["GET"]}}],"collection":[{"href":"https:\/\/amberglow.lt\/lv\/wp-json\/wp\/v2\/product"}],"about":[{"href":"https:\/\/amberglow.lt\/lv\/wp-json\/wp\/v2\/types\/product"}],"replies":[{"embeddable":true,"href":"https:\/\/amberglow.lt\/lv\/wp-json\/wp\/v2\/comments?post=30967"}],"version-history":[{"count":0,"href":"https:\/\/amberglow.lt\/lv\/wp-json\/wp\/v2\/product\/30967\/revisions"}],"wp:featuredmedia":[{"embeddable":true,"href":"https:\/\/amberglow.lt\/lv\/wp-json\/wp\/v2\/media\/30679"}],"wp:attachment":[{"href":"https:\/\/amberglow.lt\/lv\/wp-json\/wp\/v2\/media?parent=30967"}],"wp:term":[{"taxonomy":"product_brand","embeddable":true,"href":"https:\/\/amberglow.lt\/lv\/wp-json\/wp\/v2\/product_brand?post=30967"},{"taxonomy":"product_cat","embeddable":true,"href":"https:\/\/amberglow.lt\/lv\/wp-json\/wp\/v2\/product_cat?post=30967"},{"taxonomy":"product_tag","embeddable":true,"href":"https:\/\/amberglow.lt\/lv\/wp-json\/wp\/v2\/product_tag?post=30967"}],"curies":[{"name":"wp","href":"https:\/\/api.w.org\/{rel}","templated":true}]}}