{"id":30972,"date":"2025-09-29T10:20:44","date_gmt":"2025-09-29T07:20:44","guid":{"rendered":"https:\/\/amberglow.lt\/Bez%20kategorijas\/stacionarais-dators-ryzen-7-9800x3d-rx-9060-xt-16gb\/"},"modified":"2026-05-10T11:56:49","modified_gmt":"2026-05-10T08:56:49","slug":"stacionarais-dators-ryzen-7-9800x3d-rx-9060-xt-16gb","status":"publish","type":"product","link":"https:\/\/amberglow.lt\/lv\/stacionarie-datori\/stacionarais-dators-ryzen-7-9800x3d-rx-9060-xt-16gb\/","title":{"rendered":"Stacion\u0101rais dators Ryzen 7 9800X3D, RX 9060 XT 16GB"},"content":{"rendered":"<p data-start=\"0\" data-end=\"111\"><strong data-start=\"0\" data-end=\"109\">&#8220;AMD Ryzen 7 9800X3D&#8221; un &#8220;AMD Radeon RX 9060 XT 16GB&#8221; \u2013 jaud\u012bga kombin\u0101cija 1440p sp\u0113l\u0113m un gatava 4K<\/strong><\/p>\n<p data-start=\"113\" data-end=\"455\">\u0160\u012b kombin\u0101cija ir paredz\u0113ta sp\u0113l\u0113t\u0101jiem, kuri v\u0113las izcilu veiktsp\u0113ju 1440p iz\u0161\u0137irtsp\u0113j\u0101 un uzticamu 4K pieredzi. &#8220;Ryzen 7 9800X3D&#8221; ar savu 3D V-Cache tehnolo\u0123iju ir viens no \u0101tr\u0101kajiem procesoriem sp\u0113l\u0113m, bet &#8220;RX 9060 XT 16GB&#8221; ar &#8220;RDNA 4&#8221; arhitekt\u016bru un liel\u0101ku VRAM ietilp\u012bbu nodro\u0161ina lielisku veiktsp\u0113ju AAA sp\u0113l\u0113s un AMD jaun\u0101k\u0101s tehnolo\u0123ijas. <\/p>\n<p data-start=\"457\" data-end=\"800\"><strong data-start=\"457\" data-end=\"494\">Procesors &#8220;AMD Ryzen 7 9800X3D&#8221;<\/strong><br data-start=\"494\" data-end=\"497\">Arhitekt\u016bra un kodoli: &#8220;Zen 5&#8221; arhitekt\u016bra ar 8 kodoliem un 16 pavedieniem, k\u0101 ar\u012b 3D V-Cache \u2013 optimiz\u0113ts sp\u0113l\u0113m.<br data-start=\"616\" data-end=\"619\">Frekvence: 4,0 GHz b\u0101zes, turbo re\u017e\u012bm\u0101 l\u012bdz 5,3 GHz \u2013 saglab\u0101 vienm\u0113r\u012bgu FPS pat sare\u017e\u0123\u012bt\u0101s situ\u0101cij\u0101s.<br data-start=\"719\" data-end=\"722\">Atmi\u0146a: 96 MB L3 3D V-Cache \u2013 iev\u0113rojami uzlabo FPS un samazina aizkaves.<\/p>\n<p data-start=\"802\" data-end=\"1180\"><strong data-start=\"802\" data-end=\"849\">Videokarte &#8220;AMD Radeon RX 9060 XT 16GB&#8221;<\/strong><br data-start=\"849\" data-end=\"852\">Arhitekt\u016bra: &#8220;RDNA 4&#8221; ar RT un AI pa\u0101trin\u0101t\u0101jiem \u2013 moderna grafikas arhitekt\u016bra ar augstu veiktsp\u0113ju.<br data-start=\"953\" data-end=\"956\">Atmi\u0146a: 16 GB GDDR6 \u2013 pietiekams daudzums 1440p AAA sp\u0113l\u0113m un uzticami sagatavots 4K iz\u0161\u0137irtsp\u0113jai.<br data-start=\"1053\" data-end=\"1056\">Tehnolo\u0123ijas: &#8220;FSR 3&#8221; ar &#8220;Frame Generation&#8221; \u013cauj saglab\u0101t augstu FPS pat izmantojot ray tracing un augstos iestat\u012bjumus.<\/p>\n<p data-start=\"831\" data-end=\"1186\"><strong>Pilna specifik\u0101cija:<\/strong><\/p>\n<ul>\n<li><strong>AMD Ryzen 7 9800X3D: <\/strong>8 kodoli, 16 pavedienu, 4,7-5,2GHz<\/li>\n<li><span data-sheets-root=\"1\"><strong>ASRock B850 PRO RS<\/strong> vai l\u012bdz\u012bga<\/span><\/li>\n<li><span data-sheets-root=\"1\"><strong>Arctic Freezer 36<\/strong> vai l\u012bdz\u012bgs<\/span><\/li>\n<li><span data-sheets-root=\"1\"><strong>32GB (2x16GB) DDR5 6000MHz | Corsair Vengeance<\/strong> vai l\u012bdz\u012bgi<\/span><\/li>\n<li><strong>Kingston NV3 1TB NVMe M.2 SSD <\/strong><\/li>\n<li><span data-sheets-root=\"1\"><strong>AMD Radeon RX 9060 XT 16GB GDDR6 | ASRock Challenger OC<\/strong> vai l\u012bdz\u012bga<\/span><\/li>\n<li><span data-sheets-root=\"1\"><strong>Chieftec 650W 80+ Bronze<\/strong> vai l\u012bdz\u012bgs<\/span><\/li>\n<\/ul>\n<p data-start=\"1667\" data-end=\"1718\"><strong data-start=\"1436\" data-end=\"1486\">Paredzamie FPS rezult\u0101ti 1440p un 4K iz\u0161\u0137irtsp\u0113j\u0101s:<\/strong><br data-start=\"1486\" data-end=\"1489\">Cyberpunk 2077 \u2013 ~150 FPS (1440p, High + FSR Quality) \/ ~105 FPS (4K, High + FSR Balanced)<br data-start=\"1579\" data-end=\"1582\">Call of Duty: Black Ops 6 \u2013 ~200 FPS (1440p, High) \/ ~145 FPS (4K, High)<br data-start=\"1654\" data-end=\"1657\">Forza Horizon 5 \u2013 ~180 FPS (1440p, Ultra) \/ ~130 FPS (4K, Ultra)<br data-start=\"1721\" data-end=\"1724\">Assassin&#8217;s Creed Mirage \u2013 ~160 FPS (1440p, High) \/ ~115 FPS (4K, High)<br data-start=\"1794\" data-end=\"1797\">Alan Wake 2 \u2013 ~125 FPS (1440p, High RT + FSR) \/ ~90 FPS (4K, High + FSR Balanced)<\/p>\n<p><em>\u0160ie skait\u013ci realit\u0101t\u0113 var at\u0161\u0137irties atkar\u012bb\u0101 no konkr\u0113tiem sp\u0113les iestat\u012bjumiem, optimiz\u0101cijas un citiem sist\u0113mas komponentiem.<\/em><\/p>\n","protected":false},"excerpt":{"rendered":"<p>&#8220;AMD Ryzen 7 9800X3D&#8221; un &#8220;AMD Radeon RX 9060 XT 16GB&#8221; \u2013 jaud\u012bga kombin\u0101cija 1440p sp\u0113l\u0113m un gatava 4K \u0160\u012b<\/p>\n","protected":false},"featured_media":30928,"comment_status":"open","ping_status":"closed","template":"","meta":[],"product_brand":[1749],"product_cat":[495],"product_tag":[505],"class_list":{"0":"post-30972","1":"product","2":"type-product","3":"status-publish","4":"has-post-thumbnail","6":"product_brand-amberglow","7":"product_cat-stacionarie-datori","8":"product_tag-ddr5-nuo-32gb-1tb","9":"pa_garantija-24-men-lv","10":"pa_prekes-zenklas-amberglow-lv","11":"pa_procesoriaus-branduoliai-8-cores-lv","12":"pa_vaizdo-plokstes-atmintis-16gb-lv","13":"pa_vaizdo-plokstes-modelis-rx-9060-xt-lv","15":"first","16":"instock","17":"taxable","18":"shipping-taxable","19":"purchasable","20":"product-type-simple"},"_links":{"self":[{"href":"https:\/\/amberglow.lt\/lv\/wp-json\/wp\/v2\/product\/30972","targetHints":{"allow":["GET"]}}],"collection":[{"href":"https:\/\/amberglow.lt\/lv\/wp-json\/wp\/v2\/product"}],"about":[{"href":"https:\/\/amberglow.lt\/lv\/wp-json\/wp\/v2\/types\/product"}],"replies":[{"embeddable":true,"href":"https:\/\/amberglow.lt\/lv\/wp-json\/wp\/v2\/comments?post=30972"}],"version-history":[{"count":0,"href":"https:\/\/amberglow.lt\/lv\/wp-json\/wp\/v2\/product\/30972\/revisions"}],"wp:featuredmedia":[{"embeddable":true,"href":"https:\/\/amberglow.lt\/lv\/wp-json\/wp\/v2\/media\/30928"}],"wp:attachment":[{"href":"https:\/\/amberglow.lt\/lv\/wp-json\/wp\/v2\/media?parent=30972"}],"wp:term":[{"taxonomy":"product_brand","embeddable":true,"href":"https:\/\/amberglow.lt\/lv\/wp-json\/wp\/v2\/product_brand?post=30972"},{"taxonomy":"product_cat","embeddable":true,"href":"https:\/\/amberglow.lt\/lv\/wp-json\/wp\/v2\/product_cat?post=30972"},{"taxonomy":"product_tag","embeddable":true,"href":"https:\/\/amberglow.lt\/lv\/wp-json\/wp\/v2\/product_tag?post=30972"}],"curies":[{"name":"wp","href":"https:\/\/api.w.org\/{rel}","templated":true}]}}