{"id":31002,"date":"2025-08-08T12:21:34","date_gmt":"2025-08-08T09:21:34","guid":{"rendered":"https:\/\/amberglow.lt\/Bez%20kategorijas\/e-yooso-z%e2%80%917222-mehaniska-tastatura\/"},"modified":"2026-05-10T11:57:58","modified_gmt":"2026-05-10T08:57:58","slug":"e-yooso-z-7222-mehaniska-tastatura","status":"publish","type":"product","link":"https:\/\/amberglow.lt\/lv\/periferija\/klaviaturas\/e-yooso-z-7222-mehaniska-tastatura\/","title":{"rendered":"E-Yooso Z\u20117222 meh\u0101nisk\u0101 tastat\u016bra"},"content":{"rendered":"<p data-start=\"151\" data-end=\"398\"><strong data-start=\"151\" data-end=\"169\">E-Yooso Z\u20117222<\/strong> \u2013 t\u0101 ir vadu 98 tausti\u0146u optisk\u0101 tastat\u016bra, kas rad\u012bta intens\u012bvai lieto\u0161anai un lielai iztur\u012bbai. T\u0101 \u012bpa\u0161i piem\u0113rota sp\u0113\u013cu istab\u0101m, interneta kafejn\u012bc\u0101m vai tiem lietot\u0101jiem, kas nov\u0113rt\u0113 stingru konstrukciju un \u0101tru darb\u012bbu. <\/p>\n<p data-start=\"400\" data-end=\"667\">Tastat\u016bra izmanto <strong data-start=\"419\" data-end=\"442\">optiskos sl\u0113d\u017eus<\/strong>, kas darbojas v\u0113l \u0101tr\u0101k nek\u0101 parastie meh\u0101niskie \u2013 katrs nospie\u0161ana tiek fiks\u0113ts ar gaismas staru, t\u0101p\u0113c atbilde ir gandr\u012bz acumirkl\u012bga. \u0160\u0101ds meh\u0101nisms ir ne tikai \u0101tr\u0101ks, bet ar\u012b uzticam\u0101ks ilgtermi\u0146a lieto\u0161anai. <\/p>\n<p data-start=\"669\" data-end=\"851\">Stingr\u0101 konstrukcija papildin\u0101ta ar <strong data-start=\"699\" data-end=\"722\">\u016bdens iztur\u012bbu<\/strong>, t\u0101p\u0113c nejau\u0161s dz\u0113riena iz\u0161\u013cakst\u012b\u0161an\u0101s vai mitra vide tastat\u016brai nekait\u0113 \u2013 tas \u012bpa\u0161i noder\u012bgi publisk\u0101s vai akt\u012bv\u0101s telp\u0101s.<\/p>\n<p data-start=\"853\" data-end=\"1110\"><strong data-start=\"853\" data-end=\"903\">Bumbi\u0146as formas (ball-shaped) tausti\u0146u v\u0101ci\u0146i<\/strong> rada \u0113rtu, ergonomisku spie\u0161anas saj\u016btu, \u013caujot pirkstiem dabiski piel\u0101goties katram tausti\u0146am. Melnas un dzeltenas kr\u0101sas kombin\u0101cija pie\u0161\u0137ir tastat\u016brai dinamisku, spilgtu vizu\u0101lo raksturu. <\/p>\n<p data-start=\"1112\" data-end=\"1339\">\u0160is modelis orient\u0113ts uz <strong data-start=\"1138\" data-end=\"1161\">akt\u012bviem lietot\u0101jiem<\/strong>, t\u0101p\u0113c galvenais \u0161eit ir \u2013 iztur\u012bba, \u0101trums un \u0113rtums. Z\u20117222 piem\u0113rots ne tikai sp\u0113l\u0113t\u0101jiem, bet ar\u012b tiem, kas nov\u0113rt\u0113 ilgm\u016b\u017e\u012bbu un stabilu darb\u012bbu ikdienas vid\u0113. <\/p>\n<p data-start=\"1341\" data-end=\"1483\" data-is-last-node=\"\" data-is-only-node=\"\"><strong data-start=\"1341\" data-end=\"1359\">E\u2011Yooso Z\u20117222<\/strong> \u2013 t\u0101 ir uzticama, praktiska un vizu\u0101li izcila tastat\u016bra, kas rad\u012bta, lai iztur\u0113tu intens\u012bvu lieto\u0161anu bez kompromisiem.<\/p>\n","protected":false},"excerpt":{"rendered":"<p>E-Yooso Z\u20117222 \u2013 t\u0101 ir vadu 98 tausti\u0146u optisk\u0101 tastat\u016bra, kas rad\u012bta intens\u012bvai lieto\u0161anai un lielai iztur\u012bbai. T\u0101 \u012bpa\u0161i piem\u0113rota<\/p>\n","protected":false},"featured_media":31004,"comment_status":"open","ping_status":"closed","template":"","meta":[],"product_brand":[],"product_cat":[496,500],"product_tag":[529],"class_list":{"0":"post-31002","1":"product","2":"type-product","3":"status-publish","4":"has-post-thumbnail","6":"product_cat-klaviaturas","7":"product_cat-periferija","8":"product_tag-e-yooso-z7222","9":"pa_garantija-24-men-lv","10":"pa_prekes-zenklas-e-yooso-lv","12":"first","13":"outofstock","14":"taxable","15":"shipping-taxable","16":"purchasable","17":"product-type-simple"},"_links":{"self":[{"href":"https:\/\/amberglow.lt\/lv\/wp-json\/wp\/v2\/product\/31002","targetHints":{"allow":["GET"]}}],"collection":[{"href":"https:\/\/amberglow.lt\/lv\/wp-json\/wp\/v2\/product"}],"about":[{"href":"https:\/\/amberglow.lt\/lv\/wp-json\/wp\/v2\/types\/product"}],"replies":[{"embeddable":true,"href":"https:\/\/amberglow.lt\/lv\/wp-json\/wp\/v2\/comments?post=31002"}],"version-history":[{"count":0,"href":"https:\/\/amberglow.lt\/lv\/wp-json\/wp\/v2\/product\/31002\/revisions"}],"wp:featuredmedia":[{"embeddable":true,"href":"https:\/\/amberglow.lt\/lv\/wp-json\/wp\/v2\/media\/31004"}],"wp:attachment":[{"href":"https:\/\/amberglow.lt\/lv\/wp-json\/wp\/v2\/media?parent=31002"}],"wp:term":[{"taxonomy":"product_brand","embeddable":true,"href":"https:\/\/amberglow.lt\/lv\/wp-json\/wp\/v2\/product_brand?post=31002"},{"taxonomy":"product_cat","embeddable":true,"href":"https:\/\/amberglow.lt\/lv\/wp-json\/wp\/v2\/product_cat?post=31002"},{"taxonomy":"product_tag","embeddable":true,"href":"https:\/\/amberglow.lt\/lv\/wp-json\/wp\/v2\/product_tag?post=31002"}],"curies":[{"name":"wp","href":"https:\/\/api.w.org\/{rel}","templated":true}]}}