{"id":31020,"date":"2025-08-08T12:40:03","date_gmt":"2025-08-08T09:40:03","guid":{"rendered":"https:\/\/amberglow.lt\/Bez%20kategorijas\/e%e2%80%91yooso-z%e2%80%9114-mehaniska-tastatura\/"},"modified":"2026-05-10T11:58:00","modified_gmt":"2026-05-10T08:58:00","slug":"e-yooso-z-14-mehaniska-tastatura","status":"publish","type":"product","link":"https:\/\/amberglow.lt\/lv\/periferija\/klaviaturas\/e-yooso-z-14-mehaniska-tastatura\/","title":{"rendered":"E\u2011Yooso Z\u201114 meh\u0101nisk\u0101 tastat\u016bra"},"content":{"rendered":"<p data-start=\"152\" data-end=\"352\"><strong data-start=\"152\" data-end=\"168\">E\u2011Yooso Z\u201114<\/strong> \u2013 t\u0101 ir pilna izm\u0113ra 104 tausti\u0146u vadu meh\u0101nisk\u0101 tastat\u016bra, rad\u012bta tiem, kas nov\u0113rt\u0113 uzticam\u012bbu, komfortu un vizu\u0101lo izcil\u012bbu katru dienu \u2013 gan darb\u0101, gan sp\u0113l\u0113s.<\/p>\n<p data-start=\"354\" data-end=\"548\">\u0160is modelis izmanto <strong data-start=\"374\" data-end=\"407\">sarkanos (Red) sl\u0113d\u017eus<\/strong>, kas izce\u013cas ar klusiem, viegliem un \u012bpa\u0161i gludiem nospiedieniem. Tie lieliski der gan ilgam rakst\u012b\u0161anas darbam, gan \u0101trai reakcijai sp\u0113l\u0113s. <\/p>\n<p data-start=\"550\" data-end=\"810\"><strong data-start=\"550\" data-end=\"601\">Dubult\u0101s lie\u0161anas (double-shot) tausti\u0146u v\u0101ci\u0146i<\/strong> nodro\u0161ina, ka simboli nekad nenodz\u012bs\u012bs \u2013 pat p\u0113c ilgsto\u0161as lieto\u0161anas. Korpuss kr\u0101sots elegant\u0101 <strong data-start=\"710\" data-end=\"726\">pel\u0113ki balt\u0101<\/strong> kr\u0101su sh\u0113m\u0101, kas der gan pie t\u012bra darba galda, gan sp\u0113\u013cu vides. <\/p>\n<p data-start=\"812\" data-end=\"1091\">\u012apa\u0161u stila akcentu rada <strong data-start=\"846\" data-end=\"905\">dzeltens un ledus zilgans fona apgaismojums<\/strong> ar <strong data-start=\"909\" data-end=\"940\">18 da\u017e\u0101diem gaismas efektiem<\/strong> \u2013 no vi\u013c\u0146iem, elpo\u0161anas l\u012bdz statisk\u0101m kr\u0101s\u0101m. Visi efekti ir regul\u0113jami, t\u0101p\u0113c katrs var izveidot sev piem\u0113rot\u0101ko noska\u0146u vai apgaismojuma dinamiku. <\/p>\n<p data-start=\"1093\" data-end=\"1326\"><strong data-start=\"1093\" data-end=\"1115\">Full key roll-over<\/strong> tehnolo\u0123ija \u013cauj tastat\u016brai re\u0123istr\u0113t katru tausti\u0146a nospiedienu bez jebk\u0101diem izlai\u0161an\u0101m \u2013 pat nospie\u017eot vair\u0101kus tausti\u0146us vienlaikus. Tas ir \u012bpa\u0161i svar\u012bgi \u0101tri rakstot vai piedaloties intens\u012bv\u0101s sp\u0113l\u0113s. <\/p>\n<p data-start=\"1328\" data-end=\"1554\" data-is-last-node=\"\" data-is-only-node=\"\"><strong data-start=\"1328\" data-end=\"1344\">E\u2011Yooso Z\u201114<\/strong> \u2013 t\u0101 ir klasiskas izk\u0101rtojuma, bet m\u016bsdien\u012bgas gara meh\u0101nisk\u0101 tastat\u016bra ar skaistu apgaismojumu, kvalitat\u012bviem materi\u0101liem un garant\u0113tu reakciju. Uzticams izv\u0113le gan ikdienas darbiem, gan izklaidei. <\/p>\n","protected":false},"excerpt":{"rendered":"<p>E\u2011Yooso Z\u201114 \u2013 t\u0101 ir pilna izm\u0113ra 104 tausti\u0146u vadu meh\u0101nisk\u0101 tastat\u016bra, rad\u012bta tiem, kas nov\u0113rt\u0113 uzticam\u012bbu, komfortu un vizu\u0101lo<\/p>\n","protected":false},"featured_media":31031,"comment_status":"open","ping_status":"closed","template":"","meta":[],"product_brand":[],"product_cat":[496,500],"product_tag":[534],"class_list":{"0":"post-31020","1":"product","2":"type-product","3":"status-publish","4":"has-post-thumbnail","6":"product_cat-klaviaturas","7":"product_cat-periferija","8":"product_tag-eyooso-z14","9":"pa_garantija-24-men-lv","10":"pa_prekes-zenklas-e-yooso-lv","12":"first","13":"outofstock","14":"taxable","15":"shipping-taxable","16":"purchasable","17":"product-type-simple"},"_links":{"self":[{"href":"https:\/\/amberglow.lt\/lv\/wp-json\/wp\/v2\/product\/31020","targetHints":{"allow":["GET"]}}],"collection":[{"href":"https:\/\/amberglow.lt\/lv\/wp-json\/wp\/v2\/product"}],"about":[{"href":"https:\/\/amberglow.lt\/lv\/wp-json\/wp\/v2\/types\/product"}],"replies":[{"embeddable":true,"href":"https:\/\/amberglow.lt\/lv\/wp-json\/wp\/v2\/comments?post=31020"}],"version-history":[{"count":0,"href":"https:\/\/amberglow.lt\/lv\/wp-json\/wp\/v2\/product\/31020\/revisions"}],"wp:featuredmedia":[{"embeddable":true,"href":"https:\/\/amberglow.lt\/lv\/wp-json\/wp\/v2\/media\/31031"}],"wp:attachment":[{"href":"https:\/\/amberglow.lt\/lv\/wp-json\/wp\/v2\/media?parent=31020"}],"wp:term":[{"taxonomy":"product_brand","embeddable":true,"href":"https:\/\/amberglow.lt\/lv\/wp-json\/wp\/v2\/product_brand?post=31020"},{"taxonomy":"product_cat","embeddable":true,"href":"https:\/\/amberglow.lt\/lv\/wp-json\/wp\/v2\/product_cat?post=31020"},{"taxonomy":"product_tag","embeddable":true,"href":"https:\/\/amberglow.lt\/lv\/wp-json\/wp\/v2\/product_tag?post=31020"}],"curies":[{"name":"wp","href":"https:\/\/api.w.org\/{rel}","templated":true}]}}