{"id":31057,"date":"2025-09-22T13:57:49","date_gmt":"2025-09-22T10:57:49","guid":{"rendered":"https:\/\/amberglow.lt\/Bez%20kategorijas\/stacionarais-dators-ryzen-5-7500f-rtx-5080-16gb\/"},"modified":"2026-05-10T12:05:47","modified_gmt":"2026-05-10T09:05:47","slug":"stacionarais-dators-ryzen-5-7500f-rtx-5080-16gb","status":"publish","type":"product","link":"https:\/\/amberglow.lt\/lv\/stacionarie-datori\/stacionarais-dators-ryzen-5-7500f-rtx-5080-16gb\/","title":{"rendered":"Stacion\u0101rais dators Ryzen 5 7500F, RTX 5080 16GB"},"content":{"rendered":"<p data-start=\"0\" data-end=\"136\"><strong data-start=\"0\" data-end=\"134\">AMD Ryzen 5 7500F un NVIDIA GeForce RTX 5080 16GB \u2013 augst\u0101k\u0101 l\u012bme\u0146a kombin\u0101cija 1440p un 4K sp\u0113l\u0113m ar DLSS 3.5 un ray tracing<\/strong><\/p>\n<p data-start=\"138\" data-end=\"522\">\u0160\u012b kombin\u0101cija paredz\u0113ta sp\u0113l\u0113t\u0101jiem, kas v\u0113las \u012bpa\u0161i jaud\u012bgu sist\u0113mu, kas bez gr\u016bt\u012bb\u0101m tiek gal\u0101 ar 1440p sp\u0113l\u0113m maksim\u0101lajos iestat\u012bjumos un nodro\u0161ina augstu FPS pat 4K iz\u0161\u0137irtsp\u0113j\u0101. Ryzen 5 7500F nodro\u0161ina pietiekamu procesora jaudu, bet RTX 5080 16GB ar DLSS 3.5, ray tracing un \u0101tru GDDR7 atmi\u0146u sniedz nevainojamu att\u0113la kvalit\u0101ti un ilgtermi\u0146a veiktsp\u0113ju n\u0101kotnes sp\u0113l\u0113m. <\/p>\n<p data-start=\"524\" data-end=\"561\"><strong data-start=\"524\" data-end=\"559\">Procesors &#8220;AMD Ryzen 5 7500F&#8221;<\/strong><\/p>\n<p data-start=\"563\" data-end=\"707\"><strong data-start=\"563\" data-end=\"595\">Arhitekt\u016bra un kodoli:<\/strong> Zen 4 arhitekt\u016bra ar 6 kodoliem un 12 pavedieniem \u2013 optim\u0101la izv\u0113le sp\u0113l\u0113m un ikdienas uzdevumiem.<\/p>\n<p data-start=\"709\" data-end=\"813\"><strong data-start=\"709\" data-end=\"720\">Frekvence:<\/strong> B\u0101zes 4,0 GHz, turbo re\u017e\u012bm\u0101 l\u012bdz 5,0 GHz \u2013 nodro\u0161ina stabilu FPS pat sare\u017e\u0123\u012bt\u0101s ain\u0101s.<\/p>\n<p data-start=\"815\" data-end=\"891\"><strong data-start=\"815\" data-end=\"828\">Atmi\u0146a:<\/strong> 32 MB L3 ke\u0161atmi\u0146a samazina aiztures un palielina sp\u0113\u013cu \u0101trumu.<\/p>\n<p data-start=\"893\" data-end=\"944\"><strong data-start=\"893\" data-end=\"942\">Grafikas karte \u201eNVIDIA GeForce RTX 5080 16GB\u201c<\/strong><\/p>\n<p data-start=\"946\" data-end=\"1161\"><strong data-start=\"946\" data-end=\"978\">Arhitekt\u016bra un kodoli:<\/strong> Ada Lovelace arhitekt\u016bra ar progres\u012bviem CUDA kodoliem, 3. paaudzes RT un 4. paaudzes Tensor kodoliem \u2013 maksim\u0101la veiktsp\u0113ja ray tracing un m\u0101ksl\u012bg\u0101 intelekta pa\u0101trin\u0101\u0161anai.<\/p>\n<p data-start=\"1163\" data-end=\"1322\"><strong data-start=\"1163\" data-end=\"1176\">Atmi\u0146a:<\/strong> 16 GB GDDR7 \u2013 \u012bpa\u0161i \u0101tra atmi\u0146a, kas \u013cauj baud\u012bt 1440p un 4K sp\u0113les ar detaliz\u0113t\u0101m tekst\u016br\u0101m un augst\u0101kajiem grafikas iestat\u012bjumiem.<\/p>\n<p data-start=\"1324\" data-end=\"1479\"><strong data-start=\"1324\" data-end=\"1348\">DLSS un ray tracing:<\/strong> DLSS 3.5 ar Frame Generation \u013cauj sasniegt \u012bpa\u0161i augstu FPS pat ar akt\u012bvu ray tracing, nodro\u0161inot iespaid\u012bgu att\u0113la kvalit\u0101ti.<\/p>\n<p><strong>Pilna specifik\u0101cija:<\/strong><\/p>\n<ul>\n<li><strong>AMD Ryzen 5 7500F: <\/strong>6 kodoli, 12 pavedieni, 3,7-5,0 GHz<\/li>\n<li><span data-sheets-root=\"1\"><strong>ASRock B850M PRO-A<\/strong> vai l\u012bdz\u012bga<\/span><\/li>\n<li><span data-sheets-root=\"1\"><strong>XILENCE XC229 Performance Tower CPU Cooler<\/strong> vai l\u012bdz\u012bgs<\/span><\/li>\n<li><span data-sheets-root=\"1\"><strong>16GB DDR5 6000MHz | Kingston Fury Beast<\/strong> vai l\u012bdz\u012bgi<\/span><\/li>\n<li><strong>MSI Spatium M371 500GB NVMe M.2 SSD <\/strong><\/li>\n<li><span data-sheets-root=\"1\"><strong>Nvidia GeForce RTX 5080 16GB GDDR7 | Gigabyte Windforce OC<\/strong> vai l\u012bdz\u012bga<\/span><\/li>\n<li><span data-sheets-root=\"1\"><strong>Chieftec 850W 80+ Gold<\/strong> vai l\u012bdz\u012bgs<\/span><\/li>\n<\/ul>\n<p data-start=\"1730\" data-end=\"1782\"><strong data-start=\"1730\" data-end=\"1780\">Paredzama FPS veiktsp\u0113ja 1440p un 4K iz\u0161\u0137irtsp\u0113j\u0101:<\/strong><\/p>\n<p data-start=\"1784\" data-end=\"2199\">Cyberpunk 2077 \u2013 ~190 FPS (1440p, Ultra RT + DLSS Quality) \/ ~135 FPS (4K, Ultra RT + DLSS Balanced)<br data-start=\"1884\" data-end=\"1887\">Call of Duty: Black Ops 6 \u2013 ~230 FPS (1440p, Ultra) \/ ~165 FPS (4K, High)<br data-start=\"1960\" data-end=\"1963\">Forza Horizon 5 \u2013 ~200 FPS (1440p, Ultra) \/ ~145 FPS (4K, Ultra)<br data-start=\"2027\" data-end=\"2030\">Assassin&#8217;s Creed Mirage \u2013 ~175 FPS (1440p, Very High) \/ ~125 FPS (4K, Very High)<br data-start=\"2110\" data-end=\"2113\">Alan Wake 2 \u2013 ~145 FPS (1440p, High RT + DLSS) \/ ~100 FPS (4K, High + DLSS Balanced)<\/p>\n<p><em>\u0160ie skait\u013ci realit\u0101t\u0113 var at\u0161\u0137irties atkar\u012bb\u0101 no konkr\u0113tiem sp\u0113les iestat\u012bjumiem, optimiz\u0101cijas un citiem sist\u0113mas komponentiem.<\/em><\/p>\n","protected":false},"excerpt":{"rendered":"<p>AMD Ryzen 5 7500F un NVIDIA GeForce RTX 5080 16GB \u2013 augst\u0101k\u0101 l\u012bme\u0146a kombin\u0101cija 1440p un 4K sp\u0113l\u0113m ar DLSS<\/p>\n","protected":false},"featured_media":31053,"comment_status":"open","ping_status":"closed","template":"","meta":[],"product_brand":[1749],"product_cat":[495],"product_tag":[541,512,538,510,543,515],"class_list":{"0":"post-31057","1":"product","2":"type-product","3":"status-publish","4":"has-post-thumbnail","6":"product_brand-amberglow","7":"product_cat-stacionarie-datori","8":"product_tag-850w-gold-psu","9":"product_tag-amd-b650","10":"product_tag-amd-ryzen-5-7500f","11":"product_tag-ddr5-nuo-16gb-512gb","12":"product_tag-nvidia-geforce-rtx-5080-16-gb-gddr7","13":"product_tag-torna-rgb-dzesetajs","14":"pa_garantija-24-men-lv","15":"pa_prekes-zenklas-amberglow-lv","16":"pa_procesoriaus-branduoliai-6-cores-lv","17":"pa_vaizdo-plokstes-atmintis-16gb-lv","18":"pa_vaizdo-plokstes-modelis-rtx-5080-lv","20":"first","21":"instock","22":"taxable","23":"shipping-taxable","24":"purchasable","25":"product-type-simple"},"_links":{"self":[{"href":"https:\/\/amberglow.lt\/lv\/wp-json\/wp\/v2\/product\/31057","targetHints":{"allow":["GET"]}}],"collection":[{"href":"https:\/\/amberglow.lt\/lv\/wp-json\/wp\/v2\/product"}],"about":[{"href":"https:\/\/amberglow.lt\/lv\/wp-json\/wp\/v2\/types\/product"}],"replies":[{"embeddable":true,"href":"https:\/\/amberglow.lt\/lv\/wp-json\/wp\/v2\/comments?post=31057"}],"version-history":[{"count":0,"href":"https:\/\/amberglow.lt\/lv\/wp-json\/wp\/v2\/product\/31057\/revisions"}],"wp:featuredmedia":[{"embeddable":true,"href":"https:\/\/amberglow.lt\/lv\/wp-json\/wp\/v2\/media\/31053"}],"wp:attachment":[{"href":"https:\/\/amberglow.lt\/lv\/wp-json\/wp\/v2\/media?parent=31057"}],"wp:term":[{"taxonomy":"product_brand","embeddable":true,"href":"https:\/\/amberglow.lt\/lv\/wp-json\/wp\/v2\/product_brand?post=31057"},{"taxonomy":"product_cat","embeddable":true,"href":"https:\/\/amberglow.lt\/lv\/wp-json\/wp\/v2\/product_cat?post=31057"},{"taxonomy":"product_tag","embeddable":true,"href":"https:\/\/amberglow.lt\/lv\/wp-json\/wp\/v2\/product_tag?post=31057"}],"curies":[{"name":"wp","href":"https:\/\/api.w.org\/{rel}","templated":true}]}}