{"id":31060,"date":"2025-09-22T14:35:40","date_gmt":"2025-09-22T11:35:40","guid":{"rendered":"https:\/\/amberglow.lt\/Bez%20kategorijas\/stacionarais-dators-ryzen-5-7500f-rx-9060-xt-16gb\/"},"modified":"2026-05-10T12:04:00","modified_gmt":"2026-05-10T09:04:00","slug":"stacionarais-dators-ryzen-5-7500f-rx-9060-xt-16gb","status":"publish","type":"product","link":"https:\/\/amberglow.lt\/lv\/stacionarie-datori\/stacionarais-dators-ryzen-5-7500f-rx-9060-xt-16gb\/","title":{"rendered":"Stacion\u0101rais dators Ryzen 5 7500F, RX 9060 XT 16GB"},"content":{"rendered":"<p data-start=\"0\" data-end=\"121\"><strong data-start=\"0\" data-end=\"119\">&#8220;AMD Ryzen 5 7500F&#8221; un &#8220;AMD Radeon RX 9060 XT 16GB&#8221; \u2013 sabalans\u0113ta kombin\u0101cija 1440p sp\u0113l\u0113m ar staru izseko\u0161anu un FSR 3<\/strong><\/p>\n<p data-start=\"123\" data-end=\"496\">\u0160\u012b kombin\u0101cija ir paredz\u0113ta sp\u0113l\u0113t\u0101jiem, kuri v\u0113las baud\u012bt vienm\u0113r\u012bgu pieredzi 1080p un 1440p iz\u0161\u0137irtsp\u0113j\u0101, k\u0101 ar\u012b izm\u0113\u0123in\u0101t 4K da\u017e\u0101s sp\u0113l\u0113s. &#8220;Ryzen 5 7500F&#8221; nodro\u0161ina stabilu procesora veiktsp\u0113ju, bet &#8220;Radeon RX 9060 XT 16GB&#8221; ar liel\u0101ku atmi\u0146u un uzlabot\u0101m &#8220;RDNA 4&#8221; arhitekt\u016bras iesp\u0113j\u0101m \u013cauj baud\u012bt detaliz\u0113tus att\u0113lus, staru izseko\u0161anu un FSR 3 tehnolo\u0123iju. <\/p>\n<p data-start=\"498\" data-end=\"535\"><strong data-start=\"498\" data-end=\"533\">Procesors &#8220;AMD Ryzen 5 7500F&#8221;<\/strong><\/p>\n<p data-start=\"537\" data-end=\"681\"><strong data-start=\"537\" data-end=\"569\">Arhitekt\u016bra un kodoli:<\/strong> &#8220;Zen 4&#8221; arhitekt\u016bra ar 6 kodoliem un 12 pavedieniem \u2013 optim\u0101ls risin\u0101jums sp\u0113l\u0113m un ikdienas lieto\u0161anai.<\/p>\n<p data-start=\"683\" data-end=\"787\"><strong data-start=\"683\" data-end=\"694\">Frekvence:<\/strong> B\u0101zes 4,0 GHz, turbo re\u017e\u012bm\u0101 l\u012bdz 5,0 GHz \u2013 pietiekama veiktsp\u0113ja, kas nodro\u0161ina stabilu FPS.<\/p>\n<p data-start=\"789\" data-end=\"892\"><strong data-start=\"789\" data-end=\"802\">Atmi\u0146a:<\/strong> 32 MB L3 ke\u0161atmi\u0146a pal\u012bdz samazin\u0101t aizkaves un nodro\u0161ina \u0101tr\u0101ku datu apstr\u0101di.<\/p>\n<p data-start=\"894\" data-end=\"943\"><strong data-start=\"894\" data-end=\"941\">Videokarte AMD Radeon RX 9060 XT 16GB<\/strong><\/p>\n<p data-start=\"945\" data-end=\"1145\"><strong data-start=\"945\" data-end=\"977\">Arhitekt\u016bra un kodoli:<\/strong> &#8220;RDNA 4&#8221; arhitekt\u016bra ar moderniz\u0113t\u0101m skait\u013co\u0161anas vien\u012bb\u0101m, AI pa\u0101trin\u0101t\u0101jiem un staru izseko\u0161anas kodoliem, kas \u013cauj baud\u012bt jaun\u0101kos grafikas efektus.<\/p>\n<p data-start=\"1147\" data-end=\"1299\"><strong data-start=\"1147\" data-end=\"1160\">Atmi\u0146a:<\/strong> 16 GB GDDR6 ar 256 bitu kopni \u2013 ietilp\u012bga un pietiekami \u0101tra atmi\u0146a 1440p un komfortabl\u0101m 4K sp\u0113l\u0113m ar liel\u0101m tekst\u016br\u0101m.<\/p>\n<p data-start=\"1301\" data-end=\"1454\"><strong data-start=\"1301\" data-end=\"1326\">Staru izseko\u0161ana un FSR 3:<\/strong> iev\u0113rojami uzlabotas RT iesp\u0113jas un &#8220;FSR 3&#8221; ar kadru \u0123ener\u0113\u0161anu \u013cauj sasniegt augst\u0101ku FPS, saglab\u0101jot vizu\u0101lo kvalit\u0101ti.<\/p>\n<p><strong>Pilna specifik\u0101cija:<\/strong><\/p>\n<ul>\n<li><strong>AMD Ryzen 5 7500F: <\/strong>6 kodoli, 12 pavedieni, 3,7-5,0 GHz<\/li>\n<li><span data-sheets-root=\"1\"><strong>ASRock B850M PRO-A<\/strong> vai l\u012bdz\u012bga<\/span><\/li>\n<li><span data-sheets-root=\"1\"><strong>XILENCE XC229 Performance Tower CPU Cooler<\/strong> vai l\u012bdz\u012bgs<\/span><\/li>\n<li><span data-sheets-root=\"1\"><strong>16GB DDR5 6000MHz | Kingston Fury Beast<\/strong> vai l\u012bdz\u012bgi<\/span><\/li>\n<li><strong>MSI Spatium 500GB NVMe M.2 SSD <\/strong><\/li>\n<li><span data-sheets-root=\"1\"><strong>AMD Radeon RX 9060 XT 16GB GDDR6 | ASRock Challenger OC<\/strong> vai l\u012bdz\u012bga<\/span><\/li>\n<li><span data-sheets-root=\"1\"><strong>Chieftec 650W 80+ Bronze<\/strong> vai l\u012bdz\u012bgs<\/span><\/li>\n<\/ul>\n<p data-start=\"1705\" data-end=\"1757\"><strong data-start=\"1705\" data-end=\"1755\">Paredzama FPS veiktsp\u0113ja 1440p un 4K iz\u0161\u0137irtsp\u0113j\u0101:<\/strong><\/p>\n<p data-start=\"1759\" data-end=\"2161\">Cyberpunk 2077 \u2013 ~115 FPS (1440p, High + FSR Quality) \/ ~80 FPS (4K, High + FSR Balanced)<br data-start=\"1848\" data-end=\"1851\">Call of Duty: Black Ops 6 \u2013 ~160 FPS (1440p, Ultra) \/ ~115 FPS (4K, High)<br data-start=\"1924\" data-end=\"1927\">Forza Horizon 5 \u2013 ~145 FPS (1440p, Ultra) \/ ~100 FPS (4K, Ultra)<br data-start=\"1991\" data-end=\"1994\">Assassin&#8217;s Creed Mirage \u2013 ~125 FPS (1440p, Very High) \/ ~90 FPS (4K, High)<br data-start=\"2068\" data-end=\"2071\">Alan Wake 2 \u2013 ~95 FPS (1440p, High RT + FSR Quality) \/ ~70 FPS (4K, High + FSR Balanced)<\/p>\n<p><em>\u0160ie skait\u013ci realit\u0101t\u0113 var at\u0161\u0137irties atkar\u012bb\u0101 no konkr\u0113tiem sp\u0113les iestat\u012bjumiem, optimiz\u0101cijas un citiem sist\u0113mas komponentiem.<\/em><\/p>\n","protected":false},"excerpt":{"rendered":"<p>&#8220;AMD Ryzen 5 7500F&#8221; un &#8220;AMD Radeon RX 9060 XT 16GB&#8221; \u2013 sabalans\u0113ta kombin\u0101cija 1440p sp\u0113l\u0113m ar staru izseko\u0161anu un<\/p>\n","protected":false},"featured_media":31061,"comment_status":"open","ping_status":"closed","template":"","meta":[],"product_brand":[1749],"product_cat":[495],"product_tag":[514,512,544,538,510,515],"class_list":{"0":"post-31060","1":"product","2":"type-product","3":"status-publish","4":"has-post-thumbnail","6":"product_brand-amberglow","7":"product_cat-stacionarie-datori","8":"product_tag-650w-bronze-psu","9":"product_tag-amd-b650","10":"product_tag-amd-radeon-rx-9060-xt-16-gb-gddr6","11":"product_tag-amd-ryzen-5-7500f","12":"product_tag-ddr5-nuo-16gb-512gb","13":"product_tag-torna-rgb-dzesetajs","14":"pa_garantija-24-men-lv","15":"pa_prekes-zenklas-amberglow-lv","16":"pa_procesoriaus-branduoliai-6-cores-lv","17":"pa_vaizdo-plokstes-atmintis-16gb-lv","18":"pa_vaizdo-plokstes-modelis-rx-9060-xt-lv","20":"first","21":"instock","22":"taxable","23":"shipping-taxable","24":"purchasable","25":"product-type-simple"},"_links":{"self":[{"href":"https:\/\/amberglow.lt\/lv\/wp-json\/wp\/v2\/product\/31060","targetHints":{"allow":["GET"]}}],"collection":[{"href":"https:\/\/amberglow.lt\/lv\/wp-json\/wp\/v2\/product"}],"about":[{"href":"https:\/\/amberglow.lt\/lv\/wp-json\/wp\/v2\/types\/product"}],"replies":[{"embeddable":true,"href":"https:\/\/amberglow.lt\/lv\/wp-json\/wp\/v2\/comments?post=31060"}],"version-history":[{"count":0,"href":"https:\/\/amberglow.lt\/lv\/wp-json\/wp\/v2\/product\/31060\/revisions"}],"wp:featuredmedia":[{"embeddable":true,"href":"https:\/\/amberglow.lt\/lv\/wp-json\/wp\/v2\/media\/31061"}],"wp:attachment":[{"href":"https:\/\/amberglow.lt\/lv\/wp-json\/wp\/v2\/media?parent=31060"}],"wp:term":[{"taxonomy":"product_brand","embeddable":true,"href":"https:\/\/amberglow.lt\/lv\/wp-json\/wp\/v2\/product_brand?post=31060"},{"taxonomy":"product_cat","embeddable":true,"href":"https:\/\/amberglow.lt\/lv\/wp-json\/wp\/v2\/product_cat?post=31060"},{"taxonomy":"product_tag","embeddable":true,"href":"https:\/\/amberglow.lt\/lv\/wp-json\/wp\/v2\/product_tag?post=31060"}],"curies":[{"name":"wp","href":"https:\/\/api.w.org\/{rel}","templated":true}]}}