{"id":31078,"date":"2025-09-23T14:04:00","date_gmt":"2025-09-23T11:04:00","guid":{"rendered":"https:\/\/amberglow.lt\/Bez%20kategorijas\/stacionarais-dators-intel-core-i5-14400f-nvidia-geforce-rtx-5070-12gb-intel-h610-16gb-3200mhz-ddr4-512gb-nvme-ssd\/"},"modified":"2026-05-10T11:57:05","modified_gmt":"2026-05-10T08:57:05","slug":"stacionarais-dators-intel-core-i5-14400f-nvidia-geforce-rtx-5070-12gb-intel-h610-16gb-3200mhz-ddr4-512gb-nvme-ssd","status":"publish","type":"product","link":"https:\/\/amberglow.lt\/lv\/stacionarie-datori\/stacionarais-dators-intel-core-i5-14400f-nvidia-geforce-rtx-5070-12gb-intel-h610-16gb-3200mhz-ddr4-512gb-nvme-ssd\/","title":{"rendered":"Stacion\u0101rais dators Intel Core i5-14400F, RTX 5070 12GB"},"content":{"rendered":"<p data-start=\"0\" data-end=\"135\"><strong data-start=\"0\" data-end=\"133\">Intel Core i5-14400F un NVIDIA GeForce RTX 5070 12GB \u2013 l\u012bdzsvarota izv\u0113le 1440p un 4K sp\u0113l\u0113m ar DLSS 3.5 atbalstu<\/strong><\/p>\n<p data-start=\"137\" data-end=\"432\">\u0160\u012b kombin\u0101cija ir paredz\u0113ta sp\u0113l\u0113t\u0101jiem, kuri v\u0113las uzticamu veiktsp\u0113ju jaun\u0101kaj\u0101s sp\u0113l\u0113s 1440p iz\u0161\u0137irtsp\u0113j\u0101 un komfortablu pieredzi 4K. Intel Core i5-14400F nodro\u0161ina pietiekamu procesora jaudu, bet RTX 5070 sniedz piek\u013cuvi jaun\u0101kaj\u0101m NVIDIA grafikas tehnolo\u0123ij\u0101m \u2013 ray tracing un DLSS 3.5. <\/p>\n<p data-start=\"434\" data-end=\"474\"><strong data-start=\"434\" data-end=\"472\">Procesors Intel Core i5-14400F<\/strong><\/p>\n<p data-start=\"476\" data-end=\"664\"><strong data-start=\"476\" data-end=\"508\">Arhitekt\u016bra un kodoli:<\/strong> Raptor Lake Refresh arhitekt\u016bra ar 10 kodoliem (6 veiktsp\u0113jas + 4 efektivit\u0101tes) un 16 pavedieniem nodro\u0161ina l\u012bdzsvaru starp viena pavediena veiktsp\u0113ju un daudzfunkcionalit\u0101ti.<\/p>\n<p data-start=\"666\" data-end=\"818\"><strong data-start=\"666\" data-end=\"677\">Frekvence:<\/strong> P kodoli \u2013 l\u012bdz 4,7 GHz, E kodoli \u2013 l\u012bdz 3,5 GHz, kas \u013cauj procesoram izmantot RTX 5070 iesp\u0113jas sp\u0113l\u0113s bez &#8220;bottleneck&#8221;.<\/p>\n<p data-start=\"820\" data-end=\"915\"><strong data-start=\"820\" data-end=\"833\">Atmi\u0146a:<\/strong> 20 MB L3 ke\u0161atmi\u0146a pal\u012bdz nodro\u0161in\u0101t maz\u0101ku aizkavi un stabilu kadru \u0101trumu.<\/p>\n<p data-start=\"917\" data-end=\"968\"><strong data-start=\"917\" data-end=\"966\">Videokarte \u201eNVIDIA GeForce RTX 5070 12GB&#8221;<\/strong><\/p>\n<p data-start=\"970\" data-end=\"1181\"><strong data-start=\"970\" data-end=\"1002\">Arhitekt\u016bra un kodoli:<\/strong> Ada Lovelace arhitekt\u016bra ar uzlabotiem CUDA kodoliem, 3. paaudzes RT kodoliem un 4. paaudzes Tensor kodoliem, lai sasniegtu maksim\u0101lu grafikas kvalit\u0101ti.<\/p>\n<p data-start=\"1183\" data-end=\"1309\"><strong data-start=\"1183\" data-end=\"1196\">Atmi\u0146a:<\/strong> 12 GB GDDR7 \u2013 moderna, \u013coti \u0101tra atmi\u0146a, kas nodro\u0161ina lielu caurlaid\u012bbu, nepiecie\u0161amu 1440p un 4K sp\u0113l\u0113m.<\/p>\n<p data-start=\"1311\" data-end=\"1473\"><strong data-start=\"1311\" data-end=\"1338\">DLSS 3.5 un RT veiktsp\u0113ja:<\/strong> DLSS 3.5 ar Ray Reconstruction tehnolo\u0123iju \u013cauj ieg\u016bt vair\u0101k FPS ar iesl\u0113gtu ray tracing, saglab\u0101jot augstu vizu\u0101lo kvalit\u0101ti.<\/p>\n<p><strong>Pilna specifik\u0101cija:<\/strong><\/p>\n<ul>\n<li><strong>Intel Core i5-14400F: <\/strong>10 kodoli, 16 pavedieni, 2.5-4.7GHz<\/li>\n<li><span data-sheets-root=\"1\"><strong>MSI PRO H610M-E<\/strong> vai l\u012bdz\u012bga<\/span><\/li>\n<li><span data-sheets-root=\"1\"><strong>XILENCE XC229 Performance Tower CPU Cooler<\/strong> vai l\u012bdz\u012bgs<\/span><\/li>\n<li><span data-sheets-root=\"1\"><strong>16GB DDR4 3200MHz | G.Skill Aegis<\/strong> vai l\u012bdz\u012bgi<\/span><\/li>\n<li><strong>MSI Spatium 500GB NVMe M.2 SSD <\/strong><\/li>\n<li><span data-sheets-root=\"1\"><strong>Nvidia GeForce RTX 5070 12GB GDDR7 | ASUS Dual OC<\/strong> vai l\u012bdz\u012bga<\/span><\/li>\n<li><span data-sheets-root=\"1\"><strong>Adata XPG 750W 80+ Bronze<\/strong> vai l\u012bdz\u012bgs<\/span><\/li>\n<\/ul>\n<p data-start=\"1759\" data-end=\"1811\"><strong data-start=\"1759\" data-end=\"1809\">Paredzama FPS veiktsp\u0113ja 1440p un 4K iz\u0161\u0137irtsp\u0113j\u0101:<\/strong><\/p>\n<p data-start=\"1813\" data-end=\"2209\">Cyberpunk 2077 \u2013 ~115 FPS (1440p, Ultra + DLSS Quality) \/ ~80 FPS (4K, High + DLSS Balanced)<br data-start=\"1905\" data-end=\"1908\">Call of Duty: Black Ops 6 \u2013 ~155 FPS (1440p, Ultra) \/ ~105 FPS (4K, High)<br data-start=\"1981\" data-end=\"1984\">Forza Horizon 5 \u2013 ~165 FPS (1440p, Ultra) \/ ~120 FPS (4K, Ultra)<br data-start=\"2048\" data-end=\"2051\">Assassin\u2019s Creed Mirage \u2013 ~125 FPS (1440p, High) \/ ~90 FPS (4K, High)<br data-start=\"2120\" data-end=\"2123\">Alan Wake 2 \u2013 ~95 FPS (1440p, High + RT + DLSS) \/ ~70 FPS (4K, High + DLSS Balanced)<\/p>\n<p><em>\u0160ie skait\u013ci realit\u0101t\u0113 var at\u0161\u0137irties atkar\u012bb\u0101 no konkr\u0113tiem sp\u0113les iestat\u012bjumiem, optimiz\u0101cijas un citiem sist\u0113mas komponentiem.<\/em><\/p>\n","protected":false},"excerpt":{"rendered":"<p>Intel Core i5-14400F un NVIDIA GeForce RTX 5070 12GB \u2013 l\u012bdzsvarota izv\u0113le 1440p un 4K sp\u0113l\u0113m ar DLSS 3.5 atbalstu<\/p>\n","protected":false},"featured_media":30540,"comment_status":"open","ping_status":"closed","template":"","meta":[],"product_brand":[1749],"product_cat":[495],"product_tag":[519,508,554,555,522,515],"class_list":{"0":"post-31078","1":"product","2":"type-product","3":"status-publish","4":"has-post-thumbnail","6":"product_brand-amberglow","7":"product_cat-stacionarie-datori","8":"product_tag-850w-bronze-psu","9":"product_tag-ddr4-nuo-16gb-512gb","10":"product_tag-intel-core-i5-14400f","11":"product_tag-intel-h610","12":"product_tag-nvidia-geforce-rtx-5070-12-gb-gddr7","13":"product_tag-torna-rgb-dzesetajs","14":"pa_garantija-24-men-lv","15":"pa_prekes-zenklas-amberglow-lv","16":"pa_procesoriaus-branduoliai-10-cores-lv","17":"pa_vaizdo-plokstes-atmintis-12gb-lv","18":"pa_vaizdo-plokstes-modelis-rtx-5070-lv","20":"first","21":"instock","22":"taxable","23":"shipping-taxable","24":"purchasable","25":"product-type-simple"},"_links":{"self":[{"href":"https:\/\/amberglow.lt\/lv\/wp-json\/wp\/v2\/product\/31078","targetHints":{"allow":["GET"]}}],"collection":[{"href":"https:\/\/amberglow.lt\/lv\/wp-json\/wp\/v2\/product"}],"about":[{"href":"https:\/\/amberglow.lt\/lv\/wp-json\/wp\/v2\/types\/product"}],"replies":[{"embeddable":true,"href":"https:\/\/amberglow.lt\/lv\/wp-json\/wp\/v2\/comments?post=31078"}],"version-history":[{"count":0,"href":"https:\/\/amberglow.lt\/lv\/wp-json\/wp\/v2\/product\/31078\/revisions"}],"wp:featuredmedia":[{"embeddable":true,"href":"https:\/\/amberglow.lt\/lv\/wp-json\/wp\/v2\/media\/30540"}],"wp:attachment":[{"href":"https:\/\/amberglow.lt\/lv\/wp-json\/wp\/v2\/media?parent=31078"}],"wp:term":[{"taxonomy":"product_brand","embeddable":true,"href":"https:\/\/amberglow.lt\/lv\/wp-json\/wp\/v2\/product_brand?post=31078"},{"taxonomy":"product_cat","embeddable":true,"href":"https:\/\/amberglow.lt\/lv\/wp-json\/wp\/v2\/product_cat?post=31078"},{"taxonomy":"product_tag","embeddable":true,"href":"https:\/\/amberglow.lt\/lv\/wp-json\/wp\/v2\/product_tag?post=31078"}],"curies":[{"name":"wp","href":"https:\/\/api.w.org\/{rel}","templated":true}]}}