{"id":31090,"date":"2025-09-24T16:30:22","date_gmt":"2025-09-24T13:30:22","guid":{"rendered":"https:\/\/amberglow.lt\/Bez%20kategorijas\/stacionarais-dators-ryzen-7-7700-rx-9060-xt-16gb\/"},"modified":"2026-05-10T12:05:36","modified_gmt":"2026-05-10T09:05:36","slug":"stacionarais-dators-ryzen-7-7700-rx-9060-xt-16gb","status":"publish","type":"product","link":"https:\/\/amberglow.lt\/lv\/stacionarie-datori\/stacionarais-dators-ryzen-7-7700-rx-9060-xt-16gb\/","title":{"rendered":"Stacion\u0101rais dators Ryzen 7 7700, RX 9060 XT 16GB"},"content":{"rendered":"<div class=\"text-base my-auto mx-auto pb-10 [--thread-content-margin:--spacing(4)] thread-sm:[--thread-content-margin:--spacing(6)] thread-lg:[--thread-content-margin:--spacing(16)] px-(--thread-content-margin)\">\n<div class=\"[--thread-content-max-width:40rem] thread-lg:[--thread-content-max-width:48rem] mx-auto max-w-(--thread-content-max-width) flex-1 group\/turn-messages focus-visible:outline-hidden relative flex w-full min-w-0 flex-col agent-turn\" tabindex=\"-1\">\n<div class=\"flex max-w-full flex-col grow\">\n<div class=\"min-h-8 text-message relative flex w-full flex-col items-end gap-2 text-start break-words whitespace-normal [.text-message+&amp;]:mt-5\" dir=\"auto\" data-message-author-role=\"assistant\" data-message-id=\"3bb03539-3a89-4642-92ac-3f0ed7be2696\" data-message-model-slug=\"gpt-5\">\n<div class=\"flex w-full flex-col gap-1 empty:hidden first:pt-[3px]\">\n<div class=\"markdown prose dark:prose-invert w-full break-words light markdown-new-styling\">\n<p data-start=\"0\" data-end=\"109\"><strong data-start=\"0\" data-end=\"107\">&#8220;AMD Ryzen 7 7700&#8221; un &#8220;AMD Radeon RX 9060 XT 16GB&#8221; \u2013 jaud\u012bga kombin\u0101cija 1440p sp\u0113l\u0113m ar gatav\u012bbu 4K<\/strong><\/p>\n<p data-start=\"111\" data-end=\"418\">\u0160\u012b kombin\u0101cija ir paredz\u0113ta sp\u0113l\u0113t\u0101jiem, kuri v\u0113las \u012bpa\u0161i pl\u016bsto\u0161u pieredzi 1440p iz\u0161\u0137irtsp\u0113j\u0101 un iesp\u0113ju sp\u0113l\u0113t 4K ar augstiem grafikas iestat\u012bjumiem. &#8220;Ryzen 7 7700&#8221; nodro\u0161ina lielu procesora jaudu, bet &#8220;RX 9060 XT 16GB&#8221; ar &#8220;RDNA 4&#8221; arhitekt\u016bru un lielo VRAM nodro\u0161ina izcilu veiktsp\u0113ju m\u016bsdienu AAA sp\u0113l\u0113s. <\/p>\n<p data-start=\"420\" data-end=\"787\"><strong data-start=\"420\" data-end=\"454\">Procesors &#8220;AMD Ryzen 7 7700&#8221;<\/strong><br data-start=\"454\" data-end=\"457\">Arhitekt\u016bra un kodoli: &#8220;Zen 4&#8221; arhitekt\u016bra ar 8 kodoliem un 16 pavedieniem \u2013 optim\u0101la izv\u0113le sp\u0113l\u0113m un produktivit\u0101tei.<br data-start=\"588\" data-end=\"591\">Frekvence: 3,8 GHz b\u0101zes, turbo re\u017e\u012bm\u0101 l\u012bdz 5,3 GHz \u2013 nodro\u0161ina augstu veiktsp\u0113ju gan viena, gan vair\u0101ku pavedienu uzdevumos.<br data-start=\"705\" data-end=\"708\">Atmi\u0146a: 32 MB L3 ke\u0161atmi\u0146a samazina aizkaves un uzlabo sp\u0113\u013cu stabilit\u0101ti.<\/p>\n<p data-start=\"789\" data-end=\"1223\"><strong data-start=\"789\" data-end=\"836\">Videokarte &#8220;AMD Radeon RX 9060 XT 16GB&#8221;<\/strong><br data-start=\"836\" data-end=\"839\">Arhitekt\u016bra: &#8220;RDNA 4&#8221; ar uzlabot\u0101m skait\u013co\u0161anas vien\u012bb\u0101m, RT un AI pa\u0101trin\u0101t\u0101jiem, nodro\u0161inot augstu veiktsp\u0113ju un modernas tehnolo\u0123ijas.<br data-start=\"983\" data-end=\"986\">Atmi\u0146a: 16 GB GDDR6 \u2013 pietiekams apjoms 1440p sp\u0113l\u0113m un gatavs 4K iz\u0161\u0137irtsp\u0113jai ar detaliz\u0113t\u0101m tekst\u016br\u0101m.<br data-start=\"1095\" data-end=\"1098\">Tehnolo\u0123ijas: &#8220;FSR 3&#8221; ar &#8220;Frame Generation&#8221; un uzlabotu staru izseko\u0161anu \u013cauj baud\u012bt pl\u016bsto\u0161u grafiku un augstu FPS.<\/p>\n<p data-start=\"789\" data-end=\"1223\"><strong>Pilna specifik\u0101cija:<\/strong><\/p>\n<\/div>\n<\/div>\n<\/div>\n<\/div>\n<\/div>\n<\/div>\n<ul>\n<li><strong>AMD Ryzen 7 7700: <\/strong>8 kodoli, 16 pavedienu, 3,8-5,3GHz<\/li>\n<li><span data-sheets-root=\"1\"><strong>ASRock B850M PRO-A<\/strong> vai l\u012bdz\u012bga<\/span><\/li>\n<li><span data-sheets-root=\"1\"><strong>Arctic Freezer 36<\/strong> vai l\u012bdz\u012bgs<\/span><\/li>\n<li><span data-sheets-root=\"1\"><strong>32GB (2x16GB) DDR5 6000MHz | Corsair Vengeance<\/strong> vai l\u012bdz\u012bgi<\/span><\/li>\n<li><strong>Kingston NV3 1TB NVMe M.2 SSD <\/strong><\/li>\n<li><span data-sheets-root=\"1\"><strong>AMD Radeon RX 9060 XT 16GB GDDR6 | ASRock Challenger OC<\/strong> vai l\u012bdz\u012bga<\/span><\/li>\n<li><span data-sheets-root=\"1\"><strong>Chieftec 650W 80+ Bronze<\/strong> vai l\u012bdz\u012bgs<\/span><\/li>\n<\/ul>\n<p data-start=\"1667\" data-end=\"1718\"><strong data-start=\"1475\" data-end=\"1525\">Paredzamie FPS rezult\u0101ti 1440p un 4K iz\u0161\u0137irtsp\u0113j\u0101:<\/strong><br data-start=\"1525\" data-end=\"1528\">Cyberpunk 2077 \u2013 ~135 FPS (1440p, High + FSR Quality) \/ ~95 FPS (4K, High + FSR Balanced)<br data-start=\"1617\" data-end=\"1620\">Call of Duty: Black Ops 6 \u2013 ~185 FPS (1440p, High) \/ ~135 FPS (4K, High)<br data-start=\"1692\" data-end=\"1695\">Forza Horizon 5 \u2013 ~170 FPS (1440p, Ultra) \/ ~120 FPS (4K, Ultra)<br data-start=\"1759\" data-end=\"1762\">Assassin&#8217;s Creed Mirage \u2013 ~145 FPS (1440p, High) \/ ~110 FPS (4K, High)<br data-start=\"1832\" data-end=\"1835\">Alan Wake 2 \u2013 ~115 FPS (1440p, High RT + FSR) \/ ~80 FPS (4K, High + FSR Balanced)<\/p>\n<p><em>\u0160ie skait\u013ci realit\u0101t\u0113 var at\u0161\u0137irties atkar\u012bb\u0101 no konkr\u0113tiem sp\u0113les iestat\u012bjumiem, optimiz\u0101cijas un citiem sist\u0113mas komponentiem.<\/em><\/p>\n","protected":false},"excerpt":{"rendered":"<p>&#8220;AMD Ryzen 7 7700&#8221; un &#8220;AMD Radeon RX 9060 XT 16GB&#8221; \u2013 jaud\u012bga kombin\u0101cija 1440p sp\u0113l\u0113m ar gatav\u012bbu 4K \u0160\u012b<\/p>\n","protected":false},"featured_media":30928,"comment_status":"open","ping_status":"closed","template":"","meta":[],"product_brand":[1749],"product_cat":[495],"product_tag":[516,513,514,549,544,520,505,515],"class_list":{"0":"post-31090","1":"product","2":"type-product","3":"status-publish","4":"has-post-thumbnail","6":"product_brand-amberglow","7":"product_cat-stacionarie-datori","8":"product_tag-1-tb-m-2-nvme-3000-ssd-diskdzins","9":"product_tag-32-gb-2x16-gb-6000-mhz-ddr5-ram","10":"product_tag-650w-bronze-psu","11":"product_tag-amd-b850","12":"product_tag-amd-radeon-rx-9060-xt-16-gb-gddr6","13":"product_tag-amd-ryzen-7-7700","14":"product_tag-ddr5-nuo-32gb-1tb","15":"product_tag-torna-rgb-dzesetajs","16":"pa_garantija-24-men-lv","17":"pa_prekes-zenklas-amberglow-lv","18":"pa_procesoriaus-branduoliai-8-cores-lv","19":"pa_vaizdo-plokstes-atmintis-16gb-lv","20":"pa_vaizdo-plokstes-modelis-rx-9060-xt-lv","22":"first","23":"instock","24":"taxable","25":"shipping-taxable","26":"purchasable","27":"product-type-simple"},"_links":{"self":[{"href":"https:\/\/amberglow.lt\/lv\/wp-json\/wp\/v2\/product\/31090","targetHints":{"allow":["GET"]}}],"collection":[{"href":"https:\/\/amberglow.lt\/lv\/wp-json\/wp\/v2\/product"}],"about":[{"href":"https:\/\/amberglow.lt\/lv\/wp-json\/wp\/v2\/types\/product"}],"replies":[{"embeddable":true,"href":"https:\/\/amberglow.lt\/lv\/wp-json\/wp\/v2\/comments?post=31090"}],"version-history":[{"count":0,"href":"https:\/\/amberglow.lt\/lv\/wp-json\/wp\/v2\/product\/31090\/revisions"}],"wp:featuredmedia":[{"embeddable":true,"href":"https:\/\/amberglow.lt\/lv\/wp-json\/wp\/v2\/media\/30928"}],"wp:attachment":[{"href":"https:\/\/amberglow.lt\/lv\/wp-json\/wp\/v2\/media?parent=31090"}],"wp:term":[{"taxonomy":"product_brand","embeddable":true,"href":"https:\/\/amberglow.lt\/lv\/wp-json\/wp\/v2\/product_brand?post=31090"},{"taxonomy":"product_cat","embeddable":true,"href":"https:\/\/amberglow.lt\/lv\/wp-json\/wp\/v2\/product_cat?post=31090"},{"taxonomy":"product_tag","embeddable":true,"href":"https:\/\/amberglow.lt\/lv\/wp-json\/wp\/v2\/product_tag?post=31090"}],"curies":[{"name":"wp","href":"https:\/\/api.w.org\/{rel}","templated":true}]}}