{"id":31096,"date":"2025-09-24T16:18:14","date_gmt":"2025-09-24T13:18:14","guid":{"rendered":"https:\/\/amberglow.lt\/Bez%20kategorijas\/stacionarais-dators-ryzen-7-7700-rtx-5080-16gb\/"},"modified":"2026-05-10T12:05:35","modified_gmt":"2026-05-10T09:05:35","slug":"stacionarais-dators-ryzen-7-7700-rtx-5080-16gb","status":"publish","type":"product","link":"https:\/\/amberglow.lt\/lv\/stacionarie-datori\/stacionarais-dators-ryzen-7-7700-rtx-5080-16gb\/","title":{"rendered":"Stacion\u0101rais dators Ryzen 7 7700, RTX 5080 16GB"},"content":{"rendered":"<div class=\"text-base my-auto mx-auto pb-10 [--thread-content-margin:--spacing(4)] thread-sm:[--thread-content-margin:--spacing(6)] thread-lg:[--thread-content-margin:--spacing(16)] px-(--thread-content-margin)\">\n<div class=\"[--thread-content-max-width:40rem] thread-lg:[--thread-content-max-width:48rem] mx-auto max-w-(--thread-content-max-width) flex-1 group\/turn-messages focus-visible:outline-hidden relative flex w-full min-w-0 flex-col agent-turn\" tabindex=\"-1\">\n<div class=\"flex max-w-full flex-col grow\">\n<div class=\"min-h-8 text-message relative flex w-full flex-col items-end gap-2 text-start break-words whitespace-normal [.text-message+&amp;]:mt-5\" dir=\"auto\" data-message-author-role=\"assistant\" data-message-id=\"3bb03539-3a89-4642-92ac-3f0ed7be2696\" data-message-model-slug=\"gpt-5\">\n<div class=\"flex w-full flex-col gap-1 empty:hidden first:pt-[3px]\">\n<div class=\"markdown prose dark:prose-invert w-full break-words light markdown-new-styling\">\n<p data-start=\"0\" data-end=\"114\"><strong data-start=\"0\" data-end=\"112\">AMD Ryzen 7 7700 un NVIDIA GeForce RTX 5080 16GB GDDR7 \u2013 augst\u0101k\u0101 l\u012bme\u0146a kombin\u0101cija 1440p un 4K sp\u0113l\u0113m<\/strong><\/p>\n<p data-start=\"116\" data-end=\"409\">\u0160\u012b kombin\u0101cija ir paredz\u0113ta sp\u0113l\u0113t\u0101jiem, kuri v\u0113las maksim\u0101lu jaudu ne tikai 1440p, bet ar\u012b 4K iz\u0161\u0137irtsp\u0113j\u0101 ar augst\u0101kajiem grafikas iestat\u012bjumiem. Ryzen 7 7700 nodro\u0161ina izcilu procesora veiktsp\u0113ju, bet RTX 5080 16GB GDDR7 pied\u0101v\u0101 jaun\u0101kos NVIDIA tehnolo\u0123iju sasniegumus, DLSS 3.5 un staru izseko\u0161anas iesp\u0113jas. <\/p>\n<p data-start=\"411\" data-end=\"780\"><strong data-start=\"411\" data-end=\"445\">Procesors AMD Ryzen 7 7700<\/strong><br data-start=\"445\" data-end=\"448\">Arhitekt\u016bra un kodoli: Zen 4 arhitekt\u016bra ar 8 kodoliem un 16 pavedieniem \u2013 jaud\u012bga izv\u0113le sp\u0113l\u0113m un produktivit\u0101tes uzdevumiem.<br data-start=\"587\" data-end=\"590\">Frekvence: 3,8 GHz b\u0101zes, turbo re\u017e\u012bm\u0101 l\u012bdz 5,3 GHz \u2013 nodro\u0161ina augstu \u0101trumu da\u017e\u0101dos scen\u0101rijos.<br data-start=\"690\" data-end=\"693\">Atmi\u0146a: 32 MB L3 ke\u0161atmi\u0146a pal\u012bdz samazin\u0101t aizkaves un uzlabot sp\u0113\u013cu stabilit\u0101ti.<\/p>\n<p data-start=\"782\" data-end=\"1222\"><strong data-start=\"782\" data-end=\"837\">Videokarte NVIDIA GeForce RTX 5080 16GB GDDR7<\/strong><br data-start=\"837\" data-end=\"840\">Arhitekt\u016bra: jaun\u0101s paaudzes Ada Lovelace ar CUDA, RT un Tensor kodoliem, nodro\u0161inot nevainojamu staru izseko\u0161anas un DLSS 3.5 darb\u012bbu.<br data-start=\"983\" data-end=\"986\">Atmi\u0146a: 16 GB GDDR7 \u2013 optim\u0101ls daudzums 1440p un 4K AAA sp\u0113l\u0113m ar augst\u0101kajiem grafikas iestat\u012bjumiem.<br data-start=\"1091\" data-end=\"1094\">Tehnolo\u0123ijas: DLSS 3.5 ar kadru \u0123ener\u0113\u0161anu \u013cauj uztur\u0113t \u013coti augstu FPS pat izmantojot sare\u017e\u0123\u012bt\u0101kos grafikas efektus.<\/p>\n<p data-start=\"782\" data-end=\"1222\"><strong>Pilna specifik\u0101cija:<\/strong><\/p>\n<\/div>\n<\/div>\n<\/div>\n<\/div>\n<\/div>\n<\/div>\n<ul>\n<li><strong>AMD Ryzen 7 7700: <\/strong>8 kodoli, 16 pavedienu, 3,8-5,3GHz<\/li>\n<li><span data-sheets-root=\"1\"><strong>ASRock B850M PRO-A<\/strong> vai l\u012bdz\u012bga<\/span><\/li>\n<li><span data-sheets-root=\"1\"><strong>Arctic Freezer 36<\/strong> vai l\u012bdz\u012bgs<\/span><\/li>\n<li><span data-sheets-root=\"1\"><strong>32GB (2x16GB) DDR5 6000MHz | Corsair Vengeance<\/strong> vai l\u012bdz\u012bgi<\/span><\/li>\n<li><strong>Kingston NV3 1TB NVMe M.2 SSD <\/strong><\/li>\n<li><span data-sheets-root=\"1\"><strong>Nvidia GeForce RTX 5080 16GB GDDR7 | Gigabyte Windforce OC<\/strong> vai l\u012bdz\u012bga<\/span><\/li>\n<li><span data-sheets-root=\"1\"><strong>Chieftec 850W 80+ Gold<\/strong> vai l\u012bdz\u012bgs<\/span><\/li>\n<\/ul>\n<p data-start=\"1667\" data-end=\"1718\"><strong data-start=\"1475\" data-end=\"1525\">Paredzamie FPS rezult\u0101ti 1440p un 4K iz\u0161\u0137irtsp\u0113j\u0101s:<\/strong><br data-start=\"1525\" data-end=\"1528\">Cyberpunk 2077 \u2013 ~190 FPS (1440p, Ultra + DLSS Quality) \/ ~140 FPS (4K, Ultra + DLSS Balanced)<br data-start=\"1622\" data-end=\"1625\">Call of Duty: Black Ops 6 \u2013 ~230 FPS (1440p, Ultra) \/ ~170 FPS (4K, Ultra)<br data-start=\"1699\" data-end=\"1702\">Forza Horizon 5 \u2013 ~210 FPS (1440p, Ultra) \/ ~155 FPS (4K, Ultra)<br data-start=\"1766\" data-end=\"1769\">Assassin&#8217;s Creed Mirage \u2013 ~180 FPS (1440p, Very High) \/ ~135 FPS (4K, Very High)<br data-start=\"1849\" data-end=\"1852\">Alan Wake 2 \u2013 ~150 FPS (1440p, High RT + DLSS) \/ ~105 FPS (4K, High + DLSS Balanced)<\/p>\n<p><em>\u0160ie skait\u013ci realit\u0101t\u0113 var at\u0161\u0137irties atkar\u012bb\u0101 no konkr\u0113tiem sp\u0113les iestat\u012bjumiem, optimiz\u0101cijas un citiem sist\u0113mas komponentiem.<\/em><\/p>\n","protected":false},"excerpt":{"rendered":"<p>AMD Ryzen 7 7700 un NVIDIA GeForce RTX 5080 16GB GDDR7 \u2013 augst\u0101k\u0101 l\u012bme\u0146a kombin\u0101cija 1440p un 4K sp\u0113l\u0113m \u0160\u012b<\/p>\n","protected":false},"featured_media":30923,"comment_status":"open","ping_status":"closed","template":"","meta":[],"product_brand":[1749],"product_cat":[495],"product_tag":[516,513,541,549,520,505,543,515],"class_list":{"0":"post-31096","1":"product","2":"type-product","3":"status-publish","4":"has-post-thumbnail","6":"product_brand-amberglow","7":"product_cat-stacionarie-datori","8":"product_tag-1-tb-m-2-nvme-3000-ssd-diskdzins","9":"product_tag-32-gb-2x16-gb-6000-mhz-ddr5-ram","10":"product_tag-850w-gold-psu","11":"product_tag-amd-b850","12":"product_tag-amd-ryzen-7-7700","13":"product_tag-ddr5-nuo-32gb-1tb","14":"product_tag-nvidia-geforce-rtx-5080-16-gb-gddr7","15":"product_tag-torna-rgb-dzesetajs","16":"pa_garantija-24-men-lv","17":"pa_prekes-zenklas-amberglow-lv","18":"pa_procesoriaus-branduoliai-8-cores-lv","19":"pa_vaizdo-plokstes-atmintis-16gb-lv","20":"pa_vaizdo-plokstes-modelis-rtx-5080-lv","22":"first","23":"instock","24":"taxable","25":"shipping-taxable","26":"purchasable","27":"product-type-simple"},"_links":{"self":[{"href":"https:\/\/amberglow.lt\/lv\/wp-json\/wp\/v2\/product\/31096","targetHints":{"allow":["GET"]}}],"collection":[{"href":"https:\/\/amberglow.lt\/lv\/wp-json\/wp\/v2\/product"}],"about":[{"href":"https:\/\/amberglow.lt\/lv\/wp-json\/wp\/v2\/types\/product"}],"replies":[{"embeddable":true,"href":"https:\/\/amberglow.lt\/lv\/wp-json\/wp\/v2\/comments?post=31096"}],"version-history":[{"count":0,"href":"https:\/\/amberglow.lt\/lv\/wp-json\/wp\/v2\/product\/31096\/revisions"}],"wp:featuredmedia":[{"embeddable":true,"href":"https:\/\/amberglow.lt\/lv\/wp-json\/wp\/v2\/media\/30923"}],"wp:attachment":[{"href":"https:\/\/amberglow.lt\/lv\/wp-json\/wp\/v2\/media?parent=31096"}],"wp:term":[{"taxonomy":"product_brand","embeddable":true,"href":"https:\/\/amberglow.lt\/lv\/wp-json\/wp\/v2\/product_brand?post=31096"},{"taxonomy":"product_cat","embeddable":true,"href":"https:\/\/amberglow.lt\/lv\/wp-json\/wp\/v2\/product_cat?post=31096"},{"taxonomy":"product_tag","embeddable":true,"href":"https:\/\/amberglow.lt\/lv\/wp-json\/wp\/v2\/product_tag?post=31096"}],"curies":[{"name":"wp","href":"https:\/\/api.w.org\/{rel}","templated":true}]}}