{"id":31114,"date":"2025-08-08T12:32:45","date_gmt":"2025-08-08T09:32:45","guid":{"rendered":"https:\/\/amberglow.lt\/Bez%20kategorijas\/e%e2%80%91yooso-z%e2%80%9111-mehaniska-tastatura\/"},"modified":"2026-05-10T12:01:08","modified_gmt":"2026-05-10T09:01:08","slug":"e-yooso-z-11-mehaniska-tastatura","status":"publish","type":"product","link":"https:\/\/amberglow.lt\/lv\/periferija\/klaviaturas\/e-yooso-z-11-mehaniska-tastatura\/","title":{"rendered":"E\u2011Yooso Z\u201111 meh\u0101nisk\u0101 tastat\u016bra"},"content":{"rendered":"<p data-start=\"139\" data-end=\"378\"><strong data-start=\"139\" data-end=\"155\">E\u2011Yooso Z\u201111<\/strong> ir kompakta 61 tausti\u0146a meh\u0101nisk\u0101 tastat\u016bra, kas izstr\u0101d\u0101ta precizit\u0101tei, stilam un uzticam\u012bbai. T\u0101s iztur\u012bgais <strong data-start=\"262\" data-end=\"295\">met\u0101la aug\u0161\u0113jais panelis<\/strong> ne tikai rada stabilit\u0101tes saj\u016btu, bet ar\u012b palielina iztur\u012bbu pret intens\u012bvu lieto\u0161anu. <\/p>\n<p data-start=\"380\" data-end=\"574\">Izmantots <strong data-start=\"390\" data-end=\"420\">USB Type\u2011C vadu savienojums<\/strong> nodro\u0161ina \u0101tru un stabilu savienojumu, bet <strong data-start=\"457\" data-end=\"497\">atsevi\u0161\u0137s tausti\u0146u un vada izk\u0101rtojums<\/strong> (key-line separation design) uzlabo kabe\u013ca p\u0101rvald\u012bbu un est\u0113tiku uz galda.<\/p>\n<p data-start=\"576\" data-end=\"806\">Iek\u0161pus\u0113 ir uzst\u0101d\u012bti <strong data-start=\"591\" data-end=\"628\">sarkanie meh\u0101niskie sl\u0113d\u017ei<\/strong>, kas raksturojas ar vieglu un klusu darb\u012bbu. Tie ir <strong data-start=\"676\" data-end=\"693\">hot\u2011swappable<\/strong>, t\u0101p\u0113c sl\u0113d\u017eus var main\u012bt bez lod\u0113\u0161anas \u2013 tas \u013cauj viegli piel\u0101got spiediena saj\u016btu sav\u0101m vajadz\u012bb\u0101m. <\/p>\n<p data-start=\"808\" data-end=\"1039\"><strong data-start=\"808\" data-end=\"827\">RGB apgaismojums<\/strong> pied\u0101v\u0101 pat <strong data-start=\"838\" data-end=\"859\">21 gaismas re\u017e\u012bmu<\/strong>, kas \u013cauj piel\u0101goties noska\u0146ojumam vai videi \u2013 no smalka mirdzuma l\u012bdz dinamiskam efektam. Tas ir ne tikai est\u0113tisks, bet ar\u012b funkcion\u0101ls, \u012bpa\u0161i str\u0101d\u0101jot vai sp\u0113l\u0113jot kr\u0113sl\u0101. <\/p>\n<p data-start=\"1041\" data-end=\"1244\"><strong data-start=\"1041\" data-end=\"1092\">Visu tausti\u0146u re\u0123istr\u0101cija (Full Key Roll-over)<\/strong> nodro\u0161ina, ka katrs nospiediens tiks re\u0123istr\u0113ts, pat ja tiek nospiesti vair\u0101ki tausti\u0146i vienlaikus \u2013 tas ir svar\u012bgi sp\u0113l\u0113s, kur svar\u012bga ir \u0101tra reakcija.<\/p>\n<p data-start=\"1246\" data-end=\"1497\"><strong data-start=\"1246\" data-end=\"1302\">Dubult\u0101s lie\u0161anas (Double Injection) tausti\u0146u v\u0101ci\u0146i<\/strong> ir iztur\u012bgi pret nodilumu un saglab\u0101 skaidru burtu redzam\u012bbu pat p\u0113c ilgas lieto\u0161anas. Kontrast\u0113jo\u0161ais <strong data-start=\"1400\" data-end=\"1445\">pel\u0113ki melnais kr\u0101su salikums (Gray\u2011Black)<\/strong> pie\u0161\u0137ir tastat\u016brai modernu, izcilu izskatu. <\/p>\n<p data-start=\"1499\" data-end=\"1693\" data-is-last-node=\"\" data-is-only-node=\"\"><strong data-start=\"1499\" data-end=\"1515\">E\u2011Yooso Z\u201111<\/strong> ir iztur\u012bga, uzticama un kompakta tastat\u016bra, kas lieliski piem\u0113rota gan produkt\u012bvam darbam, gan intens\u012bvai sp\u0113l\u0113\u0161anai, kad v\u0113laties klusumu, \u0101trumu un stilu vien\u0101 ier\u012bc\u0113.<\/p>\n","protected":false},"excerpt":{"rendered":"<p>E\u2011Yooso Z\u201111 ir kompakta 61 tausti\u0146a meh\u0101nisk\u0101 tastat\u016bra, kas izstr\u0101d\u0101ta precizit\u0101tei, stilam un uzticam\u012bbai. T\u0101s iztur\u012bgais met\u0101la aug\u0161\u0113jais panelis ne<\/p>\n","protected":false},"featured_media":31116,"comment_status":"open","ping_status":"closed","template":"","meta":[],"product_brand":[],"product_cat":[496,500],"product_tag":[569],"class_list":{"0":"post-31114","1":"product","2":"type-product","3":"status-publish","4":"has-post-thumbnail","6":"product_cat-klaviaturas","7":"product_cat-periferija","8":"product_tag-eyooso-z11","9":"pa_garantija-24-men-lv","10":"pa_prekes-zenklas-e-yooso-lv","12":"first","13":"outofstock","14":"taxable","15":"shipping-taxable","16":"purchasable","17":"product-type-simple"},"_links":{"self":[{"href":"https:\/\/amberglow.lt\/lv\/wp-json\/wp\/v2\/product\/31114","targetHints":{"allow":["GET"]}}],"collection":[{"href":"https:\/\/amberglow.lt\/lv\/wp-json\/wp\/v2\/product"}],"about":[{"href":"https:\/\/amberglow.lt\/lv\/wp-json\/wp\/v2\/types\/product"}],"replies":[{"embeddable":true,"href":"https:\/\/amberglow.lt\/lv\/wp-json\/wp\/v2\/comments?post=31114"}],"version-history":[{"count":0,"href":"https:\/\/amberglow.lt\/lv\/wp-json\/wp\/v2\/product\/31114\/revisions"}],"wp:featuredmedia":[{"embeddable":true,"href":"https:\/\/amberglow.lt\/lv\/wp-json\/wp\/v2\/media\/31116"}],"wp:attachment":[{"href":"https:\/\/amberglow.lt\/lv\/wp-json\/wp\/v2\/media?parent=31114"}],"wp:term":[{"taxonomy":"product_brand","embeddable":true,"href":"https:\/\/amberglow.lt\/lv\/wp-json\/wp\/v2\/product_brand?post=31114"},{"taxonomy":"product_cat","embeddable":true,"href":"https:\/\/amberglow.lt\/lv\/wp-json\/wp\/v2\/product_cat?post=31114"},{"taxonomy":"product_tag","embeddable":true,"href":"https:\/\/amberglow.lt\/lv\/wp-json\/wp\/v2\/product_tag?post=31114"}],"curies":[{"name":"wp","href":"https:\/\/api.w.org\/{rel}","templated":true}]}}