{"id":31124,"date":"2025-09-22T16:43:00","date_gmt":"2025-09-22T13:43:00","guid":{"rendered":"https:\/\/amberglow.lt\/Bez%20kategorijas\/galddators-ryzen-7-9700x-rtx-5060-ti-16gb\/"},"modified":"2026-05-10T11:57:58","modified_gmt":"2026-05-10T08:57:58","slug":"galddators-ryzen-7-9700x-rtx-5060-ti-16gb","status":"publish","type":"product","link":"https:\/\/amberglow.lt\/lv\/stacionarie-datori\/galddators-ryzen-7-9700x-rtx-5060-ti-16gb\/","title":{"rendered":"Galddators Ryzen 7 9700X, RTX 5060 Ti 16GB"},"content":{"rendered":"<p data-start=\"0\" data-end=\"136\"><strong data-start=\"0\" data-end=\"134\">\u201eAMD Ryzen 7 9700X&#8221; un \u201eNVIDIA GeForce RTX 5060 Ti 16GB GDDR7&#8243; \u2013 sp\u0113c\u012bgs duets 1440p un 4K sp\u0113l\u0113m ar DLSS 3.5 un ray tracing<\/strong><\/p>\n<p data-start=\"138\" data-end=\"485\">\u0160is duets ir paredz\u0113ts sp\u0113l\u0113t\u0101jiem, kas v\u0113las augstu FPS pieredzi 1440p iz\u0161\u0137irtsp\u0113j\u0101 un komfortablu sp\u0113l\u0113\u0161anu 4K. \u201eRyzen 7 9700X&#8221; nodro\u0161ina pietiekamu procesora jaudu pat jaun\u0101kaj\u0101m sp\u0113l\u0113m, bet \u201eRTX 5060 Ti 16GB GDDR7&#8243; \u013cauj baud\u012bt DLSS 3.5, ray tracing un modern\u0101s \u201eAda Lovelace&#8221; arhitekt\u016bras tehnolo\u0123ijas ar liel\u0101ku video atmi\u0146u. <\/p>\n<p data-start=\"487\" data-end=\"524\"><strong data-start=\"487\" data-end=\"522\">Procesors \u201eAMD Ryzen 7 9700X\u201c<\/strong><\/p>\n<p data-start=\"526\" data-end=\"668\">Arhitekt\u016bra un kodoli: \u201eZen 5\u201c arhitekt\u016bra ar 8 kodoliem un 16 pavedieniem nodro\u0161ina augstu veiktsp\u0113ju sp\u0113l\u0113s un produktivit\u0101tes uzdevumos.<\/p>\n<p data-start=\"670\" data-end=\"777\">Frekvence: 3,8 GHz b\u0101zes un l\u012bdz 5,5 GHz turbo re\u017e\u012bms \u013cauj ieg\u016bt stabilu FPS pat sare\u017e\u0123\u012bt\u0101s ain\u0101s.<\/p>\n<p data-start=\"779\" data-end=\"871\">L3 atmi\u0146a: 64 MB ke\u0161atmi\u0146a samazina datu piek\u013cuves laiku un uzlabo sp\u0113\u013cu pl\u016bdumu.<\/p>\n<p data-start=\"873\" data-end=\"933\"><strong data-start=\"873\" data-end=\"931\">Videokarti \u201eNVIDIA GeForce RTX 5060 Ti 16GB GDDR7&#8243;<\/strong><\/p>\n<p data-start=\"935\" data-end=\"1078\">Arhitekt\u016bra un kodoli: \u201eAda Lovelace\u201c arhitekt\u016bra ar CUDA, RT un Tensor kodoliem nodro\u0161ina DLSS 3.5, ray tracing un AI pa\u0101trin\u0101jumu.<\/p>\n<p data-start=\"1080\" data-end=\"1225\">Atmi\u0146a: 16 GB <strong data-start=\"1096\" data-end=\"1105\">GDDR7<\/strong> \u2013 pietiekami \u0101tra un ietilp\u012bga, lai nodro\u0161in\u0101tu raitenu 1440p sp\u0113l\u0113\u0161anu ar augstiem iestat\u012bjumiem un komfortablu 4K pieredzi.<\/p>\n<p data-start=\"1227\" data-end=\"1363\">Tehnolo\u0123ijas: DLSS 3.5 ar \u201eFrame Generation&#8221; palielina FPS, bet ray tracing nodro\u0161ina modernus vizu\u0101los efektus pat sare\u017e\u0123\u012bt\u0101s ain\u0101s.<\/p>\n<p><strong>Pilna specifik\u0101cija:<\/strong><\/p>\n<ul>\n<li><strong>AMD Ryzen 7 9700X: <\/strong>8 kodoli, 16 pavedieni, 3.8-5.5GHz<\/li>\n<li><span data-sheets-root=\"1\"><strong>ASRock B850 PRO RS<\/strong> vai l\u012bdz\u012bga<\/span><\/li>\n<li><span data-sheets-root=\"1\"><strong>Arctic Freezer 36<\/strong> vai l\u012bdz\u012bgs<\/span><\/li>\n<li><span data-sheets-root=\"1\"><strong>32GB (2x16GB) DDR5 6000MHz | Corsair Vengeance<\/strong> vai l\u012bdz\u012bgi<\/span><\/li>\n<li><strong>Kingston NV3 1TB NVMe M.2 SSD <\/strong><\/li>\n<li><span data-sheets-root=\"1\"><strong>Nvidia GeForce RTX 5060 Ti 16GB GDDR7 | ASUS Dual OC<\/strong> vai l\u012bdz\u012bga<\/span><\/li>\n<li><span data-sheets-root=\"1\"><strong>Chieftec 650W 80+ Bronze<\/strong> vai l\u012bdz\u012bgs<\/span><\/li>\n<\/ul>\n<p data-start=\"1619\" data-end=\"1670\"><strong data-start=\"1619\" data-end=\"1668\">Paredzama FPS veiktsp\u0113ja 1440p un 4K form\u0101t\u0101<\/strong><\/p>\n<p data-start=\"1672\" data-end=\"2054\">Cyberpunk 2077 \u2013 ~160 FPS (1440p, High + DLSS Quality) \/ ~105 FPS (4K, High + DLSS Balanced)<br data-start=\"1764\" data-end=\"1767\">Call of Duty: Modern Warfare III \u2013 ~200 FPS (1440p, High) \/ ~140 FPS (4K, High)<br data-start=\"1846\" data-end=\"1849\">Forza Horizon 5 \u2013 ~180 FPS (1440p, Ultra) \/ ~125 FPS (4K, Ultra)<br data-start=\"1913\" data-end=\"1916\">Assassin&#8217;s Creed Mirage \u2013 ~160 FPS (1440p, High) \/ ~110 FPS (4K, High)<br data-start=\"1986\" data-end=\"1989\">Battlefield 2042 \u2013 ~150 FPS (1440p, High) \/ ~100 FPS (4K, High<\/p>\n<p><em>\u0160ie skait\u013ci realit\u0101t\u0113 var at\u0161\u0137irties atkar\u012bb\u0101 no konkr\u0113tiem sp\u0113les iestat\u012bjumiem, optimiz\u0101cijas un citiem sist\u0113mas komponentiem.<\/em><\/p>\n","protected":false},"excerpt":{"rendered":"<p>\u201eAMD Ryzen 7 9700X&#8221; un \u201eNVIDIA GeForce RTX 5060 Ti 16GB GDDR7&#8243; \u2013 sp\u0113c\u012bgs duets 1440p un 4K sp\u0113l\u0113m ar<\/p>\n","protected":false},"featured_media":31069,"comment_status":"open","ping_status":"closed","template":"","meta":[],"product_brand":[1749],"product_cat":[495],"product_tag":[516,513,514,549,547,505,518,515],"class_list":{"0":"post-31124","1":"product","2":"type-product","3":"status-publish","4":"has-post-thumbnail","6":"product_brand-amberglow","7":"product_cat-stacionarie-datori","8":"product_tag-1-tb-m-2-nvme-3000-ssd-diskdzins","9":"product_tag-32-gb-2x16-gb-6000-mhz-ddr5-ram","10":"product_tag-650w-bronze-psu","11":"product_tag-amd-b850","12":"product_tag-amd-ryzen-7-9700x","13":"product_tag-ddr5-nuo-32gb-1tb","14":"product_tag-nvidia-geforce-rtx-5060-ti-16-gb-gddr7","15":"product_tag-torna-rgb-dzesetajs","16":"pa_garantija-24-men-lv","17":"pa_prekes-zenklas-amberglow-lv","18":"pa_procesoriaus-branduoliai-8-cores-lv","19":"pa_vaizdo-plokstes-atmintis-16gb-lv","20":"pa_vaizdo-plokstes-modelis-rtx-5060-ti-lv","22":"first","23":"instock","24":"taxable","25":"shipping-taxable","26":"purchasable","27":"product-type-simple"},"_links":{"self":[{"href":"https:\/\/amberglow.lt\/lv\/wp-json\/wp\/v2\/product\/31124","targetHints":{"allow":["GET"]}}],"collection":[{"href":"https:\/\/amberglow.lt\/lv\/wp-json\/wp\/v2\/product"}],"about":[{"href":"https:\/\/amberglow.lt\/lv\/wp-json\/wp\/v2\/types\/product"}],"replies":[{"embeddable":true,"href":"https:\/\/amberglow.lt\/lv\/wp-json\/wp\/v2\/comments?post=31124"}],"version-history":[{"count":0,"href":"https:\/\/amberglow.lt\/lv\/wp-json\/wp\/v2\/product\/31124\/revisions"}],"wp:featuredmedia":[{"embeddable":true,"href":"https:\/\/amberglow.lt\/lv\/wp-json\/wp\/v2\/media\/31069"}],"wp:attachment":[{"href":"https:\/\/amberglow.lt\/lv\/wp-json\/wp\/v2\/media?parent=31124"}],"wp:term":[{"taxonomy":"product_brand","embeddable":true,"href":"https:\/\/amberglow.lt\/lv\/wp-json\/wp\/v2\/product_brand?post=31124"},{"taxonomy":"product_cat","embeddable":true,"href":"https:\/\/amberglow.lt\/lv\/wp-json\/wp\/v2\/product_cat?post=31124"},{"taxonomy":"product_tag","embeddable":true,"href":"https:\/\/amberglow.lt\/lv\/wp-json\/wp\/v2\/product_tag?post=31124"}],"curies":[{"name":"wp","href":"https:\/\/api.w.org\/{rel}","templated":true}]}}