{"id":31126,"date":"2025-09-23T09:17:46","date_gmt":"2025-09-23T06:17:46","guid":{"rendered":"https:\/\/amberglow.lt\/Bez%20kategorijas\/stacionarais-dators-ryzen-7-9700x-rtx-5070-ti-16gb\/"},"modified":"2026-05-10T11:57:41","modified_gmt":"2026-05-10T08:57:41","slug":"stacionarais-dators-ryzen-7-9700x-rtx-5070-ti-16gb","status":"publish","type":"product","link":"https:\/\/amberglow.lt\/lv\/stacionarie-datori\/stacionarais-dators-ryzen-7-9700x-rtx-5070-ti-16gb\/","title":{"rendered":"Stacion\u0101rais dators Ryzen 7 9700X, RTX 5070 Ti 16GB"},"content":{"rendered":"<p data-start=\"0\" data-end=\"141\"><strong data-start=\"0\" data-end=\"139\">AMD Ryzen 7 9700X&#8221; un &#8220;NVIDIA GeForce RTX 5070 Ti 16GB GDDR7&#8221; \u2013 \u012bpa\u0161i jaud\u012bga kombin\u0101cija 1440p un 4K sp\u0113l\u0113m ar DLSS 3.5 un ray tracing<\/strong><\/p>\n<p data-start=\"143\" data-end=\"516\">\u0160\u012b kombin\u0101cija ir paredz\u0113ta sp\u0113l\u0113t\u0101jiem, kuri v\u0113las \u012bpa\u0161i vienm\u0113r\u012bgu sp\u0113\u013cu veiktsp\u0113ju 1440p iz\u0161\u0137irtsp\u0113j\u0101 un sp\u0113c\u012bgu pieredzi 4K. &#8220;Ryzen 7 9700X&#8221; nodro\u0161ina augstu procesora \u0101trumu, savuk\u0101rt &#8220;RTX 5070 Ti 16GB GDDR7&#8221; \u013cauj baud\u012bt modern\u0101k\u0101s NVIDIA tehnolo\u0123ijas \u2013 DLSS 3.5, ray tracing un n\u0101kam\u0101s paaudzes GDDR7 atmi\u0146u, kas nodro\u0161ina augstu kadru \u0101trumu pat vispras\u012bg\u0101kaj\u0101s sp\u0113l\u0113s. <\/p>\n<p data-start=\"518\" data-end=\"555\"><strong data-start=\"518\" data-end=\"553\">Procesors \u201eAMD Ryzen 7 9700X\u201c<\/strong><\/p>\n<p data-start=\"557\" data-end=\"695\">Arhitekt\u016bra un kodoli: &#8220;Zen 5&#8221; arhitekt\u016bra ar 8 kodoliem un 16 pavedieniem nodro\u0161ina augstu veiktsp\u0113ju sp\u0113l\u0113s un produktivit\u0101tes uzdevumos.<\/p>\n<p data-start=\"697\" data-end=\"804\">Frekvence: 3,8 GHz b\u0101zes frekvence un l\u012bdz 5,5 GHz turbo re\u017e\u012bms \u2013 maksim\u0101li izmantojot procesora jaudu.<\/p>\n<p data-start=\"806\" data-end=\"880\">L3 ke\u0161atmi\u0146a: 64 MB L3 ke\u0161atmi\u0146a uzlabo reakcijas laiku un palielina FPS.<\/p>\n<p data-start=\"882\" data-end=\"942\"><strong data-start=\"882\" data-end=\"940\">Videokarte &#8220;NVIDIA GeForce RTX 5070 Ti 16GB GDDR7&#8221;<\/strong><\/p>\n<p data-start=\"944\" data-end=\"1129\">Arhitekt\u016bra un kodoli: &#8220;Ada Lovelace&#8221; arhitekt\u016bra ar CUDA, tre\u0161\u0101s paaudzes RT un ceturt\u0101s paaudzes Tensor kodoliem nodro\u0161ina izcilu veiktsp\u0113ju ar DLSS 3.5 un uzlabotu ray tracing.<\/p>\n<p data-start=\"1131\" data-end=\"1281\">Atmi\u0146a:<strong> 16 GB<\/strong> <strong data-start=\"1147\" data-end=\"1156\">GDDR7<\/strong> \u2013 pietiekami ietilp\u012bga un \u0101tra, lai raiti sp\u0113l\u0113tu gan 1440p, gan 4K ar augst\u0101kajiem grafikas iestat\u012bjumiem.<\/p>\n<p data-start=\"1283\" data-end=\"1411\">Tehnolo\u0123ijas: DLSS 3.5 ar &#8220;Frame Generation&#8221; nodro\u0161ina augstu FPS, savuk\u0101rt ray tracing nodro\u0161ina re\u0101listisku apgaismojumu un \u0113nas.<\/p>\n<p><strong>Pilna specifik\u0101cija:<\/strong><\/p>\n<ul>\n<li><strong>AMD Ryzen 7 9700X: <\/strong>8 kodoli, 16 pavedieni, 3.8-5.5GHz<\/li>\n<li><span data-sheets-root=\"1\"><strong>ASRock B850 PRO RS<\/strong> vai l\u012bdz\u012bga<\/span><\/li>\n<li><span data-sheets-root=\"1\"><strong>Arctic Freezer 36<\/strong> vai l\u012bdz\u012bgs<\/span><\/li>\n<li><span data-sheets-root=\"1\"><strong>32GB (2x16GB) DDR5 6000MHz | Corsair Vengeance<\/strong> vai l\u012bdz\u012bgi<\/span><\/li>\n<li><strong>Kingston NV3 1TB NVMe M.2 SSD <\/strong><\/li>\n<li><span data-sheets-root=\"1\"><strong>Nvidia GeForce RTX 5070 Ti 16GB GDDR7 | MSI Shadow 3X OC<\/strong> vai l\u012bdz\u012bga<\/span><\/li>\n<li><span data-sheets-root=\"1\"><strong>Chieftec 850W 80+ Gold<\/strong> vai l\u012bdz\u012bgs<\/span><\/li>\n<\/ul>\n<p data-start=\"1667\" data-end=\"1718\"><strong data-start=\"1667\" data-end=\"1716\">Paredzama FPS veiktsp\u0113ja 1440p un 4K form\u0101t\u0101<\/strong><\/p>\n<p data-start=\"1720\" data-end=\"2125\">Cyberpunk 2077 \u2013 ~185 FPS (1440p, High + DLSS Quality) \/ ~125 FPS (4K, High + DLSS Balanced)<br data-start=\"1812\" data-end=\"1815\">Call of Duty: Black Ops 6 \u2013 ~230 FPS (1440p, Ultra) \/ ~160 FPS (4K, High)<br data-start=\"1888\" data-end=\"1891\">Forza Horizon 5 \u2013 ~200 FPS (1440p, Ultra) \/ ~140 FPS (4K, Ultra)<br data-start=\"1955\" data-end=\"1958\">Assassin\u2019s Creed Mirage \u2013 ~170 FPS (1440p, High) \/ ~120 FPS (4K, High)<br data-start=\"2028\" data-end=\"2031\">Alan Wake 2 \u2013 ~145 FPS (1440p, High RT + DLSS Quality) \/ ~105 FPS (4K, High + DLSS Balanced)<\/p>\n<p><em>\u0160ie skait\u013ci realit\u0101t\u0113 var at\u0161\u0137irties atkar\u012bb\u0101 no konkr\u0113tiem sp\u0113les iestat\u012bjumiem, optimiz\u0101cijas un citiem sist\u0113mas komponentiem.<\/em><\/p>\n","protected":false},"excerpt":{"rendered":"<p>AMD Ryzen 7 9700X&#8221; un &#8220;NVIDIA GeForce RTX 5070 Ti 16GB GDDR7&#8221; \u2013 \u012bpa\u0161i jaud\u012bga kombin\u0101cija 1440p un 4K sp\u0113l\u0113m<\/p>\n","protected":false},"featured_media":31069,"comment_status":"open","ping_status":"closed","template":"","meta":[],"product_brand":[1749],"product_cat":[495],"product_tag":[516,513,541,549,547,505,540,515],"class_list":{"0":"post-31126","1":"product","2":"type-product","3":"status-publish","4":"has-post-thumbnail","6":"product_brand-amberglow","7":"product_cat-stacionarie-datori","8":"product_tag-1-tb-m-2-nvme-3000-ssd-diskdzins","9":"product_tag-32-gb-2x16-gb-6000-mhz-ddr5-ram","10":"product_tag-850w-gold-psu","11":"product_tag-amd-b850","12":"product_tag-amd-ryzen-7-9700x","13":"product_tag-ddr5-nuo-32gb-1tb","14":"product_tag-nvidia-geforce-rtx-5070-ti-16-gb-gddr7","15":"product_tag-torna-rgb-dzesetajs","16":"pa_garantija-24-men-lv","17":"pa_prekes-zenklas-amberglow-lv","18":"pa_procesoriaus-branduoliai-8-cores-lv","19":"pa_vaizdo-plokstes-atmintis-16gb-lv","20":"pa_vaizdo-plokstes-modelis-rtx-5070-ti-lv","22":"first","23":"instock","24":"taxable","25":"shipping-taxable","26":"purchasable","27":"product-type-simple"},"_links":{"self":[{"href":"https:\/\/amberglow.lt\/lv\/wp-json\/wp\/v2\/product\/31126","targetHints":{"allow":["GET"]}}],"collection":[{"href":"https:\/\/amberglow.lt\/lv\/wp-json\/wp\/v2\/product"}],"about":[{"href":"https:\/\/amberglow.lt\/lv\/wp-json\/wp\/v2\/types\/product"}],"replies":[{"embeddable":true,"href":"https:\/\/amberglow.lt\/lv\/wp-json\/wp\/v2\/comments?post=31126"}],"version-history":[{"count":0,"href":"https:\/\/amberglow.lt\/lv\/wp-json\/wp\/v2\/product\/31126\/revisions"}],"wp:featuredmedia":[{"embeddable":true,"href":"https:\/\/amberglow.lt\/lv\/wp-json\/wp\/v2\/media\/31069"}],"wp:attachment":[{"href":"https:\/\/amberglow.lt\/lv\/wp-json\/wp\/v2\/media?parent=31126"}],"wp:term":[{"taxonomy":"product_brand","embeddable":true,"href":"https:\/\/amberglow.lt\/lv\/wp-json\/wp\/v2\/product_brand?post=31126"},{"taxonomy":"product_cat","embeddable":true,"href":"https:\/\/amberglow.lt\/lv\/wp-json\/wp\/v2\/product_cat?post=31126"},{"taxonomy":"product_tag","embeddable":true,"href":"https:\/\/amberglow.lt\/lv\/wp-json\/wp\/v2\/product_tag?post=31126"}],"curies":[{"name":"wp","href":"https:\/\/api.w.org\/{rel}","templated":true}]}}