{"id":31131,"date":"2025-09-23T14:03:29","date_gmt":"2025-09-23T11:03:29","guid":{"rendered":"https:\/\/amberglow.lt\/Bez%20kategorijas\/stacionarais-dators-amd-ryzen-7-7800x3d-nvidia-geforce-rtx-5070-ti-16gb-amd-b850-32gb-6000mhz-ddr5-1tb-nvme-ssd\/"},"modified":"2026-05-10T11:58:05","modified_gmt":"2026-05-10T08:58:05","slug":"stacionarais-dators-amd-ryzen-7-7800x3d-nvidia-geforce-rtx-5070-ti-16gb-amd-b850-32gb-6000mhz-ddr5-1tb-nvme-ssd","status":"publish","type":"product","link":"https:\/\/amberglow.lt\/lv\/stacionarie-datori\/stacionarais-dators-amd-ryzen-7-7800x3d-nvidia-geforce-rtx-5070-ti-16gb-amd-b850-32gb-6000mhz-ddr5-1tb-nvme-ssd\/","title":{"rendered":"Stacion\u0101rais dators Ryzen 7 7800X3D, RTX 5070 Ti 16GB"},"content":{"rendered":"<p data-start=\"0\" data-end=\"138\"><strong data-start=\"0\" data-end=\"136\">AMD Ryzen 7 7800X3D&#8221; un &#8220;NVIDIA GeForce RTX 5070 Ti 16GB&#8221; \u2013 ekskluz\u012bva kombin\u0101cija 1440p un 4K sp\u0113l\u0113m ar maksim\u0101lu grafikas kvalit\u0101ti<\/strong><\/p>\n<p data-start=\"140\" data-end=\"483\">\u0160\u012b kombin\u0101cija ir paredz\u0113ta pras\u012bgiem sp\u0113l\u0113t\u0101jiem, kuri v\u0113las baud\u012bt augst\u0101ko veiktsp\u0113ju 1440p un pl\u016bsto\u0161u pieredzi 4K iz\u0161\u0137irtsp\u0113j\u0101. &#8220;Ryzen 7 7800X3D&#8221; ar &#8220;3D V-Cache&#8221; tehnolo\u0123iju nodro\u0161ina izcilu \u0101trumu sp\u0113l\u0113s, savuk\u0101rt &#8220;RTX 5070 Ti 16GB&#8221; nodro\u0161ina atbalstu modern\u0101kaj\u0101m tehnolo\u0123ij\u0101m, piem\u0113ram, DLSS 3.5, Ray Reconstruction un progres\u012bvam staru izseko\u0161anai. <\/p>\n<p data-start=\"485\" data-end=\"524\"><strong data-start=\"485\" data-end=\"522\">Procesors AMD Ryzen 7 7800X3D<\/strong><\/p>\n<p data-start=\"526\" data-end=\"685\"><strong data-start=\"526\" data-end=\"558\">Arhitekt\u016bra un kodoli:<\/strong> &#8220;Zen 4&#8221; arhitekt\u016bra ar 8 kodoliem un 16 pavedieniem, izce\u013coties ar 3D V-Cache tehnolo\u0123iju, kas \u012bpa\u0161i uzlabo sp\u0113\u013cu veiktsp\u0113ju.<\/p>\n<p data-start=\"687\" data-end=\"806\"><strong data-start=\"687\" data-end=\"698\">Frekvence:<\/strong> 4,2 GHz b\u0101zes un l\u012bdz 5,0 GHz turbo frekvence \u013cauj CPU efekt\u012bvi apstr\u0101d\u0101t pat vispras\u012bg\u0101k\u0101s AAA sp\u0113les.<\/p>\n<p data-start=\"808\" data-end=\"966\"><strong data-start=\"808\" data-end=\"821\">Atmi\u0146a:<\/strong> 96 MB L3 ke\u0161atmi\u0146a ar 3D V-Cache tehnolo\u0123iju iev\u0113rojami samazina datu piek\u013cuves laiku, t\u0101d\u0113j\u0101di FPS ir augst\u0101ks nek\u0101 ar parastajiem procesoriem.<\/p>\n<p data-start=\"968\" data-end=\"1022\"><strong data-start=\"968\" data-end=\"1020\">Videokarte NVIDIA GeForce RTX 5070 Ti 16GB<\/strong><\/p>\n<p data-start=\"1024\" data-end=\"1231\"><strong data-start=\"1024\" data-end=\"1056\">Arhitekt\u016bra un kodoli:<\/strong> &#8220;Ada Lovelace&#8221; arhitekt\u016bra ar uzlabotiem CUDA kodoliem, 3. paaudzes RT un 4. paaudzes Tensor kodoliem, nodro\u0161inot augst\u0101ko veiktsp\u0113ju un vizu\u0101lo kvalit\u0101ti.<\/p>\n<p data-start=\"1233\" data-end=\"1366\"><strong data-start=\"1233\" data-end=\"1246\">Atmi\u0146a:<\/strong> 16 GB GDDR7 \u2013 \u012bpa\u0161i \u0101tra atmi\u0146a, piem\u0113rota 1440p un 4K sp\u0113l\u0113m ar augstas iz\u0161\u0137irtsp\u0113jas tekst\u016br\u0101m un iesl\u0113gtu staru izseko\u0161anu.<\/p>\n<p data-start=\"1368\" data-end=\"1526\"><strong data-start=\"1368\" data-end=\"1395\">DLSS 3.5 un RT veiktsp\u0113ja:<\/strong> DLSS 3.5 ar Frame Generation un Ray Reconstruction \u013cauj sasniegt augstu FPS, pat ar iesl\u0113gtiem progres\u012bviem grafikas efektiem.<\/p>\n<p><strong>Pilna specifik\u0101cija:<\/strong><\/p>\n<ul>\n<li>\u2022 <strong>AMD Ryzen 7 7800X3D<\/strong>: 8 kodoli, 16 pavedieni, 4,2\u20135,0 GHz<br \/>\n\u2022 <strong>ASRock B850 PRO RS<\/strong> vai l\u012bdz\u012bga<br \/>\n\u2022 <strong>Arctic Freezer 36<\/strong> vai l\u012bdz\u012bgs<br \/>\n\u2022 <strong>32 GB (2&#215;16 GB) DDR5 6000 MHz | Corsair Vengeance<\/strong> vai l\u012bdz\u012bgi<br \/>\n\u2022 <strong>Kingston NV3 1TB NVMe M.2 SSD <\/strong><br \/>\n\u2022<strong> Nvidia GeForce RTX 5070 Ti 16GB GDDR7 | MSI Shadow 3X OC<\/strong> vai l\u012bdz\u012bga<br \/>\n\u2022<strong> Chieftec 850W 80+ Gold<\/strong> vai l\u012bdz\u012bgs<\/li>\n<\/ul>\n<p data-start=\"1800\" data-end=\"1852\"><strong data-start=\"1800\" data-end=\"1850\">Paredzama FPS veiktsp\u0113ja 1440p un 4K iz\u0161\u0137irtsp\u0113j\u0101:<\/strong><\/p>\n<p data-start=\"1854\" data-end=\"2266\">Cyberpunk 2077 \u2013 ~135 FPS (1440p, Ultra + DLSS Quality + RT) \/ ~95 FPS (4K, High + DLSS Balanced)<br data-start=\"1951\" data-end=\"1954\">Call of Duty: Black Ops 6 \u2013 ~180 FPS (1440p, Ultra) \/ ~125 FPS (4K, High)<br data-start=\"2027\" data-end=\"2030\">Forza Horizon 5 \u2013 ~190 FPS (1440p, Ultra) \/ ~135 FPS (4K, Ultra)<br data-start=\"2094\" data-end=\"2097\">Assassin\u2019s Creed Mirage \u2013 ~145 FPS (1440p, High) \/ ~105 FPS (4K, High)<br data-start=\"2167\" data-end=\"2170\">Alan Wake 2 \u2013 ~110 FPS (1440p, High RT + DLSS Quality) \/ ~75 FPS (4K, High RT + DLSS Balanced)<\/p>\n<p><em>\u0160ie skait\u013ci realit\u0101t\u0113 var at\u0161\u0137irties atkar\u012bb\u0101 no konkr\u0113tiem sp\u0113les iestat\u012bjumiem, optimiz\u0101cijas un citiem sist\u0113mas komponentiem.<\/em><\/p>\n","protected":false},"excerpt":{"rendered":"<p>AMD Ryzen 7 7800X3D&#8221; un &#8220;NVIDIA GeForce RTX 5070 Ti 16GB&#8221; \u2013 ekskluz\u012bva kombin\u0101cija 1440p un 4K sp\u0113l\u0113m ar maksim\u0101lu<\/p>\n","protected":false},"featured_media":30923,"comment_status":"open","ping_status":"closed","template":"","meta":[],"product_brand":[1749],"product_cat":[495],"product_tag":[516,513,541,549,517,505,571,515],"class_list":{"0":"post-31131","1":"product","2":"type-product","3":"status-publish","4":"has-post-thumbnail","6":"product_brand-amberglow","7":"product_cat-stacionarie-datori","8":"product_tag-1-tb-m-2-nvme-3000-ssd-diskdzins","9":"product_tag-32-gb-2x16-gb-6000-mhz-ddr5-ram","10":"product_tag-850w-gold-psu","11":"product_tag-amd-b850","12":"product_tag-amd-ryzen-7-7800x3d","13":"product_tag-ddr5-nuo-32gb-1tb","14":"product_tag-nvidia-geforce-rtx-5070-ti-16gb-gddr7","15":"product_tag-torna-rgb-dzesetajs","16":"pa_garantija-24-men-lv","17":"pa_prekes-zenklas-amberglow-lv","18":"pa_procesoriaus-branduoliai-8-cores-lv","19":"pa_vaizdo-plokstes-atmintis-16gb-lv","20":"pa_vaizdo-plokstes-modelis-rtx-5070-ti-lv","22":"first","23":"instock","24":"taxable","25":"shipping-taxable","26":"purchasable","27":"product-type-simple"},"_links":{"self":[{"href":"https:\/\/amberglow.lt\/lv\/wp-json\/wp\/v2\/product\/31131","targetHints":{"allow":["GET"]}}],"collection":[{"href":"https:\/\/amberglow.lt\/lv\/wp-json\/wp\/v2\/product"}],"about":[{"href":"https:\/\/amberglow.lt\/lv\/wp-json\/wp\/v2\/types\/product"}],"replies":[{"embeddable":true,"href":"https:\/\/amberglow.lt\/lv\/wp-json\/wp\/v2\/comments?post=31131"}],"version-history":[{"count":0,"href":"https:\/\/amberglow.lt\/lv\/wp-json\/wp\/v2\/product\/31131\/revisions"}],"wp:featuredmedia":[{"embeddable":true,"href":"https:\/\/amberglow.lt\/lv\/wp-json\/wp\/v2\/media\/30923"}],"wp:attachment":[{"href":"https:\/\/amberglow.lt\/lv\/wp-json\/wp\/v2\/media?parent=31131"}],"wp:term":[{"taxonomy":"product_brand","embeddable":true,"href":"https:\/\/amberglow.lt\/lv\/wp-json\/wp\/v2\/product_brand?post=31131"},{"taxonomy":"product_cat","embeddable":true,"href":"https:\/\/amberglow.lt\/lv\/wp-json\/wp\/v2\/product_cat?post=31131"},{"taxonomy":"product_tag","embeddable":true,"href":"https:\/\/amberglow.lt\/lv\/wp-json\/wp\/v2\/product_tag?post=31131"}],"curies":[{"name":"wp","href":"https:\/\/api.w.org\/{rel}","templated":true}]}}