{"id":31137,"date":"2025-08-08T13:32:50","date_gmt":"2025-08-08T10:32:50","guid":{"rendered":"https:\/\/amberglow.lt\/Bez%20kategorijas\/e%e2%80%91yooso-z%e2%80%91737-mehaniskas-tastaturas-un-peles-komplekts\/"},"modified":"2026-05-10T11:57:56","modified_gmt":"2026-05-10T08:57:56","slug":"e-yooso-z-737-mehaniskas-tastaturas-un-peles-komplekts","status":"publish","type":"product","link":"https:\/\/amberglow.lt\/lv\/periferija\/klaviaturas\/e-yooso-z-737-mehaniskas-tastaturas-un-peles-komplekts\/","title":{"rendered":"E\u2011Yooso Z\u2011737 meh\u0101nisk\u0101s tastat\u016bras un peles komplekts"},"content":{"rendered":"<p data-start=\"187\" data-end=\"422\"><strong data-start=\"187\" data-end=\"204\">E\u2011Yooso Z\u2011737<\/strong> \u2013 tas ir dinamisks <strong data-start=\"222\" data-end=\"294\">meh\u0101nisk\u0101s TKL tastat\u016bras un vieglas \u0161\u016bnveida formas peles komplekts<\/strong>, kas izstr\u0101d\u0101ts sp\u0113l\u0113m un produkt\u012bvai ikdienas lieto\u0161anai. \u0160is komplekts izce\u013cas ar izskatu, apgaismojumu un funkcion\u0101lo uzticam\u012bbu. <\/p>\n<p data-start=\"424\" data-end=\"612\"><strong data-start=\"424\" data-end=\"438\">Tastat\u016brai<\/strong> ir kompakts <strong data-start=\"456\" data-end=\"476\">TKL (tenkeyless)<\/strong> izk\u0101rtojums \u2013 bez ciparu bloka, t\u0101d\u0113j\u0101di atst\u0101jot vair\u0101k vietas peles kust\u012bbai un ide\u0101li piem\u0113rots maz\u0101kiem galdiem vai mobilai darba vietai.<\/p>\n<p data-start=\"614\" data-end=\"851\">Ier\u012bkots spilgts <strong data-start=\"630\" data-end=\"670\">ledus zilais fona apgaismojums<\/strong>, kas sp\u012bd caur visu tastat\u016bru, un <strong data-start=\"709\" data-end=\"736\">RGB s\u0101nu apgaismojums<\/strong> papildus ap\u0146em malas ar kr\u0101sainu mirdzumu. Tas nodro\u0161ina izcilu vizu\u0101lo efektu gan dien\u0101, gan vakar\u0101. <\/p>\n<p data-start=\"853\" data-end=\"1102\"><strong data-start=\"853\" data-end=\"861\">Pele<\/strong> \u2013 t\u0101 ir \u013coti viegla, <strong data-start=\"881\" data-end=\"911\">\u0161\u016bnveida (honeycomb) dizaina<\/strong> konstrukcija, kas izstr\u0101d\u0101ta maz\u0101kam svaram un lab\u0101kai rokas ventil\u0101cijai. T\u0101 ir \u0113rta pat ilgsto\u0161u sp\u0113\u013cu vai darba sesiju laik\u0101, un t\u0101s forma un tekst\u016bra pal\u012bdz saglab\u0101t precizit\u0101ti un komfortu. <\/p>\n<p data-start=\"1104\" data-end=\"1282\">Abi ier\u012bces saskan ne tikai funkcionalit\u0101t\u0113, bet ar\u012b stil\u0101 \u2013 tas ir ide\u0101ls duets tiem, kas v\u0113las izcilu apgaismojumu, tehnisko precizit\u0101ti un uzticamu darb\u012bbu vien\u0101 komplekt\u0101.<\/p>\n<p data-start=\"1284\" data-end=\"1434\" data-is-last-node=\"\" data-is-only-node=\"\"><strong data-start=\"1284\" data-end=\"1331\">E\u2011Yooso Z\u2011737 tastat\u016bras un peles komplekts<\/strong> \u2013 lieliska izv\u0113le sp\u0113l\u0113t\u0101jiem, minim\u0101listiem vai visiem, kas nov\u0113rt\u0113 iztur\u012bgu apr\u012bkojumu ar raksturu.<\/p>\n","protected":false},"excerpt":{"rendered":"<p>E\u2011Yooso Z\u2011737 \u2013 tas ir dinamisks meh\u0101nisk\u0101s TKL tastat\u016bras un vieglas \u0161\u016bnveida formas peles komplekts, kas izstr\u0101d\u0101ts sp\u0113l\u0113m un produkt\u012bvai<\/p>\n","protected":false},"featured_media":31033,"comment_status":"open","ping_status":"closed","template":"","meta":[],"product_brand":[],"product_cat":[496,500],"product_tag":[572],"class_list":{"0":"post-31137","1":"product","2":"type-product","3":"status-publish","4":"has-post-thumbnail","6":"product_cat-klaviaturas","7":"product_cat-periferija","8":"product_tag-eyooso-z737","9":"pa_garantija-24-men-lv","10":"pa_prekes-zenklas-e-yooso-lv","12":"first","13":"outofstock","14":"taxable","15":"shipping-taxable","16":"purchasable","17":"product-type-simple"},"_links":{"self":[{"href":"https:\/\/amberglow.lt\/lv\/wp-json\/wp\/v2\/product\/31137","targetHints":{"allow":["GET"]}}],"collection":[{"href":"https:\/\/amberglow.lt\/lv\/wp-json\/wp\/v2\/product"}],"about":[{"href":"https:\/\/amberglow.lt\/lv\/wp-json\/wp\/v2\/types\/product"}],"replies":[{"embeddable":true,"href":"https:\/\/amberglow.lt\/lv\/wp-json\/wp\/v2\/comments?post=31137"}],"version-history":[{"count":0,"href":"https:\/\/amberglow.lt\/lv\/wp-json\/wp\/v2\/product\/31137\/revisions"}],"wp:featuredmedia":[{"embeddable":true,"href":"https:\/\/amberglow.lt\/lv\/wp-json\/wp\/v2\/media\/31033"}],"wp:attachment":[{"href":"https:\/\/amberglow.lt\/lv\/wp-json\/wp\/v2\/media?parent=31137"}],"wp:term":[{"taxonomy":"product_brand","embeddable":true,"href":"https:\/\/amberglow.lt\/lv\/wp-json\/wp\/v2\/product_brand?post=31137"},{"taxonomy":"product_cat","embeddable":true,"href":"https:\/\/amberglow.lt\/lv\/wp-json\/wp\/v2\/product_cat?post=31137"},{"taxonomy":"product_tag","embeddable":true,"href":"https:\/\/amberglow.lt\/lv\/wp-json\/wp\/v2\/product_tag?post=31137"}],"curies":[{"name":"wp","href":"https:\/\/api.w.org\/{rel}","templated":true}]}}