{"id":31216,"date":"2024-08-14T09:35:38","date_gmt":"2024-08-14T09:35:38","guid":{"rendered":"https:\/\/amberglow.lt\/Bez%20kategorijas\/amberglow-nightshade-27-ultra-280-hz-balts-monitorius\/"},"modified":"2026-05-10T11:57:55","modified_gmt":"2026-05-10T08:57:55","slug":"amberglow-nightshade-27-ultra-280-hz-balts-monitorius","status":"publish","type":"product","link":"https:\/\/amberglow.lt\/lv\/monitori\/amberglow-nightshade-27-ultra-280-hz-balts-monitorius\/","title":{"rendered":"Amberglow Nightshade 27 Ultra 280 Hz balts monitorius"},"content":{"rendered":"<p>Amberglow Nightshade 27 Ultra 1K 280 Hz 1ms sp\u0113\u013cu monitors<\/p>\n<p><img fetchpriority=\"high\" decoding=\"async\" class=\"alignnone wp-image-16836 size-large\" src=\"https:\/\/amberglow.lt\/wp-content\/uploads\/2024\/08\/9-800x800.webp\" alt=\"| Amberglow\" width=\"800\" height=\"800\" srcset=\"https:\/\/amberglow.lt\/wp-content\/uploads\/2024\/08\/9-800x800.webp 800w, https:\/\/amberglow.lt\/wp-content\/uploads\/2024\/08\/9-150x150.webp 150w, https:\/\/amberglow.lt\/wp-content\/uploads\/2024\/08\/9-300x300.webp 300w, https:\/\/amberglow.lt\/wp-content\/uploads\/2024\/08\/9-768x768.webp 768w, https:\/\/amberglow.lt\/wp-content\/uploads\/2024\/08\/9-1536x1536.webp 1536w, https:\/\/amberglow.lt\/wp-content\/uploads\/2024\/08\/9-2048x2048.png 2048w, https:\/\/amberglow.lt\/wp-content\/uploads\/2024\/08\/9-430x430.webp 430w, https:\/\/amberglow.lt\/wp-content\/uploads\/2024\/08\/9-700x700.webp 700w, https:\/\/amberglow.lt\/wp-content\/uploads\/2024\/08\/9-12x12.webp 12w, https:\/\/amberglow.lt\/wp-content\/uploads\/2024\/08\/9-600x600.webp 600w, https:\/\/amberglow.lt\/wp-content\/uploads\/2024\/08\/9.webp 1920w\" sizes=\"(max-width: 800px) 100vw, 800px\" \/><\/p>\n<p>Sp\u0113l\u0113jiet sp\u0113les 1080p FullHD! \u0160\u012b iz\u0161\u0137irtsp\u0113ja ir paredz\u0113ta e-sporta sp\u0113\u013cu, piem\u0113ram, Counter-Strike 2, Valorant vai Fortnite, entuziastiem, jo, sal\u012bdzinot ar 2K vai 4K, t\u0101 nodro\u0161ina sp\u0113l\u0113t\u0101jiem vair\u0101k kadru sekund\u0113 (FPS) sp\u0113l\u0113s. <\/p>\n<p><img decoding=\"async\" class=\"alignnone size-medium wp-image-16823\" src=\"https:\/\/amberglow.lt\/wp-content\/uploads\/2024\/08\/fast-ips-1-400x288.webp\" alt=\"| Amberglow\" width=\"400\" height=\"288\" srcset=\"https:\/\/amberglow.lt\/wp-content\/uploads\/2024\/08\/fast-ips-1-400x288.webp 400w, https:\/\/amberglow.lt\/wp-content\/uploads\/2024\/08\/fast-ips-1-430x310.webp 430w, https:\/\/amberglow.lt\/wp-content\/uploads\/2024\/08\/fast-ips-1-150x108.webp 150w, https:\/\/amberglow.lt\/wp-content\/uploads\/2024\/08\/fast-ips-1-18x12.webp 18w, https:\/\/amberglow.lt\/wp-content\/uploads\/2024\/08\/fast-ips-1.webp 439w\" sizes=\"(max-width: 400px) 100vw, 400px\" \/><\/p>\n<p>Amberglow Fast IPS monitoriem ir \u012bpa\u0161i \u0101trs reakcijas laiks, kas ir \u013coti tuvs pasaul\u0113 vismodern\u0101kajiem TN pane\u013ciem, vienlaikus saglab\u0101jot IPS tehnolo\u0123ijas priek\u0161roc\u012bbas: izcili spilgtas kr\u0101sas 110 % sRGB un pla\u0161us skata le\u0146\u0137us. Tas \u013cauj baud\u012bt spilgtas un prec\u012bzas kr\u0101sas bez izkrop\u013cojumiem, pat skatoties no s\u0101niem. <\/p>\n<p><img decoding=\"async\" class=\"alignnone size-medium wp-image-16827\" src=\"https:\/\/amberglow.lt\/wp-content\/uploads\/2024\/08\/1ms-1-351x300.webp\" alt=\"| Amberglow\" width=\"351\" height=\"300\" srcset=\"https:\/\/amberglow.lt\/wp-content\/uploads\/2024\/08\/1ms-1-351x300.webp 351w, https:\/\/amberglow.lt\/wp-content\/uploads\/2024\/08\/1ms-1-430x367.webp 430w, https:\/\/amberglow.lt\/wp-content\/uploads\/2024\/08\/1ms-1-150x128.webp 150w, https:\/\/amberglow.lt\/wp-content\/uploads\/2024\/08\/1ms-1-14x12.webp 14w, https:\/\/amberglow.lt\/wp-content\/uploads\/2024\/08\/1ms-1.webp 444w\" sizes=\"(max-width: 351px) 100vw, 351px\" \/><\/p>\n<p>1 ms ir \u013coti \u0101trs reakcijas laiks. Amberglow Celestial 27 Pro samazina video kav\u0113\u0161anos un nodro\u0161ina vienm\u0113r\u012bgu video atsvaidzin\u0101\u0161anu, \u012bpa\u0161i \u0101tras darb\u012bbas sp\u0113l\u0113s. <\/p>\n<p><img loading=\"lazy\" decoding=\"async\" class=\"alignnone wp-image-16841 size-large\" src=\"https:\/\/amberglow.lt\/wp-content\/uploads\/2024\/08\/Ghosting-updated-1300x731.webp\" alt=\"| Amberglow\" width=\"1300\" height=\"731\" srcset=\"https:\/\/amberglow.lt\/wp-content\/uploads\/2024\/08\/Ghosting-updated-1300x731.webp 1300w, https:\/\/amberglow.lt\/wp-content\/uploads\/2024\/08\/Ghosting-updated-400x225.webp 400w, https:\/\/amberglow.lt\/wp-content\/uploads\/2024\/08\/Ghosting-updated-768x432.webp 768w, https:\/\/amberglow.lt\/wp-content\/uploads\/2024\/08\/Ghosting-updated-1536x864.webp 1536w, https:\/\/amberglow.lt\/wp-content\/uploads\/2024\/08\/Ghosting-updated-430x242.webp 430w, https:\/\/amberglow.lt\/wp-content\/uploads\/2024\/08\/Ghosting-updated-700x394.webp 700w, https:\/\/amberglow.lt\/wp-content\/uploads\/2024\/08\/Ghosting-updated-150x84.webp 150w, https:\/\/amberglow.lt\/wp-content\/uploads\/2024\/08\/Ghosting-updated-18x10.webp 18w, https:\/\/amberglow.lt\/wp-content\/uploads\/2024\/08\/Ghosting-updated-600x338.webp 600w, https:\/\/amberglow.lt\/wp-content\/uploads\/2024\/08\/Ghosting-updated.webp 1920w\" sizes=\"(max-width: 1300px) 100vw, 1300px\" \/><\/p>\n<p>&nbsp;<\/p>\n<p>M\u0113s kalibr\u0113jam monitorus, lai nov\u0113rstu spoku ra\u0161anos. Spoku efekts ir \u012bpa\u0161i redzams visos VA tipa displejos, kur \u0101tri kust\u012bgi objekti atst\u0101j \u0113nas uz ekr\u0101na, radot kust\u012bgu kop\u0113jo att\u0113lu. <\/p>\n<p><img loading=\"lazy\" decoding=\"async\" class=\"alignnone size-medium wp-image-16822\" src=\"https:\/\/amberglow.lt\/wp-content\/uploads\/2024\/08\/280-hz-2-1-400x158.webp\" alt=\"| Amberglow\" width=\"400\" height=\"158\" srcset=\"https:\/\/amberglow.lt\/wp-content\/uploads\/2024\/08\/280-hz-2-1-400x158.webp 400w, https:\/\/amberglow.lt\/wp-content\/uploads\/2024\/08\/280-hz-2-1-430x170.webp 430w, https:\/\/amberglow.lt\/wp-content\/uploads\/2024\/08\/280-hz-2-1-700x276.webp 700w, https:\/\/amberglow.lt\/wp-content\/uploads\/2024\/08\/280-hz-2-1-150x59.webp 150w, https:\/\/amberglow.lt\/wp-content\/uploads\/2024\/08\/280-hz-2-1-18x7.webp 18w, https:\/\/amberglow.lt\/wp-content\/uploads\/2024\/08\/280-hz-2-1-600x237.webp 600w, https:\/\/amberglow.lt\/wp-content\/uploads\/2024\/08\/280-hz-2-1.webp 719w\" sizes=\"(max-width: 400px) 100vw, 400px\" \/><\/p>\n<p>Augst\u0101ks atsvaidzin\u0101\u0161anas \u0101trums nodro\u0161ina vienm\u0113r\u012bg\u0101ku att\u0113la atveidi, sal\u012bdzinot ar standarta 60 Hz, 144 Hz vai pat 240 Hz monitoriem, t\u0101d\u0113j\u0101di nodro\u0161inot as\u0101ku un prec\u012bz\u0101ku kust\u012bbu atveidi.<\/p>\n<p><img loading=\"lazy\" decoding=\"async\" class=\"alignnone size-medium wp-image-16832\" src=\"https:\/\/amberglow.lt\/wp-content\/uploads\/2024\/08\/AMD_FreeSync_logo-white-400x161.webp\" alt=\"| Amberglow\" width=\"400\" height=\"161\" srcset=\"https:\/\/amberglow.lt\/wp-content\/uploads\/2024\/08\/AMD_FreeSync_logo-white-400x161.webp 400w, https:\/\/amberglow.lt\/wp-content\/uploads\/2024\/08\/AMD_FreeSync_logo-white-768x308.webp 768w, https:\/\/amberglow.lt\/wp-content\/uploads\/2024\/08\/AMD_FreeSync_logo-white-1300x522.webp 1300w, https:\/\/amberglow.lt\/wp-content\/uploads\/2024\/08\/AMD_FreeSync_logo-white-1536x617.webp 1536w, https:\/\/amberglow.lt\/wp-content\/uploads\/2024\/08\/AMD_FreeSync_logo-white-2048x822.png 2048w, https:\/\/amberglow.lt\/wp-content\/uploads\/2024\/08\/AMD_FreeSync_logo-white-430x173.webp 430w, https:\/\/amberglow.lt\/wp-content\/uploads\/2024\/08\/AMD_FreeSync_logo-white-700x281.webp 700w, https:\/\/amberglow.lt\/wp-content\/uploads\/2024\/08\/AMD_FreeSync_logo-white-150x60.webp 150w, https:\/\/amberglow.lt\/wp-content\/uploads\/2024\/08\/AMD_FreeSync_logo-white-18x7.webp 18w, https:\/\/amberglow.lt\/wp-content\/uploads\/2024\/08\/AMD_FreeSync_logo-white-600x241.webp 600w\" sizes=\"(max-width: 400px) 100vw, 400px\" \/><\/p>\n<p>AMD FreeSync tehnolo\u0123ija samazina ekr\u0101na asaro\u0161anu un aiz\u0137er\u0161anos sp\u0113l\u0113s, savuk\u0101rt zema zil\u0101s gaismas spilgtuma re\u017e\u012bms pasarg\u0101 acis no zil\u0101s gaismas pat visgar\u0101kaj\u0101s darba dien\u0101s.<\/p>\n<p>Pilnas specifik\u0101cijas:<\/p>\n<p><img loading=\"lazy\" decoding=\"async\" class=\"alignnone wp-image-16820 size-large\" src=\"https:\/\/amberglow.lt\/wp-content\/uploads\/2024\/08\/specs-nightshade-27-Ultra-1300x759.webp\" alt=\"| Amberglow\" width=\"1300\" height=\"759\" srcset=\"https:\/\/amberglow.lt\/wp-content\/uploads\/2024\/08\/specs-nightshade-27-Ultra-1300x759.webp 1300w, https:\/\/amberglow.lt\/wp-content\/uploads\/2024\/08\/specs-nightshade-27-Ultra-400x234.png 400w, https:\/\/amberglow.lt\/wp-content\/uploads\/2024\/08\/specs-nightshade-27-Ultra-1536x897.png 1536w, https:\/\/amberglow.lt\/wp-content\/uploads\/2024\/08\/specs-nightshade-27-Ultra-2048x1196.png 2048w, https:\/\/amberglow.lt\/wp-content\/uploads\/2024\/08\/specs-nightshade-27-Ultra-768x448.webp 768w, https:\/\/amberglow.lt\/wp-content\/uploads\/2024\/08\/specs-nightshade-27-Ultra-430x251.webp 430w, https:\/\/amberglow.lt\/wp-content\/uploads\/2024\/08\/specs-nightshade-27-Ultra-700x409.webp 700w, https:\/\/amberglow.lt\/wp-content\/uploads\/2024\/08\/specs-nightshade-27-Ultra-150x88.webp 150w, https:\/\/amberglow.lt\/wp-content\/uploads\/2024\/08\/specs-nightshade-27-Ultra-18x12.webp 18w, https:\/\/amberglow.lt\/wp-content\/uploads\/2024\/08\/specs-nightshade-27-Ultra-600x350.webp 600w\" sizes=\"(max-width: 1300px) 100vw, 1300px\" \/><\/p>\n<p>&nbsp;<\/p>\n","protected":false},"excerpt":{"rendered":"<p>Amberglow Nightshade 27 Ultra 1K 280 Hz 1ms sp\u0113\u013cu monitors Sp\u0113l\u0113jiet sp\u0113les 1080p FullHD! \u0160\u012b iz\u0161\u0137irtsp\u0113ja ir paredz\u0113ta e-sporta sp\u0113\u013cu,<\/p>\n","protected":false},"featured_media":52932,"comment_status":"open","ping_status":"closed","template":"","meta":[],"product_brand":[],"product_cat":[493],"product_tag":[595],"class_list":{"0":"post-31216","1":"product","2":"type-product","3":"status-publish","4":"has-post-thumbnail","6":"product_cat-monitori","7":"product_tag-amberglow-nightshade-27-ultra-280hz-white","9":"first","10":"outofstock","11":"sale","12":"taxable","13":"shipping-taxable","14":"purchasable","15":"product-type-simple"},"_links":{"self":[{"href":"https:\/\/amberglow.lt\/lv\/wp-json\/wp\/v2\/product\/31216","targetHints":{"allow":["GET"]}}],"collection":[{"href":"https:\/\/amberglow.lt\/lv\/wp-json\/wp\/v2\/product"}],"about":[{"href":"https:\/\/amberglow.lt\/lv\/wp-json\/wp\/v2\/types\/product"}],"replies":[{"embeddable":true,"href":"https:\/\/amberglow.lt\/lv\/wp-json\/wp\/v2\/comments?post=31216"}],"version-history":[{"count":0,"href":"https:\/\/amberglow.lt\/lv\/wp-json\/wp\/v2\/product\/31216\/revisions"}],"wp:featuredmedia":[{"embeddable":true,"href":"https:\/\/amberglow.lt\/lv\/wp-json\/wp\/v2\/media\/52932"}],"wp:attachment":[{"href":"https:\/\/amberglow.lt\/lv\/wp-json\/wp\/v2\/media?parent=31216"}],"wp:term":[{"taxonomy":"product_brand","embeddable":true,"href":"https:\/\/amberglow.lt\/lv\/wp-json\/wp\/v2\/product_brand?post=31216"},{"taxonomy":"product_cat","embeddable":true,"href":"https:\/\/amberglow.lt\/lv\/wp-json\/wp\/v2\/product_cat?post=31216"},{"taxonomy":"product_tag","embeddable":true,"href":"https:\/\/amberglow.lt\/lv\/wp-json\/wp\/v2\/product_tag?post=31216"}],"curies":[{"name":"wp","href":"https:\/\/api.w.org\/{rel}","templated":true}]}}