{"id":31228,"date":"2024-08-14T12:22:54","date_gmt":"2024-08-14T12:22:54","guid":{"rendered":"https:\/\/amberglow.lt\/Bez%20kategorijas\/amberglow-nightshade-27-ultra-280-hz-melns-monitorius\/"},"modified":"2026-05-10T12:01:01","modified_gmt":"2026-05-10T09:01:01","slug":"amberglow-nightshade-27-ultra-280-hz-melns-monitorius","status":"publish","type":"product","link":"https:\/\/amberglow.lt\/lv\/monitori\/amberglow-nightshade-27-ultra-280-hz-melns-monitorius\/","title":{"rendered":"Amberglow Nightshade 27 Ultra 280 Hz melns monitorius"},"content":{"rendered":"<h2>Amberglow Nightshade 27 Ultra 1K 280 Hz 1ms sp\u0113\u013cu monitors<\/h2>\n<p>Sp\u0113l\u0113jiet sp\u0113les <strong>1080p FullHD<\/strong>! \u0160\u012b iz\u0161\u0137irtsp\u0113ja ir paredz\u0113ta <strong>e-sporta<\/strong> sp\u0113\u013cu entuziastiem, piem\u0113ram, Counter-Strike 2, Valorant un Fortnite. Sal\u012bdzinot ar 2K vai 4K iz\u0161\u0137irtsp\u0113ju, sp\u0113l\u0113t\u0101ji ieg\u016bst vair\u0101k kadru sekund\u0113 (FPS), lai \u0101tr\u0101k rea\u0123\u0113tu un ieg\u016btu p\u0101rsvaru p\u0101r pretiniekiem.  <\/p>\n<p><img fetchpriority=\"high\" decoding=\"async\" class=\"alignnone wp-image-16837 size-large\" src=\"https:\/\/amberglow.lt\/wp-content\/uploads\/2024\/08\/%E5%AE%9E%E6%8B%8D1-800x800.webp\" alt=\"Amberglow Nightshade 27 Ultra Gaming monitors\" width=\"800\" height=\"800\"><\/p>\n<h3>Amberglow Fast IPS tehnolo\u0123ija: \u0101tra reakcija un spilgtas kr\u0101sas<\/h3>\n<p><strong>Amberglow Fast IPS<\/strong> monitoriem ir \u012bpa\u0161i \u0101trs reakcijas laiks, gandr\u012bz tikpat \u0101trs k\u0101 vismodern\u0101kajiem TN pane\u013ciem, vienlaikus saglab\u0101jot <strong>IPS tehnolo\u0123ijas<\/strong> priek\u0161roc\u012bbas: izcili spilgtas kr\u0101sas 110 % sRGB un pla\u0161us skata le\u0146\u0137us. Tas \u013cauj baud\u012bt spilgtas, prec\u012bzas kr\u0101sas bez izkrop\u013cojumiem, pat skatoties no s\u0101niem. <\/p>\n<p><img decoding=\"async\" class=\"alignnone size-medium wp-image-16823\" src=\"https:\/\/amberglow.lt\/wp-content\/uploads\/2024\/08\/fast-ips-1-400x288.webp\" alt=\"Amberglow Fast IPS monitors\" width=\"400\" height=\"288\" srcset=\"https:\/\/amberglow.lt\/wp-content\/uploads\/2024\/08\/fast-ips-1-400x288.webp 400w, https:\/\/amberglow.lt\/wp-content\/uploads\/2024\/08\/fast-ips-1-430x310.webp 430w, https:\/\/amberglow.lt\/wp-content\/uploads\/2024\/08\/fast-ips-1-150x108.webp 150w, https:\/\/amberglow.lt\/wp-content\/uploads\/2024\/08\/fast-ips-1-18x12.webp 18w, https:\/\/amberglow.lt\/wp-content\/uploads\/2024\/08\/fast-ips-1.webp 439w\" sizes=\"(max-width: 400px) 100vw, 400px\" \/><\/p>\n<h3>1ms reakcijas laiks &#8211; vienm\u0113r\u012bgi video atjaunin\u0101jumi<\/h3>\n<p><strong>Amberglow Nightshade 27 Ultra<\/strong> ir <strong>1 ms<\/strong> reakcijas laiks, kas ir \u012bpa\u0161i svar\u012bgi \u0101tr\u0101s darb\u012bbas sp\u0113l\u0113s. Tas samazina video kav\u0113\u0161anos un nodro\u0161ina, ka sp\u0113les darb\u012bba ir maksim\u0101li vienm\u0113r\u012bga. <\/p>\n<p><img decoding=\"async\" class=\"alignnone size-medium wp-image-16827\" src=\"https:\/\/amberglow.lt\/wp-content\/uploads\/2024\/08\/1ms-1-351x300.webp\" alt=\"1ms reakcijas laiks\" width=\"351\" height=\"300\" srcset=\"https:\/\/amberglow.lt\/wp-content\/uploads\/2024\/08\/1ms-1-351x300.webp 351w, https:\/\/amberglow.lt\/wp-content\/uploads\/2024\/08\/1ms-1-430x367.webp 430w, https:\/\/amberglow.lt\/wp-content\/uploads\/2024\/08\/1ms-1-150x128.webp 150w, https:\/\/amberglow.lt\/wp-content\/uploads\/2024\/08\/1ms-1-14x12.webp 14w, https:\/\/amberglow.lt\/wp-content\/uploads\/2024\/08\/1ms-1.webp 444w\" sizes=\"(max-width: 351px) 100vw, 351px\" \/><\/p>\n<h3>Kalibr\u0113ts ekr\u0101ns bez spoku par\u0101d\u012b\u0161an\u0101s<\/h3>\n<p>Veicot <strong>Amberglow Nightshade 27 Ultra<\/strong> monitoru kalibr\u0113\u0161anu, var izvair\u012bties no <strong>spoku<\/strong> efekta, kas bie\u017ei rodas <strong>VA tipa<\/strong> displejos, kad \u0101tri kust\u012bgi objekti atst\u0101j \u0113nas uz ekr\u0101na. Pateicoties \u0161ai tehnolo\u0123ijai, varat baud\u012bt skaidru att\u0113lu pat tad, ja objekti \u0101tri p\u0101rvietojas. <\/p>\n<p><img loading=\"lazy\" decoding=\"async\" class=\"alignnone wp-image-16841 size-large\" src=\"https:\/\/amberglow.lt\/wp-content\/uploads\/2024\/08\/Ghosting-updated-1300x731.webp\" alt=\"Spoku efekta samazin\u0101\u0161ana\" width=\"1300\" height=\"731\" srcset=\"https:\/\/amberglow.lt\/wp-content\/uploads\/2024\/08\/Ghosting-updated-1300x731.webp 1300w, https:\/\/amberglow.lt\/wp-content\/uploads\/2024\/08\/Ghosting-updated-400x225.webp 400w, https:\/\/amberglow.lt\/wp-content\/uploads\/2024\/08\/Ghosting-updated-768x432.webp 768w, https:\/\/amberglow.lt\/wp-content\/uploads\/2024\/08\/Ghosting-updated-1536x864.webp 1536w, https:\/\/amberglow.lt\/wp-content\/uploads\/2024\/08\/Ghosting-updated-430x242.webp 430w, https:\/\/amberglow.lt\/wp-content\/uploads\/2024\/08\/Ghosting-updated-700x394.webp 700w, https:\/\/amberglow.lt\/wp-content\/uploads\/2024\/08\/Ghosting-updated-150x84.webp 150w, https:\/\/amberglow.lt\/wp-content\/uploads\/2024\/08\/Ghosting-updated-18x10.webp 18w, https:\/\/amberglow.lt\/wp-content\/uploads\/2024\/08\/Ghosting-updated-600x338.webp 600w, https:\/\/amberglow.lt\/wp-content\/uploads\/2024\/08\/Ghosting-updated.webp 1920w\" sizes=\"(max-width: 1300px) 100vw, 1300px\" \/><\/p>\n<h3>Vienm\u0113r\u012bga video reproduc\u0113\u0161ana ar 280 Hz atsvaidzin\u0101\u0161anas frekvenci<\/h3>\n<p><strong>Amberglow Nightshade 27 Ultra<\/strong> ir apr\u012bkots ar <strong>280 Hz atsvaidzin\u0101\u0161anas frekvenci<\/strong>, kas nodro\u0161ina vienm\u0113r\u012bgu att\u0113la atveidi sal\u012bdzin\u0101jum\u0101 ar 60 Hz, 144 Hz un 240 Hz monitoriem. Augst\u0101ks atsvaidzin\u0101\u0161anas \u0101trums pal\u012bdz prec\u012bz\u0101k atveidot kust\u012bbu, padarot j\u016bsu sp\u0113\u013cu pieredzi v\u0113l aizraujo\u0161\u0101ku. <\/p>\n<p><img loading=\"lazy\" decoding=\"async\" class=\"alignnone size-medium wp-image-16822\" src=\"https:\/\/amberglow.lt\/wp-content\/uploads\/2024\/08\/280-hz-2-1-400x158.webp\" alt=\"280 Hz atsvaidzin\u0101\u0161anas \u0101trums\" width=\"400\" height=\"158\" srcset=\"https:\/\/amberglow.lt\/wp-content\/uploads\/2024\/08\/280-hz-2-1-400x158.webp 400w, https:\/\/amberglow.lt\/wp-content\/uploads\/2024\/08\/280-hz-2-1-430x170.webp 430w, https:\/\/amberglow.lt\/wp-content\/uploads\/2024\/08\/280-hz-2-1-700x276.webp 700w, https:\/\/amberglow.lt\/wp-content\/uploads\/2024\/08\/280-hz-2-1-150x59.webp 150w, https:\/\/amberglow.lt\/wp-content\/uploads\/2024\/08\/280-hz-2-1-18x7.webp 18w, https:\/\/amberglow.lt\/wp-content\/uploads\/2024\/08\/280-hz-2-1-600x237.webp 600w, https:\/\/amberglow.lt\/wp-content\/uploads\/2024\/08\/280-hz-2-1.webp 719w\" sizes=\"(max-width: 400px) 100vw, 400px\" \/><\/p>\n<h3>AMD FreeSync un zemas zil\u0101s gaismas intensit\u0101tes re\u017e\u012bms<\/h3>\n<p><strong>AMD FreeSync<\/strong> tehnolo\u0123ija nov\u0113r\u0161 ekr\u0101na asaro\u0161anu un aiz\u0137er\u0161anos sp\u0113l\u0113s. Turkl\u0101t <strong>zemas zil\u0101s gaismas re\u017e\u012bms<\/strong> pasarg\u0101 acis no zil\u0101s gaismas pat visilg\u0101k\u0101 darba vai sp\u0113\u013cu laik\u0101. <\/p>\n<p><img loading=\"lazy\" decoding=\"async\" class=\"alignnone size-medium wp-image-16832\" src=\"https:\/\/amberglow.lt\/wp-content\/uploads\/2024\/08\/AMD_FreeSync_logo-white-400x161.webp\" alt=\"AMD FreeSync\" width=\"400\" height=\"161\" srcset=\"https:\/\/amberglow.lt\/wp-content\/uploads\/2024\/08\/AMD_FreeSync_logo-white-400x161.webp 400w, https:\/\/amberglow.lt\/wp-content\/uploads\/2024\/08\/AMD_FreeSync_logo-white-768x308.webp 768w, https:\/\/amberglow.lt\/wp-content\/uploads\/2024\/08\/AMD_FreeSync_logo-white-1300x522.webp 1300w, https:\/\/amberglow.lt\/wp-content\/uploads\/2024\/08\/AMD_FreeSync_logo-white-1536x617.webp 1536w, https:\/\/amberglow.lt\/wp-content\/uploads\/2024\/08\/AMD_FreeSync_logo-white-2048x822.png 2048w, https:\/\/amberglow.lt\/wp-content\/uploads\/2024\/08\/AMD_FreeSync_logo-white-430x173.webp 430w, https:\/\/amberglow.lt\/wp-content\/uploads\/2024\/08\/AMD_FreeSync_logo-white-700x281.webp 700w, https:\/\/amberglow.lt\/wp-content\/uploads\/2024\/08\/AMD_FreeSync_logo-white-150x60.webp 150w, https:\/\/amberglow.lt\/wp-content\/uploads\/2024\/08\/AMD_FreeSync_logo-white-18x7.webp 18w, https:\/\/amberglow.lt\/wp-content\/uploads\/2024\/08\/AMD_FreeSync_logo-white-600x241.webp 600w\" sizes=\"(max-width: 400px) 100vw, 400px\" \/><\/p>\n<h3>Pilnas specifik\u0101cijas:<\/h3>\n<p><img loading=\"lazy\" decoding=\"async\" class=\"alignnone wp-image-16820 size-large\" src=\"https:\/\/amberglow.lt\/wp-content\/uploads\/2024\/08\/specs-nightshade-27-Ultra-1300x759.webp\" alt=\"Amberglow Nightshade 27 Ultra specifik\u0101cijas\" width=\"1300\" height=\"759\" srcset=\"https:\/\/amberglow.lt\/wp-content\/uploads\/2024\/08\/specs-nightshade-27-Ultra-1300x759.webp 1300w, https:\/\/amberglow.lt\/wp-content\/uploads\/2024\/08\/specs-nightshade-27-Ultra-400x234.png 400w, https:\/\/amberglow.lt\/wp-content\/uploads\/2024\/08\/specs-nightshade-27-Ultra-1536x897.png 1536w, https:\/\/amberglow.lt\/wp-content\/uploads\/2024\/08\/specs-nightshade-27-Ultra-2048x1196.png 2048w, https:\/\/amberglow.lt\/wp-content\/uploads\/2024\/08\/specs-nightshade-27-Ultra-768x448.webp 768w, https:\/\/amberglow.lt\/wp-content\/uploads\/2024\/08\/specs-nightshade-27-Ultra-430x251.webp 430w, https:\/\/amberglow.lt\/wp-content\/uploads\/2024\/08\/specs-nightshade-27-Ultra-700x409.webp 700w, https:\/\/amberglow.lt\/wp-content\/uploads\/2024\/08\/specs-nightshade-27-Ultra-150x88.webp 150w, https:\/\/amberglow.lt\/wp-content\/uploads\/2024\/08\/specs-nightshade-27-Ultra-18x12.webp 18w, https:\/\/amberglow.lt\/wp-content\/uploads\/2024\/08\/specs-nightshade-27-Ultra-600x350.webp 600w\" sizes=\"(max-width: 1300px) 100vw, 1300px\" \/><\/p>\n<p><strong>Galven\u0101s funkcijas:<\/strong><\/p>\n<ul>\n<li><strong>FullHD<\/strong> 1080p iz\u0161\u0137irtsp\u0113ja<\/li>\n<li><strong>\u0100tra IPS<\/strong> tehnolo\u0123ija ar 110% sRGB<\/li>\n<li><strong>1ms<\/strong> reakcijas laiks<\/li>\n<li><strong>280 Hz<\/strong> atsvaidzin\u0101\u0161anas frekvence<\/li>\n<li><strong>AMD FreeSync<\/strong> un <strong>zema zil\u0101 apgaismojuma<\/strong> re\u017e\u012bms<\/li>\n<\/ul>\n","protected":false},"excerpt":{"rendered":"<p>Amberglow Nightshade 27 Ultra 1K 280 Hz 1ms sp\u0113\u013cu monitors Sp\u0113l\u0113jiet sp\u0113les 1080p FullHD! \u0160\u012b iz\u0161\u0137irtsp\u0113ja ir paredz\u0113ta e-sporta sp\u0113\u013cu<\/p>\n","protected":false},"featured_media":31230,"comment_status":"open","ping_status":"closed","template":"","meta":[],"product_brand":[],"product_cat":[493],"product_tag":[],"class_list":{"0":"post-31228","1":"product","2":"type-product","3":"status-publish","4":"has-post-thumbnail","6":"product_cat-monitori","8":"first","9":"outofstock","10":"sale","11":"taxable","12":"shipping-taxable","13":"purchasable","14":"product-type-simple"},"_links":{"self":[{"href":"https:\/\/amberglow.lt\/lv\/wp-json\/wp\/v2\/product\/31228","targetHints":{"allow":["GET"]}}],"collection":[{"href":"https:\/\/amberglow.lt\/lv\/wp-json\/wp\/v2\/product"}],"about":[{"href":"https:\/\/amberglow.lt\/lv\/wp-json\/wp\/v2\/types\/product"}],"replies":[{"embeddable":true,"href":"https:\/\/amberglow.lt\/lv\/wp-json\/wp\/v2\/comments?post=31228"}],"version-history":[{"count":0,"href":"https:\/\/amberglow.lt\/lv\/wp-json\/wp\/v2\/product\/31228\/revisions"}],"wp:featuredmedia":[{"embeddable":true,"href":"https:\/\/amberglow.lt\/lv\/wp-json\/wp\/v2\/media\/31230"}],"wp:attachment":[{"href":"https:\/\/amberglow.lt\/lv\/wp-json\/wp\/v2\/media?parent=31228"}],"wp:term":[{"taxonomy":"product_brand","embeddable":true,"href":"https:\/\/amberglow.lt\/lv\/wp-json\/wp\/v2\/product_brand?post=31228"},{"taxonomy":"product_cat","embeddable":true,"href":"https:\/\/amberglow.lt\/lv\/wp-json\/wp\/v2\/product_cat?post=31228"},{"taxonomy":"product_tag","embeddable":true,"href":"https:\/\/amberglow.lt\/lv\/wp-json\/wp\/v2\/product_tag?post=31228"}],"curies":[{"name":"wp","href":"https:\/\/api.w.org\/{rel}","templated":true}]}}