{"id":31242,"date":"2024-08-26T08:33:08","date_gmt":"2024-08-26T08:33:08","guid":{"rendered":"https:\/\/amberglow.lt\/Bez%20kategorijas\/amberglow-celestial-27-pro-2k-165-hz-monitors\/"},"modified":"2026-05-10T11:57:39","modified_gmt":"2026-05-10T08:57:39","slug":"amberglow-celestial-27-pro-2k-165-hz-monitors","status":"publish","type":"product","link":"https:\/\/amberglow.lt\/lv\/monitori\/amberglow-celestial-27-pro-2k-165-hz-monitors\/","title":{"rendered":"Amberglow Celestial 27 Pro 2K 165 Hz monitors"},"content":{"rendered":"<h2>Amberglow Celestial 27 Pro 2K 165 Hz 1 ms sp\u0113\u013cu monitors<\/h2>\n<p>Sp\u0113l\u0113jiet sp\u0113les pat <strong>2K 1440p Quad HD<\/strong>! 2K nodro\u0161ina augst\u0101ku att\u0113la kvalit\u0101ti nek\u0101 tradicion\u0101lais Full HD (1080p). Tas noz\u012bm\u0113 detaliz\u0113t\u0101kus un as\u0101kus att\u0113lus, \u012bpa\u0161i uz 27 \u201cvai 32\u201d diagon\u0101les ekr\u0101na.  <\/p>\n<p><img fetchpriority=\"high\" decoding=\"async\" class=\"alignnone wp-image-16392 size-large\" src=\"https:\/\/amberglow.lt\/wp-content\/uploads\/2024\/08\/Untitled-6-1-1120x800.png\" alt=\"| Amberglow\" width=\"1120\" height=\"800\" srcset=\"https:\/\/amberglow.lt\/wp-content\/uploads\/2024\/08\/Untitled-6-1-1120x800.png 1120w, https:\/\/amberglow.lt\/wp-content\/uploads\/2024\/08\/Untitled-6-1-400x286.png 400w, https:\/\/amberglow.lt\/wp-content\/uploads\/2024\/08\/Untitled-6-1-768x549.png 768w, https:\/\/amberglow.lt\/wp-content\/uploads\/2024\/08\/Untitled-6-1-1536x1097.png 1536w, https:\/\/amberglow.lt\/wp-content\/uploads\/2024\/08\/Untitled-6-1-2048x1463.png 2048w, https:\/\/amberglow.lt\/wp-content\/uploads\/2024\/08\/Untitled-6-1-430x307.png 430w, https:\/\/amberglow.lt\/wp-content\/uploads\/2024\/08\/Untitled-6-1-700x500.png 700w, https:\/\/amberglow.lt\/wp-content\/uploads\/2024\/08\/Untitled-6-1-150x107.png 150w, https:\/\/amberglow.lt\/wp-content\/uploads\/2024\/08\/Untitled-6-1-860x614.png 860w, https:\/\/amberglow.lt\/wp-content\/uploads\/2024\/08\/Untitled-6-1.png 1600w\" sizes=\"(max-width: 1120px) 100vw, 1120px\" \/><\/p>\n<p><strong>Amberglow Fast IPS monitoriem<\/strong> ir \u012bpa\u0161i \u0101trs reakcijas laiks, kas ir \u013coti tuvs pasaul\u0113 modern\u0101kajiem TN pane\u013ciem, vienlaikus saglab\u0101jot IPS tehnolo\u0123ijas priek\u0161roc\u012bbas: izcili 99 % sRGB kr\u0101su un platus skata le\u0146\u0137us. Tas \u013cauj baud\u012bt spilgtas un prec\u012bzas kr\u0101sas bez izkrop\u013cojumiem, pat skatoties no s\u0101niem. <\/p>\n<p><img decoding=\"async\" class=\"alignnone size-medium wp-image-16824\" src=\"https:\/\/amberglow.lt\/wp-content\/uploads\/2024\/08\/fast-ips-2-1-400x172.webp\" alt=\"| Amberglow\" width=\"400\" height=\"172\" srcset=\"https:\/\/amberglow.lt\/wp-content\/uploads\/2024\/08\/fast-ips-2-1-400x172.webp 400w, https:\/\/amberglow.lt\/wp-content\/uploads\/2024\/08\/fast-ips-2-1-430x185.webp 430w, https:\/\/amberglow.lt\/wp-content\/uploads\/2024\/08\/fast-ips-2-1-150x65.webp 150w, https:\/\/amberglow.lt\/wp-content\/uploads\/2024\/08\/fast-ips-2-1-18x8.webp 18w, https:\/\/amberglow.lt\/wp-content\/uploads\/2024\/08\/fast-ips-2-1.webp 600w\" sizes=\"(max-width: 400px) 100vw, 400px\" \/><\/p>\n<p><strong>1 ms<\/strong> ir \u013coti \u0101trs reakcijas laiks. <strong>Amberglow Celestial 27 Pro<\/strong> samazina video kav\u0113\u0161anos un nodro\u0161ina vienm\u0113r\u012bgu video atsvaidzin\u0101\u0161anu, \u012bpa\u0161i \u0101tras darb\u012bbas sp\u0113l\u0113s.<\/p>\n<p><img decoding=\"async\" class=\"alignnone size-medium wp-image-16827\" src=\"https:\/\/amberglow.lt\/wp-content\/uploads\/2024\/08\/1ms-1-351x300.webp\" alt=\"| Amberglow\" width=\"351\" height=\"300\" srcset=\"https:\/\/amberglow.lt\/wp-content\/uploads\/2024\/08\/1ms-1-351x300.webp 351w, https:\/\/amberglow.lt\/wp-content\/uploads\/2024\/08\/1ms-1-430x367.webp 430w, https:\/\/amberglow.lt\/wp-content\/uploads\/2024\/08\/1ms-1-150x128.webp 150w, https:\/\/amberglow.lt\/wp-content\/uploads\/2024\/08\/1ms-1-14x12.webp 14w, https:\/\/amberglow.lt\/wp-content\/uploads\/2024\/08\/1ms-1.webp 444w\" sizes=\"(max-width: 351px) 100vw, 351px\" \/><\/p>\n<p>M\u0113s kalibr\u0113jam monitorus, lai nov\u0113rstu <strong>spoku ra\u0161anos<\/strong>. Spoku efekts ir \u012bpa\u0161i redzams visos VA tipa displejos, kur \u0101tri kust\u012bgi objekti atst\u0101j \u0113nas uz ekr\u0101na, radot kust\u012bgu kop\u0113jo att\u0113lu. <\/p>\n<p><img loading=\"lazy\" decoding=\"async\" class=\"alignnone wp-image-16841 size-large\" src=\"https:\/\/amberglow.lt\/wp-content\/uploads\/2024\/08\/Ghosting-updated-1300x731.webp\" alt=\"| Amberglow\" width=\"1300\" height=\"731\" srcset=\"https:\/\/amberglow.lt\/wp-content\/uploads\/2024\/08\/Ghosting-updated-1300x731.webp 1300w, https:\/\/amberglow.lt\/wp-content\/uploads\/2024\/08\/Ghosting-updated-400x225.webp 400w, https:\/\/amberglow.lt\/wp-content\/uploads\/2024\/08\/Ghosting-updated-768x432.webp 768w, https:\/\/amberglow.lt\/wp-content\/uploads\/2024\/08\/Ghosting-updated-1536x864.webp 1536w, https:\/\/amberglow.lt\/wp-content\/uploads\/2024\/08\/Ghosting-updated-430x242.webp 430w, https:\/\/amberglow.lt\/wp-content\/uploads\/2024\/08\/Ghosting-updated-700x394.webp 700w, https:\/\/amberglow.lt\/wp-content\/uploads\/2024\/08\/Ghosting-updated-150x84.webp 150w, https:\/\/amberglow.lt\/wp-content\/uploads\/2024\/08\/Ghosting-updated-18x10.webp 18w, https:\/\/amberglow.lt\/wp-content\/uploads\/2024\/08\/Ghosting-updated-600x338.webp 600w, https:\/\/amberglow.lt\/wp-content\/uploads\/2024\/08\/Ghosting-updated.webp 1920w\" sizes=\"(max-width: 1300px) 100vw, 1300px\" \/><\/p>\n<p>Augst\u0101ks atsvaidzin\u0101\u0161anas \u0101trums nodro\u0161ina vienm\u0113r\u012bg\u0101ku att\u0113la atveidi, sal\u012bdzinot ar standarta 60 Hz vai pat 144 Hz monitoriem, t\u0101p\u0113c kust\u012bba \u0161\u0137iet as\u0101ka un prec\u012bz\u0101k atveidota.<\/p>\n<p><img loading=\"lazy\" decoding=\"async\" class=\"alignnone size-medium wp-image-16829\" src=\"https:\/\/amberglow.lt\/wp-content\/uploads\/2024\/08\/165-hz-1-400x107.webp\" alt=\"| Amberglow\" width=\"400\" height=\"107\" srcset=\"https:\/\/amberglow.lt\/wp-content\/uploads\/2024\/08\/165-hz-1-400x107.webp 400w, https:\/\/amberglow.lt\/wp-content\/uploads\/2024\/08\/165-hz-1-430x115.webp 430w, https:\/\/amberglow.lt\/wp-content\/uploads\/2024\/08\/165-hz-1-700x188.webp 700w, https:\/\/amberglow.lt\/wp-content\/uploads\/2024\/08\/165-hz-1-150x40.webp 150w, https:\/\/amberglow.lt\/wp-content\/uploads\/2024\/08\/165-hz-1-18x5.webp 18w, https:\/\/amberglow.lt\/wp-content\/uploads\/2024\/08\/165-hz-1-600x161.webp 600w, https:\/\/amberglow.lt\/wp-content\/uploads\/2024\/08\/165-hz-1.webp 726w\" sizes=\"(max-width: 400px) 100vw, 400px\" \/><\/p>\n<p><strong>AMD FreeSync<\/strong> tehnolo\u0123ija samazina ekr\u0101na asaro\u0161anu un aiz\u0137er\u0161anos sp\u0113l\u0113s, savuk\u0101rt <strong>zema zil\u0101s gaismas spilgtuma re\u017e\u012bms<\/strong> pasarg\u0101 acis no zil\u0101s gaismas pat visgar\u0101kaj\u0101s darba dien\u0101s.<\/p>\n<p><img loading=\"lazy\" decoding=\"async\" class=\"alignnone size-medium wp-image-16832\" src=\"https:\/\/amberglow.lt\/wp-content\/uploads\/2024\/08\/AMD_FreeSync_logo-white-400x161.webp\" alt=\"| Amberglow\" width=\"400\" height=\"161\" srcset=\"https:\/\/amberglow.lt\/wp-content\/uploads\/2024\/08\/AMD_FreeSync_logo-white-400x161.webp 400w, https:\/\/amberglow.lt\/wp-content\/uploads\/2024\/08\/AMD_FreeSync_logo-white-768x308.webp 768w, https:\/\/amberglow.lt\/wp-content\/uploads\/2024\/08\/AMD_FreeSync_logo-white-1300x522.webp 1300w, https:\/\/amberglow.lt\/wp-content\/uploads\/2024\/08\/AMD_FreeSync_logo-white-1536x617.webp 1536w, https:\/\/amberglow.lt\/wp-content\/uploads\/2024\/08\/AMD_FreeSync_logo-white-2048x822.png 2048w, https:\/\/amberglow.lt\/wp-content\/uploads\/2024\/08\/AMD_FreeSync_logo-white-430x173.webp 430w, https:\/\/amberglow.lt\/wp-content\/uploads\/2024\/08\/AMD_FreeSync_logo-white-700x281.webp 700w, https:\/\/amberglow.lt\/wp-content\/uploads\/2024\/08\/AMD_FreeSync_logo-white-150x60.webp 150w, https:\/\/amberglow.lt\/wp-content\/uploads\/2024\/08\/AMD_FreeSync_logo-white-18x7.webp 18w, https:\/\/amberglow.lt\/wp-content\/uploads\/2024\/08\/AMD_FreeSync_logo-white-600x241.webp 600w\" sizes=\"(max-width: 400px) 100vw, 400px\" \/><\/p>\n<h3>Pilnas specifik\u0101cijas:<\/h3>\n<p><img loading=\"lazy\" decoding=\"async\" class=\"alignnone wp-image-16819 size-large\" src=\"https:\/\/amberglow.lt\/wp-content\/uploads\/2024\/08\/celestial-27-pro-specs-1135x800.webp\" alt=\"| Amberglow\" width=\"1135\" height=\"800\" srcset=\"https:\/\/amberglow.lt\/wp-content\/uploads\/2024\/08\/celestial-27-pro-specs-1135x800.webp 1135w, https:\/\/amberglow.lt\/wp-content\/uploads\/2024\/08\/celestial-27-pro-specs-400x282.webp 400w, https:\/\/amberglow.lt\/wp-content\/uploads\/2024\/08\/celestial-27-pro-specs-768x542.webp 768w, https:\/\/amberglow.lt\/wp-content\/uploads\/2024\/08\/celestial-27-pro-specs-1536x1083.webp 1536w, https:\/\/amberglow.lt\/wp-content\/uploads\/2024\/08\/celestial-27-pro-specs-2048x1444.png 2048w, https:\/\/amberglow.lt\/wp-content\/uploads\/2024\/08\/celestial-27-pro-specs-430x303.webp 430w, https:\/\/amberglow.lt\/wp-content\/uploads\/2024\/08\/celestial-27-pro-specs-700x494.webp 700w, https:\/\/amberglow.lt\/wp-content\/uploads\/2024\/08\/celestial-27-pro-specs-150x106.webp 150w, https:\/\/amberglow.lt\/wp-content\/uploads\/2024\/08\/celestial-27-pro-specs-18x12.webp 18w, https:\/\/amberglow.lt\/wp-content\/uploads\/2024\/08\/celestial-27-pro-specs-600x423.webp 600w\" sizes=\"(max-width: 1135px) 100vw, 1135px\" \/><\/p>\n","protected":false},"excerpt":{"rendered":"<p>Amberglow Celestial 27 Pro 2K 165 Hz 1 ms sp\u0113\u013cu monitors Sp\u0113l\u0113jiet sp\u0113les pat 2K 1440p Quad HD! 2K nodro\u0161ina<\/p>\n","protected":false},"featured_media":31280,"comment_status":"open","ping_status":"closed","template":"","meta":[],"product_brand":[],"product_cat":[493],"product_tag":[600],"class_list":{"0":"post-31242","1":"product","2":"type-product","3":"status-publish","4":"has-post-thumbnail","6":"product_cat-monitori","7":"product_tag-amberglow-celestial-27-pro-2k-165hz","9":"first","10":"outofstock","11":"taxable","12":"shipping-taxable","13":"purchasable","14":"product-type-simple"},"_links":{"self":[{"href":"https:\/\/amberglow.lt\/lv\/wp-json\/wp\/v2\/product\/31242","targetHints":{"allow":["GET"]}}],"collection":[{"href":"https:\/\/amberglow.lt\/lv\/wp-json\/wp\/v2\/product"}],"about":[{"href":"https:\/\/amberglow.lt\/lv\/wp-json\/wp\/v2\/types\/product"}],"replies":[{"embeddable":true,"href":"https:\/\/amberglow.lt\/lv\/wp-json\/wp\/v2\/comments?post=31242"}],"version-history":[{"count":0,"href":"https:\/\/amberglow.lt\/lv\/wp-json\/wp\/v2\/product\/31242\/revisions"}],"wp:featuredmedia":[{"embeddable":true,"href":"https:\/\/amberglow.lt\/lv\/wp-json\/wp\/v2\/media\/31280"}],"wp:attachment":[{"href":"https:\/\/amberglow.lt\/lv\/wp-json\/wp\/v2\/media?parent=31242"}],"wp:term":[{"taxonomy":"product_brand","embeddable":true,"href":"https:\/\/amberglow.lt\/lv\/wp-json\/wp\/v2\/product_brand?post=31242"},{"taxonomy":"product_cat","embeddable":true,"href":"https:\/\/amberglow.lt\/lv\/wp-json\/wp\/v2\/product_cat?post=31242"},{"taxonomy":"product_tag","embeddable":true,"href":"https:\/\/amberglow.lt\/lv\/wp-json\/wp\/v2\/product_tag?post=31242"}],"curies":[{"name":"wp","href":"https:\/\/api.w.org\/{rel}","templated":true}]}}