{"id":32072,"date":"2025-11-19T13:31:41","date_gmt":"2025-11-19T10:31:41","guid":{"rendered":"https:\/\/amberglow.lt\/Bez%20kategorijas\/austinas-spelem-razer-kraken-x-lite\/"},"modified":"2026-04-27T16:56:59","modified_gmt":"2026-04-27T13:56:59","slug":"austinas-spelem-razer-kraken-x-lite","status":"publish","type":"product","link":"https:\/\/amberglow.lt\/lv\/periferija\/austinas\/austinas-spelem-razer-kraken-x-lite\/","title":{"rendered":"Austi\u0146as sp\u0113l\u0113m Razer Kraken X Lite"},"content":{"rendered":"<h2 data-start=\"0\" data-end=\"68\"><strong data-start=\"3\" data-end=\"66\">Razer Kraken X Lite \u2013 vieglums, komforts un skaidra ska\u0146a<\/strong><\/h2>\n<p data-start=\"70\" data-end=\"453\">Razer Kraken X Lite ir sp\u0113l\u0113t\u0101jiem piel\u0101gotas austi\u0146as, kas apvieno vieglu konstrukciju, \u0113rtumu un kvalitat\u012bvu ska\u0146u. T\u0101s ir \u012bpa\u0161i vieglas \u2013 sver tikai aptuveni 240 g, t\u0101p\u0113c var ilgi sp\u0113l\u0113t vai klaus\u012bties bez diskomforta. Ergonomisk\u0101 st\u012bpa un m\u012bkstie ausu spilventi\u0146u p\u0101rkl\u0101jumi nodro\u0161ina, ka austi\u0146as cie\u0161i piegu\u013c galvai, nespie\u017e un \u013cauj baud\u012bt sp\u0113les vai m\u016bziku ilgu laiku.  <\/p>\n<p data-start=\"455\" data-end=\"753\">Austi\u0146as ir apr\u012bkotas ar <strong data-start=\"474\" data-end=\"501\">neod\u012bma ska\u013cru\u0146iem<\/strong>, kas nodro\u0161ina skaidru un sabalans\u0113tu ska\u0146u gan sp\u0113l\u0113s, gan m\u016bzikas klaus\u012b\u0161anai. Ska\u0146as spektrs ir pietiekami pla\u0161s, lai var\u0113tu sajust gan zemas, gan augstas frekvences, kas \u013cauj viegli paman\u012bt sp\u0113les ska\u0146as, piem\u0113ram, so\u013cus vai \u0161\u0101vienus.<\/p>\n<p data-start=\"755\" data-end=\"948\">Kraken X Lite ir <strong data-start=\"774\" data-end=\"801\">omnidirekcion\u0101ls mikrofons<\/strong>, kas nodro\u0161ina skaidru un dabisku balsi. Mikrofons ir viegli regul\u0113jams, t\u0101p\u0113c to var \u0113rti pacelt vai nolaist, kad nav nepiecie\u0161ams run\u0101t.<\/p>\n<p data-start=\"950\" data-end=\"1199\">Austi\u0146as tiek savienotas ar vadu, izmantojot standarta <strong data-start=\"989\" data-end=\"1005\">3,5 mm ligzdu<\/strong>, t\u0101p\u0113c t\u0101s var izmantot ar datoru, konsol\u0113m vai mobilo ier\u012bci. Pateicoties univers\u0101lajam savienojumam un vieglajai konstrukcijai, Kraken X Lite ir \u012bpa\u0161i praktiskas un \u0113rtas lieto\u0161anai jebkur.<\/p>\n<p data-start=\"1201\" data-end=\"1374\" data-is-last-node=\"\" data-is-only-node=\"\">Razer Kraken X Lite \u2013 t\u0101s ir uzticamas, vieglas un ergonomiskas austi\u0146as sp\u0113l\u0113t\u0101jiem, kas mekl\u0113 komfortu, skaidru ska\u0146u un vienk\u0101r\u0161u lieto\u0161anu ikdien\u0101 vai gar\u0101s sp\u0113\u013cu sesij\u0101s.<\/p>\n","protected":false},"excerpt":{"rendered":"<p>Razer Kraken X Lite \u2013 vieglums, komforts un skaidra ska\u0146a Razer Kraken X Lite ir sp\u0113l\u0113t\u0101jiem piel\u0101gotas austi\u0146as, kas apvieno<\/p>\n","protected":false},"featured_media":32073,"comment_status":"open","ping_status":"closed","template":"","meta":[],"product_brand":[],"product_cat":[498,500],"product_tag":[749],"class_list":{"0":"post-32072","1":"product","2":"type-product","3":"status-publish","4":"has-post-thumbnail","6":"product_cat-austinas","7":"product_cat-periferija","8":"product_tag-razer-kraken-x-lite","9":"pa_garantija-24-men-lv","10":"pa_prekes-zenklas-razer","12":"first","13":"instock","14":"taxable","15":"shipping-taxable","16":"purchasable","17":"product-type-simple"},"_links":{"self":[{"href":"https:\/\/amberglow.lt\/lv\/wp-json\/wp\/v2\/product\/32072","targetHints":{"allow":["GET"]}}],"collection":[{"href":"https:\/\/amberglow.lt\/lv\/wp-json\/wp\/v2\/product"}],"about":[{"href":"https:\/\/amberglow.lt\/lv\/wp-json\/wp\/v2\/types\/product"}],"replies":[{"embeddable":true,"href":"https:\/\/amberglow.lt\/lv\/wp-json\/wp\/v2\/comments?post=32072"}],"version-history":[{"count":0,"href":"https:\/\/amberglow.lt\/lv\/wp-json\/wp\/v2\/product\/32072\/revisions"}],"wp:featuredmedia":[{"embeddable":true,"href":"https:\/\/amberglow.lt\/lv\/wp-json\/wp\/v2\/media\/32073"}],"wp:attachment":[{"href":"https:\/\/amberglow.lt\/lv\/wp-json\/wp\/v2\/media?parent=32072"}],"wp:term":[{"taxonomy":"product_brand","embeddable":true,"href":"https:\/\/amberglow.lt\/lv\/wp-json\/wp\/v2\/product_brand?post=32072"},{"taxonomy":"product_cat","embeddable":true,"href":"https:\/\/amberglow.lt\/lv\/wp-json\/wp\/v2\/product_cat?post=32072"},{"taxonomy":"product_tag","embeddable":true,"href":"https:\/\/amberglow.lt\/lv\/wp-json\/wp\/v2\/product_tag?post=32072"}],"curies":[{"name":"wp","href":"https:\/\/api.w.org\/{rel}","templated":true}]}}