{"id":32126,"date":"2025-11-21T13:07:40","date_gmt":"2025-11-21T10:07:40","guid":{"rendered":"https:\/\/amberglow.lt\/Bez%20kategorijas\/stacionarais-dators-ryzen-9-9950x3d-rtx-5090-32gb\/"},"modified":"2026-05-10T12:01:14","modified_gmt":"2026-05-10T09:01:14","slug":"stacionarais-dators-ryzen-9-9950x3d-rtx-5090-32gb","status":"publish","type":"product","link":"https:\/\/amberglow.lt\/lv\/stacionarie-datori\/stacionarais-dators-ryzen-9-9950x3d-rtx-5090-32gb\/","title":{"rendered":"Stacion\u0101rais dators Ryzen 9 9950X3D, RTX 5090 32GB"},"content":{"rendered":"<p data-start=\"163\" data-end=\"277\"><strong data-start=\"163\" data-end=\"277\">AMD Ryzen 9 9950X3D un NVIDIA GeForce RTX 5090 32GB \u2013 absol\u016bta flagma\u0146u kombin\u0101cija 4K un n\u0101kotnes sp\u0113l\u0113m<\/strong><\/p>\n<p data-start=\"279\" data-end=\"669\">T\u0101 ir kombin\u0101cija sp\u0113l\u0113t\u0101jiem, kuri v\u0113las piln\u012bgu dominanci sp\u0113l\u0113s, rado\u0161aj\u0101 darb\u0101 un intens\u012bvos uzdevumos. Ryzen 9 9950X3D ar jaun\u0101s paaudzes Zen 5 arhitekt\u016bru un 3D V-Cache nodro\u0161ina nep\u0101rsp\u0113jamu viena kodola veiktsp\u0113ju sp\u0113l\u0113m, savuk\u0101rt GeForce RTX 5090 32GB ar Ada Lovelace Next arhitekt\u016bru pace\u013c 4K un RT robe\u017eas jaun\u0101 l\u012bmen\u012b, nodro\u0161inot neticamu efektivit\u0101ti un DLSS 4 kadru \u0123ener\u0113\u0161anu. <\/p>\n<p data-start=\"671\" data-end=\"708\"><strong data-start=\"671\" data-end=\"708\">Procesors AMD Ryzen 9 9950X3D<\/strong><\/p>\n<p data-start=\"710\" data-end=\"886\">Arhitekt\u016bra un kodoli: jaun\u0101s paaudzes Zen 5 arhitekt\u016bra ar 16 kodoliem un 32 pavedieniem, papildin\u0101ta ar mas\u012bvu 3D V-Cache ietilp\u012bbu \u2013 izcila jauda sp\u0113l\u0113m un satura veido\u0161anai.<\/p>\n<p data-start=\"888\" data-end=\"1010\">Frekvence: augstas b\u0101zes un turbo frekvences, kas \u013cauj maksim\u0101li izmantot gan viena kodola, gan daudzpavedienu veiktsp\u0113ju.<\/p>\n<p data-start=\"1012\" data-end=\"1147\">Atmi\u0146a: jaun\u0101s paaudzes palielin\u0101tais 3D V-Cache sl\u0101nis nodro\u0161ina nevainojamu FPS stabilit\u0101ti un liel\u0101ku sp\u0113\u013cu dzin\u0113ju efektivit\u0101ti.<\/p>\n<p data-start=\"1149\" data-end=\"1198\"><strong data-start=\"1149\" data-end=\"1198\">Videokarte NVIDIA GeForce RTX 5090 32GB<\/strong><\/p>\n<p data-start=\"1200\" data-end=\"1373\">Arhitekt\u016bra: Ada Lovelace Next ar iev\u0113rojami atjaunin\u0101tiem CUDA, RT un Tensor kodoliem \u2013 tas ir liel\u0101kais veiktsp\u0113jas l\u0113ciens RT un AI sektoros vis\u0101 GeForce v\u0113stur\u0113.<\/p>\n<p data-start=\"1375\" data-end=\"1487\">Atmi\u0146a: 32 GB GDDR7 \u2013 ide\u0101li piem\u0113rota 4K ar staru izseko\u0161anu, liel\u0101kaj\u0101m tekst\u016br\u0101m un profesion\u0101lam darbam.<\/p>\n<p data-start=\"1489\" data-end=\"1622\">Tehnolo\u0123ijas: DLSS 4 ar Frame Generation un Ray Reconstruction \u2013 \u013cauj sasniegt pl\u016bsto\u0161u FPS pat vissare\u017e\u0123\u012bt\u0101kaj\u0101s sp\u0113l\u0113s.<\/p>\n<p data-start=\"776\" data-end=\"1115\"><strong>Pilna specifik\u0101cija:<\/strong><\/p>\n<ul>\n<li><strong>AMD Ryzen 9 9950X3D: <\/strong>16 kodoli, 32 pavedieni, 4.3-5.7GHz<\/li>\n<li><strong>MSI PRO X870E GAMING PLUS WIFI vai l\u012bdz\u012bga m\u0101tesplate<\/strong><\/li>\n<li><strong><span data-sheets-root=\"1\">DeepCool AG620 BK ARGB V2<\/span> dzes\u0113t\u0101js<\/strong><\/li>\n<li><strong>Corsair Vengeance 32GB (2x16GB) DDR5 6000MHz<\/strong><\/li>\n<li><strong>Kingston NV3 1TB M.2 6000MB\/s<\/strong><\/li>\n<li><strong>Nvidia GeForce RTX 5090 32GB GDDR7 | Inno3D iChill X3 OC<\/strong><\/li>\n<li><strong>ADATA XPG Cybercore II 1300W 80PLUS PLATINUM<\/strong><\/li>\n<\/ul>\n<p data-start=\"1929\" data-end=\"1979\"><strong data-start=\"1929\" data-end=\"1979\">Paredzama FPS veiktsp\u0113ja 1440p un 4K iz\u0161\u0137irtsp\u0113j\u0101:<\/strong><\/p>\n<p data-start=\"1981\" data-end=\"2393\">Cyberpunk 2077 \u2013 ~310 FPS (1440p, Ultra + DLSS Quality) \/ ~200 FPS (4K, Ultra + DLSS Balanced)<br data-start=\"2075\" data-end=\"2078\">Call of Duty: Black Ops 6 \u2013 ~350+ FPS (1440p, Ultra) \/ ~240 FPS (4K, Ultra)<br data-start=\"2153\" data-end=\"2156\">Forza Horizon 5 \u2013 ~300 FPS (1440p, Ultra) \/ ~220 FPS (4K, Ultra)<br data-start=\"2220\" data-end=\"2223\">Assassin\u2019s Creed Mirage \u2013 ~270 FPS (1440p, Ultra) \/ ~185 FPS (4K, Ultra)<br data-start=\"2295\" data-end=\"2298\">Alan Wake 2 \u2013 ~235 FPS (1440p, High RT + DLSS Quality) \/ ~165 FPS (4K, High RT + DLSS Balanced)<\/p>\n<p><em>\u0160ie skait\u013ci realit\u0101t\u0113 var at\u0161\u0137irties atkar\u012bb\u0101 no konkr\u0113tiem sp\u0113les iestat\u012bjumiem, optimiz\u0101cijas un citiem sist\u0113mas komponentiem.<\/em><\/p>\n","protected":false},"excerpt":{"rendered":"<p>AMD Ryzen 9 9950X3D un NVIDIA GeForce RTX 5090 32GB \u2013 absol\u016bta flagma\u0146u kombin\u0101cija 4K un n\u0101kotnes sp\u0113l\u0113m T\u0101 ir<\/p>\n","protected":false},"featured_media":23884,"comment_status":"open","ping_status":"closed","template":"","meta":[],"product_brand":[1749],"product_cat":[495],"product_tag":[505],"class_list":{"0":"post-32126","1":"product","2":"type-product","3":"status-publish","4":"has-post-thumbnail","6":"product_brand-amberglow","7":"product_cat-stacionarie-datori","8":"product_tag-ddr5-nuo-32gb-1tb","9":"pa_garantija-24-men-lv","10":"pa_prekes-zenklas-amberglow-lv","11":"pa_procesoriaus-branduoliai-16-cores-lv","12":"pa_vaizdo-plokstes-atmintis-32gb-lv","13":"pa_vaizdo-plokstes-modelis-rtx-5090-lv","15":"first","16":"instock","17":"taxable","18":"shipping-taxable","19":"purchasable","20":"product-type-simple"},"_links":{"self":[{"href":"https:\/\/amberglow.lt\/lv\/wp-json\/wp\/v2\/product\/32126","targetHints":{"allow":["GET"]}}],"collection":[{"href":"https:\/\/amberglow.lt\/lv\/wp-json\/wp\/v2\/product"}],"about":[{"href":"https:\/\/amberglow.lt\/lv\/wp-json\/wp\/v2\/types\/product"}],"replies":[{"embeddable":true,"href":"https:\/\/amberglow.lt\/lv\/wp-json\/wp\/v2\/comments?post=32126"}],"version-history":[{"count":0,"href":"https:\/\/amberglow.lt\/lv\/wp-json\/wp\/v2\/product\/32126\/revisions"}],"wp:featuredmedia":[{"embeddable":true,"href":"https:\/\/amberglow.lt\/lv\/wp-json\/wp\/v2\/media\/23884"}],"wp:attachment":[{"href":"https:\/\/amberglow.lt\/lv\/wp-json\/wp\/v2\/media?parent=32126"}],"wp:term":[{"taxonomy":"product_brand","embeddable":true,"href":"https:\/\/amberglow.lt\/lv\/wp-json\/wp\/v2\/product_brand?post=32126"},{"taxonomy":"product_cat","embeddable":true,"href":"https:\/\/amberglow.lt\/lv\/wp-json\/wp\/v2\/product_cat?post=32126"},{"taxonomy":"product_tag","embeddable":true,"href":"https:\/\/amberglow.lt\/lv\/wp-json\/wp\/v2\/product_tag?post=32126"}],"curies":[{"name":"wp","href":"https:\/\/api.w.org\/{rel}","templated":true}]}}