{"id":32130,"date":"2025-11-19T13:43:53","date_gmt":"2025-11-19T10:43:53","guid":{"rendered":"https:\/\/amberglow.lt\/Bez%20kategorijas\/razer-kraken-v3-x-spelu-austinas\/"},"modified":"2026-04-27T16:56:55","modified_gmt":"2026-04-27T13:56:55","slug":"razer-kraken-v3-x-spelu-austinas","status":"publish","type":"product","link":"https:\/\/amberglow.lt\/lv\/periferija\/austinas\/razer-kraken-v3-x-spelu-austinas\/","title":{"rendered":"Razer Kraken V3 X sp\u0113\u013cu austi\u0146as"},"content":{"rendered":"<h2 data-start=\"134\" data-end=\"206\"><strong data-start=\"137\" data-end=\"206\">Razer Kraken V3 X \u2013 \u0113rtums, prec\u012bza ska\u0146a un moderna est\u0113tika<\/strong><\/h2>\n<p data-start=\"208\" data-end=\"514\">Razer Kraken V3 X ir vieglas sp\u0113\u013cu austi\u0146as, kas rad\u012btas komfortam un skaidrai ska\u0146ai. T\u0101s sver aptuveni 285 gramus, t\u0101p\u0113c t\u0101s ir \u0113rti valk\u0101t ilgsto\u0161i, un ausu spilventi\u0146i ir izgatavoti no m\u012bksta hibr\u012bda materi\u0101la, kas \u013cauj t\u0101m labi piek\u013cauties galvai un saglab\u0101t komfortu pat gar\u0101s sp\u0113\u013cu sesij\u0101s. <\/p>\n<p data-start=\"516\" data-end=\"778\">Austi\u0146\u0101m ir Razer TriForce 40 mm ska\u013cru\u0146i, kas atsevi\u0161\u0137i atveido zemas, vid\u0113jas un augstas frekvences. Tas nodro\u0161ina skaidru, bag\u0101t\u012bgu un detaliz\u0113tu ska\u0146as kvalit\u0101ti, \u013caujot prec\u012bzi dzird\u0113t gan m\u016bziku, gan sp\u0113\u013cu efektus, piem\u0113ram, so\u013cus vai \u0161\u0101vienus. <\/p>\n<p data-start=\"780\" data-end=\"980\">Mikrofons ir HyperClear Cardioid, vienvirziena, ar lielisku fona trok\u0161\u0146u sl\u0101p\u0113\u0161anu, t\u0101p\u0113c balss tiek p\u0101rraid\u012bta skaidri un dabiski. Mikrofonu var viegli pacelt vai nolaist p\u0113c vajadz\u012bbas. <\/p>\n<p data-start=\"982\" data-end=\"1237\">Austi\u0146as tiek savienotas ar vadu, izmantojot USB Type\u2011A, un Windows 64 bitu oper\u0113t\u0101jsist\u0113m\u0101 atbalsta virtu\u0101lu 7.1 telpisko ska\u0146u. T\u0101m ir ar\u012b Chroma RGB apgaismojums uz ausu kausi\u0146iem, ko var piel\u0101got individu\u0101li, sinhroniz\u0113jot ar cit\u0101m Razer ier\u012bc\u0113m. <\/p>\n<p data-start=\"1239\" data-end=\"1477\">Kraken V3 X austi\u0146u galvas st\u012bpa un viegl\u0101 konstrukcija \u013cauj \u0113rti t\u0101s valk\u0101t ilgsto\u0161i bez noguruma. Papildus austi\u0146u apak\u0161\u0101 ir ska\u013cuma regul\u0113\u0161anas un mikrofona izsl\u0113g\u0161anas pogas, kas \u013cauj viegli kontrol\u0113t ska\u0146u sp\u0113les laik\u0101. <\/p>\n<p data-start=\"1479\" data-end=\"1651\" data-is-last-node=\"\" data-is-only-node=\"\">Razer Kraken V3 X \u2013 t\u0101s ir \u0113rtas, ergonomiskas un moderni izskat\u0101s austi\u0146as sp\u0113l\u0113t\u0101jiem, kuri nov\u0113rt\u0113 skaidru ska\u0146u, uzticamu mikrofonu un komfortu gar\u0101s sp\u0113\u013cu sesij\u0101s.<\/p>\n","protected":false},"excerpt":{"rendered":"<p>Razer Kraken V3 X \u2013 \u0113rtums, prec\u012bza ska\u0146a un moderna est\u0113tika Razer Kraken V3 X ir vieglas sp\u0113\u013cu austi\u0146as, kas<\/p>\n","protected":false},"featured_media":32131,"comment_status":"open","ping_status":"closed","template":"","meta":[],"product_brand":[],"product_cat":[498,500],"product_tag":[751],"class_list":{"0":"post-32130","1":"product","2":"type-product","3":"status-publish","4":"has-post-thumbnail","6":"product_cat-austinas","7":"product_cat-periferija","8":"product_tag-razer-kraken-v3-x","9":"pa_garantija-24-men-lv","10":"pa_prekes-zenklas-ryzen-lv","12":"first","13":"outofstock","14":"taxable","15":"shipping-taxable","16":"purchasable","17":"product-type-simple"},"_links":{"self":[{"href":"https:\/\/amberglow.lt\/lv\/wp-json\/wp\/v2\/product\/32130","targetHints":{"allow":["GET"]}}],"collection":[{"href":"https:\/\/amberglow.lt\/lv\/wp-json\/wp\/v2\/product"}],"about":[{"href":"https:\/\/amberglow.lt\/lv\/wp-json\/wp\/v2\/types\/product"}],"replies":[{"embeddable":true,"href":"https:\/\/amberglow.lt\/lv\/wp-json\/wp\/v2\/comments?post=32130"}],"version-history":[{"count":0,"href":"https:\/\/amberglow.lt\/lv\/wp-json\/wp\/v2\/product\/32130\/revisions"}],"wp:featuredmedia":[{"embeddable":true,"href":"https:\/\/amberglow.lt\/lv\/wp-json\/wp\/v2\/media\/32131"}],"wp:attachment":[{"href":"https:\/\/amberglow.lt\/lv\/wp-json\/wp\/v2\/media?parent=32130"}],"wp:term":[{"taxonomy":"product_brand","embeddable":true,"href":"https:\/\/amberglow.lt\/lv\/wp-json\/wp\/v2\/product_brand?post=32130"},{"taxonomy":"product_cat","embeddable":true,"href":"https:\/\/amberglow.lt\/lv\/wp-json\/wp\/v2\/product_cat?post=32130"},{"taxonomy":"product_tag","embeddable":true,"href":"https:\/\/amberglow.lt\/lv\/wp-json\/wp\/v2\/product_tag?post=32130"}],"curies":[{"name":"wp","href":"https:\/\/api.w.org\/{rel}","templated":true}]}}