{"id":41579,"date":"2025-12-03T17:01:51","date_gmt":"2025-12-03T14:01:51","guid":{"rendered":"https:\/\/amberglow.lt\/Bez%20kategorijas\/portativais-dators-gigabyte-gaming-a16-i7-13620h-rtx-5070\/"},"modified":"2026-04-27T16:56:28","modified_gmt":"2026-04-27T13:56:28","slug":"portativais-dators-gigabyte-gaming-a16-i7-13620h-rtx-5070","status":"publish","type":"product","link":"https:\/\/amberglow.lt\/lv\/portativie-datori\/portativais-dators-gigabyte-gaming-a16-i7-13620h-rtx-5070\/","title":{"rendered":"Portat\u012bvais dators Gigabyte GAMING A16 i7-13620H, RTX 5070"},"content":{"rendered":"<p data-start=\"0\" data-end=\"393\">Gigabyte GAMING A16 CWH-I3EE894SH \u2013 tas ir <strong data-start=\"40\" data-end=\"112\">16 collu jaud\u012bgs sp\u0113\u013cu un ikdienas veiktsp\u0113jas portat\u012bvais dators<\/strong>, rad\u012bts tiem, kas v\u0113las <strong data-start=\"141\" data-end=\"216\">raibu 165 Hz att\u0113lu, modernu i7 procesoru un \u012bstu RTX jaudu<\/strong>. Ar <strong data-start=\"221\" data-end=\"245\">Intel Core i7-13620H<\/strong> procesoru un <strong data-start=\"262\" data-end=\"289\">NVIDIA GeForce RTX 5070<\/strong> grafisko karti tas lieliski der jaun\u0101kaj\u0101m sp\u0113l\u0113m, straum\u0113\u0161anai, rado\u0161ajam darbam un darbam bez aiz\u0137er\u0161an\u0101s.<\/p>\n<p data-start=\"395\" data-end=\"698\"><strong data-start=\"395\" data-end=\"452\">16&#8243; FHD 165 Hz ekr\u0101ns \u2013 \u0101trums katr\u0101 kust\u012bb\u0101<\/strong><br data-start=\"452\" data-end=\"455\">Spilgts <strong data-start=\"462\" data-end=\"481\">FHD (1920\u00d71080)<\/strong> ekr\u0101ns ar <strong data-start=\"493\" data-end=\"503\">165 Hz<\/strong> atjauno\u0161anas frekvenci nodro\u0161ina <strong data-start=\"535\" data-end=\"558\">\u012bpa\u0161i raibu att\u0113lu<\/strong> un \u0101tru reakciju sp\u0113l\u0113s. Tas noz\u012bm\u0113 maz\u0101k &#8220;motion blur&#8221;, prec\u012bz\u0101ku m\u0113r\u0137\u0113\u0161anu un pat\u012bkam\u0101ku pieredzi gan e-sport\u0101, gan AAA sp\u0113l\u0113s.<\/p>\n<p data-start=\"700\" data-end=\"1007\"><strong data-start=\"700\" data-end=\"754\">RTX 5070 grafika \u2013 modernas sp\u0113les bez kompromisiem<\/strong><br data-start=\"754\" data-end=\"757\"><strong data-start=\"757\" data-end=\"797\">NVIDIA GeForce RTX 5070 (8 GB GDDR7)<\/strong> nodro\u0161ina <strong data-start=\"807\" data-end=\"821\">augstu FPS<\/strong>, atbalsta modernus vizu\u0101los efektus un AI pa\u0101trin\u0101\u0161anu. T\u0101 ir grafisk\u0101 karte, kas \u013cauj dro\u0161i sp\u0113l\u0113t augstajos iestat\u012bjumos un vienlaikus \u0113rti str\u0101d\u0101t ar grafiku, video vai 3D projektiem.<\/p>\n<p data-start=\"1009\" data-end=\"1289\"><strong data-start=\"1009\" data-end=\"1075\">Intel Core i7-13620H \u2013 stabila veiktsp\u0113ja intens\u012bviem uzdevumiem<\/strong><br data-start=\"1075\" data-end=\"1078\"><strong data-start=\"1078\" data-end=\"1091\">i7-13620H<\/strong> procesoris nodro\u0161ina <strong data-start=\"1114\" data-end=\"1150\">\u0101tru reakciju un stabilu darb\u012bbu<\/strong> pat tad, kad vienlaikus ir palaistas daudzas programmas, notiek straum\u0113\u0161ana vai render\u0113\u0161ana. Dators paliek \u0101trs pat liel\u0101k\u0101 slodz\u0113.<\/p>\n<p data-start=\"1291\" data-end=\"1556\"><strong data-start=\"1291\" data-end=\"1329\">\u0100tra DDR5 atmi\u0146a un ietilp\u012bgs SSD<\/strong><br data-start=\"1329\" data-end=\"1332\"><strong data-start=\"1332\" data-end=\"1350\">16 GB DDR5 RAM<\/strong> garant\u0113 pl\u016bsto\u0161u vair\u0101kuzdevumu veik\u0161anu, \u0101tr\u0101ku programmu darb\u012bbu un komfortu ikdien\u0101.<br data-start=\"1432\" data-end=\"1435\"><strong data-start=\"1435\" data-end=\"1447\">1 TB SSD<\/strong> nodro\u0161ina <strong data-start=\"1459\" data-end=\"1480\">\u0101tru iesl\u0113g\u0161anos<\/strong>, t\u016bl\u012bt\u0113ju sp\u0113\u013cu palai\u0161anu un daudz vietas j\u016bsu bibliot\u0113kai un failiem.<\/p>\n<p data-start=\"1558\" data-end=\"1779\"><strong data-start=\"1558\" data-end=\"1581\">\u0112rt\u012bbas ikdienai<\/strong><br data-start=\"1581\" data-end=\"1584\">Instal\u0113ta <strong data-start=\"1592\" data-end=\"1611\">Windows 11 Home<\/strong>, t\u0101p\u0113c varat s\u0101kt lietot uzreiz. <strong data-start=\"1641\" data-end=\"1669\">Apgaismota ENG tastat\u016bra<\/strong> ir \u0113rta gan sp\u0113l\u0113jot vakar\u0101, gan str\u0101d\u0101jot kr\u0113sl\u0101, un  <strong data-start=\"1727\" data-end=\"1748\">24 m\u0113ne\u0161i. garantija<\/strong>  nodro\u0161ina mieru ilgtermi\u0146\u0101.<\/p>\n<p data-start=\"1781\" data-end=\"1812\"><strong data-start=\"1781\" data-end=\"1812\">Svar\u012bg\u0101k\u0101s specifik\u0101cijas<\/strong><\/p>\n<ul data-start=\"1813\" data-end=\"2143\">\n<li data-start=\"1813\" data-end=\"1870\">\n<p data-start=\"1815\" data-end=\"1870\"><strong data-start=\"1815\" data-end=\"1827\">Ekr\u0101ns:<\/strong> 16&#8243; IPS, <strong data-start=\"1837\" data-end=\"1856\">FHD (1920\u00d71080)<\/strong>, <strong data-start=\"1858\" data-end=\"1868\">165 Hz<\/strong><\/p>\n<\/li>\n<li data-start=\"1871\" data-end=\"1916\">\n<p data-start=\"1873\" data-end=\"1916\"><strong data-start=\"1873\" data-end=\"1889\">Procesors:<\/strong> <strong data-start=\"1890\" data-end=\"1914\">Intel Core i7-13620H<\/strong><\/p>\n<\/li>\n<li data-start=\"1917\" data-end=\"1984\">\n<p data-start=\"1919\" data-end=\"1984\"><strong data-start=\"1919\" data-end=\"1938\">Videokarte:<\/strong> <strong data-start=\"1939\" data-end=\"1966\">NVIDIA GeForce RTX 5070<\/strong>, <strong data-start=\"1968\" data-end=\"1982\">8 GB GDDR7<\/strong><\/p>\n<\/li>\n<li data-start=\"1985\" data-end=\"2012\">\n<p data-start=\"1987\" data-end=\"2012\"><strong data-start=\"1987\" data-end=\"1995\">RAM:<\/strong> 16 GB <strong data-start=\"2002\" data-end=\"2010\">DDR5<\/strong><\/p>\n<\/li>\n<li data-start=\"2013\" data-end=\"2030\">\n<p data-start=\"2015\" data-end=\"2030\"><strong data-start=\"2015\" data-end=\"2023\">SSD:<\/strong> 1 TB<\/p>\n<\/li>\n<li data-start=\"2031\" data-end=\"2073\">\n<p data-start=\"2033\" data-end=\"2073\"><strong data-start=\"2033\" data-end=\"2055\">Oper\u0113t\u0101jsist\u0113ma:<\/strong> Windows 11 Home<\/p>\n<\/li>\n<li data-start=\"2074\" data-end=\"2116\">\n<p data-start=\"2076\" data-end=\"2116\"><strong data-start=\"2076\" data-end=\"2091\">Tastat\u016bra:<\/strong> ENG, <strong data-start=\"2097\" data-end=\"2114\">ar apgaismojumu<\/strong><\/p>\n<\/li>\n<li data-start=\"2117\" data-end=\"2143\">\n<p data-start=\"2119\" data-end=\"2143\"><strong data-start=\"2119\" data-end=\"2133\">Garantija:<\/strong> 24 m\u0113ne\u0161i<\/p>\n<\/li>\n<\/ul>\n<p data-start=\"2145\" data-end=\"2210\"><strong data-start=\"2145\" data-end=\"2165\">Kam tas ir paredz\u0113ts?<\/strong><br data-start=\"2165\" data-end=\"2168\">Gigabyte GAMING A16 ir ide\u0101ls, ja v\u0113laties:<\/p>\n<ul data-start=\"2211\" data-end=\"2479\">\n<li data-start=\"2211\" data-end=\"2264\">\n<p data-start=\"2213\" data-end=\"2264\"><strong data-start=\"2213\" data-end=\"2230\">165 Hz ekr\u0101nu<\/strong> pl\u016bsto\u0161ai un \u0101trai sp\u0113l\u0113\u0161anai;<\/p>\n<\/li>\n<li data-start=\"2265\" data-end=\"2325\">\n<p data-start=\"2267\" data-end=\"2325\"><strong data-start=\"2267\" data-end=\"2286\">RTX 5070 jaudu<\/strong> modern\u0101m AAA sp\u0113l\u0113m un rado\u0161umam;<\/p>\n<\/li>\n<li data-start=\"2326\" data-end=\"2387\">\n<p data-start=\"2328\" data-end=\"2387\"><strong data-start=\"2328\" data-end=\"2350\">uzticamu i7 veiktsp\u0113ju<\/strong> vair\u0101kuzdevumu veik\u0161anai un straum\u0113\u0161anai;<\/p>\n<\/li>\n<li data-start=\"2388\" data-end=\"2479\">\n<p data-start=\"2390\" data-end=\"2479\"><strong data-start=\"2390\" data-end=\"2418\">univers\u0101lu datoru<\/strong>, kas kalpos ilgi un \u201cvilks\u201d n\u0101kotnes sp\u0113les bez stresa.<\/p>\n<\/li>\n<\/ul>\n","protected":false},"excerpt":{"rendered":"<p>Gigabyte GAMING A16 CWH-I3EE894SH \u2013 tas ir 16 collu jaud\u012bgs sp\u0113\u013cu un ikdienas veiktsp\u0113jas portat\u012bvais dators, rad\u012bts tiem, kas v\u0113las<\/p>\n","protected":false},"featured_media":44652,"comment_status":"open","ping_status":"closed","template":"","meta":[],"product_brand":[],"product_cat":[817],"product_tag":[],"class_list":{"0":"post-41579","1":"product","2":"type-product","3":"status-publish","4":"has-post-thumbnail","6":"product_cat-portativie-datori","7":"pa_garantija-810","8":"pa_integruota-baterija-ja","9":"pa_prekes-zenklas-gigabyte","10":"pa_procesoriaus-branduoliai-10-cores-lv","11":"pa_procesoriaus-modelis-i7-13620h","13":"first","14":"outofstock","15":"taxable","16":"shipping-taxable","17":"purchasable","18":"product-type-simple"},"_links":{"self":[{"href":"https:\/\/amberglow.lt\/lv\/wp-json\/wp\/v2\/product\/41579","targetHints":{"allow":["GET"]}}],"collection":[{"href":"https:\/\/amberglow.lt\/lv\/wp-json\/wp\/v2\/product"}],"about":[{"href":"https:\/\/amberglow.lt\/lv\/wp-json\/wp\/v2\/types\/product"}],"replies":[{"embeddable":true,"href":"https:\/\/amberglow.lt\/lv\/wp-json\/wp\/v2\/comments?post=41579"}],"version-history":[{"count":0,"href":"https:\/\/amberglow.lt\/lv\/wp-json\/wp\/v2\/product\/41579\/revisions"}],"wp:featuredmedia":[{"embeddable":true,"href":"https:\/\/amberglow.lt\/lv\/wp-json\/wp\/v2\/media\/44652"}],"wp:attachment":[{"href":"https:\/\/amberglow.lt\/lv\/wp-json\/wp\/v2\/media?parent=41579"}],"wp:term":[{"taxonomy":"product_brand","embeddable":true,"href":"https:\/\/amberglow.lt\/lv\/wp-json\/wp\/v2\/product_brand?post=41579"},{"taxonomy":"product_cat","embeddable":true,"href":"https:\/\/amberglow.lt\/lv\/wp-json\/wp\/v2\/product_cat?post=41579"},{"taxonomy":"product_tag","embeddable":true,"href":"https:\/\/amberglow.lt\/lv\/wp-json\/wp\/v2\/product_tag?post=41579"}],"curies":[{"name":"wp","href":"https:\/\/api.w.org\/{rel}","templated":true}]}}