{"id":41604,"date":"2025-11-28T18:42:17","date_gmt":"2025-11-28T15:42:17","guid":{"rendered":"https:\/\/amberglow.lt\/Bez%20kategorijas\/portativais-dators-gigabyte-aero-x16-ryzen-al-7-350-rtx-5050\/"},"modified":"2026-04-27T16:56:39","modified_gmt":"2026-04-27T13:56:39","slug":"portativais-dators-gigabyte-aero-x16-ryzen-al-7-350-rtx-5050","status":"publish","type":"product","link":"https:\/\/amberglow.lt\/lv\/portativie-datori\/portativais-dators-gigabyte-aero-x16-ryzen-al-7-350-rtx-5050\/","title":{"rendered":"Portat\u012bvais dators Gigabyte AERO X16 Ryzen Al 7 350, RTX 5050, Lunar White"},"content":{"rendered":"<p data-start=\"0\" data-end=\"427\">Gigabyte AERO X16 1TH-93EEC94DH ir <strong data-start=\"38\" data-end=\"95\">16 collu stil\u012bgs un jaud\u012bgs portat\u012bvais dators<\/strong>, kas rad\u012bts tiem, kuri v\u0113las <strong data-start=\"124\" data-end=\"189\">premium dizainu, augstas iz\u0161\u0137irtsp\u0113jas ekr\u0101nu un viedu AI veiktsp\u0113ju<\/strong> vien\u0101 ier\u012bc\u0113. <strong data-start=\"210\" data-end=\"225\">Lunar White<\/strong> korpuss izce\u013cas ar t\u012bru, modernu izskatu, un iek\u0161pus\u0113 eso\u0161ais <strong data-start=\"291\" data-end=\"313\">AMD Ryzen AI 7 350<\/strong> procesors kop\u0101 ar <strong data-start=\"335\" data-end=\"362\">NVIDIA GeForce RTX 5050<\/strong> grafiku nodro\u0161ina lielisku l\u012bdzsvaru darbam, rado\u0161umam un atp\u016btai.<\/p>\n<p data-start=\"429\" data-end=\"719\"><strong data-start=\"429\" data-end=\"479\">16&#8243; QHD+ ekr\u0101ns \u2013 vair\u0101k deta\u013cu un komforta<\/strong><br data-start=\"479\" data-end=\"482\">Spilgts <strong data-start=\"489\" data-end=\"509\">QHD+ (2560\u00d71600)<\/strong> ekr\u0101ns nodro\u0161ina <strong data-start=\"528\" data-end=\"559\">\u012bpa\u0161i detaliz\u0113tu un skaidru att\u0113lu<\/strong>, t\u0101d\u0113\u013c \u0113rti gan rad\u012bt, gan str\u0101d\u0101t ar tekstu vai att\u0113lu. 16 collu izm\u0113rs nodro\u0161ina ide\u0101lu mobilit\u0101tes un ekr\u0101na plat\u012bbas attiec\u012bbu \u2013 viss ietilpst, un acis nenogurst.<\/p>\n<p data-start=\"721\" data-end=\"983\"><strong data-start=\"721\" data-end=\"767\">Ryzen AI 7 350 \u2013 gudra veiktsp\u0113ja ikdienai<\/strong><br data-start=\"767\" data-end=\"770\"><strong data-start=\"770\" data-end=\"792\">AMD Ryzen AI 7 350<\/strong> procesors ir izveidots ne tikai \u0101trdarb\u012bgam darbam, bet ar\u012b <strong data-start=\"844\" data-end=\"874\">AI pa\u0101trin\u0101tiem uzdevumiem<\/strong>. Tas noz\u012bm\u0113 vienm\u0113r\u012bg\u0101ku vair\u0101kuzdevumu veik\u0161anu, \u0101tr\u0101ku rado\u0161o programmu darb\u012bbu un efekt\u012bv\u0101ku resursu p\u0101rvald\u012bbu.<\/p>\n<p data-start=\"985\" data-end=\"1297\"><strong data-start=\"985\" data-end=\"1039\">RTX 5050 grafika \u2013 rado\u0161umam un modern\u0101m sp\u0113l\u0113m<\/strong><br data-start=\"1039\" data-end=\"1042\"><strong data-start=\"1042\" data-end=\"1082\">NVIDIA GeForce RTX 5050 (8 GB GDDR7)<\/strong> \u013cauj \u0113rti str\u0101d\u0101t ar grafiku, video redi\u0123\u0113\u0161anu, 3D vai AI r\u012bkiem, bet br\u012bvaj\u0101 laik\u0101 \u2013 baud\u012bt m\u016bsdien\u012bgas sp\u0113les un skaistus video efektus. T\u0101 ir <strong data-start=\"1242\" data-end=\"1296\">moderna RTX klase, kas ir gatava n\u0101kotnes programm\u0101m<\/strong>. <\/p>\n<p data-start=\"1299\" data-end=\"1546\"><strong data-start=\"1299\" data-end=\"1337\">\u0100tra DDR5 atmi\u0146a un ietilp\u012bgs SSD<\/strong><br data-start=\"1337\" data-end=\"1340\"><strong data-start=\"1340\" data-end=\"1358\">16 GB DDR5 RAM<\/strong> nodro\u0161ina vienm\u0113r\u012bgu darb\u012bbu ikdienas uzdevumos un rado\u0161aj\u0101 darb\u0101.<br data-start=\"1416\" data-end=\"1419\"><strong data-start=\"1419\" data-end=\"1431\">1 TB SSD<\/strong> nodro\u0161ina <strong data-start=\"1442\" data-end=\"1463\">\u0101tru iesl\u0113g\u0161anos<\/strong>, moment\u0101nu programmu palai\u0161anu un daudz vietas projektiem, fotoatt\u0113liem vai sp\u0113l\u0113m.<\/p>\n<p data-start=\"1548\" data-end=\"1777\"><strong data-start=\"1548\" data-end=\"1571\">\u0112rtums ikdienai<\/strong><br data-start=\"1571\" data-end=\"1574\">Dator\u0101 jau ir instal\u0113ta <strong data-start=\"1599\" data-end=\"1618\">Windows 11 Home<\/strong>, t\u0101p\u0113c varat s\u0101kt lietot uzreiz. <strong data-start=\"1658\" data-end=\"1686\">Apgaismota ENG tastat\u016bra<\/strong> ir \u0113rta darbam vakar\u0101 vai ce\u013cojumos, bet  <strong data-start=\"1725\" data-end=\"1746\">24 m\u0113ne\u0161i. garantija<\/strong>  nodro\u0161ina mieru ilgtermi\u0146\u0101.<\/p>\n<p data-start=\"1779\" data-end=\"1810\"><strong data-start=\"1779\" data-end=\"1810\">Svar\u012bg\u0101k\u0101s specifik\u0101cijas<\/strong><\/p>\n<ul data-start=\"1811\" data-end=\"2156\">\n<li data-start=\"1811\" data-end=\"1842\">\n<p data-start=\"1813\" data-end=\"1842\"><strong data-start=\"1813\" data-end=\"1824\">Kr\u0101sa:<\/strong> <strong data-start=\"1825\" data-end=\"1840\">Lunar White<\/strong><\/p>\n<\/li>\n<li data-start=\"1843\" data-end=\"1885\">\n<p data-start=\"1845\" data-end=\"1885\"><strong data-start=\"1845\" data-end=\"1857\">Ekr\u0101ns:<\/strong> 16&#8243;, <strong data-start=\"1863\" data-end=\"1883\">QHD+ (2560\u00d71600)<\/strong><\/p>\n<\/li>\n<li data-start=\"1886\" data-end=\"1929\">\n<p data-start=\"1888\" data-end=\"1929\"><strong data-start=\"1888\" data-end=\"1904\">Procesors:<\/strong> <strong data-start=\"1905\" data-end=\"1927\">AMD Ryzen AI 7 350<\/strong><\/p>\n<\/li>\n<li data-start=\"1930\" data-end=\"1997\">\n<p data-start=\"1932\" data-end=\"1997\"><strong data-start=\"1932\" data-end=\"1951\">Videokarte:<\/strong> <strong data-start=\"1952\" data-end=\"1979\">NVIDIA GeForce RTX 5050<\/strong>, <strong data-start=\"1981\" data-end=\"1995\">8 GB GDDR7<\/strong><\/p>\n<\/li>\n<li data-start=\"1998\" data-end=\"2025\">\n<p data-start=\"2000\" data-end=\"2025\"><strong data-start=\"2000\" data-end=\"2008\">RAM:<\/strong> 16 GB <strong data-start=\"2015\" data-end=\"2023\">DDR5<\/strong><\/p>\n<\/li>\n<li data-start=\"2026\" data-end=\"2043\">\n<p data-start=\"2028\" data-end=\"2043\"><strong data-start=\"2028\" data-end=\"2036\">SSD:<\/strong> 1 TB<\/p>\n<\/li>\n<li data-start=\"2044\" data-end=\"2086\">\n<p data-start=\"2046\" data-end=\"2086\"><strong data-start=\"2046\" data-end=\"2068\">Oper\u0113t\u0101jsist\u0113ma:<\/strong> Windows 11 Home<\/p>\n<\/li>\n<li data-start=\"2087\" data-end=\"2129\">\n<p data-start=\"2089\" data-end=\"2129\"><strong data-start=\"2089\" data-end=\"2104\">Tastat\u016bra:<\/strong> ENG, <strong data-start=\"2110\" data-end=\"2127\">ar apgaismojumu<\/strong><\/p>\n<\/li>\n<li data-start=\"2130\" data-end=\"2156\">\n<p data-start=\"2132\" data-end=\"2156\"><strong data-start=\"2132\" data-end=\"2146\">Garantija:<\/strong> 24 m\u0113ne\u0161i<\/p>\n<\/li>\n<\/ul>\n<p data-start=\"2158\" data-end=\"2221\"><strong data-start=\"2158\" data-end=\"2178\">Kam tas ir paredz\u0113ts?<\/strong><br data-start=\"2178\" data-end=\"2181\">Gigabyte AERO X16 ir ide\u0101ls, ja v\u0113laties:<\/p>\n<ul data-start=\"2222\" data-end=\"2493\">\n<li data-start=\"2222\" data-end=\"2278\">\n<p data-start=\"2224\" data-end=\"2278\"><strong data-start=\"2224\" data-end=\"2255\">augstas iz\u0161\u0137irtsp\u0113jas QHD+ ekr\u0101nu<\/strong> darbam un izklaidei;<\/p>\n<\/li>\n<li data-start=\"2279\" data-end=\"2346\">\n<p data-start=\"2281\" data-end=\"2346\"><strong data-start=\"2281\" data-end=\"2319\">AI gatavu Ryzen procesoru<\/strong> \u0101tram multitaskingam;<\/p>\n<\/li>\n<li data-start=\"2347\" data-end=\"2399\">\n<p data-start=\"2349\" data-end=\"2399\"><strong data-start=\"2349\" data-end=\"2375\">modernu RTX grafiku<\/strong> rado\u0161umam un sp\u0113l\u0113m;<\/p>\n<\/li>\n<li data-start=\"2400\" data-end=\"2493\">\n<p data-start=\"2402\" data-end=\"2493\"><strong data-start=\"2402\" data-end=\"2458\">\u012bpa\u0161i stil\u012bgu, viegli p\u0101rn\u0113s\u0101jamu premium klases datoru<\/strong> ikdienai, studij\u0101m vai ce\u013cojumiem.<\/p>\n<\/li>\n<\/ul>\n","protected":false},"excerpt":{"rendered":"<p>Gigabyte AERO X16 1TH-93EEC94DH ir 16 collu stil\u012bgs un jaud\u012bgs portat\u012bvais dators, kas rad\u012bts tiem, kuri v\u0113las premium dizainu, augstas<\/p>\n","protected":false},"featured_media":52925,"comment_status":"open","ping_status":"closed","template":"","meta":[],"product_brand":[],"product_cat":[817],"product_tag":[],"class_list":{"0":"post-41604","1":"product","2":"type-product","3":"status-publish","4":"has-post-thumbnail","6":"product_cat-portativie-datori","7":"pa_garantija-810","8":"pa_hdmi-prievadu-kiekis-1584","9":"pa_integruota-baterija-ja","10":"pa_istrizaine-1585","11":"pa_jutiklinis-ekranas-ne","12":"pa_klaviaturos-apsvietimas-ja","13":"pa_prekes-zenklas-gigabyte","14":"pa_procesoriaus-branduoliai-8-cores-lv","15":"pa_procesoriaus-modelis-826","16":"pa_vaizdo-plokstes-atmintis-1587","17":"pa_vaizdo-plokstes-modelis-nvidia-geforce-rtx-5050","19":"first","20":"instock","21":"taxable","22":"shipping-taxable","23":"purchasable","24":"product-type-simple"},"_links":{"self":[{"href":"https:\/\/amberglow.lt\/lv\/wp-json\/wp\/v2\/product\/41604","targetHints":{"allow":["GET"]}}],"collection":[{"href":"https:\/\/amberglow.lt\/lv\/wp-json\/wp\/v2\/product"}],"about":[{"href":"https:\/\/amberglow.lt\/lv\/wp-json\/wp\/v2\/types\/product"}],"replies":[{"embeddable":true,"href":"https:\/\/amberglow.lt\/lv\/wp-json\/wp\/v2\/comments?post=41604"}],"version-history":[{"count":0,"href":"https:\/\/amberglow.lt\/lv\/wp-json\/wp\/v2\/product\/41604\/revisions"}],"wp:featuredmedia":[{"embeddable":true,"href":"https:\/\/amberglow.lt\/lv\/wp-json\/wp\/v2\/media\/52925"}],"wp:attachment":[{"href":"https:\/\/amberglow.lt\/lv\/wp-json\/wp\/v2\/media?parent=41604"}],"wp:term":[{"taxonomy":"product_brand","embeddable":true,"href":"https:\/\/amberglow.lt\/lv\/wp-json\/wp\/v2\/product_brand?post=41604"},{"taxonomy":"product_cat","embeddable":true,"href":"https:\/\/amberglow.lt\/lv\/wp-json\/wp\/v2\/product_cat?post=41604"},{"taxonomy":"product_tag","embeddable":true,"href":"https:\/\/amberglow.lt\/lv\/wp-json\/wp\/v2\/product_tag?post=41604"}],"curies":[{"name":"wp","href":"https:\/\/api.w.org\/{rel}","templated":true}]}}