{"id":41615,"date":"2025-11-28T18:41:58","date_gmt":"2025-11-28T15:41:58","guid":{"rendered":"https:\/\/amberglow.lt\/Bez%20kategorijas\/portativais-dators-gigabyte-aero-x16-ryzen-al-7-350-rtx-5070\/"},"modified":"2026-04-27T16:56:42","modified_gmt":"2026-04-27T13:56:42","slug":"portativais-dators-gigabyte-aero-x16-ryzen-al-7-350-rtx-5070","status":"publish","type":"product","link":"https:\/\/amberglow.lt\/lv\/portativie-datori\/portativais-dators-gigabyte-aero-x16-ryzen-al-7-350-rtx-5070\/","title":{"rendered":"Portat\u012bvais dators Gigabyte AERO X16 Ryzen Al 7 350, RTX 5070"},"content":{"rendered":"<p data-start=\"0\" data-end=\"388\">Gigabyte AERO X16 1WH-93EEC64AH ir <strong data-start=\"38\" data-end=\"88\">16 collu premium klases kl\u0113pjdators<\/strong>, paredz\u0113ts tiem, kuri mekl\u0113 <strong data-start=\"117\" data-end=\"192\">augstas iz\u0161\u0137irtsp\u0113jas ekr\u0101nu, AI gatavu veiktsp\u0113ju un jaud\u012bgu RTX grafiku<\/strong> vien\u0101 stil\u012bg\u0101 ier\u012bc\u0113. Ar <strong data-start=\"227\" data-end=\"249\">AMD Ryzen AI 7 350<\/strong> procesoru, <strong data-start=\"264\" data-end=\"282\">32 GB DDR5 RAM<\/strong> un <strong data-start=\"286\" data-end=\"313\">NVIDIA GeForce RTX 5070<\/strong> videokarti tas ir lieliski piem\u0113rots rado\u0161am darbam, darbam un modern\u0101m sp\u0113l\u0113m.<\/p>\n<p data-start=\"390\" data-end=\"724\"><strong data-start=\"390\" data-end=\"455\">16&#8243; IPS QHD+ 165 Hz ekr\u0101ns \u2013 detaliz\u0101cija un vienm\u0113r\u012bgums vien\u0101<\/strong><br data-start=\"455\" data-end=\"458\">Spilgts <strong data-start=\"465\" data-end=\"485\">QHD+ (2560\u00d71600)<\/strong> IPS ekr\u0101ns ar <strong data-start=\"501\" data-end=\"511\">165 Hz<\/strong> atsvaidzes intensit\u0101ti nodro\u0161ina <strong data-start=\"543\" data-end=\"581\">\u012bpa\u0161i detaliz\u0113tu un \u012bpa\u0161i vienm\u0113r\u012bgu att\u0113lu<\/strong>. 16:10 form\u0101ts nodro\u0161ina vair\u0101k vietas darbam \u2013 \u0113rti mont\u0113t video, str\u0101d\u0101t ar grafiku, programm\u0113t vai baud\u012bt saturu visaugst\u0101kaj\u0101 kvalit\u0101t\u0113.<\/p>\n<p data-start=\"726\" data-end=\"992\"><strong data-start=\"726\" data-end=\"783\">Ryzen AI 7 350 \u2013 gudra veiktsp\u0113ja ikdienai un rado\u0161umam<\/strong><br data-start=\"783\" data-end=\"786\"><strong data-start=\"786\" data-end=\"808\">AMD Ryzen AI 7 350<\/strong> procesors ir rad\u012bts \u0101trai darb\u012bbai un <strong data-start=\"848\" data-end=\"878\">AI pa\u0101trin\u0101tiem uzdevumiem<\/strong>. Tas noz\u012bm\u0113 \u0101tru vair\u0101kuzdevumu veik\u0161anu, vienm\u0113r\u012bgu rado\u0161o programmu darb\u012bbu un stabilu veiktsp\u0113ju pat intens\u012bvas slodzes apst\u0101k\u013cos.<\/p>\n<p data-start=\"994\" data-end=\"1274\"><strong data-start=\"994\" data-end=\"1044\">RTX 5070 grafika \u2013 moderna jauda bez kompromisiem<\/strong><br data-start=\"1044\" data-end=\"1047\"><strong data-start=\"1047\" data-end=\"1087\">NVIDIA GeForce RTX 5070 (8 GB GDDR7)<\/strong> \u013cauj dro\u0161i \u0137erties pie m\u016bsdienu sp\u0113l\u0113m, 3D projektiem vai video redi\u0123\u0113\u0161anas ar augstiem iestat\u012bjumiem. RTX klases jauda nodro\u0161ina <strong data-start=\"1216\" data-end=\"1230\">augstu FPS<\/strong>, m\u016bsdien\u012bgus vizu\u0101los efektus un AI pa\u0101trin\u0101jumu. <\/p>\n<p data-start=\"1276\" data-end=\"1599\"><strong data-start=\"1276\" data-end=\"1329\">32 GB DDR5 un 1 TB SSD \u2013 \u0101trums, kas ir j\u016btams<\/strong><br data-start=\"1329\" data-end=\"1332\"><strong data-start=\"1332\" data-end=\"1350\">32 GB DDR5 RAM<\/strong> nodro\u0161ina <strong data-start=\"1360\" data-end=\"1382\">maksim\u0101lu komfortu<\/strong>, str\u0101d\u0101jot ar lieliem projektiem, vair\u0101k\u0101m programm\u0101m vai virtu\u0101laj\u0101m vid\u0113m.<br data-start=\"1464\" data-end=\"1467\"><strong data-start=\"1467\" data-end=\"1479\">1 TB SSD<\/strong> garant\u0113 <strong data-start=\"1491\" data-end=\"1512\">\u0101tru iesl\u0113g\u0161anos<\/strong>, moment\u0101nu programmu palai\u0161anu un daudz vietas darbiem, failiem un sp\u0113\u013cu bibliot\u0113kai.<\/p>\n<p data-start=\"1601\" data-end=\"1842\"><strong data-start=\"1601\" data-end=\"1623\">Savienojam\u012bba un \u0113rtums<\/strong><br data-start=\"1623\" data-end=\"1626\">\u0100trais <strong data-start=\"1634\" data-end=\"1656\">Wi-Fi 6 (802.11ax)<\/strong> un <strong data-start=\"1660\" data-end=\"1677\">Bluetooth 5.2<\/strong> nodro\u0161ina stabilu savienojumu m\u0101j\u0101s vai ce\u013cojumos. <strong data-start=\"1723\" data-end=\"1764\">Apgaismota US International tastat\u016bra<\/strong> ir \u0113rta darbam vakar\u0101, bet <strong data-start=\"1790\" data-end=\"1809\">Windows 11 Home<\/strong> jau ir instal\u0113ts \u2013 lietojiet uzreiz.<\/p>\n<p data-start=\"1844\" data-end=\"1875\"><strong data-start=\"1844\" data-end=\"1875\">Svar\u012bg\u0101k\u0101s specifik\u0101cijas<\/strong><\/p>\n<ul data-start=\"1876\" data-end=\"2291\">\n<li data-start=\"1876\" data-end=\"1941\">\n<p data-start=\"1878\" data-end=\"1941\"><strong data-start=\"1878\" data-end=\"1890\">Ekr\u0101ns:<\/strong> 16&#8243; IPS, <strong data-start=\"1900\" data-end=\"1920\">QHD+ (2560\u00d71600)<\/strong>, <strong data-start=\"1922\" data-end=\"1932\">165 Hz<\/strong>, 16:10<\/p>\n<\/li>\n<li data-start=\"1942\" data-end=\"1985\">\n<p data-start=\"1944\" data-end=\"1985\"><strong data-start=\"1944\" data-end=\"1960\">Procesors:<\/strong> <strong data-start=\"1961\" data-end=\"1983\">AMD Ryzen AI 7 350<\/strong><\/p>\n<\/li>\n<li data-start=\"1986\" data-end=\"2053\">\n<p data-start=\"1988\" data-end=\"2053\"><strong data-start=\"1988\" data-end=\"2007\">Videokarte:<\/strong> <strong data-start=\"2008\" data-end=\"2035\">NVIDIA GeForce RTX 5070<\/strong>, <strong data-start=\"2037\" data-end=\"2051\">8 GB GDDR7<\/strong><\/p>\n<\/li>\n<li data-start=\"2054\" data-end=\"2081\">\n<p data-start=\"2056\" data-end=\"2081\"><strong data-start=\"2056\" data-end=\"2064\">RAM:<\/strong> <strong data-start=\"2065\" data-end=\"2079\">32 GB DDR5<\/strong><\/p>\n<\/li>\n<li data-start=\"2082\" data-end=\"2099\">\n<p data-start=\"2084\" data-end=\"2099\"><strong data-start=\"2084\" data-end=\"2092\">SSD:<\/strong> 1 TB<\/p>\n<\/li>\n<li data-start=\"2100\" data-end=\"2142\">\n<p data-start=\"2102\" data-end=\"2142\"><strong data-start=\"2102\" data-end=\"2124\">Oper\u0113t\u0101jsist\u0113ma:<\/strong> Windows 11 Home<\/p>\n<\/li>\n<li data-start=\"2143\" data-end=\"2208\">\n<p data-start=\"2145\" data-end=\"2208\"><strong data-start=\"2145\" data-end=\"2164\">Bezvadu savienojums:<\/strong> <strong data-start=\"2165\" data-end=\"2187\">Wi-Fi 6 (802.11ax)<\/strong>, <strong data-start=\"2189\" data-end=\"2206\">Bluetooth 5.2<\/strong><\/p>\n<\/li>\n<li data-start=\"2209\" data-end=\"2264\">\n<p data-start=\"2211\" data-end=\"2264\"><strong data-start=\"2211\" data-end=\"2226\">Tastat\u016bra:<\/strong> <strong data-start=\"2227\" data-end=\"2247\">US International<\/strong>, ar apgaismojumu<\/p>\n<\/li>\n<li data-start=\"2265\" data-end=\"2291\">\n<p data-start=\"2267\" data-end=\"2291\"><strong data-start=\"2267\" data-end=\"2281\">Garantija:<\/strong> 24 m\u0113ne\u0161i<\/p>\n<\/li>\n<\/ul>\n<p data-start=\"2293\" data-end=\"2356\"><strong data-start=\"2293\" data-end=\"2313\">Kam tas ir paredz\u0113ts?<\/strong><br data-start=\"2313\" data-end=\"2316\">Gigabyte AERO X16 ir ide\u0101ls, ja v\u0113laties:<\/p>\n<ul data-start=\"2357\" data-end=\"2638\">\n<li data-start=\"2357\" data-end=\"2430\">\n<p data-start=\"2359\" data-end=\"2430\"><strong data-start=\"2359\" data-end=\"2405\">augstas iz\u0161\u0137irtsp\u0113jas un pl\u016bdena 165 Hz ekr\u0101na<\/strong> rado\u0161umam un izklaidei;<\/p>\n<\/li>\n<li data-start=\"2431\" data-end=\"2492\">\n<p data-start=\"2433\" data-end=\"2492\"><strong data-start=\"2433\" data-end=\"2465\">AI gatavu Ryzen veiktsp\u0113ju<\/strong> \u0101tram daudzuzdevumu re\u017e\u012bmam;<\/p>\n<\/li>\n<li data-start=\"2493\" data-end=\"2562\">\n<p data-start=\"2495\" data-end=\"2562\"><strong data-start=\"2495\" data-end=\"2514\">RTX 5070 jaudu<\/strong> modern\u0101m sp\u0113l\u0113m, 3D un video projektiem;<\/p>\n<\/li>\n<li data-start=\"2563\" data-end=\"2638\">\n<p data-start=\"2565\" data-end=\"2638\"><strong data-start=\"2565\" data-end=\"2602\">premium, univers\u0101lu datoru<\/strong> darbam, studij\u0101m un br\u012bvajam laikam.<\/p>\n<\/li>\n<\/ul>\n","protected":false},"excerpt":{"rendered":"<p>Gigabyte AERO X16 1WH-93EEC64AH ir 16 collu premium klases kl\u0113pjdators, paredz\u0113ts tiem, kuri mekl\u0113 augstas iz\u0161\u0137irtsp\u0113jas ekr\u0101nu, AI gatavu veiktsp\u0113ju<\/p>\n","protected":false},"featured_media":52928,"comment_status":"open","ping_status":"closed","template":"","meta":[],"product_brand":[],"product_cat":[817],"product_tag":[],"class_list":{"0":"post-41615","1":"product","2":"type-product","3":"status-publish","4":"has-post-thumbnail","6":"product_cat-portativie-datori","7":"pa_garantija-810","8":"pa_hdmi-prievadu-kiekis-1584","9":"pa_integruota-baterija-ja","10":"pa_istrizaine-1585","11":"pa_jutiklinis-ekranas-ne","12":"pa_klaviaturos-apsvietimas-ja","13":"pa_prekes-zenklas-gigabyte","14":"pa_procesoriaus-branduoliai-8-cores-lv","15":"pa_procesoriaus-modelis-826","16":"pa_vaizdo-plokstes-atmintis-1587","17":"pa_vaizdo-plokstes-modelis-nvidia-geforce-rtx-5070","19":"first","20":"instock","21":"taxable","22":"shipping-taxable","23":"purchasable","24":"product-type-simple"},"_links":{"self":[{"href":"https:\/\/amberglow.lt\/lv\/wp-json\/wp\/v2\/product\/41615","targetHints":{"allow":["GET"]}}],"collection":[{"href":"https:\/\/amberglow.lt\/lv\/wp-json\/wp\/v2\/product"}],"about":[{"href":"https:\/\/amberglow.lt\/lv\/wp-json\/wp\/v2\/types\/product"}],"replies":[{"embeddable":true,"href":"https:\/\/amberglow.lt\/lv\/wp-json\/wp\/v2\/comments?post=41615"}],"version-history":[{"count":0,"href":"https:\/\/amberglow.lt\/lv\/wp-json\/wp\/v2\/product\/41615\/revisions"}],"wp:featuredmedia":[{"embeddable":true,"href":"https:\/\/amberglow.lt\/lv\/wp-json\/wp\/v2\/media\/52928"}],"wp:attachment":[{"href":"https:\/\/amberglow.lt\/lv\/wp-json\/wp\/v2\/media?parent=41615"}],"wp:term":[{"taxonomy":"product_brand","embeddable":true,"href":"https:\/\/amberglow.lt\/lv\/wp-json\/wp\/v2\/product_brand?post=41615"},{"taxonomy":"product_cat","embeddable":true,"href":"https:\/\/amberglow.lt\/lv\/wp-json\/wp\/v2\/product_cat?post=41615"},{"taxonomy":"product_tag","embeddable":true,"href":"https:\/\/amberglow.lt\/lv\/wp-json\/wp\/v2\/product_tag?post=41615"}],"curies":[{"name":"wp","href":"https:\/\/api.w.org\/{rel}","templated":true}]}}