{"id":41625,"date":"2025-11-28T18:42:04","date_gmt":"2025-11-28T15:42:04","guid":{"rendered":"https:\/\/amberglow.lt\/Bez%20kategorijas\/portativais-dators-gigabyte-aero-x16-ryzen-ai-9-hx-370-rtx-5070\/"},"modified":"2026-04-27T16:56:41","modified_gmt":"2026-04-27T13:56:41","slug":"portativais-dators-gigabyte-aero-x16-ryzen-ai-9-hx-370-rtx-5070","status":"publish","type":"product","link":"https:\/\/amberglow.lt\/lv\/portativie-datori\/portativais-dators-gigabyte-aero-x16-ryzen-ai-9-hx-370-rtx-5070\/","title":{"rendered":"Portat\u012bvais dators Gigabyte AERO X16 Ryzen AI 9 HX 370, RTX 5070"},"content":{"rendered":"<p data-start=\"0\" data-end=\"448\">Gigabyte AERO X16 2WH-A3EEC65DP ir <strong data-start=\"38\" data-end=\"109\">16 collu premium klases portat\u012bvais dators rado\u0161am darbam un sp\u0113l\u0113m<\/strong>, rad\u012bts tiem, kas v\u0113las <strong data-start=\"138\" data-end=\"212\">maksim\u0101lu veiktsp\u0113ju, modernu dizainu un n\u0101kotnei gatavu RTX jaudu<\/strong>. Ekskluz\u012bvais <strong data-start=\"226\" data-end=\"241\">Lunar White<\/strong> korpuss izskat\u0101s t\u012brs un sol\u012bds, savuk\u0101rt iek\u0161pus\u0113 eso\u0161ais <strong data-start=\"297\" data-end=\"322\">AMD Ryzen AI 9 HX 370<\/strong> procesors kop\u0101 ar <strong data-start=\"344\" data-end=\"371\">NVIDIA GeForce RTX 5070<\/strong> grafiku nodro\u0161ina jaudu gan intens\u012bvam darbam, gan augsta l\u012bme\u0146a sp\u0113l\u0113m.<\/p>\n<p data-start=\"450\" data-end=\"799\"><strong data-start=\"450\" data-end=\"511\">16&#8243; QHD+ 165 Hz ekr\u0101ns \u2013 detaliz\u0101cija un pl\u016bdenums vien\u0101<\/strong><br data-start=\"511\" data-end=\"514\">Spilgtais <strong data-start=\"521\" data-end=\"541\">QHD+ (2560\u00d71600)<\/strong> ekr\u0101ns ar <strong data-start=\"553\" data-end=\"563\">165 Hz<\/strong> atsvaidzes intensit\u0101ti nodro\u0161ina <strong data-start=\"595\" data-end=\"633\">\u012bpa\u0161i detaliz\u0113tu un \u0101rk\u0101rt\u012bgi pl\u016bdenu att\u0113lu<\/strong>. 16:10 malu attiec\u012bba nodro\u0161ina vair\u0101k vertik\u0101l\u0101s vietas, padarot to \u0113rtu video mont\u0101\u017eai, darbam ar grafiku, koda rakst\u012b\u0161anai vai vienk\u0101r\u0161i satura baud\u012b\u0161anai augst\u0101 kvalit\u0101t\u0113.<\/p>\n<p data-start=\"801\" data-end=\"1125\"><strong data-start=\"801\" data-end=\"864\">Ryzen AI 9 HX 370 \u2013 maksim\u0101la AI un multitasking veiktsp\u0113ja<\/strong><br data-start=\"864\" data-end=\"867\"><strong data-start=\"867\" data-end=\"892\">AMD Ryzen AI 9 HX 370<\/strong> \u2013 tas ir augst\u0101k\u0101s klases procesors, kas paredz\u0113ts <strong data-start=\"940\" data-end=\"1021\">sare\u017e\u0123\u012btiem rado\u0161iem darbiem, AI uzdevumiem un intens\u012bvai vair\u0101kuzdevumu veik\u0161anai<\/strong>. Tas nodro\u0161ina \u0101tru reakciju, stabilit\u0101ti un efekt\u012bvu resursu p\u0101rvald\u012bbu pat tad, kad slodze ir visliel\u0101k\u0101.<\/p>\n<p data-start=\"1127\" data-end=\"1435\"><strong data-start=\"1127\" data-end=\"1177\">RTX 5070 grafika \u2013 moderna jauda bez kompromisiem<\/strong><br data-start=\"1177\" data-end=\"1180\"><strong data-start=\"1180\" data-end=\"1220\">NVIDIA GeForce RTX 5070 (8 GB GDDR7)<\/strong> \u013cauj sp\u0113l\u0113t jaun\u0101k\u0101s sp\u0113les augst\u0101kos iestat\u012bjumos, baud\u012bt modernus vizu\u0101los efektus un \u0101tri str\u0101d\u0101t ar 3D, video vai AI r\u012bkiem. Tas ir <strong data-start=\"1367\" data-end=\"1434\">RTX klase, kas nodro\u0161ina gan \u0161odienas, gan r\u012btdienas veiktsp\u0113ju<\/strong>. <\/p>\n<p data-start=\"1437\" data-end=\"1762\"><strong data-start=\"1437\" data-end=\"1494\">32 GB RAM un 1 TB SSD \u2013 \u0101trums, kas pietiek visam<\/strong><br data-start=\"1494\" data-end=\"1497\"><strong data-start=\"1497\" data-end=\"1510\">32 GB RAM<\/strong> sniedz <strong data-start=\"1520\" data-end=\"1542\">maksim\u0101lu komfortu<\/strong> str\u0101d\u0101jot ar lieliem projektiem, daudz\u0101m programm\u0101m vai virtu\u0101l\u0101m vid\u0113m.<br data-start=\"1620\" data-end=\"1623\"><strong data-start=\"1623\" data-end=\"1635\">1 TB SSD<\/strong> nodro\u0161ina <strong data-start=\"1646\" data-end=\"1667\">\u0101tru iesl\u0113g\u0161anu<\/strong>, moment\u0101nu programmu palai\u0161anu un pietiekami daudz vietas visai tavai rado\u0161ajai darb\u012bbai un sp\u0113\u013cu bibliotekai.<\/p>\n<p data-start=\"1764\" data-end=\"2016\"><strong data-start=\"1764\" data-end=\"1792\">\u0112rt\u012bbas profesion\u0101\u013ciem<\/strong><br data-start=\"1792\" data-end=\"1795\">Instal\u0113t\u0101 <strong data-start=\"1803\" data-end=\"1821\">Windows 11 Pro<\/strong> versija sniedz papildu funkcijas darbam, dro\u0161\u012bbai un produktivit\u0101tei. <strong data-start=\"1893\" data-end=\"1921\">Apgaismot\u0101 ENG tastat\u016bra<\/strong> ir \u0113rta str\u0101d\u0101jot vai sp\u0113l\u0113jot vakar\u0101, bet  <strong data-start=\"1960\" data-end=\"1981\">24 m\u0113ne\u0161i. garantija<\/strong>  \u013cauj justies mier\u012bgi ilgu laiku.<\/p>\n<p data-start=\"2018\" data-end=\"2049\"><strong data-start=\"2018\" data-end=\"2049\">Svar\u012bg\u0101k\u0101s specifik\u0101cijas<\/strong><\/p>\n<ul data-start=\"2050\" data-end=\"2419\">\n<li data-start=\"2050\" data-end=\"2081\">\n<p data-start=\"2052\" data-end=\"2081\"><strong data-start=\"2052\" data-end=\"2063\">Kr\u0101sa:<\/strong> <strong data-start=\"2064\" data-end=\"2079\">Lunar White<\/strong><\/p>\n<\/li>\n<li data-start=\"2082\" data-end=\"2147\">\n<p data-start=\"2084\" data-end=\"2147\"><strong data-start=\"2084\" data-end=\"2096\">Ekr\u0101ns:<\/strong> 16&#8243; IPS, <strong data-start=\"2106\" data-end=\"2126\">QHD+ (2560\u00d71600)<\/strong>, <strong data-start=\"2128\" data-end=\"2138\">165 Hz<\/strong>, 16:10<\/p>\n<\/li>\n<li data-start=\"2148\" data-end=\"2194\">\n<p data-start=\"2150\" data-end=\"2194\"><strong data-start=\"2150\" data-end=\"2166\">Procesors:<\/strong> <strong data-start=\"2167\" data-end=\"2192\">AMD Ryzen AI 9 HX 370<\/strong><\/p>\n<\/li>\n<li data-start=\"2195\" data-end=\"2262\">\n<p data-start=\"2197\" data-end=\"2262\"><strong data-start=\"2197\" data-end=\"2216\">Videokarte:<\/strong> <strong data-start=\"2217\" data-end=\"2244\">NVIDIA GeForce RTX 5070<\/strong>, <strong data-start=\"2246\" data-end=\"2260\">8 GB GDDR7<\/strong><\/p>\n<\/li>\n<li data-start=\"2263\" data-end=\"2285\">\n<p data-start=\"2265\" data-end=\"2285\"><strong data-start=\"2265\" data-end=\"2273\">RAM:<\/strong> <strong data-start=\"2274\" data-end=\"2283\">32 GB<\/strong><\/p>\n<\/li>\n<li data-start=\"2286\" data-end=\"2303\">\n<p data-start=\"2288\" data-end=\"2303\"><strong data-start=\"2288\" data-end=\"2296\">SSD:<\/strong> 1 TB<\/p>\n<\/li>\n<li data-start=\"2304\" data-end=\"2349\">\n<p data-start=\"2306\" data-end=\"2349\"><strong data-start=\"2306\" data-end=\"2328\">Oper\u0113t\u0101jsist\u0113ma:<\/strong> <strong data-start=\"2329\" data-end=\"2347\">Windows 11 Pro<\/strong><\/p>\n<\/li>\n<li data-start=\"2350\" data-end=\"2392\">\n<p data-start=\"2352\" data-end=\"2392\"><strong data-start=\"2352\" data-end=\"2367\">Tastat\u016bra:<\/strong> ENG, <strong data-start=\"2373\" data-end=\"2390\">ar apgaismojumu<\/strong><\/p>\n<\/li>\n<li data-start=\"2393\" data-end=\"2419\">\n<p data-start=\"2395\" data-end=\"2419\"><strong data-start=\"2395\" data-end=\"2409\">Garantija:<\/strong> 24 m\u0113ne\u0161i<\/p>\n<\/li>\n<\/ul>\n<p data-start=\"2421\" data-end=\"2484\"><strong data-start=\"2421\" data-end=\"2441\">Kam tas ir paredz\u0113ts?<\/strong><br data-start=\"2441\" data-end=\"2444\">Gigabyte AERO X16 ir ide\u0101ls, ja v\u0113laties:<\/p>\n<ul data-start=\"2485\" data-end=\"2801\">\n<li data-start=\"2485\" data-end=\"2558\">\n<p data-start=\"2487\" data-end=\"2558\"><strong data-start=\"2487\" data-end=\"2533\">augstas iz\u0161\u0137irtsp\u0113jas un pl\u016bdena 165 Hz ekr\u0101na<\/strong> rado\u0161umam un izklaidei;<\/p>\n<\/li>\n<li data-start=\"2559\" data-end=\"2644\">\n<p data-start=\"2561\" data-end=\"2644\"><strong data-start=\"2561\" data-end=\"2603\">vienu no jaud\u012bg\u0101kajiem Ryzen AI procesoriem<\/strong> intens\u012bvam darbam un multitasking;<\/p>\n<\/li>\n<li data-start=\"2645\" data-end=\"2714\">\n<p data-start=\"2647\" data-end=\"2714\"><strong data-start=\"2647\" data-end=\"2666\">RTX 5070 jaudu<\/strong> modern\u0101m sp\u0113l\u0113m, 3D un video projektiem;<\/p>\n<\/li>\n<li data-start=\"2715\" data-end=\"2801\">\n<p data-start=\"2717\" data-end=\"2801\"><strong data-start=\"2717\" data-end=\"2763\">premium dizaina datoru ar Pro sist\u0113mu<\/strong>, kas piem\u0113rots gan darbam, gan br\u012bvajam laikam.<\/p>\n<\/li>\n<\/ul>\n","protected":false},"excerpt":{"rendered":"<p>Gigabyte AERO X16 2WH-A3EEC65DP ir 16 collu premium klases portat\u012bvais dators rado\u0161am darbam un sp\u0113l\u0113m, rad\u012bts tiem, kas v\u0113las maksim\u0101lu<\/p>\n","protected":false},"featured_media":52927,"comment_status":"open","ping_status":"closed","template":"","meta":[],"product_brand":[],"product_cat":[817],"product_tag":[],"class_list":{"0":"post-41625","1":"product","2":"type-product","3":"status-publish","4":"has-post-thumbnail","6":"product_cat-portativie-datori","7":"pa_garantija-810","8":"pa_integruota-baterija-ja","9":"pa_prekes-zenklas-gigabyte","10":"pa_procesoriaus-branduoliai-12-cores-lv","11":"pa_procesoriaus-modelis-hx-370","13":"first","14":"outofstock","15":"taxable","16":"shipping-taxable","17":"purchasable","18":"product-type-simple"},"_links":{"self":[{"href":"https:\/\/amberglow.lt\/lv\/wp-json\/wp\/v2\/product\/41625","targetHints":{"allow":["GET"]}}],"collection":[{"href":"https:\/\/amberglow.lt\/lv\/wp-json\/wp\/v2\/product"}],"about":[{"href":"https:\/\/amberglow.lt\/lv\/wp-json\/wp\/v2\/types\/product"}],"replies":[{"embeddable":true,"href":"https:\/\/amberglow.lt\/lv\/wp-json\/wp\/v2\/comments?post=41625"}],"version-history":[{"count":0,"href":"https:\/\/amberglow.lt\/lv\/wp-json\/wp\/v2\/product\/41625\/revisions"}],"wp:featuredmedia":[{"embeddable":true,"href":"https:\/\/amberglow.lt\/lv\/wp-json\/wp\/v2\/media\/52927"}],"wp:attachment":[{"href":"https:\/\/amberglow.lt\/lv\/wp-json\/wp\/v2\/media?parent=41625"}],"wp:term":[{"taxonomy":"product_brand","embeddable":true,"href":"https:\/\/amberglow.lt\/lv\/wp-json\/wp\/v2\/product_brand?post=41625"},{"taxonomy":"product_cat","embeddable":true,"href":"https:\/\/amberglow.lt\/lv\/wp-json\/wp\/v2\/product_cat?post=41625"},{"taxonomy":"product_tag","embeddable":true,"href":"https:\/\/amberglow.lt\/lv\/wp-json\/wp\/v2\/product_tag?post=41625"}],"curies":[{"name":"wp","href":"https:\/\/api.w.org\/{rel}","templated":true}]}}