{"id":41657,"date":"2025-11-28T18:41:52","date_gmt":"2025-11-28T15:41:52","guid":{"rendered":"https:\/\/amberglow.lt\/Bez%20kategorijas\/portativais-dators-gigabyte-aero-x16-ryzen-ai-7-350-rtx-5060\/"},"modified":"2026-04-27T16:56:44","modified_gmt":"2026-04-27T13:56:44","slug":"portativais-dators-gigabyte-aero-x16-ryzen-ai-7-350-rtx-5060","status":"publish","type":"product","link":"https:\/\/amberglow.lt\/lv\/portativie-datori\/portativais-dators-gigabyte-aero-x16-ryzen-ai-7-350-rtx-5060\/","title":{"rendered":"Portat\u012bvais dators Gigabyte AERO X16 Ryzen AI 7 350, RTX 5060"},"content":{"rendered":"<p data-start=\"0\" data-end=\"418\">Gigabyte AERO X16 1VH-93EEC94AH ir <strong data-start=\"38\" data-end=\"88\">16 collu premium klases kl\u0113pjdators<\/strong>, kas paredz\u0113ts tiem, kuri v\u0113las <strong data-start=\"116\" data-end=\"192\">augstas iz\u0161\u0137irtsp\u0113jas ekr\u0101nu, AI gatavu veiktsp\u0113ju un modernu RTX grafiku<\/strong> stil\u012bg\u0101 un daudzpus\u012bg\u0101 korpus\u0101. Ar <strong data-start=\"233\" data-end=\"255\">AMD Ryzen AI 7 350<\/strong> procesoru un <strong data-start=\"272\" data-end=\"299\">NVIDIA GeForce RTX 5060<\/strong> videokarti tas ir lieliski piem\u0113rots rado\u0161umam, darbam, m\u0101c\u012bb\u0101m un sp\u0113l\u0113m, kad v\u0113laties labu jaudas un mobilit\u0101tes l\u012bdzsvaru.<\/p>\n<p data-start=\"420\" data-end=\"749\"><strong data-start=\"420\" data-end=\"485\">16&#8243; IPS QHD+ 165 Hz ekr\u0101ns \u2013 detaliz\u0101cija un vienm\u0113r\u012bgums vien\u0101<\/strong><br data-start=\"485\" data-end=\"488\">Spilgts <strong data-start=\"495\" data-end=\"515\">QHD+ (2560\u00d71600)<\/strong> IPS ekr\u0101ns ar <strong data-start=\"531\" data-end=\"541\">165 Hz<\/strong> atsvaidzes intensit\u0101ti nodro\u0161ina <strong data-start=\"573\" data-end=\"611\">\u012bpa\u0161i detaliz\u0113tu un \u012bpa\u0161i vienm\u0113r\u012bgu att\u0113lu<\/strong>. 16:10 form\u0101ts nodro\u0161ina vair\u0101k vietas darbam \u2013 \u0113rti mont\u0113t video, str\u0101d\u0101t ar grafiku, programm\u0113t vai baud\u012bt saturu augst\u0101 kvalit\u0101t\u0113.<\/p>\n<p data-start=\"751\" data-end=\"1024\"><strong data-start=\"751\" data-end=\"797\">Ryzen AI 7 350 \u2013 gudra veiktsp\u0113ja ikdienai<\/strong><br data-start=\"797\" data-end=\"800\"><strong data-start=\"800\" data-end=\"822\">AMD Ryzen AI 7 350<\/strong> procesors ir izveidots ne tikai \u0101trdarb\u012bgam darbam, bet ar\u012b <strong data-start=\"874\" data-end=\"904\">AI pa\u0101trin\u0101tiem uzdevumiem<\/strong>. Tas noz\u012bm\u0113 \u0101tr\u0101ku daudzuzdevumu veik\u0161anu, vienm\u0113r\u012bg\u0101ku rado\u0161o programmu darb\u012bbu un stabilu veiktsp\u0113ju pat intens\u012bvi str\u0101d\u0101jot.<\/p>\n<p data-start=\"1026\" data-end=\"1323\"><strong data-start=\"1026\" data-end=\"1076\">RTX 5060 grafika \u2013 moderna jauda bez kompromisiem<\/strong><br data-start=\"1076\" data-end=\"1079\"><strong data-start=\"1079\" data-end=\"1119\">NVIDIA GeForce RTX 5060 (8 GB GDDR7)<\/strong> nodro\u0161ina <strong data-start=\"1129\" data-end=\"1143\">augstu FPS<\/strong> sp\u0113l\u0113s, atbalsta modernus video efektus un AI pa\u0101trin\u0101jumu. T\u0101 ir lieliska izv\u0113le tiem, kas v\u0113las <strong data-start=\"1242\" data-end=\"1263\">RTX klases jaudu<\/strong> gan rado\u0161iem projektiem, gan m\u016bsdien\u012bg\u0101m sp\u0113l\u0113m.<\/p>\n<p data-start=\"1325\" data-end=\"1651\"><strong data-start=\"1325\" data-end=\"1363\">\u0100tra DDR5 atmi\u0146a un ietilp\u012bgs SSD<\/strong><br data-start=\"1363\" data-end=\"1366\"><strong data-start=\"1366\" data-end=\"1384\">16 GB DDR5 RAM<\/strong> nodro\u0161ina pl\u016bdenu darbu ikdienas uzdevumos, rado\u0161aj\u0101 darb\u0101 un sp\u0113l\u0113s, un nepiecie\u0161am\u012bbas gad\u012bjum\u0101 sniedz iesp\u0113ju \u0113rti veikt vair\u0101kuzdevumu re\u017e\u012bmu.<br data-start=\"1512\" data-end=\"1515\"><strong data-start=\"1515\" data-end=\"1527\">1 TB SSD<\/strong> nodro\u0161ina <strong data-start=\"1539\" data-end=\"1560\">\u0101tru iesl\u0113g\u0161anos<\/strong>, t\u016bl\u012bt\u0113ju programmu palai\u0161anu un daudz vietas failiem, projektiem un sp\u0113\u013cu bibliot\u0113kai.<\/p>\n<p data-start=\"1653\" data-end=\"1903\"><strong data-start=\"1653\" data-end=\"1675\">Savienojam\u012bba un \u0113rt\u012bbas<\/strong><br data-start=\"1675\" data-end=\"1678\">\u0100trs <strong data-start=\"1686\" data-end=\"1708\">Wi-Fi 6 (802.11ax)<\/strong> un <strong data-start=\"1712\" data-end=\"1729\">Bluetooth 5.2<\/strong> garant\u0113 stabilu bezvadu savienojumu m\u0101j\u0101s vai ce\u013cojumos. <strong data-start=\"1784\" data-end=\"1825\">Apgaismota US International tastat\u016bra<\/strong> ir \u0113rta darbam vakaros, un <strong data-start=\"1851\" data-end=\"1870\">Windows 11 Home<\/strong> jau ir instal\u0113ta \u2013 varat to lietot uzreiz.<\/p>\n<p data-start=\"1905\" data-end=\"1936\"><strong data-start=\"1905\" data-end=\"1936\">Svar\u012bg\u0101k\u0101s specifik\u0101cijas<\/strong><\/p>\n<ul data-start=\"1937\" data-end=\"2352\">\n<li data-start=\"1937\" data-end=\"2002\">\n<p data-start=\"1939\" data-end=\"2002\"><strong data-start=\"1939\" data-end=\"1951\">Ekr\u0101ns:<\/strong> 16&#8243; IPS, <strong data-start=\"1961\" data-end=\"1981\">QHD+ (2560\u00d71600)<\/strong>, <strong data-start=\"1983\" data-end=\"1993\">165 Hz<\/strong>, 16:10<\/p>\n<\/li>\n<li data-start=\"2003\" data-end=\"2046\">\n<p data-start=\"2005\" data-end=\"2046\"><strong data-start=\"2005\" data-end=\"2021\">Procesors:<\/strong> <strong data-start=\"2022\" data-end=\"2044\">AMD Ryzen AI 7 350<\/strong><\/p>\n<\/li>\n<li data-start=\"2047\" data-end=\"2114\">\n<p data-start=\"2049\" data-end=\"2114\"><strong data-start=\"2049\" data-end=\"2068\">Videokarte:<\/strong> <strong data-start=\"2069\" data-end=\"2096\">NVIDIA GeForce RTX 5060<\/strong>, <strong data-start=\"2098\" data-end=\"2112\">8 GB GDDR7<\/strong><\/p>\n<\/li>\n<li data-start=\"2115\" data-end=\"2142\">\n<p data-start=\"2117\" data-end=\"2142\"><strong data-start=\"2117\" data-end=\"2125\">RAM:<\/strong> 16 GB <strong data-start=\"2132\" data-end=\"2140\">DDR5<\/strong><\/p>\n<\/li>\n<li data-start=\"2143\" data-end=\"2160\">\n<p data-start=\"2145\" data-end=\"2160\"><strong data-start=\"2145\" data-end=\"2153\">SSD:<\/strong> 1 TB<\/p>\n<\/li>\n<li data-start=\"2161\" data-end=\"2203\">\n<p data-start=\"2163\" data-end=\"2203\"><strong data-start=\"2163\" data-end=\"2185\">Oper\u0113t\u0101jsist\u0113ma:<\/strong> Windows 11 Home<\/p>\n<\/li>\n<li data-start=\"2204\" data-end=\"2269\">\n<p data-start=\"2206\" data-end=\"2269\"><strong data-start=\"2206\" data-end=\"2225\">Bezvadu savienojums:<\/strong> <strong data-start=\"2226\" data-end=\"2248\">Wi-Fi 6 (802.11ax)<\/strong>, <strong data-start=\"2250\" data-end=\"2267\">Bluetooth 5.2<\/strong><\/p>\n<\/li>\n<li data-start=\"2270\" data-end=\"2325\">\n<p data-start=\"2272\" data-end=\"2325\"><strong data-start=\"2272\" data-end=\"2287\">Tastat\u016bra:<\/strong> <strong data-start=\"2288\" data-end=\"2308\">US International<\/strong>, ar apgaismojumu<\/p>\n<\/li>\n<li data-start=\"2326\" data-end=\"2352\">\n<p data-start=\"2328\" data-end=\"2352\"><strong data-start=\"2328\" data-end=\"2342\">Garantija:<\/strong> 24 m\u0113ne\u0161i<\/p>\n<\/li>\n<\/ul>\n<p data-start=\"2354\" data-end=\"2417\"><strong data-start=\"2354\" data-end=\"2374\">Kam tas ir paredz\u0113ts?<\/strong><br data-start=\"2374\" data-end=\"2377\">Gigabyte AERO X16 ir ide\u0101ls, ja v\u0113laties:<\/p>\n<ul data-start=\"2418\" data-end=\"2684\">\n<li data-start=\"2418\" data-end=\"2489\">\n<p data-start=\"2420\" data-end=\"2489\"><strong data-start=\"2420\" data-end=\"2466\">augstas iz\u0161\u0137irtsp\u0113jas un pl\u016bdenu 165 Hz ekr\u0101nu<\/strong> darbam un izklaidei;<\/p>\n<\/li>\n<li data-start=\"2490\" data-end=\"2551\">\n<p data-start=\"2492\" data-end=\"2551\"><strong data-start=\"2492\" data-end=\"2524\">AI gatavu Ryzen veiktsp\u0113ju<\/strong> \u0101tram daudzuzdevumu re\u017e\u012bmam;<\/p>\n<\/li>\n<li data-start=\"2552\" data-end=\"2608\">\n<p data-start=\"2554\" data-end=\"2608\"><strong data-start=\"2554\" data-end=\"2573\">RTX 5060 jaudu<\/strong> m\u016bsdien\u012bg\u0101m sp\u0113l\u0113m un rado\u0161am darbam;<\/p>\n<\/li>\n<li data-start=\"2609\" data-end=\"2684\">\n<p data-start=\"2611\" data-end=\"2684\"><strong data-start=\"2611\" data-end=\"2649\">univers\u0101lu, stil\u012bgu datoru<\/strong> ikdienai, studij\u0101m vai ce\u013cojumiem.<\/p>\n<\/li>\n<\/ul>\n","protected":false},"excerpt":{"rendered":"<p>Gigabyte AERO X16 1VH-93EEC94AH ir 16 collu premium klases kl\u0113pjdators, kas paredz\u0113ts tiem, kuri v\u0113las augstas iz\u0161\u0137irtsp\u0113jas ekr\u0101nu, AI gatavu<\/p>\n","protected":false},"featured_media":52929,"comment_status":"open","ping_status":"closed","template":"","meta":[],"product_brand":[],"product_cat":[817],"product_tag":[],"class_list":{"0":"post-41657","1":"product","2":"type-product","3":"status-publish","4":"has-post-thumbnail","6":"product_cat-portativie-datori","7":"pa_garantija-810","8":"pa_hdmi-prievadu-kiekis-1584","9":"pa_integruota-baterija-ja","10":"pa_istrizaine-1585","11":"pa_jutiklinis-ekranas-ne","12":"pa_klaviaturos-apsvietimas-ja","13":"pa_prekes-zenklas-gigabyte","14":"pa_procesoriaus-branduoliai-8-cores-lv","15":"pa_procesoriaus-modelis-826","16":"pa_vaizdo-plokstes-atmintis-1587","17":"pa_vaizdo-plokstes-modelis-nvidia-geforce-rtx-5060","19":"first","20":"instock","21":"taxable","22":"shipping-taxable","23":"purchasable","24":"product-type-simple"},"_links":{"self":[{"href":"https:\/\/amberglow.lt\/lv\/wp-json\/wp\/v2\/product\/41657","targetHints":{"allow":["GET"]}}],"collection":[{"href":"https:\/\/amberglow.lt\/lv\/wp-json\/wp\/v2\/product"}],"about":[{"href":"https:\/\/amberglow.lt\/lv\/wp-json\/wp\/v2\/types\/product"}],"replies":[{"embeddable":true,"href":"https:\/\/amberglow.lt\/lv\/wp-json\/wp\/v2\/comments?post=41657"}],"version-history":[{"count":0,"href":"https:\/\/amberglow.lt\/lv\/wp-json\/wp\/v2\/product\/41657\/revisions"}],"wp:featuredmedia":[{"embeddable":true,"href":"https:\/\/amberglow.lt\/lv\/wp-json\/wp\/v2\/media\/52929"}],"wp:attachment":[{"href":"https:\/\/amberglow.lt\/lv\/wp-json\/wp\/v2\/media?parent=41657"}],"wp:term":[{"taxonomy":"product_brand","embeddable":true,"href":"https:\/\/amberglow.lt\/lv\/wp-json\/wp\/v2\/product_brand?post=41657"},{"taxonomy":"product_cat","embeddable":true,"href":"https:\/\/amberglow.lt\/lv\/wp-json\/wp\/v2\/product_cat?post=41657"},{"taxonomy":"product_tag","embeddable":true,"href":"https:\/\/amberglow.lt\/lv\/wp-json\/wp\/v2\/product_tag?post=41657"}],"curies":[{"name":"wp","href":"https:\/\/api.w.org\/{rel}","templated":true}]}}