{"id":41666,"date":"2025-11-28T18:42:10","date_gmt":"2025-11-28T15:42:10","guid":{"rendered":"https:\/\/amberglow.lt\/Bez%20kategorijas\/portativais-dators-gigabyte-aero-x16-ryzen-al-7-350-rtx-5060\/"},"modified":"2026-05-10T11:56:22","modified_gmt":"2026-05-10T08:56:22","slug":"portativais-dators-gigabyte-aero-x16-ryzen-al-7-350-rtx-5060","status":"publish","type":"product","link":"https:\/\/amberglow.lt\/lv\/portativie-datori\/portativais-dators-gigabyte-aero-x16-ryzen-al-7-350-rtx-5060\/","title":{"rendered":"Portat\u012bvais dators Gigabyte AERO X16 Ryzen Al 7 350, RTX 5060"},"content":{"rendered":"<p data-start=\"0\" data-end=\"443\">Gigabyte AERO X16 1VH-93EEC94DH ir <strong data-start=\"38\" data-end=\"95\">16 collu stil\u012bgs un jaud\u012bgs portat\u012bvais dators<\/strong>, kas rad\u012bts tiem, kuri v\u0113las <strong data-start=\"124\" data-end=\"184\">premium dizainu, spilgtu QHD+ ekr\u0101nu un modernu veiktsp\u0113ju<\/strong> vien\u0101 ier\u012bc\u0113. <strong data-start=\"205\" data-end=\"220\">Lunar White<\/strong> korpuss izce\u013cas ar t\u012bru, modernu izskatu, un iek\u0161pus\u0113 eso\u0161ais <strong data-start=\"286\" data-end=\"308\">AMD Ryzen AI 7 350<\/strong> procesors kop\u0101 ar <strong data-start=\"330\" data-end=\"357\">NVIDIA GeForce RTX 5060<\/strong> grafiku nodro\u0161ina lielisku l\u012bdzsvaru gan rado\u0161umam, gan sp\u0113l\u0113m, gan ikdienas darbam.<\/p>\n<p data-start=\"445\" data-end=\"774\"><strong data-start=\"445\" data-end=\"503\">16&#8243; QHD+ 165 Hz ekr\u0101ns \u2013 vair\u0101k deta\u013cu un pl\u016bduma<\/strong><br data-start=\"503\" data-end=\"506\">Spilgts <strong data-start=\"513\" data-end=\"533\">QHD+ (2560\u00d71600)<\/strong> ekr\u0101ns ar <strong data-start=\"545\" data-end=\"555\">165 Hz<\/strong> atsvaidzes intensit\u0101ti nodro\u0161ina <strong data-start=\"586\" data-end=\"624\">\u012bpa\u0161i detaliz\u0113tu un \u012bpa\u0161i pl\u016bsto\u0161u att\u0113lu<\/strong>. 16:10 form\u0101ts pievieno vair\u0101k vietas darbam un \u0113rt\u0101kai p\u0101rl\u016bko\u0161anai, t\u0101p\u0113c dators vienl\u012bdz labi piem\u0113rots gan rado\u0161umam, gan \u0101tr\u0101m sp\u0113l\u0113m. <\/p>\n<p data-start=\"776\" data-end=\"1058\"><strong data-start=\"776\" data-end=\"822\">Ryzen AI 7 350 \u2013 gudra veiktsp\u0113ja ikdienai<\/strong><br data-start=\"822\" data-end=\"825\"><strong data-start=\"825\" data-end=\"847\">AMD Ryzen AI 7 350<\/strong> procesors ir izveidots ne tikai \u0101trai darb\u012bbai, bet ar\u012b <strong data-start=\"901\" data-end=\"931\">AI pa\u0101trin\u0101tiem uzdevumiem<\/strong>. Tas noz\u012bm\u0113 vienm\u0113r\u012bgu daudzuzdevumu veik\u0161anu, \u0101tru rado\u0161o programmu darb\u012bbu un efekt\u012bvu resursu p\u0101rvald\u012bbu pat intens\u012bv\u0101s situ\u0101cij\u0101s. <\/p>\n<p data-start=\"1060\" data-end=\"1387\"><strong data-start=\"1060\" data-end=\"1110\">RTX 5060 grafika \u2013 moderna jauda bez kompromisiem<\/strong><br data-start=\"1110\" data-end=\"1113\"><strong data-start=\"1113\" data-end=\"1153\">NVIDIA GeForce RTX 5060 (8 GB GDDR7)<\/strong> nodro\u0161ina <strong data-start=\"1164\" data-end=\"1178\">augstu FPS<\/strong>, atbalsta jaun\u0101kos video efektus un \u013cauj dro\u0161i str\u0101d\u0101t ar grafiku, video redi\u0123\u0113\u0161anu, 3D vai AI r\u012bkiem. Lieliska izv\u0113le, ja v\u0113laties <strong data-start=\"1323\" data-end=\"1354\">modernu RTX klases jaudu<\/strong> gan darbam, gan atp\u016btai. <\/p>\n<p data-start=\"1389\" data-end=\"1641\"><strong data-start=\"1389\" data-end=\"1426\">Ietilp\u012bga kr\u0101tuve un vienm\u0113r\u012bga darb\u012bba<\/strong><br data-start=\"1426\" data-end=\"1429\"><strong data-start=\"1429\" data-end=\"1442\">16 GB RAM<\/strong> nodro\u0161ina komfortu ikdienas uzdevumiem, rado\u0161umam un sp\u0113l\u0113m, un<br data-start=\"1506\" data-end=\"1509\"><strong data-start=\"1509\" data-end=\"1521\">1 TB SSD<\/strong> r\u016bp\u0113jas par <strong data-start=\"1533\" data-end=\"1554\">\u0101tru iesl\u0113g\u0161anos<\/strong>, t\u016bl\u012bt\u0113ju programmu palai\u0161anu un pietiekami daudz vietas projektiem vai sp\u0113\u013cu bibliot\u0113kai.<\/p>\n<p data-start=\"1643\" data-end=\"1893\"><strong data-start=\"1643\" data-end=\"1666\">\u0112rt\u012bbas ikdienai<\/strong><br data-start=\"1666\" data-end=\"1669\">Dator\u0101 jau ir instal\u0113ta <strong data-start=\"1694\" data-end=\"1713\">Windows 11 Home<\/strong>, t\u0101p\u0113c varat s\u0101kt lietot uzreiz. <strong data-start=\"1753\" data-end=\"1781\">Apgaismota ENG klaviat\u016bra<\/strong> ir \u0113rta, str\u0101d\u0101jot vai sp\u0113l\u0113jot kr\u0113sl\u0101, un  <strong data-start=\"1824\" data-end=\"1845\">24 m\u0113ne\u0161i. garantija<\/strong>  sniedz papildu dro\u0161\u012bbas saj\u016btu ilgam laikam.<\/p>\n<p data-start=\"1895\" data-end=\"1926\"><strong data-start=\"1895\" data-end=\"1926\">Svar\u012bg\u0101k\u0101s specifik\u0101cijas<\/strong><\/p>\n<ul data-start=\"1927\" data-end=\"2286\">\n<li data-start=\"1927\" data-end=\"1958\">\n<p data-start=\"1929\" data-end=\"1958\"><strong data-start=\"1929\" data-end=\"1940\">Kr\u0101sa:<\/strong> <strong data-start=\"1941\" data-end=\"1956\">Lunar White<\/strong><\/p>\n<\/li>\n<li data-start=\"1959\" data-end=\"2024\">\n<p data-start=\"1961\" data-end=\"2024\"><strong data-start=\"1961\" data-end=\"1973\">Ekr\u0101ns:<\/strong> 16&#8243; IPS, <strong data-start=\"1983\" data-end=\"2003\">QHD+ (2560\u00d71600)<\/strong>, <strong data-start=\"2005\" data-end=\"2015\">165 Hz<\/strong>, 16:10<\/p>\n<\/li>\n<li data-start=\"2025\" data-end=\"2068\">\n<p data-start=\"2027\" data-end=\"2068\"><strong data-start=\"2027\" data-end=\"2043\">Procesors:<\/strong> <strong data-start=\"2044\" data-end=\"2066\">AMD Ryzen AI 7 350<\/strong><\/p>\n<\/li>\n<li data-start=\"2069\" data-end=\"2136\">\n<p data-start=\"2071\" data-end=\"2136\"><strong data-start=\"2071\" data-end=\"2090\">Videokarte:<\/strong> <strong data-start=\"2091\" data-end=\"2118\">NVIDIA GeForce RTX 5060<\/strong>, <strong data-start=\"2120\" data-end=\"2134\">8 GB GDDR7<\/strong><\/p>\n<\/li>\n<li data-start=\"2137\" data-end=\"2155\">\n<p data-start=\"2139\" data-end=\"2155\"><strong data-start=\"2139\" data-end=\"2147\">RAM:<\/strong> 16 GB<\/p>\n<\/li>\n<li data-start=\"2156\" data-end=\"2173\">\n<p data-start=\"2158\" data-end=\"2173\"><strong data-start=\"2158\" data-end=\"2166\">SSD:<\/strong> 1 TB<\/p>\n<\/li>\n<li data-start=\"2174\" data-end=\"2216\">\n<p data-start=\"2176\" data-end=\"2216\"><strong data-start=\"2176\" data-end=\"2198\">Oper\u0113t\u0101jsist\u0113ma:<\/strong> Windows 11 Home<\/p>\n<\/li>\n<li data-start=\"2217\" data-end=\"2259\">\n<p data-start=\"2219\" data-end=\"2259\"><strong data-start=\"2219\" data-end=\"2234\">Tastat\u016bra:<\/strong> ENG, <strong data-start=\"2240\" data-end=\"2257\">ar apgaismojumu<\/strong><\/p>\n<\/li>\n<li data-start=\"2260\" data-end=\"2286\">\n<p data-start=\"2262\" data-end=\"2286\"><strong data-start=\"2262\" data-end=\"2276\">Garantija:<\/strong> 24 m\u0113ne\u0161i<\/p>\n<\/li>\n<\/ul>\n<p data-start=\"2288\" data-end=\"2351\"><strong data-start=\"2288\" data-end=\"2308\">Kam tas ir paredz\u0113ts?<\/strong><br data-start=\"2308\" data-end=\"2311\">Gigabyte AERO X16 ir ide\u0101ls, ja v\u0113laties:<\/p>\n<ul data-start=\"2352\" data-end=\"2638\">\n<li data-start=\"2352\" data-end=\"2424\">\n<p data-start=\"2354\" data-end=\"2424\"><strong data-start=\"2354\" data-end=\"2400\">augstas iz\u0161\u0137irtsp\u0113jas un pl\u016bsto\u0161a 165 Hz ekr\u0101na<\/strong> darbam un izklaidei;<\/p>\n<\/li>\n<li data-start=\"2425\" data-end=\"2492\">\n<p data-start=\"2427\" data-end=\"2492\"><strong data-start=\"2427\" data-end=\"2465\">AI gatavu Ryzen procesoru<\/strong> \u0101tram multitaskingam;<\/p>\n<\/li>\n<li data-start=\"2493\" data-end=\"2549\">\n<p data-start=\"2495\" data-end=\"2549\"><strong data-start=\"2495\" data-end=\"2514\">RTX 5060 jaudu<\/strong> m\u016bsdien\u012bg\u0101m sp\u0113l\u0113m un rado\u0161am darbam;<\/p>\n<\/li>\n<li data-start=\"2550\" data-end=\"2638\">\n<p data-start=\"2552\" data-end=\"2638\"><strong data-start=\"2552\" data-end=\"2603\">stil\u012bgu, viegli p\u0101rn\u0113s\u0101jamu premium datoru<\/strong> ikdienai, studij\u0101m vai ce\u013cojumiem.<\/p>\n<\/li>\n<\/ul>\n","protected":false},"excerpt":{"rendered":"<p>Gigabyte AERO X16 1VH-93EEC94DH ir 16 collu stil\u012bgs un jaud\u012bgs portat\u012bvais dators, kas rad\u012bts tiem, kuri v\u0113las premium dizainu, spilgtu<\/p>\n","protected":false},"featured_media":52926,"comment_status":"open","ping_status":"closed","template":"","meta":[],"product_brand":[],"product_cat":[817],"product_tag":[],"class_list":{"0":"post-41666","1":"product","2":"type-product","3":"status-publish","4":"has-post-thumbnail","6":"product_cat-portativie-datori","7":"pa_garantija-810","8":"pa_hdmi-prievadu-kiekis-1584","9":"pa_integruota-baterija-ja","10":"pa_istrizaine-1585","11":"pa_jutiklinis-ekranas-ne","12":"pa_klaviaturos-apsvietimas-ja","13":"pa_prekes-zenklas-gigabyte","14":"pa_procesoriaus-branduoliai-8-cores-lv","15":"pa_procesoriaus-modelis-826","16":"pa_vaizdo-plokstes-atmintis-1587","17":"pa_vaizdo-plokstes-modelis-nvidia-geforce-rtx-5060","19":"first","20":"instock","21":"taxable","22":"shipping-taxable","23":"purchasable","24":"product-type-simple"},"_links":{"self":[{"href":"https:\/\/amberglow.lt\/lv\/wp-json\/wp\/v2\/product\/41666","targetHints":{"allow":["GET"]}}],"collection":[{"href":"https:\/\/amberglow.lt\/lv\/wp-json\/wp\/v2\/product"}],"about":[{"href":"https:\/\/amberglow.lt\/lv\/wp-json\/wp\/v2\/types\/product"}],"replies":[{"embeddable":true,"href":"https:\/\/amberglow.lt\/lv\/wp-json\/wp\/v2\/comments?post=41666"}],"version-history":[{"count":0,"href":"https:\/\/amberglow.lt\/lv\/wp-json\/wp\/v2\/product\/41666\/revisions"}],"wp:featuredmedia":[{"embeddable":true,"href":"https:\/\/amberglow.lt\/lv\/wp-json\/wp\/v2\/media\/52926"}],"wp:attachment":[{"href":"https:\/\/amberglow.lt\/lv\/wp-json\/wp\/v2\/media?parent=41666"}],"wp:term":[{"taxonomy":"product_brand","embeddable":true,"href":"https:\/\/amberglow.lt\/lv\/wp-json\/wp\/v2\/product_brand?post=41666"},{"taxonomy":"product_cat","embeddable":true,"href":"https:\/\/amberglow.lt\/lv\/wp-json\/wp\/v2\/product_cat?post=41666"},{"taxonomy":"product_tag","embeddable":true,"href":"https:\/\/amberglow.lt\/lv\/wp-json\/wp\/v2\/product_tag?post=41666"}],"curies":[{"name":"wp","href":"https:\/\/api.w.org\/{rel}","templated":true}]}}