{"id":41688,"date":"2025-11-28T18:42:44","date_gmt":"2025-11-28T15:42:44","guid":{"rendered":"https:\/\/amberglow.lt\/Bez%20kategorijas\/portativais-dators-gigabyte-gaming-a18-ryzen-7-260-rtx-5060\/"},"modified":"2026-04-27T16:56:33","modified_gmt":"2026-04-27T13:56:33","slug":"portativais-dators-gigabyte-gaming-a18-ryzen-7-260-rtx-5060","status":"publish","type":"product","link":"https:\/\/amberglow.lt\/lv\/portativie-datori\/portativais-dators-gigabyte-gaming-a18-ryzen-7-260-rtx-5060\/","title":{"rendered":"Portat\u012bvais dators Gigabyte GAMING A18 Ryzen 7 260, RTX 5060"},"content":{"rendered":"<p data-start=\"0\" data-end=\"385\">Gigabyte GAMING A18 3VHK3EEC64SH ir <strong data-start=\"39\" data-end=\"102\">18 collu jaud\u012bgs sp\u0113\u013cu un rado\u0161ais kl\u0113pjdators<\/strong>, kas paredz\u0113ts tiem, kuri v\u0113las <strong data-start=\"131\" data-end=\"182\">vair\u0101k ekr\u0101na, vair\u0101k FPS un vair\u0101k komforta<\/strong> vien\u0101 ier\u012bc\u0113. Ar <strong data-start=\"206\" data-end=\"225\">AMD Ryzen 7 260<\/strong> procesoru un <strong data-start=\"242\" data-end=\"269\">NVIDIA GeForce RTX 5060<\/strong> videokarti tas viegli tiek gal\u0101 ar m\u016bsdienu sp\u0113l\u0113m, straum\u0113\u0161anu, video mont\u0101\u017eu vai 3D darbiem.<\/p>\n<p data-start=\"387\" data-end=\"698\"><strong data-start=\"387\" data-end=\"444\">Liels 18&#8243; WQXGA 165 Hz ekr\u0101ns \u2013 iegremd\u0113jies att\u0113l\u0101<\/strong><br data-start=\"444\" data-end=\"447\">Pla\u0161ais <strong data-start=\"454\" data-end=\"493\">16:10 form\u0101ta 2560\u00d71600 (WQXGA) IPS<\/strong> ekr\u0101ns ar <strong data-start=\"505\" data-end=\"515\">165 Hz<\/strong> atsvaidzes intensit\u0101ti nodro\u0161ina <strong data-start=\"546\" data-end=\"589\">spilgtu, pl\u016bsto\u0161u un deta\u013c\u0101m bag\u0101tu att\u0113lu<\/strong>. Vair\u0101k redzes lauka sp\u0113l\u0113s, vair\u0101k vietas darbam un pat\u012bkami ac\u012bm, skatoties filmas vai veidojot saturu.<\/p>\n<p data-start=\"700\" data-end=\"1032\"><strong data-start=\"700\" data-end=\"757\">RTX 5060 grafika \u2013 sp\u0113l\u0113m un rado\u0161umam bez kompromisiem<\/strong><br data-start=\"757\" data-end=\"760\"><strong data-start=\"760\" data-end=\"798\">NVIDIA GeForce RTX 5060 Laptop GPU<\/strong> paver ce\u013cu <strong data-start=\"813\" data-end=\"838\">augstiem iestat\u012bjumiem<\/strong>, moderniem video efektiem un <strong data-start=\"870\" data-end=\"888\">AI pa\u0101trin\u0101jumam<\/strong> sare\u017e\u0123\u012bt\u0101s programm\u0101s. Lieliska izv\u0113le gan e-sportam, gan jaun\u0101kajiem sp\u0113\u013cu hitiem, kad v\u0113laties <strong data-start=\"993\" data-end=\"1031\">stabilu veiktsp\u0113ju un skaistu att\u0113lu<\/strong>.<\/p>\n<p data-start=\"1034\" data-end=\"1325\"><strong data-start=\"1034\" data-end=\"1082\">AMD Ryzen 7 260 \u2013 \u0101tra un gudra veiktsp\u0113ja<\/strong><br data-start=\"1082\" data-end=\"1085\"><strong data-start=\"1085\" data-end=\"1123\">8 kodolu \/ 16 pavedienu Ryzen 7 260<\/strong> procesors nodro\u0161ina <strong data-start=\"1146\" data-end=\"1182\">stabilu darb\u012bbu un \u0101tru reakciju<\/strong> pat tad, kad vienlaikus ir palaistas daudzas programmas vai notiek straum\u0113\u0161ana. Dators saglab\u0101jas \u0101trs un uzticams pat intens\u012bv\u0101s situ\u0101cij\u0101s.<\/p>\n<p data-start=\"1327\" data-end=\"1589\"><strong data-start=\"1327\" data-end=\"1364\">\u0100tra atmi\u0146a un ietilp\u012bga kr\u0101tuve<\/strong><br data-start=\"1364\" data-end=\"1367\"><strong data-start=\"1367\" data-end=\"1385\">16 GB DDR5 RAM<\/strong> \u2013 pl\u016bsto\u0161ai sp\u0113lei un darbam tagad, ar iesp\u0113ju papla\u0161in\u0101ties n\u0101kotn\u0113.<br data-start=\"1454\" data-end=\"1457\"><strong data-start=\"1457\" data-end=\"1474\">1 TB NVMe SSD<\/strong> \u2013 <strong data-start=\"1477\" data-end=\"1497\">\u0101tra iel\u0101de<\/strong>, moment\u0101na sp\u0113\u013cu palai\u0161ana un <strong data-start=\"1532\" data-end=\"1547\">daudz vietas<\/strong> j\u016bsu bibliot\u0113kai, projektiem un failiem.<\/p>\n<p data-start=\"1591\" data-end=\"1826\"><strong data-start=\"1591\" data-end=\"1614\">\u0112rtums ikdienai<\/strong><br data-start=\"1614\" data-end=\"1617\"><strong data-start=\"1617\" data-end=\"1636\">Windows 11 Home<\/strong> jau instal\u0113ta \u2013 izpakojiet un izmantojiet uzreiz. \u0112rta <strong data-start=\"1692\" data-end=\"1710\">ENG tastat\u016bra<\/strong> nodro\u0161ina labu kontroli gan sp\u0113l\u0113jot, gan rakstot vai str\u0101d\u0101jot, un <strong data-start=\"1776\" data-end=\"1796\">2 gadu garantija<\/strong> pievieno mieru ilgtermi\u0146\u0101. <\/p>\n<p data-start=\"1828\" data-end=\"1859\"><strong data-start=\"1828\" data-end=\"1859\">Svar\u012bg\u0101k\u0101s specifik\u0101cijas<\/strong><\/p>\n<ul data-start=\"1860\" data-end=\"2186\">\n<li data-start=\"1860\" data-end=\"1922\">\n<p data-start=\"1862\" data-end=\"1922\"><strong data-start=\"1862\" data-end=\"1874\">Ekr\u0101ns:<\/strong> 18&#8243; IPS, 2560\u00d71600 (WQXGA), <strong data-start=\"1903\" data-end=\"1913\">165 Hz<\/strong>, 16:10<\/p>\n<\/li>\n<li data-start=\"1923\" data-end=\"1971\">\n<p data-start=\"1925\" data-end=\"1971\"><strong data-start=\"1925\" data-end=\"1941\">Procesors:<\/strong> <strong data-start=\"1942\" data-end=\"1961\">AMD Ryzen 7 260<\/strong>, 8C\/16T<\/p>\n<\/li>\n<li data-start=\"1972\" data-end=\"2034\">\n<p data-start=\"1974\" data-end=\"2034\"><strong data-start=\"1974\" data-end=\"1993\">Grafisk\u0101 karte:<\/strong> <strong data-start=\"1994\" data-end=\"2032\">NVIDIA GeForce RTX 5060 Laptop GPU<\/strong><\/p>\n<\/li>\n<li data-start=\"2035\" data-end=\"2058\">\n<p data-start=\"2037\" data-end=\"2058\"><strong data-start=\"2037\" data-end=\"2045\">RAM:<\/strong> 16 GB DDR5<\/p>\n<\/li>\n<li data-start=\"2059\" data-end=\"2081\">\n<p data-start=\"2061\" data-end=\"2081\"><strong data-start=\"2061\" data-end=\"2069\">SSD:<\/strong> 1 TB NVMe<\/p>\n<\/li>\n<li data-start=\"2082\" data-end=\"2124\">\n<p data-start=\"2084\" data-end=\"2124\"><strong data-start=\"2084\" data-end=\"2106\">Oper\u0113t\u0101jsist\u0113ma:<\/strong> Windows 11 Home<\/p>\n<\/li>\n<li data-start=\"2125\" data-end=\"2159\">\n<p data-start=\"2127\" data-end=\"2159\"><strong data-start=\"2127\" data-end=\"2142\">Tastat\u016bra:<\/strong> ENG izk\u0101rtojums<\/p>\n<\/li>\n<li data-start=\"2160\" data-end=\"2186\">\n<p data-start=\"2162\" data-end=\"2186\"><strong data-start=\"2162\" data-end=\"2176\">Garantija:<\/strong> 2 gadi<\/p>\n<\/li>\n<\/ul>\n<p data-start=\"2188\" data-end=\"2253\"><strong data-start=\"2188\" data-end=\"2208\">Kam tas ir paredz\u0113ts?<\/strong><br data-start=\"2208\" data-end=\"2211\">Gigabyte GAMING A18 ide\u0101ls, ja v\u0113laties:<\/p>\n<ul data-start=\"2254\" data-end=\"2517\">\n<li data-start=\"2254\" data-end=\"2307\">\n<p data-start=\"2256\" data-end=\"2307\"><strong data-start=\"2256\" data-end=\"2284\">lielu un \u0101tru ekr\u0101nu<\/strong> sp\u0113l\u0113m vai darbam;<\/p>\n<\/li>\n<li data-start=\"2308\" data-end=\"2357\">\n<p data-start=\"2310\" data-end=\"2357\"><strong data-start=\"2310\" data-end=\"2336\">modernas RTX grafikas<\/strong> ar AI iesp\u0113j\u0101m;<\/p>\n<\/li>\n<li data-start=\"2358\" data-end=\"2411\">\n<p data-start=\"2360\" data-end=\"2411\"><strong data-start=\"2360\" data-end=\"2379\">uzticamu veiktsp\u0113ju<\/strong> gan m\u0101j\u0101s, gan ce\u013cojumos;<\/p>\n<\/li>\n<li data-start=\"2412\" data-end=\"2517\">\n<p data-start=\"2414\" data-end=\"2517\"><strong data-start=\"2414\" data-end=\"2439\">ilglaic\u012bga datora<\/strong>, kas v\u0113l ilgi &#8220;vilks&#8221; jaun\u0101k\u0101s sp\u0113les un rado\u0161os uzdevumus bez stresa.<\/p>\n<\/li>\n<\/ul>\n","protected":false},"excerpt":{"rendered":"<p>Gigabyte GAMING A18 3VHK3EEC64SH ir 18 collu jaud\u012bgs sp\u0113\u013cu un rado\u0161ais kl\u0113pjdators, kas paredz\u0113ts tiem, kuri v\u0113las vair\u0101k ekr\u0101na, vair\u0101k<\/p>\n","protected":false},"featured_media":52921,"comment_status":"open","ping_status":"closed","template":"","meta":[],"product_brand":[],"product_cat":[817],"product_tag":[],"class_list":{"0":"post-41688","1":"product","2":"type-product","3":"status-publish","4":"has-post-thumbnail","6":"product_cat-portativie-datori","7":"pa_garantija-810","8":"pa_hdmi-prievadu-kiekis-1584","9":"pa_integruota-baterija-ja","10":"pa_jutiklinis-ekranas-ne","11":"pa_klaviaturos-apsvietimas-ja","12":"pa_prekes-zenklas-gigabyte","13":"pa_procesoriaus-branduoliai-8-cores-lv","14":"pa_procesoriaus-modelis-828","15":"pa_vaizdo-plokstes-atmintis-1587","16":"pa_vaizdo-plokstes-modelis-nvidia-geforce-rtx-5060","18":"first","19":"outofstock","20":"taxable","21":"shipping-taxable","22":"purchasable","23":"product-type-simple"},"_links":{"self":[{"href":"https:\/\/amberglow.lt\/lv\/wp-json\/wp\/v2\/product\/41688","targetHints":{"allow":["GET"]}}],"collection":[{"href":"https:\/\/amberglow.lt\/lv\/wp-json\/wp\/v2\/product"}],"about":[{"href":"https:\/\/amberglow.lt\/lv\/wp-json\/wp\/v2\/types\/product"}],"replies":[{"embeddable":true,"href":"https:\/\/amberglow.lt\/lv\/wp-json\/wp\/v2\/comments?post=41688"}],"version-history":[{"count":0,"href":"https:\/\/amberglow.lt\/lv\/wp-json\/wp\/v2\/product\/41688\/revisions"}],"wp:featuredmedia":[{"embeddable":true,"href":"https:\/\/amberglow.lt\/lv\/wp-json\/wp\/v2\/media\/52921"}],"wp:attachment":[{"href":"https:\/\/amberglow.lt\/lv\/wp-json\/wp\/v2\/media?parent=41688"}],"wp:term":[{"taxonomy":"product_brand","embeddable":true,"href":"https:\/\/amberglow.lt\/lv\/wp-json\/wp\/v2\/product_brand?post=41688"},{"taxonomy":"product_cat","embeddable":true,"href":"https:\/\/amberglow.lt\/lv\/wp-json\/wp\/v2\/product_cat?post=41688"},{"taxonomy":"product_tag","embeddable":true,"href":"https:\/\/amberglow.lt\/lv\/wp-json\/wp\/v2\/product_tag?post=41688"}],"curies":[{"name":"wp","href":"https:\/\/api.w.org\/{rel}","templated":true}]}}