{"id":41700,"date":"2025-11-28T18:42:52","date_gmt":"2025-11-28T15:42:52","guid":{"rendered":"https:\/\/amberglow.lt\/Bez%20kategorijas\/portativais-dators-gigabyte-gaming-a18-ryzen-7-260-rtx-5070\/"},"modified":"2026-04-27T16:56:31","modified_gmt":"2026-04-27T13:56:31","slug":"portativais-dators-gigabyte-gaming-a18-ryzen-7-260-rtx-5070","status":"publish","type":"product","link":"https:\/\/amberglow.lt\/lv\/portativie-datori\/portativais-dators-gigabyte-gaming-a18-ryzen-7-260-rtx-5070\/","title":{"rendered":"Portat\u012bvais dators Gigabyte GAMING A18 Ryzen 7 260, RTX 5070"},"content":{"rendered":"<p data-start=\"0\" data-end=\"365\">GAMING A18 3WHK3EEC64SH \u2013 tas ir <strong data-start=\"30\" data-end=\"93\">18 collu jaud\u012bgs sp\u0113\u013cu un rado\u0161\u0101 darba kl\u0113pjdators<\/strong>, rad\u012bts tiem, kuri v\u0113las <strong data-start=\"122\" data-end=\"173\">vair\u0101k ekr\u0101na, vair\u0101k FPS un vair\u0101k komforta<\/strong> vien\u0101 ier\u012bc\u0113. Ar <strong data-start=\"197\" data-end=\"216\">AMD Ryzen 7 260<\/strong> procesoru un <strong data-start=\"233\" data-end=\"260\">NVIDIA GeForce RTX 5070<\/strong> videokarti tas viegli tiek gal\u0101 ar AAA sp\u0113l\u0113m, straum\u0113\u0161anu, video mont\u0101\u017eu vai 3D darbiem.<\/p>\n<p data-start=\"367\" data-end=\"680\"><strong data-start=\"367\" data-end=\"424\">Liels 18&#8243; WQXGA 165 Hz ekr\u0101ns \u2013 iegremd\u0113jies att\u0113l\u0101<\/strong><br data-start=\"424\" data-end=\"427\">Pla\u0161ais <strong data-start=\"434\" data-end=\"473\">16:10 form\u0101ta 2560\u00d71600 (WQXGA) IPS<\/strong> ekr\u0101ns ar <strong data-start=\"485\" data-end=\"495\">165 Hz<\/strong> atsvaidzes intensit\u0101ti nodro\u0161ina <strong data-start=\"526\" data-end=\"569\">spilgtu, pl\u016bsto\u0161u un deta\u013c\u0101m bag\u0101tu att\u0113lu<\/strong>. Liel\u0101ks redzam\u012bbas lauks sp\u0113l\u0113s, vair\u0101k vietas darbam un acu prieks, veidojot saturu vai skatoties filmas.<\/p>\n<p data-start=\"682\" data-end=\"1008\"><strong data-start=\"682\" data-end=\"739\">RTX 5070 grafika \u2013 sp\u0113l\u0113m un rado\u0161umam bez kompromisiem<\/strong><br data-start=\"739\" data-end=\"742\"><strong data-start=\"742\" data-end=\"780\">NVIDIA GeForce RTX 5070 Laptop GPU<\/strong> paver ce\u013cu uz <strong data-start=\"795\" data-end=\"820\">augstiem iestat\u012bjumiem<\/strong>, iespaid\u012bgiem vizu\u0101lajiem efektiem un <strong data-start=\"854\" data-end=\"872\">AI pa\u0101trin\u0101jumu<\/strong> sare\u017e\u0123\u012bt\u0101s programm\u0101s. Lieliska izv\u0113le, ja v\u0113lies <strong data-start=\"929\" data-end=\"949\">stabilu veiktsp\u0113ju<\/strong>, augstu FPS un skaistu att\u0113lu pat jaun\u0101kaj\u0101s sp\u0113l\u0113s.<\/p>\n<p data-start=\"1010\" data-end=\"1262\"><strong data-start=\"1010\" data-end=\"1058\">AMD Ryzen 7 260 \u2013 \u0101tra un gudra veiktsp\u0113ja<\/strong><br data-start=\"1058\" data-end=\"1061\"><strong data-start=\"1061\" data-end=\"1099\">8 kodolu \/ 16 pavedienu Ryzen 7 260<\/strong> procesors nodro\u0161ina <strong data-start=\"1122\" data-end=\"1158\">\u0101tru reakciju un stabilu darb\u012bbu<\/strong> pat pie lielas slodzes. Sp\u0113les, vair\u0101kuzdevumu veik\u0161ana vai straum\u0113\u0161ana notiek pl\u016bsto\u0161i, bez aizkav\u0113\u0161an\u0101s.<\/p>\n<p data-start=\"1264\" data-end=\"1539\"><strong data-start=\"1264\" data-end=\"1301\">\u0100tra atmi\u0146a un ietilp\u012bga kr\u0101tuve<\/strong><br data-start=\"1301\" data-end=\"1304\"><strong data-start=\"1304\" data-end=\"1322\">16 GB DDR5 RAM<\/strong> \u2013 vienm\u0113r\u012bgai sp\u0113l\u0113\u0161anai un darbam tagad, ar iesp\u0113ju papla\u0161in\u0101ties n\u0101kotn\u0113.<br data-start=\"1391\" data-end=\"1394\"><strong data-start=\"1394\" data-end=\"1411\">1 TB NVMe SSD<\/strong> \u2013 <strong data-start=\"1414\" data-end=\"1434\">\u0101tra iel\u0101de<\/strong>, moment\u0101la programmu un sp\u0113\u013cu palai\u0161ana un <strong data-start=\"1482\" data-end=\"1497\">daudz vietas<\/strong> j\u016bsu bibliot\u0113kai, projektiem un failiem.<\/p>\n<p data-start=\"1541\" data-end=\"1765\"><strong data-start=\"1541\" data-end=\"1564\">\u0112rtums ikdienai<\/strong><br data-start=\"1564\" data-end=\"1567\"><strong data-start=\"1567\" data-end=\"1586\">Windows 11 Home<\/strong> jau ir instal\u0113ta \u2013 izpakojiet un lietojiet uzreiz. \u0112rta <strong data-start=\"1642\" data-end=\"1660\">ENG klaviat\u016bra<\/strong> nodro\u0161ina labu kontroli gan sp\u0113l\u0113jot, gan rakstot, un <strong data-start=\"1715\" data-end=\"1735\">2 gadu garantija<\/strong> pie\u0161\u0137ir mieru ilgam laikam. <\/p>\n<p data-start=\"1767\" data-end=\"1798\"><strong data-start=\"1767\" data-end=\"1798\">Svar\u012bg\u0101k\u0101s specifik\u0101cijas<\/strong><\/p>\n<ul data-start=\"1799\" data-end=\"2125\">\n<li data-start=\"1799\" data-end=\"1861\">\n<p data-start=\"1801\" data-end=\"1861\"><strong data-start=\"1801\" data-end=\"1813\">Ekr\u0101ns:<\/strong> 18&#8243; IPS, 2560\u00d71600 (WQXGA), <strong data-start=\"1842\" data-end=\"1852\">165 Hz<\/strong>, 16:10<\/p>\n<\/li>\n<li data-start=\"1862\" data-end=\"1910\">\n<p data-start=\"1864\" data-end=\"1910\"><strong data-start=\"1864\" data-end=\"1880\">Procesors:<\/strong> <strong data-start=\"1881\" data-end=\"1900\">AMD Ryzen 7 260<\/strong>, 8C\/16T<\/p>\n<\/li>\n<li data-start=\"1911\" data-end=\"1973\">\n<p data-start=\"1913\" data-end=\"1973\"><strong data-start=\"1913\" data-end=\"1932\">Videokarte:<\/strong> <strong data-start=\"1933\" data-end=\"1971\">NVIDIA GeForce RTX 5070 Laptop GPU<\/strong><\/p>\n<\/li>\n<li data-start=\"1974\" data-end=\"1997\">\n<p data-start=\"1976\" data-end=\"1997\"><strong data-start=\"1976\" data-end=\"1984\">RAM:<\/strong> 16 GB DDR5<\/p>\n<\/li>\n<li data-start=\"1998\" data-end=\"2020\">\n<p data-start=\"2000\" data-end=\"2020\"><strong data-start=\"2000\" data-end=\"2008\">SSD:<\/strong> 1 TB NVMe<\/p>\n<\/li>\n<li data-start=\"2021\" data-end=\"2063\">\n<p data-start=\"2023\" data-end=\"2063\"><strong data-start=\"2023\" data-end=\"2045\">Oper\u0113t\u0101jsist\u0113ma:<\/strong> Windows 11 Home<\/p>\n<\/li>\n<li data-start=\"2064\" data-end=\"2098\">\n<p data-start=\"2066\" data-end=\"2098\"><strong data-start=\"2066\" data-end=\"2081\">Tastat\u016bra:<\/strong> ENG izk\u0101rtojums<\/p>\n<\/li>\n<li data-start=\"2099\" data-end=\"2125\">\n<p data-start=\"2101\" data-end=\"2125\"><strong data-start=\"2101\" data-end=\"2115\">Garantija:<\/strong> 2 gadi<\/p>\n<\/li>\n<\/ul>\n<p data-start=\"2127\" data-end=\"2183\"><strong data-start=\"2127\" data-end=\"2147\">Kam tas ir paredz\u0113ts?<\/strong><br data-start=\"2147\" data-end=\"2150\">GAMING A18 ir ide\u0101ls, ja v\u0113laties:<\/p>\n<ul data-start=\"2184\" data-end=\"2433\">\n<li data-start=\"2184\" data-end=\"2237\">\n<p data-start=\"2186\" data-end=\"2237\"><strong data-start=\"2186\" data-end=\"2214\">lielu un \u0101tru ekr\u0101nu<\/strong> sp\u0113l\u0113m vai darbam;<\/p>\n<\/li>\n<li data-start=\"2238\" data-end=\"2291\">\n<p data-start=\"2240\" data-end=\"2291\"><strong data-start=\"2240\" data-end=\"2270\">jaun\u0101s paaudzes RTX grafiku<\/strong> ar AI iesp\u0113j\u0101m;<\/p>\n<\/li>\n<li data-start=\"2292\" data-end=\"2345\">\n<p data-start=\"2294\" data-end=\"2345\"><strong data-start=\"2294\" data-end=\"2313\">uzticamu veiktsp\u0113ju<\/strong> gan m\u0101j\u0101s, gan ce\u013cojumos;<\/p>\n<\/li>\n<li data-start=\"2346\" data-end=\"2433\">\n<p data-start=\"2348\" data-end=\"2433\"><strong data-start=\"2348\" data-end=\"2373\">iztur\u012bgu datoru<\/strong>, kas v\u0113l ilgi \u201evilks\u201d jaun\u0101k\u0101s sp\u0113les bez kompromisiem.<\/p>\n<\/li>\n<\/ul>\n<div class=\"text-base my-auto mx-auto [--thread-content-margin:--spacing(4)] thread-sm:[--thread-content-margin:--spacing(6)] thread-lg:[--thread-content-margin:--spacing(16)] px-(--thread-content-margin)\">\n<div class=\"[--thread-content-max-width:40rem] thread-lg:[--thread-content-max-width:48rem] mx-auto max-w-(--thread-content-max-width) flex-1 group\/turn-messages focus-visible:outline-hidden relative flex w-full min-w-0 flex-col agent-turn\" tabindex=\"-1\">\n<div class=\"flex max-w-full flex-col grow\">\n<div class=\"min-h-8 text-message relative flex w-full flex-col items-end gap-2 text-start break-words whitespace-normal [.text-message+&amp;]:mt-1\" dir=\"auto\" data-message-author-role=\"assistant\" data-message-id=\"ddf94e49-6913-4b21-a4dc-20868ce9ebfe\" data-message-model-slug=\"gpt-5-1\">\n<div class=\"flex w-full flex-col gap-1 empty:hidden first:pt-[1px]\">\n<div class=\"markdown prose dark:prose-invert w-full break-words light markdown-new-styling\">\n<p data-start=\"2148\" data-end=\"2265\">\n<\/div>\n<\/div>\n<\/div>\n<\/div>\n<\/div>\n<\/div>\n","protected":false},"excerpt":{"rendered":"<p>GAMING A18 3WHK3EEC64SH \u2013 tas ir 18 collu jaud\u012bgs sp\u0113\u013cu un rado\u0161\u0101 darba kl\u0113pjdators, rad\u012bts tiem, kuri v\u0113las vair\u0101k ekr\u0101na,<\/p>\n","protected":false},"featured_media":52920,"comment_status":"open","ping_status":"closed","template":"","meta":[],"product_brand":[],"product_cat":[817],"product_tag":[],"class_list":{"0":"post-41700","1":"product","2":"type-product","3":"status-publish","4":"has-post-thumbnail","6":"product_cat-portativie-datori","7":"pa_garantija-810","8":"pa_hdmi-prievadu-kiekis-1584","9":"pa_integruota-baterija-ja","10":"pa_jutiklinis-ekranas-ne","11":"pa_klaviaturos-apsvietimas-ja","12":"pa_prekes-zenklas-gigabyte","13":"pa_procesoriaus-branduoliai-8-cores-lv","14":"pa_procesoriaus-modelis-828","15":"pa_vaizdo-plokstes-atmintis-1587","16":"pa_vaizdo-plokstes-modelis-nvidia-geforce-rtx-5070","18":"first","19":"instock","20":"taxable","21":"shipping-taxable","22":"purchasable","23":"product-type-simple"},"_links":{"self":[{"href":"https:\/\/amberglow.lt\/lv\/wp-json\/wp\/v2\/product\/41700","targetHints":{"allow":["GET"]}}],"collection":[{"href":"https:\/\/amberglow.lt\/lv\/wp-json\/wp\/v2\/product"}],"about":[{"href":"https:\/\/amberglow.lt\/lv\/wp-json\/wp\/v2\/types\/product"}],"replies":[{"embeddable":true,"href":"https:\/\/amberglow.lt\/lv\/wp-json\/wp\/v2\/comments?post=41700"}],"version-history":[{"count":0,"href":"https:\/\/amberglow.lt\/lv\/wp-json\/wp\/v2\/product\/41700\/revisions"}],"wp:featuredmedia":[{"embeddable":true,"href":"https:\/\/amberglow.lt\/lv\/wp-json\/wp\/v2\/media\/52920"}],"wp:attachment":[{"href":"https:\/\/amberglow.lt\/lv\/wp-json\/wp\/v2\/media?parent=41700"}],"wp:term":[{"taxonomy":"product_brand","embeddable":true,"href":"https:\/\/amberglow.lt\/lv\/wp-json\/wp\/v2\/product_brand?post=41700"},{"taxonomy":"product_cat","embeddable":true,"href":"https:\/\/amberglow.lt\/lv\/wp-json\/wp\/v2\/product_cat?post=41700"},{"taxonomy":"product_tag","embeddable":true,"href":"https:\/\/amberglow.lt\/lv\/wp-json\/wp\/v2\/product_tag?post=41700"}],"curies":[{"name":"wp","href":"https:\/\/api.w.org\/{rel}","templated":true}]}}