{"id":41753,"date":"2025-11-28T18:42:23","date_gmt":"2025-11-28T15:42:23","guid":{"rendered":"https:\/\/amberglow.lt\/Bez%20kategorijas\/portativais-dators-gigabyte-aero-x16-ryzen-ai-7-350-rtx-5050\/"},"modified":"2026-04-27T16:56:36","modified_gmt":"2026-04-27T13:56:36","slug":"portativais-dators-gigabyte-aero-x16-ryzen-ai-7-350-rtx-5050","status":"publish","type":"product","link":"https:\/\/amberglow.lt\/lv\/portativie-datori\/portativais-dators-gigabyte-aero-x16-ryzen-ai-7-350-rtx-5050\/","title":{"rendered":"Portat\u012bvais dators Gigabyte AERO X16 Ryzen AI 7 350, RTX 5050, Space Gray"},"content":{"rendered":"<p data-start=\"0\" data-end=\"418\">Gigabyte AERO X16 1TH-93EEC94AH ir <strong data-start=\"38\" data-end=\"95\">16 collu stil\u012bgs un jaud\u012bgs portat\u012bvais dators<\/strong>, kas rad\u012bts tiem, kuri v\u0113las <strong data-start=\"124\" data-end=\"189\">premium dizainu, augstas iz\u0161\u0137irtsp\u0113jas ekr\u0101nu un gudru AI veiktsp\u0113ju<\/strong> vien\u0101 ier\u012bc\u0113. <strong data-start=\"210\" data-end=\"224\">Space Gray<\/strong> korpuss izskat\u0101s sol\u012bdi un moderni, bet iek\u0161pus\u0113 eso\u0161ais <strong data-start=\"282\" data-end=\"304\">AMD Ryzen AI 7 350<\/strong> procesors kop\u0101 ar <strong data-start=\"326\" data-end=\"353\">NVIDIA GeForce RTX 5050<\/strong> grafiku nodro\u0161ina lielisku l\u012bdzsvaru darbam, rado\u0161umam un br\u012bvajam laikam.<\/p>\n<p data-start=\"420\" data-end=\"723\"><strong data-start=\"420\" data-end=\"478\">16&#8243; QHD+ 165 Hz ekr\u0101ns \u2013 vair\u0101k deta\u013cu un pl\u016bdenuma<\/strong><br data-start=\"478\" data-end=\"481\">Spilgts <strong data-start=\"488\" data-end=\"508\">QHD+ (2560\u00d71600)<\/strong> ekr\u0101ns ar <strong data-start=\"520\" data-end=\"530\">165 Hz<\/strong> atsvaidzes intensit\u0101ti nodro\u0161ina <strong data-start=\"562\" data-end=\"595\">\u012bpa\u0161i detaliz\u0113tu un pl\u016bdenu att\u0113lu<\/strong>. 16:10 form\u0101ts sniedz vair\u0101k vietas darbam \u2013 \u0113rti mont\u0113t, rad\u012bt, programm\u0113t vai vienk\u0101r\u0161i baud\u012bt saturu augst\u0101 kvalit\u0101t\u0113.<\/p>\n<p data-start=\"725\" data-end=\"985\"><strong data-start=\"725\" data-end=\"771\">Ryzen AI 7 350 \u2013 gudra veiktsp\u0113ja ikdienai<\/strong><br data-start=\"771\" data-end=\"774\"><strong data-start=\"774\" data-end=\"796\">AMD Ryzen AI 7 350<\/strong> procesors paredz\u0113ts ne tikai \u0101trai darb\u012bbai, bet ar\u012b <strong data-start=\"847\" data-end=\"877\">AI pa\u0101trin\u0101tiem uzdevumiem<\/strong>. Tas noz\u012bm\u0113 \u0101tr\u0101ku vair\u0101kuzdevumu veik\u0161anu, pl\u016bden\u0101ku rado\u0161o programmu darb\u012bbu un efekt\u012bvu ener\u0123ijas p\u0101rvald\u012bbu.<\/p>\n<p data-start=\"987\" data-end=\"1300\"><strong data-start=\"987\" data-end=\"1041\">RTX 5050 grafika \u2013 rado\u0161umam un modern\u0101m sp\u0113l\u0113m<\/strong><br data-start=\"1041\" data-end=\"1044\"><strong data-start=\"1044\" data-end=\"1084\">NVIDIA GeForce RTX 5050 (8 GB GDDR7)<\/strong> \u013cauj \u0113rti str\u0101d\u0101t ar grafiku, video redi\u0123\u0113\u0161anu, 3D vai AI r\u012bkiem, bet br\u012bvaj\u0101 laik\u0101 \u2013 baud\u012bt m\u016bsdien\u012bgas sp\u0113les un skaistus vizu\u0101los efektus. T\u0101 ir <strong data-start=\"1245\" data-end=\"1299\">moderna RTX klase, kas gatava n\u0101kotnes programm\u0101m<\/strong>. <\/p>\n<p data-start=\"1302\" data-end=\"1561\"><strong data-start=\"1302\" data-end=\"1340\">\u0100tra DDR5 atmi\u0146a un ietilp\u012bgs SSD<\/strong><br data-start=\"1340\" data-end=\"1343\"><strong data-start=\"1343\" data-end=\"1361\">16 GB DDR5 RAM<\/strong> nodro\u0161ina pl\u016bsto\u0161u darbu un komfortu ikdienas uzdevumos un rado\u0161um\u0101.<br data-start=\"1431\" data-end=\"1434\"><strong data-start=\"1434\" data-end=\"1446\">1 TB SSD<\/strong> nodro\u0161ina <strong data-start=\"1457\" data-end=\"1478\">\u0101tru iesl\u0113g\u0161anos<\/strong>, moment\u0101nu programmu palai\u0161anu un daudz vietas projektiem, fotoatt\u0113liem vai sp\u0113l\u0113m.<\/p>\n<p data-start=\"1563\" data-end=\"1792\"><strong data-start=\"1563\" data-end=\"1586\">\u0112rtums ikdienai<\/strong><br data-start=\"1586\" data-end=\"1589\">Dator\u0101 jau ir instal\u0113ta <strong data-start=\"1614\" data-end=\"1633\">Windows 11 Home<\/strong>, t\u0101p\u0113c varat s\u0101kt lietot uzreiz. <strong data-start=\"1673\" data-end=\"1701\">Apgaismota ENG tastat\u016bra<\/strong> ir \u0113rta darbam vakar\u0101 vai ce\u013cojumos, bet  <strong data-start=\"1740\" data-end=\"1761\">24 m\u0113ne\u0161i. garantija<\/strong>  nodro\u0161ina mieru ilgtermi\u0146\u0101.<\/p>\n<p data-start=\"1794\" data-end=\"1825\"><strong data-start=\"1794\" data-end=\"1825\">Svar\u012bg\u0101k\u0101s specifik\u0101cijas<\/strong><\/p>\n<ul data-start=\"1826\" data-end=\"2185\">\n<li data-start=\"1826\" data-end=\"1852\">\n<p data-start=\"1828\" data-end=\"1852\"><strong data-start=\"1828\" data-end=\"1839\">Kr\u0101sa:<\/strong> Space Gray<\/p>\n<\/li>\n<li data-start=\"1853\" data-end=\"1914\">\n<p data-start=\"1855\" data-end=\"1914\"><strong data-start=\"1855\" data-end=\"1867\">Ekr\u0101ns:<\/strong> 16&#8243;, <strong data-start=\"1873\" data-end=\"1893\">QHD+ (2560\u00d71600)<\/strong>, <strong data-start=\"1895\" data-end=\"1905\">165 Hz<\/strong>, 16:10<\/p>\n<\/li>\n<li data-start=\"1915\" data-end=\"1958\">\n<p data-start=\"1917\" data-end=\"1958\"><strong data-start=\"1917\" data-end=\"1933\">Procesors:<\/strong> <strong data-start=\"1934\" data-end=\"1956\">AMD Ryzen AI 7 350<\/strong><\/p>\n<\/li>\n<li data-start=\"1959\" data-end=\"2026\">\n<p data-start=\"1961\" data-end=\"2026\"><strong data-start=\"1961\" data-end=\"1980\">Videokarte:<\/strong> <strong data-start=\"1981\" data-end=\"2008\">NVIDIA GeForce RTX 5050<\/strong>, <strong data-start=\"2010\" data-end=\"2024\">8 GB GDDR7<\/strong><\/p>\n<\/li>\n<li data-start=\"2027\" data-end=\"2054\">\n<p data-start=\"2029\" data-end=\"2054\"><strong data-start=\"2029\" data-end=\"2037\">RAM:<\/strong> 16 GB <strong data-start=\"2044\" data-end=\"2052\">DDR5<\/strong><\/p>\n<\/li>\n<li data-start=\"2055\" data-end=\"2072\">\n<p data-start=\"2057\" data-end=\"2072\"><strong data-start=\"2057\" data-end=\"2065\">SSD:<\/strong> 1 TB<\/p>\n<\/li>\n<li data-start=\"2073\" data-end=\"2115\">\n<p data-start=\"2075\" data-end=\"2115\"><strong data-start=\"2075\" data-end=\"2097\">Oper\u0113t\u0101jsist\u0113ma:<\/strong> Windows 11 Home<\/p>\n<\/li>\n<li data-start=\"2116\" data-end=\"2158\">\n<p data-start=\"2118\" data-end=\"2158\"><strong data-start=\"2118\" data-end=\"2133\">Tastat\u016bra:<\/strong> ENG, <strong data-start=\"2139\" data-end=\"2156\">ar apgaismojumu<\/strong><\/p>\n<\/li>\n<li data-start=\"2159\" data-end=\"2185\">\n<p data-start=\"2161\" data-end=\"2185\"><strong data-start=\"2161\" data-end=\"2175\">Garantija:<\/strong> 24 m\u0113ne\u0161i<\/p>\n<\/li>\n<\/ul>\n<p data-start=\"2187\" data-end=\"2250\"><strong data-start=\"2187\" data-end=\"2207\">Kam tas ir paredz\u0113ts?<\/strong><br data-start=\"2207\" data-end=\"2210\">Gigabyte AERO X16 ir ide\u0101ls, ja v\u0113laties:<\/p>\n<ul data-start=\"2251\" data-end=\"2517\">\n<li data-start=\"2251\" data-end=\"2307\">\n<p data-start=\"2253\" data-end=\"2307\"><strong data-start=\"2253\" data-end=\"2284\">augstas iz\u0161\u0137irtsp\u0113jas QHD+ ekr\u0101nu<\/strong> darbam un izklaidei;<\/p>\n<\/li>\n<li data-start=\"2308\" data-end=\"2375\">\n<p data-start=\"2310\" data-end=\"2375\"><strong data-start=\"2310\" data-end=\"2348\">AI gatavu Ryzen procesoru<\/strong> \u0101tram multitaskingam;<\/p>\n<\/li>\n<li data-start=\"2376\" data-end=\"2428\">\n<p data-start=\"2378\" data-end=\"2428\"><strong data-start=\"2378\" data-end=\"2404\">modernu RTX grafiku<\/strong> rado\u0161umam un sp\u0113l\u0113m;<\/p>\n<\/li>\n<li data-start=\"2429\" data-end=\"2517\">\n<p data-start=\"2431\" data-end=\"2517\"><strong data-start=\"2431\" data-end=\"2482\">stil\u012bgu, viegli p\u0101rn\u0113s\u0101jamu premium datoru<\/strong> ikdienai, studij\u0101m vai ce\u013cojumiem.<\/p>\n<\/li>\n<\/ul>\n","protected":false},"excerpt":{"rendered":"<p>Gigabyte AERO X16 1TH-93EEC94AH ir 16 collu stil\u012bgs un jaud\u012bgs portat\u012bvais dators, kas rad\u012bts tiem, kuri v\u0113las premium dizainu, augstas<\/p>\n","protected":false},"featured_media":52924,"comment_status":"open","ping_status":"closed","template":"","meta":[],"product_brand":[],"product_cat":[817],"product_tag":[],"class_list":{"0":"post-41753","1":"product","2":"type-product","3":"status-publish","4":"has-post-thumbnail","6":"product_cat-portativie-datori","7":"pa_garantija-810","8":"pa_hdmi-prievadu-kiekis-1584","9":"pa_integruota-baterija-ja","10":"pa_istrizaine-1585","11":"pa_jutiklinis-ekranas-ne","12":"pa_klaviaturos-apsvietimas-ja","13":"pa_prekes-zenklas-gigabyte","14":"pa_procesoriaus-branduoliai-8-cores-lv","15":"pa_procesoriaus-modelis-826","16":"pa_vaizdo-plokstes-atmintis-1587","17":"pa_vaizdo-plokstes-modelis-nvidia-geforce-rtx-5050","19":"first","20":"instock","21":"taxable","22":"shipping-taxable","23":"purchasable","24":"product-type-simple"},"_links":{"self":[{"href":"https:\/\/amberglow.lt\/lv\/wp-json\/wp\/v2\/product\/41753","targetHints":{"allow":["GET"]}}],"collection":[{"href":"https:\/\/amberglow.lt\/lv\/wp-json\/wp\/v2\/product"}],"about":[{"href":"https:\/\/amberglow.lt\/lv\/wp-json\/wp\/v2\/types\/product"}],"replies":[{"embeddable":true,"href":"https:\/\/amberglow.lt\/lv\/wp-json\/wp\/v2\/comments?post=41753"}],"version-history":[{"count":0,"href":"https:\/\/amberglow.lt\/lv\/wp-json\/wp\/v2\/product\/41753\/revisions"}],"wp:featuredmedia":[{"embeddable":true,"href":"https:\/\/amberglow.lt\/lv\/wp-json\/wp\/v2\/media\/52924"}],"wp:attachment":[{"href":"https:\/\/amberglow.lt\/lv\/wp-json\/wp\/v2\/media?parent=41753"}],"wp:term":[{"taxonomy":"product_brand","embeddable":true,"href":"https:\/\/amberglow.lt\/lv\/wp-json\/wp\/v2\/product_brand?post=41753"},{"taxonomy":"product_cat","embeddable":true,"href":"https:\/\/amberglow.lt\/lv\/wp-json\/wp\/v2\/product_cat?post=41753"},{"taxonomy":"product_tag","embeddable":true,"href":"https:\/\/amberglow.lt\/lv\/wp-json\/wp\/v2\/product_tag?post=41753"}],"curies":[{"name":"wp","href":"https:\/\/api.w.org\/{rel}","templated":true}]}}