{"id":41760,"date":"2025-11-28T18:42:36","date_gmt":"2025-11-28T15:42:36","guid":{"rendered":"https:\/\/amberglow.lt\/Bez%20kategorijas\/portativais-dators-gigabyte-gaming-a16-i7-240h-rtx-5080\/"},"modified":"2026-04-27T16:56:34","modified_gmt":"2026-04-27T13:56:34","slug":"portativais-dators-gigabyte-gaming-a16-i7-240h-rtx-5080","status":"publish","type":"product","link":"https:\/\/amberglow.lt\/lv\/portativie-datori\/portativais-dators-gigabyte-gaming-a16-i7-240h-rtx-5080\/","title":{"rendered":"Portat\u012bvais dators Gigabyte GAMING A16 i7-240H, RTX 5080"},"content":{"rendered":"<p data-start=\"0\" data-end=\"417\">Gigabyte GAMING A16 PRO DYHG5EECC4SH ir <strong data-start=\"43\" data-end=\"117\">16 collu augst\u0101k\u0101s klases sp\u0113\u013cu un rado\u0161uma kl\u0113pjdators<\/strong>, kas paredz\u0113ts tiem, kuri v\u0113las <strong data-start=\"146\" data-end=\"190\">maksim\u0101lu veiktsp\u0113ju kompakt\u0101 form\u0101t\u0101<\/strong>. Ar <strong data-start=\"195\" data-end=\"217\">Intel Core i7-240H<\/strong> procesoru un <strong data-start=\"234\" data-end=\"261\">NVIDIA GeForce RTX 5080<\/strong> videokarti tas bez piep\u016bles tiek gal\u0101 ar jaun\u0101kaj\u0101m AAA sp\u0113l\u0113m, straum\u0113\u0161anu, video mont\u0101\u017eu, 3D model\u0113\u0161anu un citiem intens\u012bviem uzdevumiem.<\/p>\n<p data-start=\"419\" data-end=\"716\"><strong data-start=\"419\" data-end=\"475\">16&#8243; QHD+ ekr\u0101ns \u2013 spilgts att\u0113ls un vair\u0101k deta\u013cu<\/strong><br data-start=\"475\" data-end=\"478\">Augstas iz\u0161\u0137irtsp\u0113jas <strong data-start=\"494\" data-end=\"510\">QHD+ ekr\u0101ns<\/strong> nodro\u0161ina <strong data-start=\"520\" data-end=\"565\">\u012bpa\u0161i detaliz\u0113tu, spilgtu un ac\u012bm t\u012bkamu att\u0113lu<\/strong>. Tas noz\u012bm\u0113 prec\u012bz\u0101kas kr\u0101sas, skaidr\u0101ku tekstu un vair\u0101k vietas darbam \u2013 lieliska izv\u0113le gan sp\u0113l\u0113m, gan rado\u0161umam vai ikdienas lieto\u0161anai.<\/p>\n<p data-start=\"718\" data-end=\"1072\"><strong data-start=\"718\" data-end=\"775\">RTX 5080 grafika \u2013 sp\u0113l\u0113m un rado\u0161ajam darbam bez kompromisiem<\/strong><br data-start=\"775\" data-end=\"778\"><strong data-start=\"778\" data-end=\"816\">NVIDIA GeForce RTX 5080 Laptop GPU<\/strong> nodro\u0161ina <strong data-start=\"827\" data-end=\"847\">\u013coti augstu FPS<\/strong>, modernus video efektus, ray tracing iesp\u0113jas un <strong data-start=\"900\" data-end=\"917\">AI pa\u0101trin\u0101jumu<\/strong>. \u0160\u012b ir videokarte, kas paredz\u0113ta tiem, kas v\u0113las sp\u0113l\u0113t <strong data-start=\"969\" data-end=\"998\">ar augst\u0101kajiem iestat\u012bjumiem<\/strong> un kam ir rezerve n\u0101kotnes sp\u0113l\u0113m un nopietniem rado\u0161iem projektiem.<\/p>\n<p data-start=\"1074\" data-end=\"1321\"><strong data-start=\"1074\" data-end=\"1126\">Intel Core i7-240H \u2013 \u0101trs un stabils sniegums<\/strong><br data-start=\"1126\" data-end=\"1129\"><strong data-start=\"1129\" data-end=\"1140\">i7-240H<\/strong> procesors nodro\u0161ina <strong data-start=\"1164\" data-end=\"1196\">\u0101tru reakciju un stabilit\u0101ti<\/strong> pat lielas slodzes apst\u0101k\u013cos: sp\u0113l\u0113jot, render\u0113jot vai str\u0101d\u0101jot ar daudz\u0101m programm\u0101m vienlaikus. Viss notiek raiti, bez aiz\u0137er\u0161an\u0101s.<\/p>\n<p data-start=\"1323\" data-end=\"1630\"><strong data-start=\"1323\" data-end=\"1360\">\u0100tra atmi\u0146a un ietilp\u012bga kr\u0101tuve<\/strong><br data-start=\"1360\" data-end=\"1363\"><strong data-start=\"1363\" data-end=\"1376\">32 GB RAM<\/strong> \u2013 tas ir <strong data-start=\"1383\" data-end=\"1407\">maksim\u0101ls komforts<\/strong> daudzuzdevumu veik\u0161anai, rado\u0161ajam darbam, darbam ar lieliem projektiem un sp\u0113l\u0113m bez ierobe\u017eojumiem.<br data-start=\"1486\" data-end=\"1489\"><strong data-start=\"1489\" data-end=\"1506\">1 TB NVMe SSD<\/strong> \u2013 <strong data-start=\"1509\" data-end=\"1529\">\u0101tras iel\u0101des<\/strong>, moment\u0101na programmu un sp\u0113\u013cu palai\u0161ana un daudz vietas visai j\u016bsu failu un sp\u0113\u013cu bibliot\u0113kai.<\/p>\n<p data-start=\"1632\" data-end=\"1880\"><strong data-start=\"1632\" data-end=\"1655\">\u0112rt\u012bbas ikdienai<\/strong><br data-start=\"1655\" data-end=\"1658\">Dator\u0101 jau ir instal\u0113ta <strong data-start=\"1683\" data-end=\"1702\">Windows 11 Home<\/strong>, t\u0101p\u0113c varat s\u0101kt lietot uzreiz. \u0112rt\u0101 <strong data-start=\"1749\" data-end=\"1767\">ENG klaviat\u016bra<\/strong> ir piem\u0113rota gan intens\u012bvai sp\u0113l\u0113\u0161anai, gan darbam vai m\u0101c\u012bb\u0101m, un <strong data-start=\"1829\" data-end=\"1849\">2 gadu garantija<\/strong> nodro\u0161ina mieru ilgam laikam.<\/p>\n<p data-start=\"1882\" data-end=\"1913\"><strong data-start=\"1882\" data-end=\"1913\">Svar\u012bg\u0101k\u0101s specifik\u0101cijas<\/strong><\/p>\n<ul data-start=\"1914\" data-end=\"2205\">\n<li data-start=\"1914\" data-end=\"1943\">\n<p data-start=\"1916\" data-end=\"1943\"><strong data-start=\"1916\" data-end=\"1928\">Ekr\u0101ns:<\/strong> 16&#8243; <strong data-start=\"1933\" data-end=\"1941\">QHD+<\/strong><\/p>\n<\/li>\n<li data-start=\"1944\" data-end=\"1987\">\n<p data-start=\"1946\" data-end=\"1987\"><strong data-start=\"1946\" data-end=\"1962\">Procesorius:<\/strong> <strong data-start=\"1963\" data-end=\"1985\">Intel Core i7-240H<\/strong><\/p>\n<\/li>\n<li data-start=\"1988\" data-end=\"2050\">\n<p data-start=\"1990\" data-end=\"2050\"><strong data-start=\"1990\" data-end=\"2009\">Videokarte:<\/strong> <strong data-start=\"2010\" data-end=\"2048\">NVIDIA GeForce RTX 5080 Laptop GPU<\/strong><\/p>\n<\/li>\n<li data-start=\"2051\" data-end=\"2073\">\n<p data-start=\"2053\" data-end=\"2073\"><strong data-start=\"2053\" data-end=\"2061\">RAM:<\/strong> <strong data-start=\"2062\" data-end=\"2071\">32 GB<\/strong><\/p>\n<\/li>\n<li data-start=\"2074\" data-end=\"2100\">\n<p data-start=\"2076\" data-end=\"2100\"><strong data-start=\"2076\" data-end=\"2084\">SSD:<\/strong> <strong data-start=\"2085\" data-end=\"2098\">1 TB NVMe<\/strong><\/p>\n<\/li>\n<li data-start=\"2101\" data-end=\"2143\">\n<p data-start=\"2103\" data-end=\"2143\"><strong data-start=\"2103\" data-end=\"2125\">Oper\u0113t\u0101jsist\u0113ma:<\/strong> Windows 11 Home<\/p>\n<\/li>\n<li data-start=\"2144\" data-end=\"2178\">\n<p data-start=\"2146\" data-end=\"2178\"><strong data-start=\"2146\" data-end=\"2161\">Tastat\u016bra:<\/strong> ENG izk\u0101rtojums<\/p>\n<\/li>\n<li data-start=\"2179\" data-end=\"2205\">\n<p data-start=\"2181\" data-end=\"2205\"><strong data-start=\"2181\" data-end=\"2195\">Garantija:<\/strong> 2 gadi<\/p>\n<\/li>\n<\/ul>\n<p data-start=\"2207\" data-end=\"2276\"><strong data-start=\"2207\" data-end=\"2227\">Kam tas ir paredz\u0113ts?<\/strong><br data-start=\"2227\" data-end=\"2230\">Gigabyte GAMING A16 PRO ide\u0101ls, ja v\u0113lies:<\/p>\n<ul data-start=\"2277\" data-end=\"2560\">\n<li data-start=\"2277\" data-end=\"2349\">\n<p data-start=\"2279\" data-end=\"2349\"><strong data-start=\"2279\" data-end=\"2321\">jaud\u012bgu, n\u0101kotnei gatavu datoru<\/strong> modern\u0101kaj\u0101m sp\u0113l\u0113m;<\/p>\n<\/li>\n<li data-start=\"2350\" data-end=\"2399\">\n<p data-start=\"2352\" data-end=\"2399\"><strong data-start=\"2352\" data-end=\"2367\">QHD+ ekr\u0101nu<\/strong> darbam, rado\u0161ajam darbam un izklaidei;<\/p>\n<\/li>\n<li data-start=\"2400\" data-end=\"2476\">\n<p data-start=\"2402\" data-end=\"2476\"><strong data-start=\"2402\" data-end=\"2432\">\u012bpa\u0161i sp\u0113c\u012bgu RTX grafiku<\/strong> ar moderniem efektiem un AI iesp\u0113j\u0101m;<\/p>\n<\/li>\n<li data-start=\"2477\" data-end=\"2560\">\n<p data-start=\"2479\" data-end=\"2560\"><strong data-start=\"2479\" data-end=\"2503\">maksim\u0101lu komfortu<\/strong> daudzuzdevumu veik\u0161anai un ilgtermi\u0146a lieto\u0161anai bez kompromisiem.<\/p>\n<\/li>\n<\/ul>\n","protected":false},"excerpt":{"rendered":"<p>Gigabyte GAMING A16 PRO DYHG5EECC4SH ir 16 collu augst\u0101k\u0101s klases sp\u0113\u013cu un rado\u0161uma kl\u0113pjdators, kas paredz\u0113ts tiem, kuri v\u0113las maksim\u0101lu<\/p>\n","protected":false},"featured_media":52922,"comment_status":"open","ping_status":"closed","template":"","meta":[],"product_brand":[],"product_cat":[817],"product_tag":[],"class_list":{"0":"post-41760","1":"product","2":"type-product","3":"status-publish","4":"has-post-thumbnail","6":"product_cat-portativie-datori","7":"pa_garantija-810","8":"pa_hdmi-prievadu-kiekis-1584","9":"pa_integruota-baterija-ja","10":"pa_istrizaine-1585","11":"pa_jutiklinis-ekranas-ne","12":"pa_klaviaturos-apsvietimas-ja","13":"pa_prekes-zenklas-gigabyte","14":"pa_procesoriaus-branduoliai-10-cores-lv","15":"pa_procesoriaus-modelis-240h","16":"pa_procesoriaus-modelis-7-240h","17":"pa_vaizdo-plokstes-atmintis-1595","18":"pa_vaizdo-plokstes-modelis-nvidia-geforce-rtx-5080","20":"first","21":"instock","22":"taxable","23":"shipping-taxable","24":"purchasable","25":"product-type-simple"},"_links":{"self":[{"href":"https:\/\/amberglow.lt\/lv\/wp-json\/wp\/v2\/product\/41760","targetHints":{"allow":["GET"]}}],"collection":[{"href":"https:\/\/amberglow.lt\/lv\/wp-json\/wp\/v2\/product"}],"about":[{"href":"https:\/\/amberglow.lt\/lv\/wp-json\/wp\/v2\/types\/product"}],"replies":[{"embeddable":true,"href":"https:\/\/amberglow.lt\/lv\/wp-json\/wp\/v2\/comments?post=41760"}],"version-history":[{"count":0,"href":"https:\/\/amberglow.lt\/lv\/wp-json\/wp\/v2\/product\/41760\/revisions"}],"wp:featuredmedia":[{"embeddable":true,"href":"https:\/\/amberglow.lt\/lv\/wp-json\/wp\/v2\/media\/52922"}],"wp:attachment":[{"href":"https:\/\/amberglow.lt\/lv\/wp-json\/wp\/v2\/media?parent=41760"}],"wp:term":[{"taxonomy":"product_brand","embeddable":true,"href":"https:\/\/amberglow.lt\/lv\/wp-json\/wp\/v2\/product_brand?post=41760"},{"taxonomy":"product_cat","embeddable":true,"href":"https:\/\/amberglow.lt\/lv\/wp-json\/wp\/v2\/product_cat?post=41760"},{"taxonomy":"product_tag","embeddable":true,"href":"https:\/\/amberglow.lt\/lv\/wp-json\/wp\/v2\/product_tag?post=41760"}],"curies":[{"name":"wp","href":"https:\/\/api.w.org\/{rel}","templated":true}]}}