{"id":43479,"date":"2025-12-17T13:47:35","date_gmt":"2025-12-17T10:47:35","guid":{"rendered":"https:\/\/amberglow.lt\/Bez%20kategorijas\/monitors-aoc-cu34g4z-34-fast-va-240-hz-1-ms\/"},"modified":"2026-05-10T12:00:53","modified_gmt":"2026-05-10T09:00:53","slug":"monitors-aoc-cu34g4z-34-fast-va-240-hz-1-ms","status":"publish","type":"product","link":"https:\/\/amberglow.lt\/lv\/monitori\/monitors-aoc-cu34g4z-34-fast-va-240-hz-1-ms\/","title":{"rendered":"Monitors AOC CU34G4Z, 34 &#8220;, Fast VA, 240 Hz, 1 ms"},"content":{"rendered":"<p data-start=\"0\" data-end=\"387\"><strong data-start=\"0\" data-end=\"15\">AOC CU34G4Z<\/strong> ir <strong data-start=\"22\" data-end=\"69\">34 collu plata form\u0101ta sp\u0113\u013cu monitors<\/strong>, kas paredz\u0113ts tiem, kuri v\u0113las detaliz\u0113t\u0101ku un ieskaujo\u0161\u0101ku vizu\u0101lo pieredzi. Monitoram ir <strong data-start=\"171\" data-end=\"194\">Fast VA tipa ekr\u0101ns<\/strong> ar izcilu <strong data-start=\"209\" data-end=\"231\">3440 \u00d7 1440 (WQHD)<\/strong> iz\u0161\u0137irtsp\u0113ju un platu <strong data-start=\"248\" data-end=\"256\">21:9<\/strong> malu attiec\u012bbu, t\u0101p\u0113c att\u0113ls ir ne tikai skaidrs un detaliz\u0113ts, bet ar\u012b nodro\u0161ina pla\u0161\u0101ku redzeslauku nek\u0101 tradicion\u0101lie monitori. <\/p>\n<p data-start=\"389\" data-end=\"697\">Liels <strong data-start=\"397\" data-end=\"428\">240 Hz atsvaidzes intensit\u0101te<\/strong> apvienojum\u0101 ar <strong data-start=\"438\" data-end=\"462\">1 ms reakcijas laiku<\/strong> nodro\u0161ina \u013coti vienm\u0113r\u012bgu att\u0113lu un \u0101tru kust\u012bbu att\u0113lojumu, kas ir \u012bpa\u0161i svar\u012bgi, sp\u0113l\u0113jot \u0101tra tempa sp\u0113les vai skatoties dinamisku saturu. <strong data-start=\"607\" data-end=\"629\">450 cd\/m\u00b2 spilgtums<\/strong> \u013cauj baud\u012bt skaidru, spilgtu att\u0113lu pat gai\u0161\u0101k\u0101 vid\u0113.<\/p>\n<p data-start=\"699\" data-end=\"997\">Plats <strong data-start=\"706\" data-end=\"730\">21:9 form\u0101ta ekr\u0101ns<\/strong> ir lieliski piem\u0113rots ne tikai sp\u0113l\u0113m, bet ar\u012b film\u0101m un multivides saturam, nodro\u0161inot kino tipa saj\u016btu bez meln\u0101m josl\u0101m aug\u0161pus\u0113 un apak\u0161pus\u0113. VA panelim ir labs kontrasts un bag\u0101t\u012bgas kr\u0101sas, t\u0101p\u0113c tum\u0161\u0101s sc\u0113nas izskat\u0101s dzi\u013c\u0101kas, un kop\u0113jais att\u0113ls \u2013 dz\u012bv\u0101ks. <\/p>\n<p data-start=\"999\" data-end=\"1228\">Monitoram ir melna kr\u0101sa, ar elegantu dizainu, kas viegli iederas sp\u0113\u013cu vai darba vid\u0113. Tam ir <strong data-start=\"1114\" data-end=\"1132\">2 HDMI piesl\u0113gvietas<\/strong>, kas \u013cauj \u0113rti pievienot vair\u0101kas ier\u012bces, piem\u0113ram, datoru un sp\u0113\u013cu konsoli. <\/p>\n<p data-start=\"1230\" data-end=\"1378\"><strong data-start=\"1230\" data-end=\"1245\">AOC CU34G4Z<\/strong> \u2013 lieliska izv\u0113le sp\u0113l\u0113t\u0101jiem un izstr\u0101d\u0101t\u0101jiem, kuri nov\u0113rt\u0113 pla\u0161\u0101ku ekr\u0101nu, vienm\u0113r\u012bgu att\u0113lu, \u0101tru reakciju un augstu att\u0113la kvalit\u0101ti.<\/p>\n","protected":false},"excerpt":{"rendered":"<p>AOC CU34G4Z ir 34 collu plata form\u0101ta sp\u0113\u013cu monitors, kas paredz\u0113ts tiem, kuri v\u0113las detaliz\u0113t\u0101ku un ieskaujo\u0161\u0101ku vizu\u0101lo pieredzi. Monitoram<\/p>\n","protected":false},"featured_media":43480,"comment_status":"open","ping_status":"closed","template":"","meta":[],"product_brand":[],"product_cat":[493],"product_tag":[],"class_list":{"0":"post-43479","1":"product","2":"type-product","3":"status-publish","4":"has-post-thumbnail","6":"product_cat-monitori","7":"pa_garantija-1241","8":"pa_hdmi-prievadu-kiekis-1581","9":"pa_integruota-baterija-ne","10":"pa_prekes-zenklas-aoc","12":"first","13":"instock","14":"taxable","15":"shipping-taxable","16":"purchasable","17":"product-type-simple"},"_links":{"self":[{"href":"https:\/\/amberglow.lt\/lv\/wp-json\/wp\/v2\/product\/43479","targetHints":{"allow":["GET"]}}],"collection":[{"href":"https:\/\/amberglow.lt\/lv\/wp-json\/wp\/v2\/product"}],"about":[{"href":"https:\/\/amberglow.lt\/lv\/wp-json\/wp\/v2\/types\/product"}],"replies":[{"embeddable":true,"href":"https:\/\/amberglow.lt\/lv\/wp-json\/wp\/v2\/comments?post=43479"}],"version-history":[{"count":0,"href":"https:\/\/amberglow.lt\/lv\/wp-json\/wp\/v2\/product\/43479\/revisions"}],"wp:featuredmedia":[{"embeddable":true,"href":"https:\/\/amberglow.lt\/lv\/wp-json\/wp\/v2\/media\/43480"}],"wp:attachment":[{"href":"https:\/\/amberglow.lt\/lv\/wp-json\/wp\/v2\/media?parent=43479"}],"wp:term":[{"taxonomy":"product_brand","embeddable":true,"href":"https:\/\/amberglow.lt\/lv\/wp-json\/wp\/v2\/product_brand?post=43479"},{"taxonomy":"product_cat","embeddable":true,"href":"https:\/\/amberglow.lt\/lv\/wp-json\/wp\/v2\/product_cat?post=43479"},{"taxonomy":"product_tag","embeddable":true,"href":"https:\/\/amberglow.lt\/lv\/wp-json\/wp\/v2\/product_tag?post=43479"}],"curies":[{"name":"wp","href":"https:\/\/api.w.org\/{rel}","templated":true}]}}