{"id":43639,"date":"2025-12-15T22:18:37","date_gmt":"2025-12-15T19:18:37","guid":{"rendered":"https:\/\/amberglow.lt\/Bez%20kategorijas\/aoc-q27b35e-monitors-27-ips-qhd-75-hz-1-ms\/"},"modified":"2026-05-10T12:00:45","modified_gmt":"2026-05-10T09:00:45","slug":"aoc-q27b35e-monitors-27-ips-qhd-75-hz-1-ms","status":"publish","type":"product","link":"https:\/\/amberglow.lt\/lv\/monitori\/aoc-q27b35e-monitors-27-ips-qhd-75-hz-1-ms\/","title":{"rendered":"AOC Q27B35E monitors 27 &#8220;, IPS, QHD, 75 Hz, 1 ms"},"content":{"rendered":"<p data-start=\"0\" data-end=\"136\"><strong data-start=\"0\" data-end=\"15\">AOC Q27B35E<\/strong> ir <strong data-start=\"22\" data-end=\"57\">27 collu univers\u0101ls monitors<\/strong>, kas apvieno labu att\u0113la kvalit\u0101ti, augst\u0101ku iz\u0161\u0137irtsp\u0113ju un \u0113rtu ikdienas lieto\u0161anu.<\/p>\n<p data-start=\"138\" data-end=\"536\"><strong data-start=\"138\" data-end=\"159\">Ekr\u0101ns un iz\u0161\u0137irtsp\u0113ja<\/strong><br data-start=\"159\" data-end=\"162\">Monitoram ir <strong data-start=\"178\" data-end=\"197\">IPS tipa panelis<\/strong> ar <strong data-start=\"201\" data-end=\"222\">2560 \u00d7 1440 (QHD)<\/strong> iz\u0161\u0137irtsp\u0113ju un <strong data-start=\"233\" data-end=\"241\">16:9<\/strong> malu attiec\u012bbu. QHD iz\u0161\u0137irtsp\u0113ja nodro\u0161ina vair\u0101k deta\u013cu nek\u0101 standarta Full HD, t\u0101p\u0113c teksts, grafika un video saturs izskat\u0101s as\u0101ki un skaidr\u0101ki. IPS tehnolo\u0123ija nodro\u0161ina pla\u0161us skat\u012b\u0161an\u0101s le\u0146\u0137us un prec\u012bzu kr\u0101su atveidi, t\u0101p\u0113c att\u0113ls paliek dabisks un stabils no da\u017e\u0101diem le\u0146\u0137iem.  <\/p>\n<p data-start=\"538\" data-end=\"864\"><strong data-start=\"538\" data-end=\"582\">Atjaunin\u0101\u0161anas frekvence un reakcijas laiks<\/strong><br data-start=\"582\" data-end=\"585\"><strong data-start=\"585\" data-end=\"615\">75 Hz atsvaidzes intensit\u0101te<\/strong> noz\u012bm\u0113 vienm\u0113r\u012bg\u0101ku att\u0113lu nek\u0101 parastie 60 Hz monitori, \u012bpa\u0161i p\u0101rl\u016bkojot vai skatoties video saturu. <strong data-start=\"711\" data-end=\"736\">1 ms reakcijas laiks<\/strong> pal\u012bdz samazin\u0101t kust\u012bbas &#8220;izpl\u016b\u0161anu&#8221; un uzlabo att\u0113la vienm\u0113r\u012bgumu, t\u0101p\u0113c monitors ir piem\u0113rots ar\u012b sp\u0113l\u0113m vai dinamiskam saturam.<\/p>\n<p data-start=\"866\" data-end=\"1034\"><strong data-start=\"866\" data-end=\"895\">Spilgtums un att\u0113la kvalit\u0101te<\/strong><br data-start=\"895\" data-end=\"898\"><strong data-start=\"898\" data-end=\"920\">300 cd\/m\u00b2 spilgtums<\/strong> nodro\u0161ina skaidru un pietiekami spilgtu att\u0113lu liel\u0101kajai da\u013cai ikdienas situ\u0101ciju gan darba, gan atp\u016btas re\u017e\u012bmos.<\/p>\n<p data-start=\"1036\" data-end=\"1159\"><strong data-start=\"1036\" data-end=\"1047\">Savienojumi<\/strong><br data-start=\"1047\" data-end=\"1050\">Monitoram ir <strong data-start=\"1066\" data-end=\"1083\">1 HDMI savienojums<\/strong>, caur kuru varat viegli pievienot datoru vai citu HDMI sader\u012bgu ier\u012bci.<\/p>\n<p data-start=\"1161\" data-end=\"1295\"><strong data-start=\"1161\" data-end=\"1173\">Dizains<\/strong><br data-start=\"1173\" data-end=\"1176\">Monitors ir <strong data-start=\"1191\" data-end=\"1209\">meln\u0101 kr\u0101s\u0101<\/strong> un ar minim\u0101listisku dizainu, t\u0101p\u0113c tas lieliski iek\u013caujas da\u017e\u0101d\u0101s darba vai m\u0101jas vid\u0113s.<\/p>\n","protected":false},"excerpt":{"rendered":"<p>AOC Q27B35E ir 27 collu univers\u0101ls monitors, kas apvieno labu att\u0113la kvalit\u0101ti, augst\u0101ku iz\u0161\u0137irtsp\u0113ju un \u0113rtu ikdienas lieto\u0161anu. Ekr\u0101ns un<\/p>\n","protected":false},"featured_media":43641,"comment_status":"open","ping_status":"closed","template":"","meta":[],"product_brand":[],"product_cat":[493],"product_tag":[],"class_list":{"0":"post-43639","1":"product","2":"type-product","3":"status-publish","4":"has-post-thumbnail","6":"product_cat-monitori","7":"pa_garantija-1241","8":"pa_hdmi-prievadu-kiekis-1584","9":"pa_integruota-baterija-ne","10":"pa_prekes-zenklas-aoc","12":"first","13":"outofstock","14":"taxable","15":"shipping-taxable","16":"purchasable","17":"product-type-simple"},"_links":{"self":[{"href":"https:\/\/amberglow.lt\/lv\/wp-json\/wp\/v2\/product\/43639","targetHints":{"allow":["GET"]}}],"collection":[{"href":"https:\/\/amberglow.lt\/lv\/wp-json\/wp\/v2\/product"}],"about":[{"href":"https:\/\/amberglow.lt\/lv\/wp-json\/wp\/v2\/types\/product"}],"replies":[{"embeddable":true,"href":"https:\/\/amberglow.lt\/lv\/wp-json\/wp\/v2\/comments?post=43639"}],"version-history":[{"count":0,"href":"https:\/\/amberglow.lt\/lv\/wp-json\/wp\/v2\/product\/43639\/revisions"}],"wp:featuredmedia":[{"embeddable":true,"href":"https:\/\/amberglow.lt\/lv\/wp-json\/wp\/v2\/media\/43641"}],"wp:attachment":[{"href":"https:\/\/amberglow.lt\/lv\/wp-json\/wp\/v2\/media?parent=43639"}],"wp:term":[{"taxonomy":"product_brand","embeddable":true,"href":"https:\/\/amberglow.lt\/lv\/wp-json\/wp\/v2\/product_brand?post=43639"},{"taxonomy":"product_cat","embeddable":true,"href":"https:\/\/amberglow.lt\/lv\/wp-json\/wp\/v2\/product_cat?post=43639"},{"taxonomy":"product_tag","embeddable":true,"href":"https:\/\/amberglow.lt\/lv\/wp-json\/wp\/v2\/product_tag?post=43639"}],"curies":[{"name":"wp","href":"https:\/\/api.w.org\/{rel}","templated":true}]}}